{"id":27378,"date":"2023-07-18T15:39:43","date_gmt":"2023-07-18T13:39:43","guid":{"rendered":"https:\/\/www.viafirma.com\/?page_id=27378"},"modified":"2026-04-06T10:54:58","modified_gmt":"2026-04-06T08:54:58","slug":"a-home","status":"publish","type":"page","link":"https:\/\/www.viafirma.com\/es\/","title":{"rendered":"Home"},"content":{"rendered":"<div class=\"wpb-content-wrapper\"><p>[vc_row full_height=\u00bbyes\u00bb equal_height=\u00bbyes\u00bb content_placement=\u00bbmiddle\u00bb el_class=\u00bbvf_home_1&#8243; css=\u00bb.vc_custom_1728970116540{background-image: url(https:\/\/www.viafirma.com\/wp-content\/uploads\/2023\/11\/background-scaled.webp?id=30037) !important;}\u00bb][vc_column css_animation=\u00bbnone\u00bb][vc_row_inner equal_height=\u00bbyes\u00bb content_placement=\u00bbmiddle\u00bb el_class=\u00bbswap-on-mobile\u00bb][vc_column_inner width=\u00bb1\/2&#8243;][vc_column_text css_animation=\u00bbnone\u00bb css=\u00bb\u00bb]<\/p>\n<h1><strong>Firma electr\u00f3nica<\/strong><\/h1>\n<h2>M\u00e1s ventas, menos papeleo.<\/h2>\n<p>La soluci\u00f3n legal para cerrar tratos y agilizar tr\u00e1mites. Env\u00eda cualquier documento y rec\u00edbelo firmado en minutos.[\/vc_column_text][vc_column_text css=\u00bb\u00bb el_class=\u00bbvf_boton_naranja\u00bb el_id=\u00bbcta_contacto_hero_es\u00bb]<a href=\"https:\/\/www.viafirma.com\/es\/contacto\/\">CONTACTO<\/a>[\/vc_column_text][\/vc_column_inner][vc_column_inner width=\u00bb1\/2&#8243;][vc_single_image image=\u00bb37228&#8243; img_size=\u00bb570&#215;570&#8243; css=\u00bb\u00bb el_class=\u00bbcustom-mobile-image\u00bb][\/vc_column_inner][\/vc_row_inner][\/vc_column][\/vc_row][vc_row css=\u00bb.vc_custom_1710326048814{background-image: url(https:\/\/www.viafirma.com\/wp-content\/uploads\/2024\/03\/home_firma_electronica_opt.webp?id=37534) !important;}\u00bb el_class=\u00bbvf_home_2&#8243;][vc_column][vc_column_text]<\/p>\n<p style=\"text-align: center;\">La firma electr\u00f3nica, ahorra tiempo y agiliza tus procesos de contratos<\/p>\n<p>[\/vc_column_text][\/vc_column][\/vc_row][vc_row el_class=\u00bbvf_home_3&#8243;][vc_column css_animation=\u00bbfadeInLeft\u00bb width=\u00bb1\/2&#8243;][vc_column_text css_animation=\u00bbnone\u00bb el_class=\u00bbswap-on-mobile\u00bb]<strong>La firma electr\u00f3nica<\/strong><br \/>\nLa firma electr\u00f3nica es la manera m\u00e1s f\u00e1cil y r\u00e1pida de completar tr\u00e1mites en la actualidad. Gracias a ella, firmar documentos electr\u00f3nicamente, como contratos y otros procesos administrativos, puede hacerse en cuesti\u00f3n de minutos con total legalidad.[\/vc_column_text][vc_btn title=\u00bbSABER M\u00c1S\u00bb css=\u00bb\u00bb link=\u00bburl:https%3A%2F%2Fwww.viafirma.com%2Fes%2Ffirma-electronica%2F|title:Firma%20electr%C3%B3nica\u00bb el_class=\u00bbvf_boton_azul\u00bb el_id=\u00bbsaber_mas\u00bb][\/vc_column][vc_column css_animation=\u00bbnone\u00bb width=\u00bb1\/2&#8243;][vc_row_inner][vc_column_inner width=\u00bb1\/2&#8243;][vc_column_text]<\/p>\n<ul>\n<li><i class=\"fa fa-check\"><\/i>Econ\u00f3mico<\/li>\n<li><i class=\"fa fa-check\"><\/i>Fiable<\/li>\n<li><i class=\"fa fa-check\"><\/i>Seguro<\/li>\n<li><i class=\"fa fa-check\"><\/i>Intuitivo<\/li>\n<li><i class=\"fa fa-check\"><\/i>Prueba gratuita<\/li>\n<\/ul>\n<p>[\/vc_column_text][\/vc_column_inner][vc_column_inner width=\u00bb1\/2&#8243;][vc_column_text]<\/p>\n<ul>\n<li><i class=\"fa fa-check\"><\/i>Soporte<\/li>\n<li><i class=\"fa fa-check\"><\/i>A distancia<\/li>\n<li><i class=\"fa fa-check\"><\/i>Multidispositivo<\/li>\n<li><i class=\"fa fa-check\"><\/i>Validez legal<\/li>\n<li><i class=\"fa fa-check\"><\/i>Documento probatorio<\/li>\n<\/ul>\n<p>[\/vc_column_text][\/vc_column_inner][\/vc_row_inner][\/vc_column][\/vc_row][vc_row el_class=\u00bbvf_global\u00bb][vc_column][vc_raw_html]JTVCdmZzaG9ydGNvZGVzJTIwaWQlM0QlMjJjbGllbnRlcyUyMiU1RA==[\/vc_raw_html][\/vc_column][\/vc_row][vc_row el_class=\u00bbvf_home_5&#8243;][vc_column][vc_column_text]<\/p>\n<h2>Productos<\/h2>\n<p>[\/vc_column_text][vc_row_inner][vc_column_inner width=\u00bb1\/3&#8243;][vc_single_image source=\u00bbexternal_link\u00bb external_img_size=\u00bb45&#215;45&#8243; alignment=\u00bbcenter\u00bb css_animation=\u00bbnone\u00bb css=\u00bb\u00bb custom_src=\u00bbhttps:\/\/www.viafirma.com\/wp-content\/uploads\/2023\/09\/Firma-electronica.svg\u00bb][vc_column_text css_animation=\u00bbfadeIn\u00bb]<\/p>\n<h3 style=\"text-align: center;\">Firma electr\u00f3nica<\/h3>\n<p style=\"text-align: center;\"><a href=\"https:\/\/www.viafirma.com\/es\/firma-electronica\/\">Saber m\u00e1s<\/a><\/p>\n<p style=\"text-align: center;\"><span style=\"font-weight: 400;\">Soluci\u00f3n segura y legal para firmar documentos 100% online de forma transparente para firmantes y terceros.<\/span><\/p>\n<p>[\/vc_column_text][\/vc_column_inner][vc_column_inner width=\u00bb1\/3&#8243;][vc_single_image source=\u00bbexternal_link\u00bb external_img_size=\u00bb45&#215;45&#8243; alignment=\u00bbcenter\u00bb css_animation=\u00bbnone\u00bb css=\u00bb\u00bb custom_src=\u00bbhttps:\/\/www.viafirma.com\/wp-content\/uploads\/2024\/01\/firma-desatendida.svg\u00bb][vc_column_text css_animation=\u00bbfadeIn\u00bb]<\/p>\n<h3 style=\"text-align: center;\">Firma desatendida<\/h3>\n<p style=\"text-align: center;\"><a href=\"https:\/\/www.viafirma.com\/es\/firma-desatendida\/\">Saber m\u00e1s<\/a><\/p>\n<p style=\"text-align: center;\"><span style=\"font-weight: 400;\">Usa tu certificado electr\u00f3nico para automatizar la firma de peque\u00f1as o grandes cantidades de documentos.<\/span><\/p>\n<p>[\/vc_column_text][\/vc_column_inner][vc_column_inner width=\u00bb1\/3&#8243;][vc_single_image source=\u00bbexternal_link\u00bb external_img_size=\u00bb45&#215;45&#8243; alignment=\u00bbcenter\u00bb css_animation=\u00bbnone\u00bb css=\u00bb\u00bb custom_src=\u00bbhttps:\/\/www.viafirma.com\/wp-content\/uploads\/2024\/01\/gestor-de-certificados.svg\u00bb][vc_column_text css_animation=\u00bbfadeIn\u00bb]<\/p>\n<h3 style=\"text-align: center;\">Gestor de certificados digitales<\/h3>\n<p style=\"text-align: center;\"><a href=\"https:\/\/www.viafirma.com\/es\/gestor-de-certificados-digitales\/\">Saber m\u00e1s<\/a><\/p>\n<p style=\"text-align: center;\"><span style=\"font-weight: 400;\">Guarda y usa tus certificados en la nube para procesos de autenticaci\u00f3n y firma de documentos.<\/span><\/p>\n<p>[\/vc_column_text][\/vc_column_inner][\/vc_row_inner][vc_row_inner][vc_column_inner width=\u00bb1\/4&#8243;][\/vc_column_inner][vc_column_inner width=\u00bb1\/4&#8243;][vc_single_image source=\u00bbexternal_link\u00bb external_img_size=\u00bb45&#215;45&#8243; alignment=\u00bbcenter\u00bb css_animation=\u00bbnone\u00bb css=\u00bb\u00bb custom_src=\u00bbhttps:\/\/www.viafirma.com\/wp-content\/uploads\/2024\/01\/sellos-de-tiempo.svg\u00bb][vc_column_text css_animation=\u00bbfadeIn\u00bb]<\/p>\n<h3 style=\"text-align: center;\">Sellos de tiempo<\/h3>\n<p style=\"text-align: center;\"><a href=\"https:\/\/www.viafirma.com\/es\/sellos-de-tiempo\/\">Saber m\u00e1s<\/a><\/p>\n<p style=\"text-align: center;\"><span style=\"font-weight: 400;\">Aseguramos el momento de la firma con una marca temporal que valida tus firmas y procesos administrativos.<\/span><\/p>\n<p>[\/vc_column_text][\/vc_column_inner][vc_column_inner width=\u00bb1\/4&#8243;][vc_single_image source=\u00bbexternal_link\u00bb external_img_size=\u00bb45&#215;45&#8243; alignment=\u00bbcenter\u00bb css_animation=\u00bbnone\u00bb css=\u00bb\u00bb custom_src=\u00bbhttps:\/\/www.viafirma.com\/wp-content\/uploads\/2024\/01\/validador-de-firmas.svg\u00bb][vc_column_text css_animation=\u00bbfadeIn\u00bb]<\/p>\n<h3 style=\"text-align: center;\">Validaci\u00f3n de firma<\/h3>\n<p style=\"text-align: center;\"><a href=\"https:\/\/www.viafirma.com\/es\/validaciones-de-firma\/\">Saber m\u00e1s<\/a><\/p>\n<p style=\"text-align: center;\"><span style=\"font-weight: 400;\">Ofrecemos una auditor\u00eda de cada firma, con toda la informaci\u00f3n del momento de la firma y del documento firmado.<\/span><\/p>\n<p>[\/vc_column_text][\/vc_column_inner][vc_column_inner width=\u00bb1\/4&#8243;][\/vc_column_inner][\/vc_row_inner][\/vc_column][\/vc_row][vc_row el_class=\u00bbvf_home_6&#8243;][vc_column][vc_row_inner][vc_column_inner width=\u00bb1\/2&#8243;][vc_column_text el_class=\u00bbvf_departamentos_sectores_titulo_dep\u00bb]<\/p>\n<h2>Departamentos de empresa<\/h2>\n<p><a href=\"https:\/\/www.viafirma.com\/es\/departamentos\/\">Ver todos<\/a>[\/vc_column_text][vc_column_text css=\u00bb\u00bb el_class=\u00bbvf_departamentos_sectores_titulo_sec\u00bb]<\/p>\n<h3>Sectores<\/h3>\n<p>[\/vc_column_text][\/vc_column_inner][vc_column_inner width=\u00bb1\/2&#8243;][vc_raw_html]JTNDYSUyMGhyZWYlM0QlMjJqYXZhc2NyaXB0JTNBJTJGJTJGJTIyJTIwZGF0b3MlM0QlMjJ2Zl9ob21lX2RlcGFydGFtZW50b3MlMjIlMjBjbGFzcyUzRCUyMnZmX2hvbWVfZGVwYXJ0YW1lbnRvc19ob3ZlciUyMiUzRURlcGFydGFtZW50b3MlM0MlMkZhJTNFJTBBJTNDYSUyMGhyZWYlM0QlMjJqYXZhc2NyaXB0JTNBJTJGJTJGJTIyJTIwZGF0b3MlM0QlMjJ2Zl9ob21lX3NlY3RvciUyMiUzRVNlY3RvciUzQyUyRmElM0U=[\/vc_raw_html][\/vc_column_inner][\/vc_row_inner][vc_row_inner el_id=\u00bbvf_home_departamentos\u00bb el_class=\u00bbvf_departamentos_sectores\u00bb][vc_column_inner][vc_single_image image=\u00bb28472&#8243; img_size=\u00bbfull\u00bb add_caption=\u00bbyes\u00bb alignment=\u00bbcenter\u00bb title=\u00bbRRHH\u00bb][vc_single_image image=\u00bb28474&#8243; img_size=\u00bbfull\u00bb add_caption=\u00bbyes\u00bb alignment=\u00bbcenter\u00bb title=\u00bbComercial y ventas\u00bb][vc_single_image image=\u00bb28476&#8243; img_size=\u00bbfull\u00bb add_caption=\u00bbyes\u00bb alignment=\u00bbcenter\u00bb title=\u00bbLegal\u00bb][vc_single_image image=\u00bb28478&#8243; img_size=\u00bbfull\u00bb add_caption=\u00bbyes\u00bb alignment=\u00bbcenter\u00bb title=\u00bbAtenci\u00f3n al cliente\u00bb][\/vc_column_inner][\/vc_row_inner][vc_row_inner el_id=\u00bbvf_home_sector\u00bb el_class=\u00bbvf_home_departamentos_oculto vf_departamentos_sectores\u00bb][vc_column_inner][vc_single_image image=\u00bb27641&#8243; img_size=\u00bbfull\u00bb add_caption=\u00bbyes\u00bb alignment=\u00bbcenter\u00bb title=\u00bbSalud\u00bb][vc_single_image image=\u00bb28458&#8243; img_size=\u00bbfull\u00bb add_caption=\u00bbyes\u00bb alignment=\u00bbcenter\u00bb title=\u00bbInmobiliaria\u00bb][vc_single_image image=\u00bb28460&#8243; img_size=\u00bbfull\u00bb add_caption=\u00bbyes\u00bb alignment=\u00bbcenter\u00bb title=\u00bbTecnolog\u00eda y Telecomunicaciones\u00bb][vc_single_image image=\u00bb28462&#8243; img_size=\u00bbfull\u00bb add_caption=\u00bbyes\u00bb alignment=\u00bbcenter\u00bb title=\u00bbAdministraci\u00f3n y gesti\u00f3n\u00bb][vc_single_image image=\u00bb28464&#8243; img_size=\u00bbfull\u00bb add_caption=\u00bbyes\u00bb alignment=\u00bbcenter\u00bb title=\u00bbEnerg\u00eda\u00bb][vc_single_image image=\u00bb28466&#8243; img_size=\u00bbfull\u00bb add_caption=\u00bbyes\u00bb alignment=\u00bbcenter\u00bb title=\u00bbAutomoci\u00f3n\u00bb][vc_single_image image=\u00bb28468&#8243; img_size=\u00bbfull\u00bb add_caption=\u00bbyes\u00bb alignment=\u00bbcenter\u00bb title=\u00bbEducaci\u00f3n\u00bb][vc_single_image image=\u00bb28470&#8243; img_size=\u00bbfull\u00bb add_caption=\u00bbyes\u00bb alignment=\u00bbcenter\u00bb title=\u00bbFinanciero\u00bb][\/vc_column_inner][\/vc_row_inner][\/vc_column][\/vc_row][vc_row el_class=\u00bbvf_global\u00bb][vc_column][vc_raw_html el_class=\u00bb.margintop64&#8243;]JTVCdmZfbWVqb3Jfc29sdWNpb24lMjB0ZXh0byUzRCUyMkxhJTIwbWVqb3IlMjBzb2x1Y2klQzMlQjNuJTIwZGUlMjAlM0NhJTIwaHJlZiUzRCUyN2h0dHBzJTNBJTJGJTJGd3d3LnZpYWZpcm1hLmNvbSUyRmVzJTJGZmlybWEtZWxlY3Ryb25pY2ElMkYlMjclM0UlMkFib2xkJTJBZmlybWElMjBlbGVjdHIlQzMlQjNuaWNhJTJBJTJGYm9sZCUyQSUzQyUyRmElM0UlMjB5JTIwJTNDYSUyMGhyZWYlM0QlMjdodHRwcyUzQSUyRiUyRnd3dy52aWFmaXJtYS5jb20lMkZlcyUyRmZpcm1hLWRpZ2l0YWwlMkYlMjclM0UlMkFib2xkJTJBZmlybWElMjBkaWdpdGFsJTJBJTJGYm9sZCUyQSUzQyUyRmElM0UlMjBwYXJhJTIwdHUlMjBlbXByZXNhJTIyJTVEJTBB[\/vc_raw_html][\/vc_column][\/vc_row][vc_row el_class=\u00bbvf_global\u00bb][vc_column][vc_raw_html]JTVCdmZzaG9ydGNvZGVzJTIwaWQlM0QlMjJpbmZvX2FwaSUyMiU1RA==[\/vc_raw_html][\/vc_column][\/vc_row][vc_row el_class=\u00bbvf_global\u00bb][vc_column][vc_raw_html]JTVCdmZzaG9ydGNvZGVzJTIwaWQlM0QlMjJpbmZvX2dhcmFudGlhJTIyJTVE[\/vc_raw_html][\/vc_column][\/vc_row][vc_row el_class=\u00bbvf_global\u00bb][vc_column][vc_raw_html]JTVCdmZzaG9ydGNvZGVzJTIwaWQlM0QlMjJleHBlcmllbmNpYSUyMiU1RA==[\/vc_raw_html][\/vc_column][\/vc_row][vc_row el_class=\u00bbvf_home_11&#8243;][vc_column][vc_column_text]<\/p>\n<h2 style=\"text-align: center;\">Casos de \u00e9xito<\/h2>\n<p>[\/vc_column_text][vc_raw_html]JTVCcnQtdGVzdGltb25pYWwlMjBpZCUzRCUyMjI3NTg3JTIyJTIwdGl0bGUlM0QlMjJDYXNvcyUyMGRlJTIwJUMzJUE5eGl0byUyMiU1RA==[\/vc_raw_html][\/vc_column][\/vc_row][vc_row][vc_column][\/vc_column][\/vc_row][vc_row el_class=\u00bbvf_global\u00bb][vc_column][vc_raw_html]JTVCdmZzaG9ydGNvZGVzJTIwaWQlM0QlMjJjb250YWN0byUyMiU1RA==[\/vc_raw_html][vc_raw_html]JTVCdmZzaG9ydGNvZGVzX2FsdCUyMGlkJTNEJTIyZW5nYWdlbWVudCUyMiU1RA==[\/vc_raw_html][\/vc_column][\/vc_row][vc_row el_class=\u00bbvf_global\u00bb][vc_column][vc_row_inner][vc_column_inner][vc_raw_html]JTVCdmZzaG9ydGNvZGVzX2FsdCUyMGlkJTNEJTIycHJveWVjdG9zJTIyJTVE[\/vc_raw_html][\/vc_column_inner][\/vc_row_inner][\/vc_column][\/vc_row][vc_row el_class=\u00bbvf_global\u00bb][vc_column][vc_row_inner][vc_column_inner][vc_raw_html]JTVCdmZzaG9ydGNvZGVzX2FsdCUyMGlkJTNEJTIydHVfZmlybWElMjIlNUQ=[\/vc_raw_html][\/vc_column_inner][\/vc_row_inner][\/vc_column][\/vc_row]<\/p>\n<\/div>","protected":false},"excerpt":{"rendered":"[vc_row full_height=\u00bbyes\u00bb equal_height=\u00bbyes\u00bb content_placement=\u00bbmiddle\u00bb el_class=\u00bbvf_home_1&#8243; css=\u00bb.vc_custom_1728970116540{background-image: url(https:\/\/www.viafirma.com\/wp-content\/uploads\/2023\/11\/background-scaled.webp?id=30037) !important;}\u00bb][vc_column css_animation=\u00bbnone\u00bb][vc_row_inner equal_height=\u00bbyes\u00bb...","protected":false},"author":6,"featured_media":0,"parent":0,"menu_order":0,"comment_status":"closed","ping_status":"closed","template":"","meta":{"_acf_changed":false,"site-sidebar-layout":"no-sidebar","site-content-layout":"plain-container","ast-site-content-layout":"normal-width-container","site-content-style":"unboxed","site-sidebar-style":"unboxed","ast-global-header-display":"","ast-banner-title-visibility":"","ast-main-header-display":"","ast-hfb-above-header-display":"","ast-hfb-below-header-display":"","ast-hfb-mobile-header-display":"","site-post-title":"disabled","ast-breadcrumbs-content":"","ast-featured-img":"disabled","footer-sml-layout":"","ast-disable-related-posts":"","theme-transparent-header-meta":"default","adv-header-id-meta":"","stick-header-meta":"default","header-above-stick-meta":"","header-main-stick-meta":"","header-below-stick-meta":"","astra-migrate-meta-layouts":"set","ast-page-background-enabled":"default","ast-page-background-meta":{"desktop":{"background-color":"var(--ast-global-color-4)","background-image":"","background-repeat":"repeat","background-position":"center center","background-size":"auto","background-attachment":"scroll","background-type":"","background-media":"","overlay-type":"","overlay-color":"","overlay-opacity":"","overlay-gradient":""},"tablet":{"background-color":"","background-image":"","background-repeat":"repeat","background-position":"center center","background-size":"auto","background-attachment":"scroll","background-type":"","background-media":"","overlay-type":"","overlay-color":"","overlay-opacity":"","overlay-gradient":""},"mobile":{"background-color":"","background-image":"","background-repeat":"repeat","background-position":"center center","background-size":"auto","background-attachment":"scroll","background-type":"","background-media":"","overlay-type":"","overlay-color":"","overlay-opacity":"","overlay-gradient":""}},"ast-content-background-meta":{"desktop":{"background-color":"var(--ast-global-color-5)","background-image":"","background-repeat":"repeat","background-position":"center center","background-size":"auto","background-attachment":"scroll","background-type":"","background-media":"","overlay-type":"","overlay-color":"","overlay-opacity":"","overlay-gradient":""},"tablet":{"background-color":"var(--ast-global-color-5)","background-image":"","background-repeat":"repeat","background-position":"center center","background-size":"auto","background-attachment":"scroll","background-type":"","background-media":"","overlay-type":"","overlay-color":"","overlay-opacity":"","overlay-gradient":""},"mobile":{"background-color":"var(--ast-global-color-5)","background-image":"","background-repeat":"repeat","background-position":"center center","background-size":"auto","background-attachment":"scroll","background-type":"","background-media":"","overlay-type":"","overlay-color":"","overlay-opacity":"","overlay-gradient":""}},"footnotes":""},"categories":[],"tags":[],"class_list":["post-27378","page","type-page","status-publish","hentry"],"acf":[],"_links":{"self":[{"href":"https:\/\/www.viafirma.com\/es\/wp-json\/wp\/v2\/pages\/27378","targetHints":{"allow":["GET"]}}],"collection":[{"href":"https:\/\/www.viafirma.com\/es\/wp-json\/wp\/v2\/pages"}],"about":[{"href":"https:\/\/www.viafirma.com\/es\/wp-json\/wp\/v2\/types\/page"}],"author":[{"embeddable":true,"href":"https:\/\/www.viafirma.com\/es\/wp-json\/wp\/v2\/users\/6"}],"replies":[{"embeddable":true,"href":"https:\/\/www.viafirma.com\/es\/wp-json\/wp\/v2\/comments?post=27378"}],"version-history":[{"count":8,"href":"https:\/\/www.viafirma.com\/es\/wp-json\/wp\/v2\/pages\/27378\/revisions"}],"predecessor-version":[{"id":100283,"href":"https:\/\/www.viafirma.com\/es\/wp-json\/wp\/v2\/pages\/27378\/revisions\/100283"}],"wp:attachment":[{"href":"https:\/\/www.viafirma.com\/es\/wp-json\/wp\/v2\/media?parent=27378"}],"wp:term":[{"taxonomy":"category","embeddable":true,"href":"https:\/\/www.viafirma.com\/es\/wp-json\/wp\/v2\/categories?post=27378"},{"taxonomy":"post_tag","embeddable":true,"href":"https:\/\/www.viafirma.com\/es\/wp-json\/wp\/v2\/tags?post=27378"}],"curies":[{"name":"wp","href":"https:\/\/api.w.org\/{rel}","templated":true}]}}