{"id":27666,"date":"2023-07-27T10:51:41","date_gmt":"2023-07-27T08:51:41","guid":{"rendered":"https:\/\/www.viafirma.com\/?page_id=27666"},"modified":"2024-12-13T10:26:33","modified_gmt":"2024-12-13T09:26:33","slug":"productos-aplicacion","status":"publish","type":"page","link":"https:\/\/www.viafirma.com\/es\/productos-aplicacion\/","title":{"rendered":"Productos Aplicaci\u00f3n"},"content":{"rendered":"<div class=\"wpb-content-wrapper\"><p>[vc_row full_height=\u00bbyes\u00bb equal_height=\u00bbyes\u00bb content_placement=\u00bbmiddle\u00bb css=\u00bb.vc_custom_1698763500461{background-image: url(https:\/\/www.viafirma.com\/wp-content\/uploads\/2023\/08\/home_encabezado_fondo-jpg.webp?id=27808) !important;}\u00bb el_class=\u00bbvf_home_1 vf_aplicacion_1&#8243;][vc_column][vc_row_inner equal_height=\u00bbyes\u00bb content_placement=\u00bbmiddle\u00bb el_class=\u00bbswap-on-mobile\u00bb][vc_column_inner width=\u00bb1\/2&#8243;][vc_column_text]<\/p>\n<h1><strong>Agiliza tu negocio firmando documentos electr\u00f3nicamente<\/strong><\/h1>\n<p>[\/vc_column_text][vc_btn title=\u00bbPROBAR GRATIS\u00bb el_class=\u00bbvf_boton_naranja\u00bb link=\u00bburl:%23&#8243;][vc_column_text]<a href=\"#\">Solicita una demo<\/a>[\/vc_column_text][\/vc_column_inner][vc_column_inner width=\u00bb1\/2&#8243;][vc_single_image image=\u00bb29831&#8243; img_size=\u00bbfull\u00bb alignment=\u00bbright\u00bb][\/vc_column_inner][\/vc_row_inner][\/vc_column][\/vc_row][vc_row full_height=\u00bbyes\u00bb equal_height=\u00bbyes\u00bb content_placement=\u00bbmiddle\u00bb el_class=\u00bbvf_aplicacion_2&#8243;][vc_column width=\u00bb1\/2&#8243;][vc_column_text]<\/p>\n<h2>Firma Electr\u00f3nica<\/h2>\n<p>La <strong>firma digital<\/strong> es la manera m\u00e1s f\u00e1cil y r\u00e1pida de completar tr\u00e1mites en la actualidad. Gracias a ella, firmar documentos electr\u00f3nicamente, como contratos y otros procesos administrativos, puede hacerse en cuesti\u00f3n de minutos con total legalidad.[\/vc_column_text][vc_btn title=\u00bbPROBAR GRATIS\u00bb el_class=\u00bbvf_boton_naranja\u00bb link=\u00bburl:%23&#8243;][vc_column_text]<a href=\"#\">Ver v\u00eddeo <i class=\"fa fa-play\"><\/i><\/a>[\/vc_column_text][\/vc_column][vc_column width=\u00bb1\/2&#8243;][vc_column_text]<strong>Identificar al firmante<\/strong><\/p>\n<p>Estar vinculada con el usuario de manera \u00fanica, permitiendo su identificaci\u00f3n.[\/vc_column_text][vc_column_text]<strong>Asegurar la integridad<\/strong><\/p>\n<p>Cualquier modificaci\u00f3n posterior de los datos aprobados ser\u00e1 detectable.[\/vc_column_text][vc_column_text]<strong>Garantizar la aceptaci\u00f3n<\/strong><\/p>\n<p>El signatario tiene control exclusivo, con un alto nivel de confianza.[\/vc_column_text][\/vc_column][\/vc_row][vc_row el_class=\u00bbvf_global\u00bb][vc_column][vc_raw_html]JTVCdmZzaG9ydGNvZGVzJTIwaWQlM0QlMjJtZWpvcl9zb2x1Y2lvbl9henVsJTIyJTIwdGV4dG8lM0QlMjJMYSUyMG1lam9yJTIwc29sdWNpJUMzJUIzbiUyMGRlJTIwJTJBYm9sZCUyQWZpcm1hJTIwZWxlY3RyJUMzJUIzbmljYSUyQSUyRmJvbGQlMkElMjBwYXJhJTIwdHUlMjBlbXByZXNhJTIyJTVE[\/vc_raw_html][\/vc_column][\/vc_row][vc_row el_class=\u00bbvf_aplicacion_4&#8243;][vc_column][vc_column_text css=\u00bb\u00bb]<\/p>\n<p style=\"text-align: center;\"><strong>Tipos de firma electr\u00f3nica<br \/>\n<\/strong>Existen tres tipos de firma electr\u00f3nica, seg\u00fan el Reglamento (UE) N.\u00ba 910\/2014 que nos permiten firmar un documento.<\/p>\n<p>[\/vc_column_text][vc_row_inner][vc_column_inner width=\u00bb1\/3&#8243;][vc_single_image image=\u00bb27679&#8243; img_size=\u00bbfull\u00bb][vc_column_text css=\u00bb\u00bb]<strong>Simple<\/strong><br \/>\nCon un clic para validar o marcar el archivo. A esto se asocian datos horarios y geogr\u00e1ficos.<\/p>\n<ul>\n<li><i class=\"fa fa-check\"><\/i>Usabilidad<\/li>\n<\/ul>\n<p>[\/vc_column_text][\/vc_column_inner][vc_column_inner width=\u00bb1\/3&#8243;][vc_single_image image=\u00bb27681&#8243; img_size=\u00bbfull\u00bb][vc_column_text]<strong>Avanzada<\/strong><br \/>\nCon un dispositivo que registre datos biom\u00e9tricos, con c\u00f3digo OTP o con certificado electr\u00f3nico.<\/p>\n<ul>\n<li><i class=\"fa fa-check\"><\/i>Usabilidad<\/li>\n<li><i class=\"fa fa-check\"><\/i>M\u00e1s segura<\/li>\n<li><i class=\"fa fa-check\"><\/i>M\u00e1s garant\u00edas legales<\/li>\n<\/ul>\n<p>[\/vc_column_text][\/vc_column_inner][vc_column_inner width=\u00bb1\/3&#8243;][vc_single_image image=\u00bb27683&#8243; img_size=\u00bbfull\u00bb][vc_column_text]<strong>Cualificada<\/strong><br \/>\nCon un certificado cualificado. La firma se crea mediante un dispositivo cualificado.<\/p>\n<ul>\n<li><i class=\"fa fa-check\"><\/i>Usabilidad<\/li>\n<li><i class=\"fa fa-check\"><\/i>M\u00e1s segura<\/li>\n<li><i class=\"fa fa-check\"><\/i>M\u00e1s garant\u00edas legales<\/li>\n<li><i class=\"fa fa-check\"><\/i>Equivalente a manuscrita<\/li>\n<\/ul>\n<p>[\/vc_column_text][\/vc_column_inner][\/vc_row_inner][\/vc_column][\/vc_row][vc_row full_height=\u00bbyes\u00bb equal_height=\u00bbyes\u00bb content_placement=\u00bbmiddle\u00bb el_class=\u00bbvf_aplicacion_5&#8243;][vc_column width=\u00bb1\/2&#8243;][vc_column_text]<strong>Firma electr\u00f3nica con Viafirma<\/strong><br \/>\nEn Viafirma ponemos a disposici\u00f3n del cliente diferentes m\u00e9todos para firmar electr\u00f3nicamente. Si careces de un certificado digital, prestamos diferentes soluciones muy sencillas. Con algunas de ellas podr\u00e1s realizar una firma avanzada.[\/vc_column_text][vc_row_inner][vc_column_inner width=\u00bb1\/2&#8243;][vc_column_text]<\/p>\n<ul>\n<li><i class=\"fa fa-check\"><\/i>Econ\u00f3mico<\/li>\n<li><i class=\"fa fa-check\"><\/i>Fiable<\/li>\n<li><i class=\"fa fa-check\"><\/i>Seguro<\/li>\n<li><i class=\"fa fa-check\"><\/i>Intuitivo<\/li>\n<li><i class=\"fa fa-check\"><\/i>Prueba gratuita<\/li>\n<\/ul>\n<p>[\/vc_column_text][\/vc_column_inner][vc_column_inner width=\u00bb1\/2&#8243;][vc_column_text]<\/p>\n<ul>\n<li><i class=\"fa fa-check\"><\/i>Soporte 24\/7<\/li>\n<li><i class=\"fa fa-check\"><\/i>A distancia<\/li>\n<li><i class=\"fa fa-check\"><\/i>Multidispositivo<\/li>\n<li><i class=\"fa fa-check\"><\/i>Validez legal<\/li>\n<li><i class=\"fa fa-check\"><\/i>Documento probatorio<\/li>\n<\/ul>\n<p>[\/vc_column_text][\/vc_column_inner][\/vc_row_inner][\/vc_column][vc_column width=\u00bb1\/2&#8243;][vc_single_image image=\u00bb27687&#8243; img_size=\u00bbfull\u00bb alignment=\u00bbright\u00bb][\/vc_column][\/vc_row][vc_row el_class=\u00bbvf_aplicacion_6&#8243;][vc_column][vc_row_inner][vc_column_inner][vc_column_text]<\/p>\n<p style=\"text-align: center;\"><strong>\u00bfC\u00f3mo es nuestra firma electr\u00f3nica?<\/strong><br \/>\nEn Viafirma ponemos a disposici\u00f3n del cliente diferentes m\u00e9todos para firmar electr\u00f3nicamente. Si careces de un certificado digital, prestamos diferentes soluciones muy sencillas. Con algunas de ellas podr\u00e1s realizar una firma avanzada.<\/p>\n<p>[\/vc_column_text][vc_raw_html]JTNDYSUyMGRhdG9zJTNEJTIyZmlybWFfYmlvbWV0cmljYSUyMiUyMGhyZWYlM0QlMjJqYXZhc2NyaXB0JTNBJTJGJTJGJTIyJTNFJTNDaW1nJTIwc3JjJTNEJTIyaHR0cHMlM0ElMkYlMkZ3d3cudmlhZmlybWEuY29tJTJGd3AtY29udGVudCUyRnVwbG9hZHMlMkYyMDIzJTJGMDclMkZhcGxpY2FjaW9uX2ljb25vX2Zpcm1hLnBuZyUyMiUyRiUzRSUzQ3NwYW4lM0VGaXJtYSUyMGJpb20lQzMlQTl0cmljYSUzQyUyRnNwYW4lM0UlM0MlMkZhJTNFJTBBJTNDYSUyMGRhdG9zJTNEJTIyY2VydGlmaWNhZG9fZGlnaXRhbCUyMiUyMGhyZWYlM0QlMjJqYXZhc2NyaXB0JTNBJTJGJTJGJTIyJTNFJTNDaW1nJTIwc3JjJTNEJTIyaHR0cHMlM0ElMkYlMkZ3d3cudmlhZmlybWEuY29tJTJGd3AtY29udGVudCUyRnVwbG9hZHMlMkYyMDIzJTJGMDclMkZhcGxpY2FjaW9uX2ljb25vX2NlcnRpZmljYWRvLnBuZyUyMiUyRiUzRSUzQ3NwYW4lM0VDZXJ0aWZpY2FkbyUyMGRpZ2l0YWwlM0MlMkZzcGFuJTNFJTNDJTJGYSUzRSUwQSUzQ2ElMjBkYXRvcyUzRCUyMmVuX2xhX251YmUlMjIlMjBocmVmJTNEJTIyamF2YXNjcmlwdCUzQSUyRiUyRiUyMiUzRSUzQ2ltZyUyMHNyYyUzRCUyMmh0dHBzJTNBJTJGJTJGd3d3LnZpYWZpcm1hLmNvbSUyRndwLWNvbnRlbnQlMkZ1cGxvYWRzJTJGMjAyMyUyRjA3JTJGYXBsaWNhY2lvbl9pY29ub19udWJlLnBuZyUyMiUyRiUzRSUzQ3NwYW4lM0VFbiUyMGxhJTIwbnViZSUzQyUyRnNwYW4lM0UlM0MlMkZhJTNFJTBBJTNDYSUyMGRhdG9zJTNEJTIyZGVzYXRlbmRpZGElMjIlMjBocmVmJTNEJTIyamF2YXNjcmlwdCUzQSUyRiUyRiUyMiUzRSUzQ2ltZyUyMHNyYyUzRCUyMmh0dHBzJTNBJTJGJTJGd3d3LnZpYWZpcm1hLmNvbSUyRndwLWNvbnRlbnQlMkZ1cGxvYWRzJTJGMjAyMyUyRjA3JTJGYXBsaWNhY2lvbl9pY29ub19kZXNhdGVuZGlkYS5wbmclMjIlMkYlM0UlM0NzcGFuJTNFRGVzYXRlbmRpZGElM0MlMkZzcGFuJTNFJTNDJTJGYSUzRSUwQSUzQ2ElMjBkYXRvcyUzRCUyMmNvZGlnb19vdHAlMjIlMjBocmVmJTNEJTIyamF2YXNjcmlwdCUzQSUyRiUyRiUyMiUzRSUzQ2ltZyUyMHNyYyUzRCUyMmh0dHBzJTNBJTJGJTJGd3d3LnZpYWZpcm1hLmNvbSUyRndwLWNvbnRlbnQlMkZ1cGxvYWRzJTJGMjAyMyUyRjA3JTJGYXBsaWNhY2lvbl9pY29ub19vdHAucG5nJTIyJTJGJTNFJTNDc3BhbiUzRUMlQzMlQjNkaWdvJTIwT1RQJTNDJTJGc3BhbiUzRSUzQyUyRmElM0U=[\/vc_raw_html][\/vc_column_inner][\/vc_row_inner][vc_row_inner css=\u00bb.vc_custom_1690796175934{background-image: url(https:\/\/www.viafirma.com\/wp-content\/uploads\/2023\/07\/aplicacion_tablet.png?id=27703) !important;}\u00bb el_class=\u00bbvf_aplicacion_6_tablet\u00bb][vc_column_inner][vc_column_text el_id=\u00bbfirma_biometrica\u00bb]Capturada por un dispositivo capaz de recoger datos biom\u00e9tricos.[\/vc_column_text][vc_column_text el_id=\u00bbcertificado_digital\u00bb]Capturada por un dispositivo capaz de recoger datos biom\u00e9tricos.[\/vc_column_text][vc_column_text el_id=\u00bben_la_nube\u00bb]Capturada por un dispositivo capaz de recoger datos biom\u00e9tricos.[\/vc_column_text][vc_column_text el_id=\u00bbdesatendida\u00bb]Capturada por un dispositivo capaz de recoger datos biom\u00e9tricos.[\/vc_column_text][vc_column_text el_id=\u00bbcodigo_otp\u00bb]Capturada por un dispositivo capaz de recoger datos biom\u00e9tricos.[\/vc_column_text][\/vc_column_inner][\/vc_row_inner][\/vc_column][\/vc_row][vc_row el_class=\u00bbvf_global\u00bb][vc_column][vc_raw_html]JTVCdmZzaG9ydGNvZGVzJTIwaWQlM0QlMjJpbmZvX2FwaSUyMiU1RA==[\/vc_raw_html][\/vc_column][\/vc_row][vc_row full_height=\u00bbyes\u00bb equal_height=\u00bbyes\u00bb content_placement=\u00bbmiddle\u00bb el_class=\u00bbvf_aplicacion_8&#8243;][vc_column width=\u00bb1\/5&#8243;][vc_single_image image=\u00bb27710&#8243; img_size=\u00bbfull\u00bb alignment=\u00bbcenter\u00bb][\/vc_column][vc_column width=\u00bb1\/5&#8243;][vc_single_image image=\u00bb27712&#8243; img_size=\u00bbfull\u00bb alignment=\u00bbcenter\u00bb][\/vc_column][vc_column width=\u00bb1\/5&#8243;][vc_single_image image=\u00bb27714&#8243; img_size=\u00bbfull\u00bb alignment=\u00bbcenter\u00bb][\/vc_column][vc_column width=\u00bb1\/5&#8243;][vc_single_image image=\u00bb27716&#8243; img_size=\u00bbfull\u00bb alignment=\u00bbcenter\u00bb][\/vc_column][vc_column width=\u00bb1\/5&#8243;][vc_single_image image=\u00bb27718&#8243; img_size=\u00bbfull\u00bb alignment=\u00bbcenter\u00bb][\/vc_column][\/vc_row][vc_row el_class=\u00bbvf_global\u00bb][vc_column][vc_raw_html]JTVCdmZzaG9ydGNvZGVzJTIwaWQlM0QlMjJpbmZvX2dhcmFudGlhJTIyJTVE[\/vc_raw_html][\/vc_column][\/vc_row][vc_row el_class=\u00bbvf_global\u00bb][vc_column][vc_raw_html]JTVCdmZzaG9ydGNvZGVzJTIwaWQlM0QlMjJjbGllbnRlcyUyMiU1RA==[\/vc_raw_html][\/vc_column][\/vc_row][vc_row el_class=\u00bbvf_global\u00bb][vc_column][vc_raw_html]JTVCdmZzaG9ydGNvZGVzJTIwaWQlM0QlMjJtZWpvcl9zb2x1Y2lvbiUyMiUyMHRleHRvJTNEJTIyTGElMjBtZWpvciUyMHNvbHVjaSVDMyVCM24lMjBkZSUyMCUyQWJvbGQlMkFmaXJtYSUyMGVsZWN0ciVDMyVCM25pY2ElMkElMkZib2xkJTJBJTIwcGFyYSUyMHR1JTIwZW1wcmVzYSUyMiU1RA==[\/vc_raw_html][\/vc_column][\/vc_row][vc_row el_class=\u00bbvf_global\u00bb][vc_column][vc_raw_html]JTVCdmZzaG9ydGNvZGVzJTIwaWQlM0QlMjJleHBlcmllbmNpYSUyMiU1RA==[\/vc_raw_html][\/vc_column][\/vc_row][vc_row el_class=\u00bbvf_global\u00bb][vc_column][vc_raw_html]JTVCdmZzaG9ydGNvZGVzJTIwaWQlM0QlMjJjb250YWN0byUyMiU1RA==[\/vc_raw_html][\/vc_column][\/vc_row][vc_row el_class=\u00bbvf_global\u00bb][vc_column][vc_raw_html]JTVCdmZzaG9ydGNvZGVzJTIwaWQlM0QlMjJwcmVndW50YXNfZnJlY3VlbnRlcyUyMiU1RA==[\/vc_raw_html][\/vc_column][\/vc_row]<\/p>\n<\/div>","protected":false},"excerpt":{"rendered":"[vc_row full_height=\u00bbyes\u00bb equal_height=\u00bbyes\u00bb content_placement=\u00bbmiddle\u00bb css=\u00bb.vc_custom_1698763500461{background-image: url(https:\/\/www.viafirma.com\/wp-content\/uploads\/2023\/08\/home_encabezado_fondo-jpg.webp?id=27808) !important;}\u00bb el_class=\u00bbvf_home_1 vf_aplicacion_1&#8243;][vc_column][vc_row_inner equal_height=\u00bbyes\u00bb...","protected":false},"author":6,"featured_media":0,"parent":0,"menu_order":0,"comment_status":"closed","ping_status":"closed","template":"","meta":{"_acf_changed":false,"site-sidebar-layout":"no-sidebar","site-content-layout":"plain-container","ast-site-content-layout":"normal-width-container","site-content-style":"unboxed","site-sidebar-style":"unboxed","ast-global-header-display":"","ast-banner-title-visibility":"","ast-main-header-display":"","ast-hfb-above-header-display":"","ast-hfb-below-header-display":"","ast-hfb-mobile-header-display":"","site-post-title":"disabled","ast-breadcrumbs-content":"","ast-featured-img":"disabled","footer-sml-layout":"","ast-disable-related-posts":"","theme-transparent-header-meta":"default","adv-header-id-meta":"","stick-header-meta":"default","header-above-stick-meta":"","header-main-stick-meta":"","header-below-stick-meta":"","astra-migrate-meta-layouts":"set","ast-page-background-enabled":"default","ast-page-background-meta":{"desktop":{"background-color":"var(--ast-global-color-4)","background-image":"","background-repeat":"repeat","background-position":"center center","background-size":"auto","background-attachment":"scroll","background-type":"","background-media":"","overlay-type":"","overlay-color":"","overlay-opacity":"","overlay-gradient":""},"tablet":{"background-color":"","background-image":"","background-repeat":"repeat","background-position":"center center","background-size":"auto","background-attachment":"scroll","background-type":"","background-media":"","overlay-type":"","overlay-color":"","overlay-opacity":"","overlay-gradient":""},"mobile":{"background-color":"","background-image":"","background-repeat":"repeat","background-position":"center center","background-size":"auto","background-attachment":"scroll","background-type":"","background-media":"","overlay-type":"","overlay-color":"","overlay-opacity":"","overlay-gradient":""}},"ast-content-background-meta":{"desktop":{"background-color":"var(--ast-global-color-5)","background-image":"","background-repeat":"repeat","background-position":"center center","background-size":"auto","background-attachment":"scroll","background-type":"","background-media":"","overlay-type":"","overlay-color":"","overlay-opacity":"","overlay-gradient":""},"tablet":{"background-color":"var(--ast-global-color-5)","background-image":"","background-repeat":"repeat","background-position":"center center","background-size":"auto","background-attachment":"scroll","background-type":"","background-media":"","overlay-type":"","overlay-color":"","overlay-opacity":"","overlay-gradient":""},"mobile":{"background-color":"var(--ast-global-color-5)","background-image":"","background-repeat":"repeat","background-position":"center center","background-size":"auto","background-attachment":"scroll","background-type":"","background-media":"","overlay-type":"","overlay-color":"","overlay-opacity":"","overlay-gradient":""}},"footnotes":""},"categories":[],"tags":[],"class_list":["post-27666","page","type-page","status-publish","hentry"],"acf":[],"_links":{"self":[{"href":"https:\/\/www.viafirma.com\/es\/wp-json\/wp\/v2\/pages\/27666","targetHints":{"allow":["GET"]}}],"collection":[{"href":"https:\/\/www.viafirma.com\/es\/wp-json\/wp\/v2\/pages"}],"about":[{"href":"https:\/\/www.viafirma.com\/es\/wp-json\/wp\/v2\/types\/page"}],"author":[{"embeddable":true,"href":"https:\/\/www.viafirma.com\/es\/wp-json\/wp\/v2\/users\/6"}],"replies":[{"embeddable":true,"href":"https:\/\/www.viafirma.com\/es\/wp-json\/wp\/v2\/comments?post=27666"}],"version-history":[{"count":0,"href":"https:\/\/www.viafirma.com\/es\/wp-json\/wp\/v2\/pages\/27666\/revisions"}],"wp:attachment":[{"href":"https:\/\/www.viafirma.com\/es\/wp-json\/wp\/v2\/media?parent=27666"}],"wp:term":[{"taxonomy":"category","embeddable":true,"href":"https:\/\/www.viafirma.com\/es\/wp-json\/wp\/v2\/categories?post=27666"},{"taxonomy":"post_tag","embeddable":true,"href":"https:\/\/www.viafirma.com\/es\/wp-json\/wp\/v2\/tags?post=27666"}],"curies":[{"name":"wp","href":"https:\/\/api.w.org\/{rel}","templated":true}]}}