{"id":27726,"date":"2023-08-02T10:56:59","date_gmt":"2023-08-02T08:56:59","guid":{"rendered":"https:\/\/www.viafirma.com\/?page_id=27726"},"modified":"2025-11-14T13:41:37","modified_gmt":"2025-11-14T12:41:37","slug":"partners","status":"publish","type":"page","link":"https:\/\/www.viafirma.com\/es\/partners\/","title":{"rendered":"Programa de Partners"},"content":{"rendered":"<div class=\"wpb-content-wrapper\"><p>[vc_row full_height=\u00bbyes\u00bb equal_height=\u00bbyes\u00bb content_placement=\u00bbmiddle\u00bb css=\u00bb.vc_custom_1698940330660{background-image: url(https:\/\/www.viafirma.com\/wp-content\/uploads\/2023\/08\/home_encabezado_fondo-jpg.webp?id=27808) !important;}\u00bb el_class=\u00bbvf_home_1&#8243;][vc_column][vc_row_inner equal_height=\u00bbyes\u00bb content_placement=\u00bbmiddle\u00bb el_class=\u00bbswap-on-mobile\u00bb][vc_column_inner width=\u00bb1\/2&#8243;][vc_column_text css=\u00bb\u00bb]<\/p>\n<h1><strong>Programa de Partners<\/strong><\/h1>\n<h2>Integra nuestra API o revende nuestras soluciones. T\u00fa eliges c\u00f3mo crecer.<\/h2>\n<p>\u00danete a nuestro ecosistema de socios y a\u00f1ade la firma electr\u00f3nica a tu portafolio. Ofrecemos un modelo de comisiones atractivo para revendedores y una API robusta para integradores.[\/vc_column_text][vc_btn title=\u00bbQUIERO SER PARTNER\u00bb css=\u00bb\u00bb el_class=\u00bbvf_boton_azul\u00bb link=\u00bburl:https%3A%2F%2Fwww.viafirma.com%2Fes%2Fcontacto-partners%2F|title:Bloque%20Contacto%20Partners\u00bb][\/vc_column_inner][vc_column_inner width=\u00bb1\/2&#8243;][vc_single_image image=\u00bb42170&#8243; img_size=\u00bbfull\u00bb][\/vc_column_inner][\/vc_row_inner][\/vc_column][\/vc_row][vc_row full_height=\u00bbyes\u00bb columns_placement=\u00bbtop\u00bb equal_height=\u00bbyes\u00bb el_class=\u00bbvf_partners_2&#8243;][vc_column width=\u00bb1\/3&#8243;][vc_single_image image=\u00bb32892&#8243; img_size=\u00bbfull\u00bb alignment=\u00bbcenter\u00bb][vc_column_text]<\/p>\n<p style=\"text-align: center;\"><strong>Distribuidor de Viafirma<\/strong><br \/>\nOfrece a tus clientes nuestra cartera de servicios<\/p>\n<p>[\/vc_column_text][\/vc_column][vc_column width=\u00bb1\/3&#8243;][vc_single_image image=\u00bb32894&#8243; img_size=\u00bbfull\u00bb alignment=\u00bbcenter\u00bb][vc_column_text]<\/p>\n<p style=\"text-align: center;\"><strong>Integra Viafirma en tu Software<\/strong><br \/>\nOfrece dentro de tu software la posibilidad de firmar electr\u00f3nicamente documentos<\/p>\n<p>[\/vc_column_text][\/vc_column][vc_column width=\u00bb1\/3&#8243;][vc_single_image image=\u00bb32896&#8243; img_size=\u00bbfull\u00bb alignment=\u00bbcenter\u00bb][vc_column_text]<\/p>\n<p style=\"text-align: center;\"><strong>Prescriptor de Viafirma<\/strong><br \/>\nSi te gusta Viafirma, accede a beneficios por recomendarnos entre tus clientes<\/p>\n<p>[\/vc_column_text][\/vc_column][\/vc_row][vc_row el_class=\u00bbvf_global\u00bb][vc_column][vc_raw_html]JTVCdmZzaG9ydGNvZGVzJTIwaWQlM0QlMjJtZWpvcl9zb2x1Y2lvbl9henVsJTIyJTIwdGV4dG8lM0QlMjJMYXMlMjBtZWpvcmVzJTIwZW1wcmVzYXMlMjBjb25mJUMzJUFEYW4lMjBlbiUyMG5vc290cm9zJTIwZW4lMjAlMkFib2xkJTJBbSVDMyVBMXMlMjBkZSUyMDIwJTIwcGElQzMlQURzZXMlMkElMkZib2xkJTJBJTIyJTVE[\/vc_raw_html][\/vc_column][\/vc_row][vc_row full_height=\u00bbyes\u00bb equal_height=\u00bbyes\u00bb content_placement=\u00bbmiddle\u00bb el_class=\u00bbvf_partners_4&#8243;][vc_column width=\u00bb1\/2&#8243;][vc_column_text]<\/p>\n<h2>Ventajas de ser partner<\/h2>\n<p><strong>Viafirma<\/strong> busca socios para mejorar juntos en la prestaci\u00f3n de servicios de transformaci\u00f3n digital de nuestros clientes. Descubre los beneficios que te puede aportar asociarte con una empresa con m\u00e1s de 20 a\u00f1os de experiencia en la <strong>identidad digital y firma electr\u00f3nica<\/strong>, y clientes en todos los sectores y de todos los tama\u00f1os en 18 pa\u00edses de Europa y Am\u00e9rica.[\/vc_column_text][vc_btn title=\u00bbQUIERO SER PARTNER\u00bb css=\u00bb\u00bb link=\u00bburl:https%3A%2F%2Fwww.viafirma.com%2Fes%2Fcontacto-partners%2F|title:Bloque%20Contacto%20Partners\u00bb el_class=\u00bbvf_boton_azul\u00bb][\/vc_column][vc_column width=\u00bb1\/2&#8243;][vc_single_image image=\u00bb32900&#8243; img_size=\u00bbfull\u00bb alignment=\u00bbcenter\u00bb][\/vc_column][\/vc_row][vc_row el_class=\u00bbvf_partners_5&#8243;][vc_column][vc_column_text]<\/p>\n<p style=\"text-align: center;\">Nuestros partners<\/p>\n<p>[\/vc_column_text][vc_raw_html]JTNDYSUyMGhyZWYlM0QlMjJqYXZhc2NyaXB0JTNBJTJGJTJGJTIyJTIwZGF0b3MlM0QlMjJhbGwlMjIlMjBjbGFzcyUzRCUyMnZmX3BhcnRuZXJzXzVfYm90b25faG92ZXIlMjIlM0VBTEwlM0MlMkZhJTNFJTBBJTNDYSUyMGhyZWYlM0QlMjJqYXZhc2NyaXB0JTNBJTJGJTJGJTIyJTIwZGF0b3MlM0QlMjJjb25zdWx0b3Jhc19pdCUyMiUzRUNPTlNVTFRPUkFTJTIwSVQlM0MlMkZhJTNFJTBBJTNDYSUyMGhyZWYlM0QlMjJqYXZhc2NyaXB0JTNBJTJGJTJGJTIyJTIwZGF0b3MlM0QlMjJmYWJyaWNhbnRlc19zb2Z0d2FyZSUyMiUzRUZBQlJJQ0FOVEVTJTIwREUlMjBTT0ZUV0FSRSUzQyUyRmElM0UlMEElM0NhJTIwaHJlZiUzRCUyMmphdmFzY3JpcHQlM0ElMkYlMkYlMjIlMjBkYXRvcyUzRCUyMmludGVncmFkb3Jlc19zaXN0ZW1hcyUyMiUzRUlOVEVHUkFET1JFUyUyMERFJTIwU0lTVEVNQVMlM0MlMkZhJTNFJTBBJTNDYSUyMGhyZWYlM0QlMjJqYXZhc2NyaXB0JTNBJTJGJTJGJTIyJTIwZGF0b3MlM0QlMjJjYW5hbF9kaXN0cmlidWNpb24lMjIlM0VDQU5BTCUyMERFJTIwRElTVFJJQlVDSSVDMyU5M04lM0MlMkZhJTNF[\/vc_raw_html][vc_raw_html]JTNDaW1nJTIwZmlsdHJvJTNEJTIyaW50ZWdyYWRvcmVzX3Npc3RlbWFzJTIyJTIwc3JjJTNEJTIyJTJGd3AtY29udGVudCUyRnVwbG9hZHMlMkYyMDIzJTJGMDglMkZsb2dvX2FwcDJ1LnBuZyUyMiUyMGFsdCUzRCUyMmxvZ28lMjBhcHAydSUyMiUyRiUzRSUwQSUzQ2ltZyUyMGZpbHRybyUzRCUyMmNvbnN1bHRvcmFzX2l0JTIyJTIwc3JjJTNEJTIyJTJGd3AtY29udGVudCUyRnVwbG9hZHMlMkYyMDIzJTJGMDglMkZsb2dvX2FwcGxlLnBuZyUyMiUyMGFsdCUzRCUyMmxvZ28lMjBhcHBsZSUyMiUyRiUzRSUwQSUzQ2ltZyUyMGZpbHRybyUzRCUyMmZhYnJpY2FudGVzX3NvZnR3YXJlJTIyJTIwc3JjJTNEJTIyJTJGd3AtY29udGVudCUyRnVwbG9hZHMlMkYyMDIzJTJGMDglMkZsb2dvX2FxdWEucG5nJTIyJTIwYWx0JTNEJTIybG9nbyUyMGFxdWElMjIlMkYlM0UlMEElM0NpbWclMjBmaWx0cm8lM0QlMjJjYW5hbF9kaXN0cmlidWNpb24lMjIlMjBzcmMlM0QlMjIlMkZ3cC1jb250ZW50JTJGdXBsb2FkcyUyRjIwMjMlMkYwOCUyRmxvZ29fYXJnb250ZWNoLnBuZyUyMiUyMGFsdCUzRCUyMmxvZ28lMjBhcmdvbnRlY2glMjIlMkYlM0UlMEElM0NpbWclMjBmaWx0cm8lM0QlMjJjb25zdWx0b3Jhc19pdCUyMiUyMHNyYyUzRCUyMiUyRndwLWNvbnRlbnQlMkZ1cGxvYWRzJTJGMjAyMyUyRjA4JTJGbG9nb19hdGhlbnRvLnBuZyUyMiUyMGFsdCUzRCUyMmxvZ28lMjBhdGhlbnRvJTIyJTJGJTNFJTBBJTNDaW1nJTIwZmlsdHJvJTNEJTIyaW50ZWdyYWRvcmVzX3Npc3RlbWFzJTIyJTIwc3JjJTNEJTIyJTJGd3AtY29udGVudCUyRnVwbG9hZHMlMkYyMDIzJTJGMDglMkZsb2dvX2F0b3MucG5nJTIyJTIwYWx0JTNEJTIybG9nbyUyMGF0b3MlMjIlMkYlM0UlMEElM0NpbWclMjBmaWx0cm8lM0QlMjJmYWJyaWNhbnRlc19zb2Z0d2FyZSUyMiUyMHNyYyUzRCUyMiUyRndwLWNvbnRlbnQlMkZ1cGxvYWRzJTJGMjAyMyUyRjA4JTJGbG9nb19iZXJnZXJfbGV2cmF1bHQucG5nJTIyJTIwYWx0JTNEJTIybG9nbyUyMGJlcmdlciUyMGxldnJhdWx0JTIyJTJGJTNFJTBBJTNDaW1nJTIwZmlsdHJvJTNEJTIyY2FuYWxfZGlzdHJpYnVjaW9uJTIyJTIwc3JjJTNEJTIyJTJGd3AtY29udGVudCUyRnVwbG9hZHMlMkYyMDIzJTJGMDglMkZsb2dvX2NhbWVyZmlybWEucG5nJTIyJTIwYWx0JTNEJTIybG9nbyUyMGNhbWVyZmlybWElMjIlMkYlM0UlMEElM0NpbWclMjBmaWx0cm8lM0QlMjJjb25zdWx0b3Jhc19pdCUyMiUyMHNyYyUzRCUyMiUyRndwLWNvbnRlbnQlMkZ1cGxvYWRzJTJGMjAyMyUyRjA4JTJGbG9nb19jZXJ0aWZpY2FjaW9uZXNfZGlnaXRhbGVzX1NSTC5wbmclMjIlMjBhbHQlM0QlMjJsb2dvJTIwY2VydGlmaWNhY2lvbmVzJTIwZGlnaXRhbGVzJTIwU1JMJTIyJTJGJTNFJTBBJTNDaW1nJTIwZmlsdHJvJTNEJTIyZmFicmljYW50ZXNfc29mdHdhcmUlMjIlMjBzcmMlM0QlMjIlMkZ3cC1jb250ZW50JTJGdXBsb2FkcyUyRjIwMjMlMkYwOCUyRmxvZ29fY2VydGlzdXIucG5nJTIyJTIwYWx0JTNEJTIybG9nbyUyMGNlcnRpc3VyJTIyJTJGJTNFJTBBJTNDaW1nJTIwZmlsdHJvJTNEJTIyY2FuYWxfZGlzdHJpYnVjaW9uJTIyJTIwc3JjJTNEJTIyJTJGd3AtY29udGVudCUyRnVwbG9hZHMlMkYyMDIzJTJGMDglMkZsb2dvX2RhdmluY2kucG5nJTIyJTIwYWx0JTNEJTIybG9nbyUyMGRhdmluY2klMjIlMkYlM0UlMEElM0NpbWclMjBmaWx0cm8lM0QlMjJpbnRlZ3JhZG9yZXNfc2lzdGVtYXMlMjIlMjBzcmMlM0QlMjIlMkZ3cC1jb250ZW50JTJGdXBsb2FkcyUyRjIwMjMlMkYwOCUyRmxvZ29fZW1lcmd5YS5wbmclMjIlMjBhbHQlM0QlMjJsb2dvJTIwZW1lcmd5YSUyMiUyRiUzRSUwQSUzQ2ltZyUyMGZpbHRybyUzRCUyMmNvbnN1bHRvcmFzX2l0JTIyJTIwc3JjJTNEJTIyJTJGd3AtY29udGVudCUyRnVwbG9hZHMlMkYyMDIzJTJGMDglMkZsb2dvX2VuZGFsaWEucG5nJTIyJTIwYWx0JTNEJTIybG9nbyUyMGVuZGFsaWElMjIlMkYlM0UlMEElM0NpbWclMjBmaWx0cm8lM0QlMjJjYW5hbF9kaXN0cmlidWNpb24lMjIlMjBzcmMlM0QlMjIlMkZ3cC1jb250ZW50JTJGdXBsb2FkcyUyRjIwMjMlMkYwOCUyRmxvZ29fZmludmVyaXMucG5nJTIyJTIwYWx0JTNEJTIybG9nbyUyMGZpbnZlcmlzJTIyJTJGJTNFJTBBJTNDaW1nJTIwZmlsdHJvJTNEJTIyZmFicmljYW50ZXNfc29mdHdhcmUlMjIlMjBzcmMlM0QlMjIlMkZ3cC1jb250ZW50JTJGdXBsb2FkcyUyRjIwMjMlMkYwOCUyRmxvZ29fZmlybWFfcHJvZmVzaW9uYWwucG5nJTIyJTIwYWx0JTNEJTIybG9nbyUyMGZpcm1hJTIwcHJvZmVzaW9uYWwlMjIlMkYlM0UlMEElM0NpbWclMjBmaWx0cm8lM0QlMjJjb25zdWx0b3Jhc19pdCUyMiUyMHNyYyUzRCUyMiUyRndwLWNvbnRlbnQlMkZ1cGxvYWRzJTJGMjAyMyUyRjA4JTJGbG9nb19mdWppdHN1LnBuZyUyMiUyMGFsdCUzRCUyMmxvZ28lMjBmdWppdHN1JTIyJTJGJTNFJTBBJTNDaW1nJTIwZmlsdHJvJTNEJTIyY2FuYWxfZGlzdHJpYnVjaW9uJTIyJTIwc3JjJTNEJTIyJTJGd3AtY29udGVudCUyRnVwbG9hZHMlMkYyMDIzJTJGMDglMkZsb2dvX2dlc2Zvcm1hLnBuZyUyMiUyMGFsdCUzRCUyMmxvZ28lMjBnZXNmb3JtYSUyMiUyRiUzRSUwQSUzQ2ltZyUyMGZpbHRybyUzRCUyMmZhYnJpY2FudGVzX3NvZnR3YXJlJTIyJTIwc3JjJTNEJTIyJTJGd3AtY29udGVudCUyRnVwbG9hZHMlMkYyMDIzJTJGMDglMkZsb2dvX2dyYWRpYW50LnBuZyUyMiUyMGFsdCUzRCUyMmxvZ28lMjBncmFkaWFudCUyMiUyRiUzRSUwQSUzQ2ltZyUyMGZpbHRybyUzRCUyMmludGVncmFkb3Jlc19zaXN0ZW1hcyUyMiUyMHNyYyUzRCUyMiUyRndwLWNvbnRlbnQlMkZ1cGxvYWRzJTJGMjAyMyUyRjA4JTJGbG9nb19ncnVwb19MUEEucG5nJTIyJTIwYWx0JTNEJTIybG9nbyUyMGdydXBvJTIwTFBBJTIyJTJGJTNFJTBBJTNDaW1nJTIwZmlsdHJvJTNEJTIyY29uc3VsdG9yYXNfaXQlMjIlMjBzcmMlM0QlMjIlMkZ3cC1jb250ZW50JTJGdXBsb2FkcyUyRjIwMjMlMkYwOCUyRmxvZ29fZ3J1cG9fb3Blbi5wbmclMjIlMjBhbHQlM0QlMjJsb2dvJTIwZ3J1cG8lMjBvcGVuJTIyJTJGJTNFJTBBJTNDaW1nJTIwZmlsdHJvJTNEJTIyY2FuYWxfZGlzdHJpYnVjaW9uJTIyJTIwc3JjJTNEJTIyJTJGd3AtY29udGVudCUyRnVwbG9hZHMlMkYyMDIzJTJGMDglMkZsb2dvX2d1YWRhbHRlY2gucG5nJTIyJTIwYWx0JTNEJTIybG9nbyUyMGd1YWRhbHRlY2glMjIlMkYlM0UlMEElM0NpbWclMjBmaWx0cm8lM0QlMjJmYWJyaWNhbnRlc19zb2Z0d2FyZSUyMiUyMHNyYyUzRCUyMiUyRndwLWNvbnRlbnQlMkZ1cGxvYWRzJTJGMjAyMyUyRjA4JTJGbG9nb19pbmdlbmllc2lhLnBuZyUyMiUyMGFsdCUzRCUyMmxvZ28lMjBpbmdlbmllc2lhJTIyJTJGJTNFJTBBJTNDaW1nJTIwZmlsdHJvJTNEJTIyZmFicmljYW50ZXNfc29mdHdhcmUlMjIlMjBzcmMlM0QlMjIlMkZ3cC1jb250ZW50JTJGdXBsb2FkcyUyRjIwMjMlMkYwOCUyRmxvZ29fTVFfZW1wcmVuZGltaWVudG9zLnBuZyUyMiUyMGFsdCUzRCUyMmxvZ28lMjBNUSUyMGVtcHJlbmRpbWllbnRvcyUyMiUyRiUzRSUwQSUzQ2ltZyUyMGZpbHRybyUzRCUyMmludGVncmFkb3Jlc19zaXN0ZW1hcyUyMiUyMHNyYyUzRCUyMiUyRndwLWNvbnRlbnQlMkZ1cGxvYWRzJTJGMjAyMyUyRjA4JTJGbG9nb19wb250ZWNlcmNhLnBuZyUyMiUyMGFsdCUzRCUyMmxvZ28lMjBwb250ZWNlcmNhJTIyJTJGJTNFJTBBJTNDaW1nJTIwZmlsdHJvJTNEJTIyY2FuYWxfZGlzdHJpYnVjaW9uJTIyJTIwc3JjJTNEJTIyJTJGd3AtY29udGVudCUyRnVwbG9hZHMlMkYyMDIzJTJGMDglMkZsb2dvX3NvY2lhbF9wYXRoLnBuZyUyMiUyMGFsdCUzRCUyMmxvZ28lMjBzb2NpYWwlMjBwYXRoJTIyJTJGJTNFJTBBJTNDaW1nJTIwZmlsdHJvJTNEJTIyY29uc3VsdG9yYXNfaXQlMjIlMjBzcmMlM0QlMjIlMkZ3cC1jb250ZW50JTJGdXBsb2FkcyUyRjIwMjMlMkYwOCUyRmxvZ29fdGhvbWFzX3NpZ25lLnBuZyUyMiUyMGFsdCUzRCUyMmxvZ28lMjB0aG9tYXMlMjBzaWduZSUyMiUyRiUzRSUwQSUzQ2ltZyUyMGZpbHRybyUzRCUyMmludGVncmFkb3Jlc19zaXN0ZW1hcyUyMiUyMHNyYyUzRCUyMiUyRndwLWNvbnRlbnQlMkZ1cGxvYWRzJTJGMjAyMyUyRjA4JTJGbG9nb196dWlucV9zdHVkaW8ucG5nJTIyJTIwYWx0JTNEJTIybG9nbyUyMHp1aW5xJTIwc3R1ZGlvJTIyJTJGJTNFJTBBJTNDaW1nJTIwZmlsdHJvJTNEJTIyaW50ZWdyYWRvcmVzX3Npc3RlbWFzJTIyJTIwc3JjJTNEJTIyJTJGd3AtY29udGVudCUyRnVwbG9hZHMlMkYyMDI0JTJGMDMlMkZyb2pvLnBuZyUyMiUyMGFsdCUzRCUyMmxvZ28lMjBwaGFybWElMjBhZHZpc29ycyUyMiUyRiUzRSUwQSUzQ2ltZyUyMGZpbHRybyUzRCUyMmludGVncmFkb3Jlc19zaXN0ZW1hcyUyMiUyMHNyYyUzRCUyMiUyRndwLWNvbnRlbnQlMkZ1cGxvYWRzJTJGMjAyNCUyRjA1JTJGbnVldm8tbG9nby1ic2Mtc2Euc3ZnJTIyJTIwYWx0JTNEJTIybG9nbyUyMGJzY29uc3VsdGluZyUyMiUyRiUzRSUwQSUzQ2ltZyUyMGZpbHRybyUzRCUyMmNvbnN1bHRvcmFzX2l0JTIyJTIwc3JjJTNEJTIyJTJGd3AtY29udGVudCUyRnVwbG9hZHMlMkYyMDI0JTJGMDUlMkZsb2dvLXZhbnR1cmUucG5nJTIyJTIwYWx0JTNEJTIybG9nbyUyMHZhbnR1cmVFU1MlMjIlMkYlM0U=[\/vc_raw_html][\/vc_column][\/vc_row][vc_row el_class=\u00bbvf_global\u00bb][vc_column][vc_raw_html]JTVCdmZzaG9ydGNvZGVzJTIwaWQlM0QlMjJjbGllbnRlcyUyMiU1RA==[\/vc_raw_html][\/vc_column][\/vc_row][vc_row el_class=\u00bbvf_global\u00bb][vc_column][vc_raw_html]JTVCdmZzaG9ydGNvZGVzJTIwaWQlM0QlMjJtZWpvcl9zb2x1Y2lvbiUyMiUyMHRleHRvJTNEJTIyTGElMjBtZWpvciUyMHNvbHVjaSVDMyVCM24lMjBkZSUyMCUyQWJvbGQlMkFmaXJtYSUyMGVsZWN0ciVDMyVCM25pY2ElMkElMkZib2xkJTJBJTIwcGFyYSUyMHR1JTIwZW1wcmVzYSUyMiU1RA==[\/vc_raw_html][\/vc_column][\/vc_row][vc_row el_class=\u00bbvf_global\u00bb][vc_column][vc_raw_html]JTVCdmZzaG9ydGNvZGVzJTIwaWQlM0QlMjJleHBlcmllbmNpYSUyMiU1RA==[\/vc_raw_html][\/vc_column][\/vc_row]<\/p>\n<\/div>","protected":false},"excerpt":{"rendered":"[vc_row full_height=\u00bbyes\u00bb equal_height=\u00bbyes\u00bb content_placement=\u00bbmiddle\u00bb css=\u00bb.vc_custom_1698940330660{background-image: url(https:\/\/www.viafirma.com\/wp-content\/uploads\/2023\/08\/home_encabezado_fondo-jpg.webp?id=27808) !important;}\u00bb el_class=\u00bbvf_home_1&#8243;][vc_column][vc_row_inner equal_height=\u00bbyes\u00bb content_placement=\u00bbmiddle\u00bb...","protected":false},"author":6,"featured_media":0,"parent":0,"menu_order":0,"comment_status":"closed","ping_status":"closed","template":"","meta":{"_acf_changed":false,"site-sidebar-layout":"no-sidebar","site-content-layout":"plain-container","ast-site-content-layout":"normal-width-container","site-content-style":"unboxed","site-sidebar-style":"unboxed","ast-global-header-display":"","ast-banner-title-visibility":"","ast-main-header-display":"","ast-hfb-above-header-display":"","ast-hfb-below-header-display":"","ast-hfb-mobile-header-display":"","site-post-title":"disabled","ast-breadcrumbs-content":"","ast-featured-img":"disabled","footer-sml-layout":"","ast-disable-related-posts":"","theme-transparent-header-meta":"default","adv-header-id-meta":"","stick-header-meta":"default","header-above-stick-meta":"","header-main-stick-meta":"","header-below-stick-meta":"","astra-migrate-meta-layouts":"set","ast-page-background-enabled":"default","ast-page-background-meta":{"desktop":{"background-color":"var(--ast-global-color-4)","background-image":"","background-repeat":"repeat","background-position":"center center","background-size":"auto","background-attachment":"scroll","background-type":"","background-media":"","overlay-type":"","overlay-color":"","overlay-opacity":"","overlay-gradient":""},"tablet":{"background-color":"","background-image":"","background-repeat":"repeat","background-position":"center center","background-size":"auto","background-attachment":"scroll","background-type":"","background-media":"","overlay-type":"","overlay-color":"","overlay-opacity":"","overlay-gradient":""},"mobile":{"background-color":"","background-image":"","background-repeat":"repeat","background-position":"center center","background-size":"auto","background-attachment":"scroll","background-type":"","background-media":"","overlay-type":"","overlay-color":"","overlay-opacity":"","overlay-gradient":""}},"ast-content-background-meta":{"desktop":{"background-color":"var(--ast-global-color-5)","background-image":"","background-repeat":"repeat","background-position":"center center","background-size":"auto","background-attachment":"scroll","background-type":"","background-media":"","overlay-type":"","overlay-color":"","overlay-opacity":"","overlay-gradient":""},"tablet":{"background-color":"var(--ast-global-color-5)","background-image":"","background-repeat":"repeat","background-position":"center center","background-size":"auto","background-attachment":"scroll","background-type":"","background-media":"","overlay-type":"","overlay-color":"","overlay-opacity":"","overlay-gradient":""},"mobile":{"background-color":"var(--ast-global-color-5)","background-image":"","background-repeat":"repeat","background-position":"center center","background-size":"auto","background-attachment":"scroll","background-type":"","background-media":"","overlay-type":"","overlay-color":"","overlay-opacity":"","overlay-gradient":""}},"footnotes":""},"categories":[],"tags":[],"class_list":["post-27726","page","type-page","status-publish","hentry"],"acf":[],"_links":{"self":[{"href":"https:\/\/www.viafirma.com\/es\/wp-json\/wp\/v2\/pages\/27726","targetHints":{"allow":["GET"]}}],"collection":[{"href":"https:\/\/www.viafirma.com\/es\/wp-json\/wp\/v2\/pages"}],"about":[{"href":"https:\/\/www.viafirma.com\/es\/wp-json\/wp\/v2\/types\/page"}],"author":[{"embeddable":true,"href":"https:\/\/www.viafirma.com\/es\/wp-json\/wp\/v2\/users\/6"}],"replies":[{"embeddable":true,"href":"https:\/\/www.viafirma.com\/es\/wp-json\/wp\/v2\/comments?post=27726"}],"version-history":[{"count":5,"href":"https:\/\/www.viafirma.com\/es\/wp-json\/wp\/v2\/pages\/27726\/revisions"}],"predecessor-version":[{"id":95524,"href":"https:\/\/www.viafirma.com\/es\/wp-json\/wp\/v2\/pages\/27726\/revisions\/95524"}],"wp:attachment":[{"href":"https:\/\/www.viafirma.com\/es\/wp-json\/wp\/v2\/media?parent=27726"}],"wp:term":[{"taxonomy":"category","embeddable":true,"href":"https:\/\/www.viafirma.com\/es\/wp-json\/wp\/v2\/categories?post=27726"},{"taxonomy":"post_tag","embeddable":true,"href":"https:\/\/www.viafirma.com\/es\/wp-json\/wp\/v2\/tags?post=27726"}],"curies":[{"name":"wp","href":"https:\/\/api.w.org\/{rel}","templated":true}]}}