{"id":27831,"date":"2023-08-08T09:52:45","date_gmt":"2023-08-08T07:52:45","guid":{"rendered":"https:\/\/www.viafirma.com\/?page_id=27831"},"modified":"2025-10-31T13:15:46","modified_gmt":"2025-10-31T12:15:46","slug":"api","status":"publish","type":"page","link":"https:\/\/www.viafirma.com\/es\/api\/","title":{"rendered":"API de firma electr\u00f3nica"},"content":{"rendered":"<div class=\"wpb-content-wrapper\"><p>[vc_row full_height=\u00bbyes\u00bb equal_height=\u00bbyes\u00bb content_placement=\u00bbmiddle\u00bb css=\u00bb.vc_custom_1699441136276{background-image: url(https:\/\/www.viafirma.com\/wp-content\/uploads\/2023\/08\/home_encabezado_fondo-jpg.webp?id=27808) !important;}\u00bb el_class=\u00bbvf_home_1&#8243;][vc_column][vc_row_inner equal_height=\u00bbyes\u00bb content_placement=\u00bbmiddle\u00bb el_class=\u00bbswap-on-mobile\u00bb][vc_column_inner width=\u00bb1\/2&#8243;][vc_column_text css=\u00bb\u00bb]<\/p>\n<h1><strong>API de firma electr\u00f3nica<\/strong><\/h1>\n<h2>Integra la firma electr\u00f3nica en tu software en d\u00edas, no en meses.<\/h2>\n<p>Nuestra API REST te da toda la potencia legal sin la complejidad. Conecta tu software y permite que tus usuarios firmen directamente desde tu propia plataforma.[\/vc_column_text][vc_column_text css=\u00bb\u00bb el_class=\u00bbvf_boton_naranja\u00bb]<a href=\"https:\/\/www.viafirma.com\/es\/contacto\/\">CONTACTO<\/a>[\/vc_column_text][\/vc_column_inner][vc_column_inner width=\u00bb1\/2&#8243;][vc_single_image image=\u00bb42199&#8243; img_size=\u00bbfull\u00bb alignment=\u00bbcenter\u00bb][\/vc_column_inner][\/vc_row_inner][\/vc_column][\/vc_row][vc_row el_class=\u00bbvf_api_2&#8243;][vc_column][vc_column_text]<\/p>\n<p style=\"text-align: center;\"><strong>\u00bfC\u00f3mo empezar a integrar?<\/strong><br \/>\nGracias a nuestra potente API, basada en servicios REST, podr\u00e1s integrar y empezar a firmar documentos de una forma f\u00e1cil y r\u00e1pida<\/p>\n<p>[\/vc_column_text][vc_row_inner equal_height=\u00bbyes\u00bb el_class=\u00bbvf_api_2_cols\u00bb][vc_column_inner width=\u00bb1\/3&#8243;][vc_column_text]<\/p>\n<p style=\"text-align: center;\"><strong>F\u00e1cil y r\u00e1pida de usar<\/strong><br \/>\nIntegra los servicios de Viafirma en tus aplicaciones y mejora la experiencia de usuario de tus clientes.<\/p>\n<p>[\/vc_column_text][\/vc_column_inner][vc_column_inner width=\u00bb1\/3&#8243;][vc_column_text]<\/p>\n<p style=\"text-align: center;\"><strong>Segura y fiable<\/strong><br \/>\nSoportamos autenticaci\u00f3n de varios tipos: OAuth2, Basic&#8230; Usa la que m\u00e1s se adapte a tu caso de uso.<\/p>\n<p>[\/vc_column_text][\/vc_column_inner][vc_column_inner width=\u00bb1\/3&#8243;][vc_column_text]<\/p>\n<p style=\"text-align: center;\"><strong>Adaptable y personalizable<\/strong><br \/>\nNo te preocupes por los logos y colores. Tenemos una API flexible que soporta cualquier dise\u00f1o en cualquier interfaz.<\/p>\n<p>[\/vc_column_text][\/vc_column_inner][\/vc_row_inner][vc_single_image image=\u00bb27839&#8243; img_size=\u00bbfull\u00bb alignment=\u00bbcenter\u00bb][\/vc_column][\/vc_row][vc_row el_class=\u00bbvf_api_3&#8243;][vc_column][vc_row_inner][vc_column_inner][vc_column_text]<\/p>\n<p style=\"text-align: center;\"><strong>\u00bfBuscas una integraci\u00f3n con la firma electr\u00f3nica?<\/strong><\/p>\n<p style=\"text-align: center;\">Descr\u00edbenos en qu\u00e9 consiste el proceso de firma y te daremos la soluci\u00f3n que m\u00e1s se ajuste a tus necesidades<\/p>\n<p>[\/vc_column_text][\/vc_column_inner][\/vc_row_inner][vc_btn title=\u00bbCONTACTAR\u00bb align=\u00bbcenter\u00bb el_class=\u00bbvf_boton_naranja\u00bb link=\u00bburl:https%3A%2F%2Fwww.viafirma.com%2Fes%2Fcontacto%2F|title:Contacto\u00bb][\/vc_column][\/vc_row][vc_row el_class=\u00bbvf_api_4&#8243;][vc_column][vc_column_text]<strong>Integraciones<\/strong>[\/vc_column_text][vc_row_inner equal_height=\u00bbyes\u00bb el_class=\u00bbvf_api_4_cols\u00bb][vc_column_inner width=\u00bb1\/3&#8243;][vc_single_image image=\u00bb27849&#8243; img_size=\u00bbfull\u00bb][vc_column_text]<strong>GMAIL<\/strong><\/p>\n<p>Se ha desarrollado un plugin para Google Workspace con el que puedes validar documentos directamente desde tu bandeja de correo electr\u00f3nico. Mira este v\u00eddeo donde te mostramos c\u00f3mo crear una solicitud de firma desde Gmail f\u00e1cilmente.[\/vc_column_text][vc_column_text]<\/p>\n<p style=\"text-align: right;\"><a href=\"#\">M\u00e1s info <i class=\"fa fa-arrow-right\"><\/i><\/a><\/p>\n<p>[\/vc_column_text][\/vc_column_inner][vc_column_inner width=\u00bb1\/3&#8243;][vc_single_image image=\u00bb27852&#8243; img_size=\u00bbfull\u00bb][vc_column_text]<strong>SALESFORCE<\/strong><\/p>\n<p>Un CRM es vital para que los comerciales puedan saber el estado de cada cliente y les permite dar un imprescindible servicio de calidad. <strong>Salesforce<\/strong> permite que esas gestiones, como la firma de documentos, se automaticen para que el d\u00eda de trabajo sea m\u00e1s eficaz. Gracias a Viafirma podr\u00e1s digitalizar tus contratos, validarlos y enviarlos desde <strong>Salesforce<\/strong> de forma sencilla, eficiente y con plenas garant\u00edas legales.[\/vc_column_text][vc_column_text]<\/p>\n<p style=\"text-align: right;\"><a href=\"#\">M\u00e1s info <i class=\"fa fa-arrow-right\"><\/i><\/a><\/p>\n<p>[\/vc_column_text][\/vc_column_inner][vc_column_inner width=\u00bb1\/3&#8243;][vc_single_image image=\u00bb27854&#8243; img_size=\u00bbfull\u00bb][vc_column_text]<strong>SAP<\/strong><\/p>\n<p>Gracias a esta integraci\u00f3n podr\u00e1s incorporar la <strong>firma electr\u00f3nica de documentos<\/strong> en SAP, sistema de planificaci\u00f3n de recursos empresariales.<br \/>\nPodr\u00e1s formalizar acuerdos con rapidez, de forma segura y desde cualquier lugar y automatizar los procesos gracias a nuestra integraci\u00f3n con SAP.[\/vc_column_text][vc_column_text]<\/p>\n<p style=\"text-align: right;\"><a href=\"#\">M\u00e1s info <i class=\"fa fa-arrow-right\"><\/i><\/a><\/p>\n<p>[\/vc_column_text][\/vc_column_inner][\/vc_row_inner][vc_row_inner equal_height=\u00bbyes\u00bb el_class=\u00bbvf_api_4_cols\u00bb][vc_column_inner width=\u00bb1\/3&#8243;][vc_single_image image=\u00bb27857&#8243; img_size=\u00bbfull\u00bb][vc_column_text]<strong>ORACLE<\/strong><\/p>\n<p>Oracle Corporation es una compa\u00f1\u00eda especializada en el desarrollo de soluciones de nube y locales. Ofrece procesos y datos consistentes en las funciones de negocio m\u00e1s importantes.<br \/>\nMejora la participaci\u00f3n de los clientes, aumenta la agilidad de tu empresa y reacciona al cambio r\u00e1pidamente.[\/vc_column_text][vc_column_text]<\/p>\n<p style=\"text-align: right;\"><a href=\"#\">M\u00e1s info <i class=\"fa fa-arrow-right\"><\/i><\/a><\/p>\n<p>[\/vc_column_text][\/vc_column_inner][vc_column_inner width=\u00bb1\/3&#8243;][vc_single_image image=\u00bb27859&#8243; img_size=\u00bbfull\u00bb][vc_column_text]<strong>ZAPIER<\/strong><\/p>\n<p>Zapier te permite conectar nuestro software con m\u00e1s de 2000 aplicaciones web. Las conexiones automatizadas (los llamados Zaps), se configuran en cuesti\u00f3n de minutos sin necesidad de tocar nada de c\u00f3digo. Esto te permite automatizar diferentes tareas diarias y configurar flujos de trabajo entre varias aplicaciones que, de otra manera, no ser\u00eda posible.[\/vc_column_text][vc_column_text]<\/p>\n<p style=\"text-align: right;\"><a href=\"#\">M\u00e1s info <i class=\"fa fa-arrow-right\"><\/i><\/a><\/p>\n<p>[\/vc_column_text][\/vc_column_inner][vc_column_inner width=\u00bb1\/3&#8243;][vc_column_text]<\/p>\n<p style=\"text-align: center;\"><a href=\"https:\/\/www.viafirma.com\/es\/integraciones\/\">Integraciones <i class=\"fa fa-arrow-right\"><\/i><\/a><\/p>\n<p>[\/vc_column_text][\/vc_column_inner][\/vc_row_inner][\/vc_column][\/vc_row][vc_row el_class=\u00bbvf_global\u00bb][vc_column][vc_raw_html]JTVCdmZzaG9ydGNvZGVzJTIwaWQlM0QlMjJpbmZvX2dhcmFudGlhJTIyJTVE[\/vc_raw_html][\/vc_column][\/vc_row][vc_row el_class=\u00bbvf_global\u00bb][vc_column][vc_raw_html]JTVCdmZzaG9ydGNvZGVzJTIwaWQlM0QlMjJjbGllbnRlcyUyMiU1RA==[\/vc_raw_html][\/vc_column][\/vc_row][vc_row el_class=\u00bbvf_global\u00bb][vc_column][vc_raw_html]JTVCdmZzaG9ydGNvZGVzJTIwaWQlM0QlMjJtZWpvcl9zb2x1Y2lvbiUyMiUyMHRleHRvJTNEJTIyTGElMjBtZWpvciUyMHNvbHVjaSVDMyVCM24lMjBkZSUyMCUyQWJvbGQlMkFmaXJtYSUyMGVsZWN0ciVDMyVCM25pY2ElMkElMkZib2xkJTJBJTIwcGFyYSUyMHR1JTIwZW1wcmVzYSUyMiU1RA==[\/vc_raw_html][\/vc_column][\/vc_row][vc_row el_class=\u00bbvf_global\u00bb][vc_column][vc_raw_html]JTVCdmZzaG9ydGNvZGVzJTIwaWQlM0QlMjJleHBlcmllbmNpYSUyMiU1RA==[\/vc_raw_html][\/vc_column][\/vc_row][vc_row el_class=\u00bbvf_global\u00bb][vc_column][vc_raw_html]JTVCdmZzaG9ydGNvZGVzJTIwaWQlM0QlMjJjb250YWN0byUyMiU1RA==[\/vc_raw_html][\/vc_column][\/vc_row][vc_row el_class=\u00bbvf_global\u00bb][vc_column][vc_raw_html]JTVCdmZzaG9ydGNvZGVzJTIwaWQlM0QlMjJwcmVndW50YXNfZnJlY3VlbnRlcyUyMiU1RA==[\/vc_raw_html][\/vc_column][\/vc_row]<\/p>\n<\/div>","protected":false},"excerpt":{"rendered":"[vc_row full_height=\u00bbyes\u00bb equal_height=\u00bbyes\u00bb content_placement=\u00bbmiddle\u00bb css=\u00bb.vc_custom_1699441136276{background-image: url(https:\/\/www.viafirma.com\/wp-content\/uploads\/2023\/08\/home_encabezado_fondo-jpg.webp?id=27808) !important;}\u00bb el_class=\u00bbvf_home_1&#8243;][vc_column][vc_row_inner equal_height=\u00bbyes\u00bb content_placement=\u00bbmiddle\u00bb...","protected":false},"author":6,"featured_media":0,"parent":0,"menu_order":0,"comment_status":"closed","ping_status":"closed","template":"","meta":{"_acf_changed":false,"site-sidebar-layout":"no-sidebar","site-content-layout":"plain-container","ast-site-content-layout":"normal-width-container","site-content-style":"unboxed","site-sidebar-style":"unboxed","ast-global-header-display":"","ast-banner-title-visibility":"","ast-main-header-display":"","ast-hfb-above-header-display":"","ast-hfb-below-header-display":"","ast-hfb-mobile-header-display":"","site-post-title":"disabled","ast-breadcrumbs-content":"","ast-featured-img":"disabled","footer-sml-layout":"","ast-disable-related-posts":"","theme-transparent-header-meta":"default","adv-header-id-meta":"","stick-header-meta":"default","header-above-stick-meta":"","header-main-stick-meta":"","header-below-stick-meta":"","astra-migrate-meta-layouts":"set","ast-page-background-enabled":"default","ast-page-background-meta":{"desktop":{"background-color":"var(--ast-global-color-4)","background-image":"","background-repeat":"repeat","background-position":"center center","background-size":"auto","background-attachment":"scroll","background-type":"","background-media":"","overlay-type":"","overlay-color":"","overlay-opacity":"","overlay-gradient":""},"tablet":{"background-color":"","background-image":"","background-repeat":"repeat","background-position":"center center","background-size":"auto","background-attachment":"scroll","background-type":"","background-media":"","overlay-type":"","overlay-color":"","overlay-opacity":"","overlay-gradient":""},"mobile":{"background-color":"","background-image":"","background-repeat":"repeat","background-position":"center center","background-size":"auto","background-attachment":"scroll","background-type":"","background-media":"","overlay-type":"","overlay-color":"","overlay-opacity":"","overlay-gradient":""}},"ast-content-background-meta":{"desktop":{"background-color":"var(--ast-global-color-5)","background-image":"","background-repeat":"repeat","background-position":"center center","background-size":"auto","background-attachment":"scroll","background-type":"","background-media":"","overlay-type":"","overlay-color":"","overlay-opacity":"","overlay-gradient":""},"tablet":{"background-color":"var(--ast-global-color-5)","background-image":"","background-repeat":"repeat","background-position":"center center","background-size":"auto","background-attachment":"scroll","background-type":"","background-media":"","overlay-type":"","overlay-color":"","overlay-opacity":"","overlay-gradient":""},"mobile":{"background-color":"var(--ast-global-color-5)","background-image":"","background-repeat":"repeat","background-position":"center center","background-size":"auto","background-attachment":"scroll","background-type":"","background-media":"","overlay-type":"","overlay-color":"","overlay-opacity":"","overlay-gradient":""}},"footnotes":""},"categories":[],"tags":[],"class_list":["post-27831","page","type-page","status-publish","hentry"],"acf":[],"_links":{"self":[{"href":"https:\/\/www.viafirma.com\/es\/wp-json\/wp\/v2\/pages\/27831","targetHints":{"allow":["GET"]}}],"collection":[{"href":"https:\/\/www.viafirma.com\/es\/wp-json\/wp\/v2\/pages"}],"about":[{"href":"https:\/\/www.viafirma.com\/es\/wp-json\/wp\/v2\/types\/page"}],"author":[{"embeddable":true,"href":"https:\/\/www.viafirma.com\/es\/wp-json\/wp\/v2\/users\/6"}],"replies":[{"embeddable":true,"href":"https:\/\/www.viafirma.com\/es\/wp-json\/wp\/v2\/comments?post=27831"}],"version-history":[{"count":2,"href":"https:\/\/www.viafirma.com\/es\/wp-json\/wp\/v2\/pages\/27831\/revisions"}],"predecessor-version":[{"id":95035,"href":"https:\/\/www.viafirma.com\/es\/wp-json\/wp\/v2\/pages\/27831\/revisions\/95035"}],"wp:attachment":[{"href":"https:\/\/www.viafirma.com\/es\/wp-json\/wp\/v2\/media?parent=27831"}],"wp:term":[{"taxonomy":"category","embeddable":true,"href":"https:\/\/www.viafirma.com\/es\/wp-json\/wp\/v2\/categories?post=27831"},{"taxonomy":"post_tag","embeddable":true,"href":"https:\/\/www.viafirma.com\/es\/wp-json\/wp\/v2\/tags?post=27831"}],"curies":[{"name":"wp","href":"https:\/\/api.w.org\/{rel}","templated":true}]}}