{"id":27941,"date":"2023-08-14T10:58:43","date_gmt":"2023-08-14T08:58:43","guid":{"rendered":"https:\/\/www.viafirma.com\/?page_id=27941"},"modified":"2024-11-04T08:42:40","modified_gmt":"2024-11-04T07:42:40","slug":"responsabilidad-social-corporativa","status":"publish","type":"page","link":"https:\/\/www.viafirma.com\/es\/responsabilidad-social-corporativa\/","title":{"rendered":"Responsabilidad social corporativa"},"content":{"rendered":"<div class=\"wpb-content-wrapper\"><p>[vc_row css=\u00bb.vc_custom_1692003436181{background-image: url(https:\/\/www.viafirma.com\/wp-content\/uploads\/2023\/08\/recursos_rsc_encabezado.png?id=27945) !important;background-position: center !important;background-repeat: no-repeat !important;background-size: cover !important;}\u00bb el_class=\u00bbvf_recursosrsc_1&#8243;][vc_column][vc_column_text]<\/p>\n<p style=\"text-align: center;\"><strong>Viafirma<\/strong><br \/>\nes una empresa comprometida con sus empleados y el medio ambiente.<\/p>\n<p>[\/vc_column_text][\/vc_column][\/vc_row][vc_row full_height=\u00bbyes\u00bb equal_height=\u00bbyes\u00bb content_placement=\u00bbmiddle\u00bb el_class=\u00bbvf_home_9 vf_recursosrsc_2&#8243;][vc_column width=\u00bb1\/2&#8243;][vc_column_text]<\/p>\n<h1>Viafirma y su compromiso<\/h1>\n<p>En <strong>Viafirma<\/strong> creemos firmemente en la importancia de ser una empresa comprometida con sus empleados y el medio ambiente. Desde nuestros inicios, hace ya m\u00e1s de <strong>23 a\u00f1os<\/strong>, hemos adoptado una serie de compromisos que reflejan nuestros valores fundamentales. En este art\u00edculo, nos gustar\u00eda destacar dos aspectos clave: nuestra pol\u00edtica y nuestro enfoque en la <strong>sostenibilidad<\/strong> a trav\u00e9s de nuestro producto: <strong>la firma digital<\/strong>.[\/vc_column_text][\/vc_column][vc_column width=\u00bb1\/2&#8243;][vc_single_image image=\u00bb27948&#8243; img_size=\u00bbfull\u00bb alignment=\u00bbcenter\u00bb][\/vc_column][\/vc_row][vc_row el_class=\u00bbvf_global\u00bb][vc_column][vc_raw_html]JTVCdmZzaG9ydGNvZGVzJTIwaWQlM0QlMjJtZWpvcl9zb2x1Y2lvbiUyMiUyMHRleHRvJTNEJTIyTGElMjBtZWpvciUyMHNvbHVjaSVDMyVCM24lMjBkZSUyMCUyQWJvbGQlMkFmaXJtYSUyMGVsZWN0ciVDMyVCM25pY2ElMkElMkZib2xkJTJBJTIwcGFyYSUyMHR1JTIwZW1wcmVzYSUyMiU1RA==[\/vc_raw_html][\/vc_column][\/vc_row][vc_row full_height=\u00bbyes\u00bb equal_height=\u00bbyes\u00bb content_placement=\u00bbmiddle\u00bb el_class=\u00bbvf_home_8 vf_recursosrsc_4&#8243;][vc_column width=\u00bb1\/2&#8243;][vc_single_image image=\u00bb39727&#8243; img_size=\u00bbfull\u00bb][\/vc_column][vc_column width=\u00bb1\/2&#8243;][vc_column_text]En primer lugar, valoramos el <strong>equilibrio entre el trabajo y la vida personal<\/strong> de nuestros empleados. Reconocemos que el bienestar y la felicidad de nuestros equipos son fundamentales para su <strong>rendimiento y satisfacci\u00f3n laboral<\/strong>. Es por eso que implementamos un horario en todas nuestras oficinas de <strong>8 a 15<\/strong> para la mayor\u00eda de nuestros compa\u00f1eros. Esta medida nos permite fomentar la conciliaci\u00f3n laboral y personal, brindando a nuestros colaboradores el tiempo necesario para disfrutar de sus actividades personales, pasar tiempo con sus seres queridos y cuidar de s\u00ed mismos. Creemos que un empleado <strong>feliz y equilibrado<\/strong> es un empleado <strong>productivo y comprometido<\/strong>.<\/p>\n<p>Adem\u00e1s de nuestra pol\u00edtica de conciliaci\u00f3n laboral, en Viafirma nos enorgullece contribuir activamente a la sostenibilidad medioambiental. Reconocemos que el uso excesivo de papel en los entornos laborales tiene un impacto significativo en los recursos naturales y en el medio ambiente. Es por eso que ofrecemos soluciones de firma digital que eliminan la necesidad de utilizar papel en los procesos de firma y documentaci\u00f3n.[\/vc_column_text][\/vc_column][\/vc_row][vc_row full_height=\u00bbyes\u00bb equal_height=\u00bbyes\u00bb content_placement=\u00bbmiddle\u00bb el_class=\u00bbvf_home_9 vf_recursosrsc_5 swap-on-mobile\u00bb][vc_column width=\u00bb1\/2&#8243;][vc_column_text]La firma digital permite a las empresas realizar transacciones y firmar documentos de manera electr\u00f3nica, eliminando la necesidad de imprimir y almacenar documentos en papel. Esto no solo reduce el consumo de papel, sino tambi\u00e9n el gasto en tinta y los costos asociados con el manejo y almacenamiento f\u00edsico de los documentos. Como los env\u00edos se realizan de forma electr\u00f3nica, tambi\u00e9n se reduce el coste de desplazamientos de personas y documentos. Al adoptar la firma digital, las empresas pueden agilizar sus procesos, ahorrar tiempo y recursos, al mismo tiempo que contribuyen a la preservaci\u00f3n del medio ambiente.<\/p>\n<p>Adem\u00e1s, la firma digital tambi\u00e9n promueve la flexibilidad de horarios para los firmantes. Gracias a nuestra soluci\u00f3n de firma digital, los documentos se pueden firmar desde cualquier lugar y en cualquier momento, utilizando un ordenador o dispositivo m\u00f3vil. Esto facilita el proceso de firma para aquellos que trabajan de forma remota, viajan con frecuencia o simplemente desean evitar desplazamientos innecesarios. La flexibilidad que brinda la firma digital permite a las personas gestionar su tiempo de manera m\u00e1s eficiente, sin limitaciones geogr\u00e1ficas o restricciones de horario.[\/vc_column_text][\/vc_column][vc_column width=\u00bb1\/2&#8243;][vc_single_image image=\u00bb39673&#8243; img_size=\u00bbfull\u00bb][\/vc_column][\/vc_row][vc_row full_height=\u00bbyes\u00bb equal_height=\u00bbyes\u00bb content_placement=\u00bbmiddle\u00bb el_class=\u00bbvf_recursosrsc_6&#8243;][vc_column width=\u00bb1\/2&#8243;][vc_row_inner][vc_column_inner][vc_single_image image=\u00bb27961&#8243; img_size=\u00bbfull\u00bb alignment=\u00bbcenter\u00bb][vc_btn title=\u00bbCONTACTAR\u00bb align=\u00bbcenter\u00bb link=\u00bburl:https%3A%2F%2Fwww.viafirma.com%2Fes%2Fcontacto%2F|title:Contacto\u00bb el_class=\u00bbvf_boton_azul_v3&#8243;][\/vc_column_inner][\/vc_row_inner][vc_column_text]<\/p>\n<p style=\"text-align: center;\">Si tienes alguna pregunta o deseas obtener m\u00e1s informaci\u00f3n sobre nuestras soluciones de firma digital, no dudes en ponerte en contacto con nosotros. Estaremos encantados de atenderte.<\/p>\n<p>[\/vc_column_text][\/vc_column][vc_column width=\u00bb1\/2&#8243;][vc_column_text css=\u00bb\u00bb]En resumen, en <strong>Viafirma<\/strong> nos comprometemos a ser una empresa que valora a sus empleados y se preocupa por el medio ambiente. Nuestra pol\u00edtica de conciliaci\u00f3n laboral, reflejada en nuestro horario de trabajo de 8 a 3, busca promover un equilibrio saludable entre el trabajo y la vida personal. Asimismo, nuestra soluci\u00f3n de firma digital contribuye a la <strong>sostenibilidad<\/strong> al <strong>reducir el consumo de papel y tinta<\/strong> en los entorno laborales, al tiempo que proporciona flexibilidad y comodidad a los firmantes.<\/p>\n<p>Estamos orgullosos de ser una empresa comprometida con la conciliaci\u00f3n laboral y sostenibilidad, y seguiremos trabajando para desarrollar soluciones innovadoras que se alineen con estos valores. Juntos, podemos marcar la diferencia y construir un futuro m\u00e1s equilibrado y sostenible.[\/vc_column_text][\/vc_column][\/vc_row]<\/p>\n<\/div>","protected":false},"excerpt":{"rendered":"[vc_row css=\u00bb.vc_custom_1692003436181{background-image: url(https:\/\/www.viafirma.com\/wp-content\/uploads\/2023\/08\/recursos_rsc_encabezado.png?id=27945) !important;background-position: center !important;background-repeat: no-repeat !important;background-size: cover !important;}\u00bb...","protected":false},"author":6,"featured_media":0,"parent":0,"menu_order":0,"comment_status":"closed","ping_status":"closed","template":"","meta":{"_acf_changed":false,"site-sidebar-layout":"no-sidebar","site-content-layout":"plain-container","ast-site-content-layout":"normal-width-container","site-content-style":"unboxed","site-sidebar-style":"unboxed","ast-global-header-display":"","ast-banner-title-visibility":"","ast-main-header-display":"","ast-hfb-above-header-display":"","ast-hfb-below-header-display":"","ast-hfb-mobile-header-display":"","site-post-title":"disabled","ast-breadcrumbs-content":"","ast-featured-img":"disabled","footer-sml-layout":"","ast-disable-related-posts":"","theme-transparent-header-meta":"default","adv-header-id-meta":"","stick-header-meta":"default","header-above-stick-meta":"","header-main-stick-meta":"","header-below-stick-meta":"","astra-migrate-meta-layouts":"set","ast-page-background-enabled":"default","ast-page-background-meta":{"desktop":{"background-color":"var(--ast-global-color-4)","background-image":"","background-repeat":"repeat","background-position":"center center","background-size":"auto","background-attachment":"scroll","background-type":"","background-media":"","overlay-type":"","overlay-color":"","overlay-opacity":"","overlay-gradient":""},"tablet":{"background-color":"","background-image":"","background-repeat":"repeat","background-position":"center center","background-size":"auto","background-attachment":"scroll","background-type":"","background-media":"","overlay-type":"","overlay-color":"","overlay-opacity":"","overlay-gradient":""},"mobile":{"background-color":"","background-image":"","background-repeat":"repeat","background-position":"center center","background-size":"auto","background-attachment":"scroll","background-type":"","background-media":"","overlay-type":"","overlay-color":"","overlay-opacity":"","overlay-gradient":""}},"ast-content-background-meta":{"desktop":{"background-color":"var(--ast-global-color-5)","background-image":"","background-repeat":"repeat","background-position":"center center","background-size":"auto","background-attachment":"scroll","background-type":"","background-media":"","overlay-type":"","overlay-color":"","overlay-opacity":"","overlay-gradient":""},"tablet":{"background-color":"var(--ast-global-color-5)","background-image":"","background-repeat":"repeat","background-position":"center center","background-size":"auto","background-attachment":"scroll","background-type":"","background-media":"","overlay-type":"","overlay-color":"","overlay-opacity":"","overlay-gradient":""},"mobile":{"background-color":"var(--ast-global-color-5)","background-image":"","background-repeat":"repeat","background-position":"center center","background-size":"auto","background-attachment":"scroll","background-type":"","background-media":"","overlay-type":"","overlay-color":"","overlay-opacity":"","overlay-gradient":""}},"footnotes":""},"categories":[],"tags":[],"class_list":["post-27941","page","type-page","status-publish","hentry"],"acf":[],"_links":{"self":[{"href":"https:\/\/www.viafirma.com\/es\/wp-json\/wp\/v2\/pages\/27941","targetHints":{"allow":["GET"]}}],"collection":[{"href":"https:\/\/www.viafirma.com\/es\/wp-json\/wp\/v2\/pages"}],"about":[{"href":"https:\/\/www.viafirma.com\/es\/wp-json\/wp\/v2\/types\/page"}],"author":[{"embeddable":true,"href":"https:\/\/www.viafirma.com\/es\/wp-json\/wp\/v2\/users\/6"}],"replies":[{"embeddable":true,"href":"https:\/\/www.viafirma.com\/es\/wp-json\/wp\/v2\/comments?post=27941"}],"version-history":[{"count":0,"href":"https:\/\/www.viafirma.com\/es\/wp-json\/wp\/v2\/pages\/27941\/revisions"}],"wp:attachment":[{"href":"https:\/\/www.viafirma.com\/es\/wp-json\/wp\/v2\/media?parent=27941"}],"wp:term":[{"taxonomy":"category","embeddable":true,"href":"https:\/\/www.viafirma.com\/es\/wp-json\/wp\/v2\/categories?post=27941"},{"taxonomy":"post_tag","embeddable":true,"href":"https:\/\/www.viafirma.com\/es\/wp-json\/wp\/v2\/tags?post=27941"}],"curies":[{"name":"wp","href":"https:\/\/api.w.org\/{rel}","templated":true}]}}