{"id":28834,"date":"2023-10-18T14:05:48","date_gmt":"2023-10-18T12:05:48","guid":{"rendered":"https:\/\/www.viafirma.com\/?page_id=28834"},"modified":"2025-11-20T10:16:09","modified_gmt":"2025-11-20T10:16:09","slug":"firma-digital","status":"publish","type":"page","link":"https:\/\/www.viafirma.com\/es\/firma-digital\/","title":{"rendered":"Firma digital"},"content":{"rendered":"<div class=\"wpb-content-wrapper\"><p>[vc_row full_height=\u00bbyes\u00bb equal_height=\u00bbyes\u00bb content_placement=\u00bbmiddle\u00bb el_class=\u00bbvf_home_1&#8243;][vc_column][vc_row_inner equal_height=\u00bbyes\u00bb content_placement=\u00bbmiddle\u00bb el_class=\u00bbswap-on-mobile\u00bb][vc_column_inner width=\u00bb1\/2&#8243;][vc_column_text css_animation=\u00bbleft-to-right\u00bb css=\u00bb\u00bb]<\/p>\n<h1><strong>Firma digital<\/strong><\/h1>\n<h2>Garantiza la identidad del firmante y la integridad de tus documentos.<\/h2>\n<p>Eleva la seguridad de tus acuerdos. A diferencia de una firma simple, la firma digital utiliza tecnolog\u00eda criptogr\u00e1fica y certificados para asegurar que el documento es aut\u00e9ntico y no ha sido alterado.[\/vc_column_text][vc_btn title=\u00bbCONTACTO\u00bb css=\u00bb\u00bb el_class=\u00bbvf_boton_naranja\u00bb link=\u00bburl:https%3A%2F%2Fwww.viafirma.com%2Fes%2Fcontacto%2F|title:Contacto\u00bb][vc_column_text]<a href=\"https:\/\/www.viafirma.com\/es\/solicita-una-demo\/\">Solicita una demo<\/a>[\/vc_column_text][\/vc_column_inner][vc_column_inner width=\u00bb1\/2&#8243;][vc_single_image image=\u00bb42174&#8243; img_size=\u00bb1000&#215;1000&#8243;][\/vc_column_inner][\/vc_row_inner][\/vc_column][\/vc_row][vc_row full_height=\u00bbyes\u00bb equal_height=\u00bbyes\u00bb content_placement=\u00bbmiddle\u00bb el_class=\u00bbvf_aplicacion_2 mb64&#8243;][vc_column width=\u00bb1\/2&#8243;][vc_column_text]<\/p>\n<h2>F\u00e1cil y r\u00e1pida de usar.<\/h2>\n<h2>Segura y fiable<\/h2>\n<p><strong>La firma digital <\/strong>es un conjunto de datos asociados a un documento electr\u00f3nico que permite identificar al firmante de manera inequ\u00edvoca y asegurar la integridad del documento firmado, todo esto en cuesti\u00f3n de minutos.[\/vc_column_text][vc_btn title=\u00bbCONTACTO\u00bb css=\u00bb\u00bb el_class=\u00bbvf_boton_naranja\u00bb link=\u00bburl:https%3A%2F%2Fwww.viafirma.com%2Fes%2Fcontacto%2F|title:Ejemplos%20de%20firma%20electr%C3%B3nica\u00bb][vc_column_text]<a href=\"https:\/\/www.viafirma.com\/es\/documents-videotutoriales\/\">Ver v\u00eddeo <i class=\"fa fa-play\"><\/i><\/a>[\/vc_column_text][\/vc_column][vc_column width=\u00bb1\/2&#8243;][vc_column_text]<strong>Autentica al firmante<\/strong><\/p>\n<div class=\"wp-block-column is-layout-flow wp-container-6 wp-block-column-is-layout-flow\">\n<p class=\"has-text-align-center has-text-color\" style=\"text-align: left;\">Identifica al usuario de manera \u00fanica dejando un rastro en el documento firmado.<\/p>\n<\/div>\n<p>[\/vc_column_text][vc_column_text]<strong>Legalidad garantizada<\/strong><\/p>\n<div class=\"wp-block-column is-layout-flow wp-container-8 wp-block-column-is-layout-flow\">\n<p class=\"has-text-align-center has-text-color\" style=\"text-align: left;\">Cualquier documento firmado incluye una auditor\u00eda con los datos del momento de firma.<\/p>\n<p>&nbsp;<\/p>\n<\/div>\n<p>[\/vc_column_text][vc_column_text]<strong>Optimiza tus procesos<\/strong><\/p>\n<div class=\"wp-block-column is-layout-flow wp-container-8 wp-block-column-is-layout-flow\">\n<p class=\"has-text-align-center has-text-color\" style=\"text-align: left;\">Agiliza la firma los documentos para mejorar la eficiencia de tu empresa con un seguimiento autom\u00e1tico de los tr\u00e1mites.<\/p>\n<\/div>\n<p>[\/vc_column_text][\/vc_column][\/vc_row][vc_row el_class=\u00bbvf_global\u00bb][vc_column][vc_raw_html]JTVCdmZzaG9ydGNvZGVzJTIwaWQlM0QlMjJtZWpvcl9zb2x1Y2lvbl9henVsJTIyJTIwdGV4dG8lM0QlMjJMYSUyMG1lam9yJTIwc29sdWNpJUMzJUIzbiUyMGRlJTIwJTJBYm9sZCUyQWZpcm1hJTIwZWxlY3RyJUMzJUIzbmljYSUyQSUyRmJvbGQlMkElMjBwYXJhJTIwdHUlMjBlbXByZXNhJTIyJTVE[\/vc_raw_html][\/vc_column][\/vc_row][vc_row el_class=\u00bbvf_aplicacion_4&#8243;][vc_column][vc_column_text]<\/p>\n<p style=\"text-align: center;\"><strong>Tipos de firma digital<br \/>\n<\/strong>Seg\u00fan el <a href=\"https:\/\/www.boe.es\/doue\/2014\/257\/L00073-00114.pdf\" target=\"_blank\" rel=\"noopener\">Reglamento (UE) N\u00ba 910\/2014\u00a0<\/a>la firma digital de un documento puede seguir 3 modalidades.<\/p>\n<p>[\/vc_column_text][vc_row_inner][vc_column_inner width=\u00bb1\/3&#8243;][vc_single_image image=\u00bb27679&#8243; img_size=\u00bbfull\u00bb][vc_column_text css=\u00bb\u00bb]<strong>Simple<\/strong><br \/>\nCr\u00e9ala en un solo clic para marcar tu archivo. A este documento Viafirma asocia los datos de hora y localizaci\u00f3n.<\/p>\n<ul>\n<li><i class=\"fa fa-check\"><\/i>M\u00e1xima Usabilidad<\/li>\n<\/ul>\n<p>[\/vc_column_text][\/vc_column_inner][vc_column_inner width=\u00bb1\/3&#8243;][vc_single_image image=\u00bb27681&#8243; img_size=\u00bbfull\u00bb][vc_column_text]<strong>Avanzada<\/strong><br \/>\nCuando la firma cuenta con datos biom\u00e9tricos, un c\u00f3digo OTP o un certificado electr\u00f3nico, el documento llevar\u00e1 firma avanzada.<\/p>\n<ul>\n<li><i class=\"fa fa-check\"><\/i>Usabilidad<\/li>\n<li><i class=\"fa fa-check\"><\/i>M\u00e1s segura<\/li>\n<li><i class=\"fa fa-check\"><\/i>Garant\u00edas legales en caso de juicio<\/li>\n<\/ul>\n<p>[\/vc_column_text][\/vc_column_inner][vc_column_inner width=\u00bb1\/3&#8243;][vc_single_image image=\u00bb27683&#8243; img_size=\u00bbfull\u00bb][vc_column_text]<strong>Cualificada <\/strong>La firma se crea con un certificado y dispositivo cualificados. Tiene un efecto jur\u00eddico equivalente a la firma manuscrita.<i class=\"fa fa-check\"><\/i><\/p>\n<ul>\n<li><i class=\"fa fa-check\"><\/i>M\u00e1s segura<\/li>\n<li><i class=\"fa fa-check\"><\/i>M\u00e1s garant\u00edas legales<\/li>\n<li><i class=\"fa fa-check\"><\/i>Equivalente a manuscrita<\/li>\n<\/ul>\n<p>[\/vc_column_text][\/vc_column_inner][\/vc_row_inner][\/vc_column][\/vc_row][vc_row full_height=\u00bbyes\u00bb equal_height=\u00bbyes\u00bb content_placement=\u00bbmiddle\u00bb el_class=\u00bbvf_aplicacion_5&#8243;][vc_column width=\u00bb1\/2&#8243;][vc_column_text]<strong>Nuestra firma digital, a tu servicio<\/strong><br \/>\nEn Viafirma, destacamos por nuestra atenci\u00f3n personalizada y un producto de alta calidad, completamente desarrollado por nuestro equipo. Ofrecemos una demostraci\u00f3n gratuita con nuestros representantes para ayudarte en tu decisi\u00f3n. Nuestras soluciones incluyen asistencia continua las 24 horas, los 7 d\u00edas de la semana, y tienen plena validez legal en \u00e1reas pertenecientes a la Uni\u00f3n Europea y Latinoam\u00e9rica.[\/vc_column_text][vc_row_inner][vc_column_inner width=\u00bb1\/2&#8243;][vc_column_text]<\/p>\n<ul>\n<li><i class=\"fa fa-check\"><\/i>Econ\u00f3mico<\/li>\n<li><i class=\"fa fa-check\"><\/i>Fiable<\/li>\n<li><i class=\"fa fa-check\"><\/i>Seguro<\/li>\n<li><i class=\"fa fa-check\"><\/i>Intuitivo<\/li>\n<li><i class=\"fa fa-check\"><\/i>Prueba gratuita<\/li>\n<\/ul>\n<p>[\/vc_column_text][\/vc_column_inner][vc_column_inner width=\u00bb1\/2&#8243;][vc_column_text]<\/p>\n<ul>\n<li><i class=\"fa fa-check\"><\/i>Soporte 24\/7<\/li>\n<li><i class=\"fa fa-check\"><\/i>A distancia<\/li>\n<li><i class=\"fa fa-check\"><\/i>Multidispositivo<\/li>\n<li><i class=\"fa fa-check\"><\/i>Validez legal<\/li>\n<li><i class=\"fa fa-check\"><\/i>Documento probatorio<\/li>\n<\/ul>\n<p>[\/vc_column_text][\/vc_column_inner][\/vc_row_inner][\/vc_column][vc_column width=\u00bb1\/2&#8243;][vc_single_image image=\u00bb31742&#8243; img_size=\u00bbfull\u00bb alignment=\u00bbright\u00bb][\/vc_column][\/vc_row][vc_row el_class=\u00bbvf_aplicacion_6&#8243;][vc_column][vc_row_inner][vc_column_inner][vc_column_text]<\/p>\n<p style=\"text-align: center;\"><strong>\u00bfC\u00f3mo podemos ayudarte?<\/strong><br \/>\nEn Viafirma, ofrecemos al cliente una variedad de opciones para llevar a cabo la firma de sus documentos. Para aquellos que no posean un certificado digital, proporcionamos varias soluciones f\u00e1ciles de usar que permiten realizar una firma avanzada en tus documentos.<\/p>\n<p>[\/vc_column_text][vc_raw_html]JTNDYSUyMGRhdG9zJTNEJTIyZmlybWFfYmlvbWV0cmljYSUyMiUyMGhyZWYlM0QlMjJqYXZhc2NyaXB0JTNBJTJGJTJGJTIyJTNFJTNDaW1nJTIwc3JjJTNEJTIyaHR0cHMlM0ElMkYlMkZ3d3cudmlhZmlybWEuY29tJTJGd3AtY29udGVudCUyRnVwbG9hZHMlMkYyMDIzJTJGMDclMkZhcGxpY2FjaW9uX2ljb25vX2Zpcm1hLnBuZyUyMiUyMGFsdCUzRCUyMmljb25vJTIwZmlybWElMjIlMkYlM0UlM0NzcGFuJTNFRmlybWElMjBiaW9tJUMzJUE5dHJpY2ElM0MlMkZzcGFuJTNFJTNDJTJGYSUzRSUwQSUzQ2ElMjBkYXRvcyUzRCUyMmNlcnRpZmljYWRvX2RpZ2l0YWwlMjIlMjBocmVmJTNEJTIyamF2YXNjcmlwdCUzQSUyRiUyRiUyMiUzRSUzQ2ltZyUyMHNyYyUzRCUyMmh0dHBzJTNBJTJGJTJGd3d3LnZpYWZpcm1hLmNvbSUyRndwLWNvbnRlbnQlMkZ1cGxvYWRzJTJGMjAyMyUyRjA3JTJGYXBsaWNhY2lvbl9pY29ub19jZXJ0aWZpY2Fkby5wbmclMjIlMjBhbHQlM0QlMjJpY29ubyUyMGNlcnRpZmljYWRvJTIyJTJGJTNFJTNDc3BhbiUzRUNlcnRpZmljYWRvJTIwZGlnaXRhbCUzQyUyRnNwYW4lM0UlM0MlMkZhJTNFJTBBJTNDYSUyMGRhdG9zJTNEJTIyZW5fbGFfbnViZSUyMiUyMGhyZWYlM0QlMjJqYXZhc2NyaXB0JTNBJTJGJTJGJTIyJTNFJTNDaW1nJTIwc3JjJTNEJTIyaHR0cHMlM0ElMkYlMkZ3d3cudmlhZmlybWEuY29tJTJGd3AtY29udGVudCUyRnVwbG9hZHMlMkYyMDIzJTJGMDclMkZhcGxpY2FjaW9uX2ljb25vX251YmUucG5nJTIyJTIwYWx0JTNEJTIyaWNvbm8lMjBudWJlJTIyJTJGJTNFJTNDc3BhbiUzRUVuJTIwbGElMjBudWJlJTNDJTJGc3BhbiUzRSUzQyUyRmElM0UlMEElM0NhJTIwZGF0b3MlM0QlMjJkZXNhdGVuZGlkYSUyMiUyMGhyZWYlM0QlMjJqYXZhc2NyaXB0JTNBJTJGJTJGJTIyJTNFJTNDaW1nJTIwc3JjJTNEJTIyaHR0cHMlM0ElMkYlMkZ3d3cudmlhZmlybWEuY29tJTJGd3AtY29udGVudCUyRnVwbG9hZHMlMkYyMDIzJTJGMDclMkZhcGxpY2FjaW9uX2ljb25vX2Rlc2F0ZW5kaWRhLnBuZyUyMiUyMGFsdCUzRCUyMmljb25vJTIwZGVzYXRlbmRpZGElMjIlMkYlM0UlM0NzcGFuJTNFRGVzYXRlbmRpZGElM0MlMkZzcGFuJTNFJTNDJTJGYSUzRSUwQSUzQ2ElMjBkYXRvcyUzRCUyMmNvZGlnb19vdHAlMjIlMjBocmVmJTNEJTIyamF2YXNjcmlwdCUzQSUyRiUyRiUyMiUzRSUzQ2ltZyUyMHNyYyUzRCUyMmh0dHBzJTNBJTJGJTJGd3d3LnZpYWZpcm1hLmNvbSUyRndwLWNvbnRlbnQlMkZ1cGxvYWRzJTJGMjAyMyUyRjA3JTJGYXBsaWNhY2lvbl9pY29ub19vdHAucG5nJTIyJTIwYWx0JTNEJTIyaWNvbm8lMjBPVFAlMjIlMkYlM0UlM0NzcGFuJTNFQyVDMyVCM2RpZ28lMjBPVFAlM0MlMkZzcGFuJTNFJTNDJTJGYSUzRQ==[\/vc_raw_html][\/vc_column_inner][\/vc_row_inner][vc_row_inner css=\u00bb.vc_custom_1690796175934{background-image: url(https:\/\/www.viafirma.com\/wp-content\/uploads\/2023\/07\/aplicacion_tablet.png?id=27703) !important;}\u00bb el_class=\u00bbvf_aplicacion_6_tablet\u00bb][vc_column_inner][vc_column_text el_id=\u00bbfirma_biometrica\u00bb]Graba tus datos biom\u00e9tricos en un dispositivo capaz de recogerlos.[\/vc_column_text][vc_column_text el_id=\u00bbcertificado_digital\u00bb]Con esta identificaci\u00f3n puedes validar la r\u00fabrica y la identidad del usuario.[\/vc_column_text][vc_column_text el_id=\u00bben_la_nube\u00bb]Firma mediante un certificado alojado en un servidor seguro (HSM).[\/vc_column_text][vc_column_text el_id=\u00bbdesatendida\u00bb]Usa tu certificado para firmar autom\u00e1ticamente desde la nube.[\/vc_column_text][vc_column_text css=\u00bb\u00bb el_id=\u00bbcodigo_otp\u00bb]Tu firma queda asociada a un c\u00f3digo de un solo uso (SMS, WhatsApp o e-mail).[\/vc_column_text][\/vc_column_inner][\/vc_row_inner][\/vc_column][\/vc_row][vc_row el_class=\u00bbvf_global\u00bb][vc_column][vc_raw_html]JTVCdmZzaG9ydGNvZGVzJTIwaWQlM0QlMjJpbmZvX2FwaSUyMiU1RA==[\/vc_raw_html][\/vc_column][\/vc_row][vc_row full_height=\u00bbyes\u00bb equal_height=\u00bbyes\u00bb content_placement=\u00bbmiddle\u00bb el_class=\u00bbvf_aplicacion_8&#8243;][vc_column width=\u00bb1\/5&#8243;][vc_single_image image=\u00bb27710&#8243; img_size=\u00bbfull\u00bb alignment=\u00bbcenter\u00bb][\/vc_column][vc_column width=\u00bb1\/5&#8243;][vc_single_image image=\u00bb27712&#8243; img_size=\u00bbfull\u00bb alignment=\u00bbcenter\u00bb][\/vc_column][vc_column width=\u00bb1\/5&#8243;][vc_single_image image=\u00bb27714&#8243; img_size=\u00bbfull\u00bb alignment=\u00bbcenter\u00bb][\/vc_column][vc_column width=\u00bb1\/5&#8243;][vc_single_image image=\u00bb27716&#8243; img_size=\u00bbfull\u00bb alignment=\u00bbcenter\u00bb][\/vc_column][vc_column width=\u00bb1\/5&#8243;][vc_single_image image=\u00bb27718&#8243; img_size=\u00bbfull\u00bb alignment=\u00bbcenter\u00bb][\/vc_column][\/vc_row][vc_row el_class=\u00bbvf_global\u00bb][vc_column][vc_raw_html]JTVCdmZzaG9ydGNvZGVzJTIwaWQlM0QlMjJpbmZvX2dhcmFudGlhJTIyJTVE[\/vc_raw_html][\/vc_column][\/vc_row][vc_row el_class=\u00bbvf_global\u00bb][vc_column][vc_raw_html]JTVCdmZzaG9ydGNvZGVzJTIwaWQlM0QlMjJjbGllbnRlcyUyMiU1RA==[\/vc_raw_html][\/vc_column][\/vc_row][vc_row el_class=\u00bbvf_global\u00bb][vc_column][vc_raw_html]JTVCdmZzaG9ydGNvZGVzJTIwaWQlM0QlMjJtZWpvcl9zb2x1Y2lvbiUyMiUyMHRleHRvJTNEJTIyTGElMjBtZWpvciUyMHNvbHVjaSVDMyVCM24lMjBkZSUyMCUyQWJvbGQlMkFmaXJtYSUyMGVsZWN0ciVDMyVCM25pY2ElMkElMkZib2xkJTJBJTIwcGFyYSUyMHR1JTIwZW1wcmVzYSUyMiU1RA==[\/vc_raw_html][\/vc_column][\/vc_row][vc_row el_class=\u00bbvf_global\u00bb][vc_column][vc_raw_html]JTVCdmZzaG9ydGNvZGVzJTIwaWQlM0QlMjJleHBlcmllbmNpYSUyMiU1RA==[\/vc_raw_html][\/vc_column][\/vc_row][vc_row el_class=\u00bbvf_global\u00bb][vc_column][vc_raw_html]JTVCdmZzaG9ydGNvZGVzJTIwaWQlM0QlMjJjb250YWN0byUyMiU1RA==[\/vc_raw_html][\/vc_column][\/vc_row][vc_row el_class=\u00bbvf_global\u00bb][vc_column][vc_raw_html]JTVCdmZzaG9ydGNvZGVzJTIwaWQlM0QlMjJwcmVndW50YXNfZnJlY3VlbnRlcyUyMiU1RA==[\/vc_raw_html][\/vc_column][\/vc_row]<\/p>\n<\/div>","protected":false},"excerpt":{"rendered":"[vc_row full_height=\u00bbyes\u00bb equal_height=\u00bbyes\u00bb content_placement=\u00bbmiddle\u00bb el_class=\u00bbvf_home_1&#8243;][vc_column][vc_row_inner equal_height=\u00bbyes\u00bb content_placement=\u00bbmiddle\u00bb el_class=\u00bbswap-on-mobile\u00bb][vc_column_inner width=\u00bb1\/2&#8243;][vc_column_text css_animation=\u00bbleft-to-right\u00bb...","protected":false},"author":19,"featured_media":0,"parent":0,"menu_order":0,"comment_status":"closed","ping_status":"closed","template":"","meta":{"_acf_changed":false,"site-sidebar-layout":"no-sidebar","site-content-layout":"plain-container","ast-site-content-layout":"normal-width-container","site-content-style":"unboxed","site-sidebar-style":"unboxed","ast-global-header-display":"","ast-banner-title-visibility":"","ast-main-header-display":"","ast-hfb-above-header-display":"","ast-hfb-below-header-display":"","ast-hfb-mobile-header-display":"","site-post-title":"disabled","ast-breadcrumbs-content":"","ast-featured-img":"disabled","footer-sml-layout":"","ast-disable-related-posts":"","theme-transparent-header-meta":"default","adv-header-id-meta":"","stick-header-meta":"default","header-above-stick-meta":"","header-main-stick-meta":"","header-below-stick-meta":"","astra-migrate-meta-layouts":"set","ast-page-background-enabled":"default","ast-page-background-meta":{"desktop":{"background-color":"var(--ast-global-color-4)","background-image":"","background-repeat":"repeat","background-position":"center center","background-size":"auto","background-attachment":"scroll","background-type":"","background-media":"","overlay-type":"","overlay-color":"","overlay-opacity":"","overlay-gradient":""},"tablet":{"background-color":"","background-image":"","background-repeat":"repeat","background-position":"center center","background-size":"auto","background-attachment":"scroll","background-type":"","background-media":"","overlay-type":"","overlay-color":"","overlay-opacity":"","overlay-gradient":""},"mobile":{"background-color":"","background-image":"","background-repeat":"repeat","background-position":"center center","background-size":"auto","background-attachment":"scroll","background-type":"","background-media":"","overlay-type":"","overlay-color":"","overlay-opacity":"","overlay-gradient":""}},"ast-content-background-meta":{"desktop":{"background-color":"var(--ast-global-color-5)","background-image":"","background-repeat":"repeat","background-position":"center center","background-size":"auto","background-attachment":"scroll","background-type":"","background-media":"","overlay-type":"","overlay-color":"","overlay-opacity":"","overlay-gradient":""},"tablet":{"background-color":"var(--ast-global-color-5)","background-image":"","background-repeat":"repeat","background-position":"center center","background-size":"auto","background-attachment":"scroll","background-type":"","background-media":"","overlay-type":"","overlay-color":"","overlay-opacity":"","overlay-gradient":""},"mobile":{"background-color":"var(--ast-global-color-5)","background-image":"","background-repeat":"repeat","background-position":"center center","background-size":"auto","background-attachment":"scroll","background-type":"","background-media":"","overlay-type":"","overlay-color":"","overlay-opacity":"","overlay-gradient":""}},"footnotes":""},"categories":[],"tags":[],"class_list":["post-28834","page","type-page","status-publish","hentry"],"acf":[],"_links":{"self":[{"href":"https:\/\/www.viafirma.com\/es\/wp-json\/wp\/v2\/pages\/28834","targetHints":{"allow":["GET"]}}],"collection":[{"href":"https:\/\/www.viafirma.com\/es\/wp-json\/wp\/v2\/pages"}],"about":[{"href":"https:\/\/www.viafirma.com\/es\/wp-json\/wp\/v2\/types\/page"}],"author":[{"embeddable":true,"href":"https:\/\/www.viafirma.com\/es\/wp-json\/wp\/v2\/users\/19"}],"replies":[{"embeddable":true,"href":"https:\/\/www.viafirma.com\/es\/wp-json\/wp\/v2\/comments?post=28834"}],"version-history":[{"count":3,"href":"https:\/\/www.viafirma.com\/es\/wp-json\/wp\/v2\/pages\/28834\/revisions"}],"predecessor-version":[{"id":95804,"href":"https:\/\/www.viafirma.com\/es\/wp-json\/wp\/v2\/pages\/28834\/revisions\/95804"}],"wp:attachment":[{"href":"https:\/\/www.viafirma.com\/es\/wp-json\/wp\/v2\/media?parent=28834"}],"wp:term":[{"taxonomy":"category","embeddable":true,"href":"https:\/\/www.viafirma.com\/es\/wp-json\/wp\/v2\/categories?post=28834"},{"taxonomy":"post_tag","embeddable":true,"href":"https:\/\/www.viafirma.com\/es\/wp-json\/wp\/v2\/tags?post=28834"}],"curies":[{"name":"wp","href":"https:\/\/api.w.org\/{rel}","templated":true}]}}