{"id":29016,"date":"2023-10-18T13:45:26","date_gmt":"2023-10-18T11:45:26","guid":{"rendered":"https:\/\/www.viafirma.com\/?page_id=29016"},"modified":"2025-10-30T13:47:11","modified_gmt":"2025-10-30T12:47:11","slug":"firma-electronica","status":"publish","type":"page","link":"https:\/\/www.viafirma.com\/es\/firma-electronica\/","title":{"rendered":"Software de firma electr\u00f3nica"},"content":{"rendered":"<div class=\"wpb-content-wrapper\"><p>[vc_row full_height=\u00bbyes\u00bb equal_height=\u00bbyes\u00bb content_placement=\u00bbmiddle\u00bb css=\u00bb.vc_custom_1706004618389{background-image: url(https:\/\/www.viafirma.com\/wp-content\/uploads\/2023\/11\/background-scaled.webp?id=30037) !important;}\u00bb el_class=\u00bbvf_home_1&#8243;][vc_column][vc_row_inner equal_height=\u00bbyes\u00bb content_placement=\u00bbmiddle\u00bb el_class=\u00bbswap-on-mobile\u00bb][vc_column_inner width=\u00bb1\/2&#8243;][vc_column_text css_animation=\u00bbleft-to-right\u00bb css=\u00bb\u00bb]<\/p>\n<h1><strong>Software de firma electr\u00f3nica<\/strong><\/h1>\n<h2>Acelera tus ventas y digitaliza el 100% de tus tr\u00e1mites.<\/h2>\n<p>Nuestra plataforma te permite enviar, firmar y gestionar cualquier documento online con plena validez legal. Agiliza contratos, n\u00f3minas y tr\u00e1mites desde un solo lugar.[\/vc_column_text][vc_column_text css=\u00bb\u00bb el_class=\u00bbvf_boton_naranja\u00bb]<a href=\"https:\/\/www.viafirma.com\/es\/contacto\/\">CONTACTO<\/a>[\/vc_column_text][\/vc_column_inner][vc_column_inner width=\u00bb1\/2&#8243;][vc_single_image image=\u00bb42174&#8243; img_size=\u00bb1000&#215;1000&#8243;][\/vc_column_inner][\/vc_row_inner][\/vc_column][\/vc_row][vc_row full_height=\u00bbyes\u00bb equal_height=\u00bbyes\u00bb content_placement=\u00bbmiddle\u00bb el_class=\u00bbvf_aplicacion_2 mb64&#8243;][vc_column width=\u00bb1\/2&#8243;][vc_column_text css_animation=\u00bbleft-to-right\u00bb]<\/p>\n<h2>Firma Electr\u00f3nica<\/h2>\n<p><strong>La firma electr\u00f3nica <\/strong>es la manera m\u00e1s f\u00e1cil y r\u00e1pida de completar tr\u00e1mites en la actualidad. Gracias a ella, puedes firmar documentos electr\u00f3nicamente, como contratos y otros procesos administrativos, en cuesti\u00f3n de minutos con total legalidad.[\/vc_column_text][vc_column_text css=\u00bb\u00bb el_class=\u00bbvf_boton_naranja\u00bb]<a href=\"https:\/\/www.viafirma.com\/es\/contacto\/\">CONTACTO<\/a>[\/vc_column_text][vc_column_text]<a href=\"https:\/\/www.viafirma.com\/es\/documents-videotutoriales\/\">Ver v\u00eddeo <i class=\"fa fa-play\"><\/i><\/a>[\/vc_column_text][\/vc_column][vc_column css_animation=\u00bbtop-to-bottom\u00bb width=\u00bb1\/2&#8243;][vc_column_text]<strong>Identifica al firmante<\/strong><\/p>\n<div class=\"wp-block-column is-layout-flow wp-container-6 wp-block-column-is-layout-flow\">\n<p class=\"has-text-align-center has-text-color\" style=\"text-align: left;\">Est\u00e1 vinculada con el usuario de manera \u00fanica, permitiendo su identificaci\u00f3n.<\/p>\n<\/div>\n<p>[\/vc_column_text][vc_column_text]<strong>Asegura la integridad del documento<\/strong><\/p>\n<div class=\"wp-block-column is-layout-flow wp-container-8 wp-block-column-is-layout-flow\">\n<p class=\"has-text-align-center has-text-color\" style=\"text-align: left;\">Cualquier modificaci\u00f3n de los datos aprobados posterior a la firma ser\u00e1 detectable por firmantes y terceros.<\/p>\n<\/div>\n<p>[\/vc_column_text][vc_column_text]<strong>Facilita los procesos<\/strong><\/p>\n<div class=\"wp-block-column is-layout-flow wp-container-8 wp-block-column-is-layout-flow\">\n<p class=\"has-text-align-center has-text-color\" style=\"text-align: left;\">La firma electr\u00f3nica agiliza la firma de los documentos y permite mayor eficiencia en las empresas.<\/p>\n<\/div>\n<p>[\/vc_column_text][\/vc_column][\/vc_row][vc_row el_class=\u00bbvf_global\u00bb][vc_column][vc_raw_html]JTVCdmZzaG9ydGNvZGVzJTIwaWQlM0QlMjJtZWpvcl9zb2x1Y2lvbl9henVsJTIyJTIwdGV4dG8lM0QlMjJMYSUyMG1lam9yJTIwc29sdWNpJUMzJUIzbiUyMGRlJTIwJTJBYm9sZCUyQWZpcm1hJTIwZWxlY3RyJUMzJUIzbmljYSUyQSUyRmJvbGQlMkElMjBwYXJhJTIwdHUlMjBlbXByZXNhJTIyJTVE[\/vc_raw_html][\/vc_column][\/vc_row][vc_row el_class=\u00bbvf_aplicacion_4&#8243;][vc_column][vc_column_text]<\/p>\n<p style=\"text-align: center;\"><strong>Tipos de firma electr\u00f3nica<br \/>\n<\/strong>Cumpliendo estos requisitos, existen tres tipos de firma electr\u00f3nica, seg\u00fan el <a href=\"https:\/\/www.boe.es\/doue\/2014\/257\/L00073-00114.pdf\" target=\"_blank\" rel=\"noopener\">Reglamento (UE) N\u00ba 910\/2014<\/a><\/p>\n<p>[\/vc_column_text][vc_row_inner][vc_column_inner width=\u00bb1\/3&#8243;][vc_single_image source=\u00bbexternal_link\u00bb external_img_size=\u00bb50&#215;50&#8243; custom_src=\u00bbhttps:\/\/www.viafirma.com\/wp-content\/uploads\/2024\/01\/firma-simple.svg\u00bb][vc_column_text]<strong>Simple<\/strong><br \/>\nCr\u00e9ala con un click para validar o marcar tu archivo. A este documento se asociar\u00e1n datos horarios y geogr\u00e1ficos.<\/p>\n<ul>\n<li><i class=\"fa fa-check\"><\/i>Usabilidad<\/li>\n<\/ul>\n<p>[\/vc_column_text][\/vc_column_inner][vc_column_inner width=\u00bb1\/3&#8243;][vc_single_image source=\u00bbexternal_link\u00bb external_img_size=\u00bb50&#215;50&#8243; custom_src=\u00bbhttps:\/\/www.viafirma.com\/wp-content\/uploads\/2024\/01\/firma-avanzada.svg\u00bb][vc_column_text]<strong>Avanzada<\/strong><br \/>\nSi usas un dispositivo que registre datos biom\u00e9tricos, un c\u00f3digo OTP o un certificado electr\u00f3nico, creas firma avanzada.<\/p>\n<ul>\n<li><i class=\"fa fa-check\"><\/i>Usabilidad<\/li>\n<li><i class=\"fa fa-check\"><\/i>M\u00e1s segura<\/li>\n<li><i class=\"fa fa-check\"><\/i>M\u00e1s garant\u00edas legales<\/li>\n<\/ul>\n<p>[\/vc_column_text][\/vc_column_inner][vc_column_inner width=\u00bb1\/3&#8243;][vc_single_image source=\u00bbexternal_link\u00bb external_img_size=\u00bb50&#215;50&#8243; custom_src=\u00bbhttps:\/\/www.viafirma.com\/wp-content\/uploads\/2024\/01\/firma-biometrica.svg\u00bb][vc_column_text]<strong>Cualificada <\/strong>La firma se crea con un certificado y dispositivo cualificados. Tiene un efecto jur\u00eddico equivalente a la firma manuscrita.<\/p>\n<ul>\n<li><i class=\"fa fa-check\"><\/i>Usabilidad<\/li>\n<li><i class=\"fa fa-check\"><\/i>M\u00e1s segura<\/li>\n<li><i class=\"fa fa-check\"><\/i>M\u00e1s garant\u00edas legales<\/li>\n<li><i class=\"fa fa-check\"><\/i>Equivalente a manuscrita<\/li>\n<\/ul>\n<p>[\/vc_column_text][\/vc_column_inner][\/vc_row_inner][\/vc_column][\/vc_row][vc_row el_class=\u00bbvf_aplicacion_tutoriales\u00bb][vc_column][vc_column_text css=\u00bb\u00bb]<\/p>\n<p style=\"text-align: center;\"><strong>\u00bfQuieres conocer mejor nuestros productos?<br \/>\n<\/strong>Os dejamos una selecci\u00f3n de videotutoriales y si deseas conocer m\u00e1s haz click en \u00abVER TODOS\u00bb<\/p>\n<p>[\/vc_column_text][vc_raw_html css=\u00bb\u00bb]JTVCbWlzX3ZpZGVvdHV0b3JpYWxlcyU1RA==[\/vc_raw_html][\/vc_column][\/vc_row][vc_row full_height=\u00bbyes\u00bb equal_height=\u00bbyes\u00bb content_placement=\u00bbmiddle\u00bb el_class=\u00bbvf_aplicacion_5&#8243;][vc_column width=\u00bb1\/2&#8243;][vc_column_text]<strong>Firma electr\u00f3nica con Viafirma<\/strong><br \/>\nEn Viafirma, nos diferenciamos de la competencia por nuestro trato humano y un producto de calidad, 100% nuestro. Tenemos un servicio de demo gratuito, con nuestros comerciales para facilitarte tu elecci\u00f3n. Nuestras soluciones cuentan con soporte 24\/7 y plena validez legal en territorios de la Uni\u00f3n Europea y Latinoam\u00e9rica.[\/vc_column_text][vc_row_inner][vc_column_inner width=\u00bb1\/2&#8243;][vc_column_text]<\/p>\n<ul>\n<li><i class=\"fa fa-check\"><\/i>Econ\u00f3mico<\/li>\n<li><i class=\"fa fa-check\"><\/i>Fiable<\/li>\n<li><i class=\"fa fa-check\"><\/i>Seguro<\/li>\n<li><i class=\"fa fa-check\"><\/i>Intuitivo<\/li>\n<li><i class=\"fa fa-check\"><\/i>Prueba gratuita<\/li>\n<\/ul>\n<p>[\/vc_column_text][\/vc_column_inner][vc_column_inner width=\u00bb1\/2&#8243;][vc_column_text]<\/p>\n<ul>\n<li><i class=\"fa fa-check\"><\/i>Soporte<\/li>\n<li><i class=\"fa fa-check\"><\/i>A distancia<\/li>\n<li><i class=\"fa fa-check\"><\/i>Multidispositivo<\/li>\n<li><i class=\"fa fa-check\"><\/i>Validez legal<\/li>\n<li><i class=\"fa fa-check\"><\/i>Documento probatorio<\/li>\n<\/ul>\n<p>[\/vc_column_text][\/vc_column_inner][\/vc_row_inner][\/vc_column][vc_column width=\u00bb1\/2&#8243;][vc_single_image image=\u00bb31742&#8243; img_size=\u00bbfull\u00bb alignment=\u00bbright\u00bb][\/vc_column][\/vc_row][vc_row el_class=\u00bbvf_aplicacion_6&#8243;][vc_column][vc_row_inner][vc_column_inner][vc_column_text]<\/p>\n<p style=\"text-align: center;\"><strong>\u00bfC\u00f3mo es nuestra firma electr\u00f3nica?<\/strong><br \/>\nEn Viafirma, ponemos a disposici\u00f3n del cliente diferentes m\u00e9todos para firmar electr\u00f3nicamente. Si careces de un certificado digital, prestamos diferentes soluciones muy sencillas con las que realizar una firma avanzada de tus documentos.<\/p>\n<p>[\/vc_column_text][vc_raw_html]JTNDYSUyMGRhdG9zJTNEJTIyZmlybWFfYmlvbWV0cmljYSUyMiUyMGhyZWYlM0QlMjJqYXZhc2NyaXB0JTNBJTJGJTJGJTIyJTNFJTNDaW1nJTIwc3JjJTNEJTIyaHR0cHMlM0ElMkYlMkZ3d3cudmlhZmlybWEuY29tJTJGd3AtY29udGVudCUyRnVwbG9hZHMlMkYyMDIzJTJGMDclMkZhcGxpY2FjaW9uX2ljb25vX2Zpcm1hLnBuZyUyMiUyMGFsdCUzRCUyMmljb25vJTIwZmlybWElMjIlMkYlM0UlM0NzcGFuJTNFRmlybWElMjBiaW9tJUMzJUE5dHJpY2ElM0MlMkZzcGFuJTNFJTNDJTJGYSUzRSUwQSUzQ2ElMjBkYXRvcyUzRCUyMmNlcnRpZmljYWRvX2RpZ2l0YWwlMjIlMjBocmVmJTNEJTIyamF2YXNjcmlwdCUzQSUyRiUyRiUyMiUzRSUzQ2ltZyUyMHNyYyUzRCUyMmh0dHBzJTNBJTJGJTJGd3d3LnZpYWZpcm1hLmNvbSUyRndwLWNvbnRlbnQlMkZ1cGxvYWRzJTJGMjAyMyUyRjA3JTJGYXBsaWNhY2lvbl9pY29ub19jZXJ0aWZpY2Fkby5wbmclMjIlMjBhbHQlM0QlMjJpY29ubyUyMGNlcnRpZmljYWRvJTIyJTJGJTNFJTNDc3BhbiUzRUNlcnRpZmljYWRvJTIwZGlnaXRhbCUzQyUyRnNwYW4lM0UlM0MlMkZhJTNFJTBBJTNDYSUyMGRhdG9zJTNEJTIyZW5fbGFfbnViZSUyMiUyMGhyZWYlM0QlMjJqYXZhc2NyaXB0JTNBJTJGJTJGJTIyJTNFJTNDaW1nJTIwc3JjJTNEJTIyaHR0cHMlM0ElMkYlMkZ3d3cudmlhZmlybWEuY29tJTJGd3AtY29udGVudCUyRnVwbG9hZHMlMkYyMDIzJTJGMDclMkZhcGxpY2FjaW9uX2ljb25vX251YmUucG5nJTIyJTIwYWx0JTNEJTIyaWNvbm8lMjBudWJlJTIyJTJGJTNFJTNDc3BhbiUzRUVuJTIwbGElMjBudWJlJTNDJTJGc3BhbiUzRSUzQyUyRmElM0UlMEElM0NhJTIwZGF0b3MlM0QlMjJkZXNhdGVuZGlkYSUyMiUyMGhyZWYlM0QlMjJqYXZhc2NyaXB0JTNBJTJGJTJGJTIyJTNFJTNDaW1nJTIwc3JjJTNEJTIyaHR0cHMlM0ElMkYlMkZ3d3cudmlhZmlybWEuY29tJTJGd3AtY29udGVudCUyRnVwbG9hZHMlMkYyMDIzJTJGMDclMkZhcGxpY2FjaW9uX2ljb25vX2Rlc2F0ZW5kaWRhLnBuZyUyMiUyMGFsdCUzRCUyMmljb25vJTIwZGVzYXRlbmRpZGElMjIlMkYlM0UlM0NzcGFuJTNFRGVzYXRlbmRpZGElM0MlMkZzcGFuJTNFJTNDJTJGYSUzRSUwQSUzQ2ElMjBkYXRvcyUzRCUyMmNvZGlnb19vdHAlMjIlMjBocmVmJTNEJTIyamF2YXNjcmlwdCUzQSUyRiUyRiUyMiUzRSUzQ2ltZyUyMHNyYyUzRCUyMmh0dHBzJTNBJTJGJTJGd3d3LnZpYWZpcm1hLmNvbSUyRndwLWNvbnRlbnQlMkZ1cGxvYWRzJTJGMjAyMyUyRjA3JTJGYXBsaWNhY2lvbl9pY29ub19vdHAucG5nJTIyJTIwYWx0JTNEJTIyaWNvbm8lMjBPVFAlMjIlMkYlM0UlM0NzcGFuJTNFQyVDMyVCM2RpZ28lMjBPVFAlM0MlMkZzcGFuJTNFJTNDJTJGYSUzRQ==[\/vc_raw_html][\/vc_column_inner][\/vc_row_inner][vc_row_inner css=\u00bb.vc_custom_1690796175934{background-image: url(https:\/\/www.viafirma.com\/wp-content\/uploads\/2023\/07\/aplicacion_tablet.png?id=27703) !important;}\u00bb el_class=\u00bbvf_aplicacion_6_tablet\u00bb][vc_column_inner][vc_column_text el_id=\u00bbfirma_biometrica\u00bb]Graba tus datos biom\u00e9tricos en un dispositivo capaz de recogerlos.[\/vc_column_text][vc_column_text el_id=\u00bbcertificado_digital\u00bb]Firma con un certificado digital emitido por un organismo oficial a trav\u00e9s del cual se valida la propia firma y la identidad del firmante.[\/vc_column_text][vc_column_text el_id=\u00bben_la_nube\u00bb]Firma mediante un certificado alojado en un servidor seguro (HSM), con autenticaci\u00f3n robusta.[\/vc_column_text][vc_column_text el_id=\u00bbdesatendida\u00bb]Firma con certificado electr\u00f3nico que no requiere intervenci\u00f3n del usuario.[\/vc_column_text][vc_column_text el_id=\u00bbcodigo_otp\u00bb]Tu firma queda asociada a un c\u00f3digo de un s\u00f3lo uso (SMS, WhatsApp o e-mail).[\/vc_column_text][\/vc_column_inner][\/vc_row_inner][\/vc_column][\/vc_row][vc_row el_class=\u00bbvf_global\u00bb][vc_column][vc_raw_html]JTVCdmZzaG9ydGNvZGVzJTIwaWQlM0QlMjJpbmZvX2FwaSUyMiU1RA==[\/vc_raw_html][\/vc_column][\/vc_row][vc_row full_height=\u00bbyes\u00bb equal_height=\u00bbyes\u00bb content_placement=\u00bbmiddle\u00bb el_class=\u00bbvf_aplicacion_8&#8243;][vc_column width=\u00bb1\/5&#8243;][vc_single_image image=\u00bb27710&#8243; img_size=\u00bbfull\u00bb alignment=\u00bbcenter\u00bb][\/vc_column][vc_column width=\u00bb1\/5&#8243;][vc_single_image image=\u00bb27712&#8243; img_size=\u00bbfull\u00bb alignment=\u00bbcenter\u00bb][\/vc_column][vc_column width=\u00bb1\/5&#8243;][vc_single_image image=\u00bb27714&#8243; img_size=\u00bbfull\u00bb alignment=\u00bbcenter\u00bb][\/vc_column][vc_column width=\u00bb1\/5&#8243;][vc_single_image image=\u00bb27716&#8243; img_size=\u00bbfull\u00bb alignment=\u00bbcenter\u00bb][\/vc_column][vc_column width=\u00bb1\/5&#8243;][vc_single_image image=\u00bb27718&#8243; img_size=\u00bbfull\u00bb alignment=\u00bbcenter\u00bb][\/vc_column][\/vc_row][vc_row el_class=\u00bbvf_global\u00bb][vc_column][vc_raw_html]JTVCdmZzaG9ydGNvZGVzJTIwaWQlM0QlMjJpbmZvX2dhcmFudGlhJTIyJTVE[\/vc_raw_html][\/vc_column][\/vc_row][vc_row el_class=\u00bbvf_global\u00bb][vc_column][vc_raw_html]JTVCdmZzaG9ydGNvZGVzJTIwaWQlM0QlMjJjbGllbnRlcyUyMiU1RA==[\/vc_raw_html][\/vc_column][\/vc_row][vc_row el_class=\u00bbvf_global\u00bb][vc_column][vc_raw_html]JTVCdmZzaG9ydGNvZGVzJTIwaWQlM0QlMjJtZWpvcl9zb2x1Y2lvbiUyMiUyMHRleHRvJTNEJTIyRmlybWElMjBkaWdpdGFsJTJDJTIwJTJBYm9sZCUyQWYlQzMlQTFjaWwlMkMlMjByJUMzJUExcGlkYSUyMHklMjBsZWdhbCUyQSUyRmJvbGQlMkElMjBjb24lMjBWaWFmaXJtYSUyMiU1RA==[\/vc_raw_html][\/vc_column][\/vc_row][vc_row el_class=\u00bbvf_global\u00bb][vc_column][vc_raw_html]JTVCdmZzaG9ydGNvZGVzJTIwaWQlM0QlMjJleHBlcmllbmNpYSUyMiU1RA==[\/vc_raw_html][\/vc_column][\/vc_row][vc_row el_class=\u00bbvf_global\u00bb][vc_column][vc_raw_html]JTVCdmZzaG9ydGNvZGVzJTIwaWQlM0QlMjJjb250YWN0byUyMiU1RA==[\/vc_raw_html][\/vc_column][\/vc_row][vc_row el_class=\u00bbvf_global\u00bb][vc_column][vc_raw_html]JTVCdmZzaG9ydGNvZGVzJTIwaWQlM0QlMjJwcmVndW50YXNfZnJlY3VlbnRlcyUyMiU1RA==[\/vc_raw_html][\/vc_column][\/vc_row]<\/p>\n<\/div>","protected":false},"excerpt":{"rendered":"[vc_row full_height=\u00bbyes\u00bb equal_height=\u00bbyes\u00bb content_placement=\u00bbmiddle\u00bb css=\u00bb.vc_custom_1706004618389{background-image: url(https:\/\/www.viafirma.com\/wp-content\/uploads\/2023\/11\/background-scaled.webp?id=30037) !important;}\u00bb el_class=\u00bbvf_home_1&#8243;][vc_column][vc_row_inner equal_height=\u00bbyes\u00bb content_placement=\u00bbmiddle\u00bb...","protected":false},"author":19,"featured_media":0,"parent":0,"menu_order":0,"comment_status":"closed","ping_status":"closed","template":"","meta":{"_acf_changed":false,"site-sidebar-layout":"no-sidebar","site-content-layout":"plain-container","ast-site-content-layout":"normal-width-container","site-content-style":"unboxed","site-sidebar-style":"unboxed","ast-global-header-display":"","ast-banner-title-visibility":"","ast-main-header-display":"","ast-hfb-above-header-display":"","ast-hfb-below-header-display":"","ast-hfb-mobile-header-display":"","site-post-title":"disabled","ast-breadcrumbs-content":"","ast-featured-img":"disabled","footer-sml-layout":"","ast-disable-related-posts":"","theme-transparent-header-meta":"default","adv-header-id-meta":"","stick-header-meta":"default","header-above-stick-meta":"","header-main-stick-meta":"","header-below-stick-meta":"","astra-migrate-meta-layouts":"set","ast-page-background-enabled":"default","ast-page-background-meta":{"desktop":{"background-color":"var(--ast-global-color-4)","background-image":"","background-repeat":"repeat","background-position":"center center","background-size":"auto","background-attachment":"scroll","background-type":"","background-media":"","overlay-type":"","overlay-color":"","overlay-opacity":"","overlay-gradient":""},"tablet":{"background-color":"","background-image":"","background-repeat":"repeat","background-position":"center center","background-size":"auto","background-attachment":"scroll","background-type":"","background-media":"","overlay-type":"","overlay-color":"","overlay-opacity":"","overlay-gradient":""},"mobile":{"background-color":"","background-image":"","background-repeat":"repeat","background-position":"center center","background-size":"auto","background-attachment":"scroll","background-type":"","background-media":"","overlay-type":"","overlay-color":"","overlay-opacity":"","overlay-gradient":""}},"ast-content-background-meta":{"desktop":{"background-color":"var(--ast-global-color-5)","background-image":"","background-repeat":"repeat","background-position":"center center","background-size":"auto","background-attachment":"scroll","background-type":"","background-media":"","overlay-type":"","overlay-color":"","overlay-opacity":"","overlay-gradient":""},"tablet":{"background-color":"var(--ast-global-color-5)","background-image":"","background-repeat":"repeat","background-position":"center center","background-size":"auto","background-attachment":"scroll","background-type":"","background-media":"","overlay-type":"","overlay-color":"","overlay-opacity":"","overlay-gradient":""},"mobile":{"background-color":"var(--ast-global-color-5)","background-image":"","background-repeat":"repeat","background-position":"center center","background-size":"auto","background-attachment":"scroll","background-type":"","background-media":"","overlay-type":"","overlay-color":"","overlay-opacity":"","overlay-gradient":""}},"footnotes":""},"categories":[],"tags":[],"class_list":["post-29016","page","type-page","status-publish","hentry"],"acf":[],"_links":{"self":[{"href":"https:\/\/www.viafirma.com\/es\/wp-json\/wp\/v2\/pages\/29016","targetHints":{"allow":["GET"]}}],"collection":[{"href":"https:\/\/www.viafirma.com\/es\/wp-json\/wp\/v2\/pages"}],"about":[{"href":"https:\/\/www.viafirma.com\/es\/wp-json\/wp\/v2\/types\/page"}],"author":[{"embeddable":true,"href":"https:\/\/www.viafirma.com\/es\/wp-json\/wp\/v2\/users\/19"}],"replies":[{"embeddable":true,"href":"https:\/\/www.viafirma.com\/es\/wp-json\/wp\/v2\/comments?post=29016"}],"version-history":[{"count":3,"href":"https:\/\/www.viafirma.com\/es\/wp-json\/wp\/v2\/pages\/29016\/revisions"}],"predecessor-version":[{"id":94988,"href":"https:\/\/www.viafirma.com\/es\/wp-json\/wp\/v2\/pages\/29016\/revisions\/94988"}],"wp:attachment":[{"href":"https:\/\/www.viafirma.com\/es\/wp-json\/wp\/v2\/media?parent=29016"}],"wp:term":[{"taxonomy":"category","embeddable":true,"href":"https:\/\/www.viafirma.com\/es\/wp-json\/wp\/v2\/categories?post=29016"},{"taxonomy":"post_tag","embeddable":true,"href":"https:\/\/www.viafirma.com\/es\/wp-json\/wp\/v2\/tags?post=29016"}],"curies":[{"name":"wp","href":"https:\/\/api.w.org\/{rel}","templated":true}]}}