{"id":29092,"date":"2023-10-13T12:12:03","date_gmt":"2023-10-13T10:12:03","guid":{"rendered":"https:\/\/www.viafirma.com\/?page_id=29092"},"modified":"2024-10-03T08:48:42","modified_gmt":"2024-10-03T06:48:42","slug":"crear-nueva-solicitud-de-firma","status":"publish","type":"page","link":"https:\/\/www.viafirma.com\/es\/crear-nueva-solicitud-de-firma\/","title":{"rendered":"Crear una nueva solicitud de firma"},"content":{"rendered":"<div class=\"wpb-content-wrapper\"><p>[vc_row][vc_column][vc_column_text]Te explicamos c\u00f3mo crear una solitud de firma en cuatro sencillos pasos[\/vc_column_text][vc_toggle title=\u00bb1. Documentos a firmar\u00bb style=\u00bbsimple\u00bb color=\u00bbblue\u00bb size=\u00bblg\u00bb css=\u00bb\u00bb]<\/p>\n<ul>\n<li>Puedes subir uno o varios documentos desde tu equipo. Los formatos aceptados son PDF, DOCX y ODT.<\/li>\n<li>Hacer uso de una plantilla creada anteriormente.<\/li>\n<li>Subir los documentos desde tu cuenta de Google Drive.<\/li>\n<\/ul>\n<p><img loading=\"lazy\" decoding=\"async\" class=\"alignnone wp-image-57603 size-full\" src=\"https:\/\/www.viafirma.com\/wp-content\/uploads\/2024\/10\/redactar_1-1024x468-1.webp\" alt=\"Imagen de programa de viafirma para redactar firma\" width=\"1024\" height=\"468\" srcset=\"https:\/\/www.viafirma.com\/wp-content\/uploads\/2024\/10\/redactar_1-1024x468-1.webp 1024w, https:\/\/www.viafirma.com\/wp-content\/uploads\/2024\/10\/redactar_1-1024x468-1-300x137.webp 300w, https:\/\/www.viafirma.com\/wp-content\/uploads\/2024\/10\/redactar_1-1024x468-1-768x351.webp 768w\" sizes=\"auto, (max-width: 1024px) 100vw, 1024px\" \/><\/p>\n<p><strong><a href=\"https:\/\/www.viafirma.com\/es\/documentos-a-firmar\/\">Leer m\u00e1s<\/a><\/strong>[\/vc_toggle][vc_toggle title=\u00bb2. Firmantes\u00bb style=\u00bbsimple\u00bb color=\u00bbblue\u00bb size=\u00bblg\u00bb]La herramienta permite definir varios firmantes, con o sin orden. Y diferentes modalidades de firma para cada uno de ellos: a distancia, en persona o en app m\u00f3vil.<\/p>\n<p><img loading=\"lazy\" decoding=\"async\" class=\"aligncenter wp-image-30733 size-full\" src=\"https:\/\/www.viafirma.com\/wp-content\/uploads\/2023\/11\/firmantes_adistancia.png\" alt=\"firmantes_adistancia\" width=\"595\" height=\"637\" srcset=\"https:\/\/www.viafirma.com\/wp-content\/uploads\/2023\/11\/firmantes_adistancia.png 595w, https:\/\/www.viafirma.com\/wp-content\/uploads\/2023\/11\/firmantes_adistancia-280x300.png 280w\" sizes=\"auto, (max-width: 595px) 100vw, 595px\" \/><\/p>\n<p><a href=\"https:\/\/www.viafirma.com\/es\/documentacion\/modalidad-firma-datos-y-orden-de-firmantes\/\">Leer m\u00e1s<\/a>[\/vc_toggle][vc_toggle title=\u00bb3. Campos\u00bb style=\u00bbsimple\u00bb color=\u00bbblue\u00bb size=\u00bblg\u00bb css=\u00bb\u00bb]En la secci\u00f3n de campos definiremos que acci\u00f3n va a realizar cada firmante: firma manuscrita, con certificado digital, con c\u00f3digo por tel\u00e9fono e email o solicitar una imagen, marcar un check o alg\u00fan dato mediante una caja de texto, etc. Todas estas opciones son combinables entre s\u00ed.<img loading=\"lazy\" decoding=\"async\" class=\"alignnone wp-image-57606 size-full\" src=\"https:\/\/www.viafirma.com\/wp-content\/uploads\/2024\/10\/campos-1024x474-1.webp\" alt=\"Imagen de programa de viafirma para redactar firma campos de opciones\" width=\"1024\" height=\"474\" srcset=\"https:\/\/www.viafirma.com\/wp-content\/uploads\/2024\/10\/campos-1024x474-1.webp 1024w, https:\/\/www.viafirma.com\/wp-content\/uploads\/2024\/10\/campos-1024x474-1-300x139.webp 300w, https:\/\/www.viafirma.com\/wp-content\/uploads\/2024\/10\/campos-1024x474-1-768x356.webp 768w\" sizes=\"auto, (max-width: 1024px) 100vw, 1024px\" \/><\/p>\n<p><a href=\"https:\/\/www.viafirma.com\/es\/documentacion\/campos-acciones-a-realizar-por-el-firmante\/\">Leer m\u00e1s<\/a>[\/vc_toggle][vc_toggle title=\u00bb4. Resumen\u00bb style=\u00bbsimple\u00bb color=\u00bbblue\u00bb size=\u00bblg\u00bb css=\u00bb\u00bb]En este \u00faltimo paso adem\u00e1s de tener un resumen de lo configurado en la solicitud podremos definir el t\u00edtulo, mensaje de la notificaci\u00f3n y otro tipo de configuraciones como recordatorios o lectura obligatoria.<\/p>\n<p><img loading=\"lazy\" decoding=\"async\" class=\"alignnone wp-image-57608 size-full\" src=\"https:\/\/www.viafirma.com\/wp-content\/uploads\/2024\/10\/resumen-1024x465-1.webp\" alt=\"Imagen de programa de viafirma para redactar firma resumen\" width=\"1024\" height=\"465\" srcset=\"https:\/\/www.viafirma.com\/wp-content\/uploads\/2024\/10\/resumen-1024x465-1.webp 1024w, https:\/\/www.viafirma.com\/wp-content\/uploads\/2024\/10\/resumen-1024x465-1-300x136.webp 300w, https:\/\/www.viafirma.com\/wp-content\/uploads\/2024\/10\/resumen-1024x465-1-768x349.webp 768w\" sizes=\"auto, (max-width: 1024px) 100vw, 1024px\" \/>[\/vc_toggle][\/vc_column][\/vc_row]<\/p>\n<\/div>","protected":false},"excerpt":{"rendered":"[vc_row][vc_column][vc_column_text]Te explicamos c\u00f3mo crear una solitud de firma en cuatro...","protected":false},"author":19,"featured_media":2969,"parent":0,"menu_order":0,"comment_status":"closed","ping_status":"closed","template":"","meta":{"_acf_changed":false,"site-sidebar-layout":"default","site-content-layout":"plain-container","ast-site-content-layout":"default","site-content-style":"default","site-sidebar-style":"default","ast-global-header-display":"","ast-banner-title-visibility":"","ast-main-header-display":"","ast-hfb-above-header-display":"","ast-hfb-below-header-display":"","ast-hfb-mobile-header-display":"","site-post-title":"","ast-breadcrumbs-content":"","ast-featured-img":"","footer-sml-layout":"","ast-disable-related-posts":"","theme-transparent-header-meta":"default","adv-header-id-meta":"","stick-header-meta":"default","header-above-stick-meta":"","header-main-stick-meta":"","header-below-stick-meta":"","astra-migrate-meta-layouts":"set","ast-page-background-enabled":"default","ast-page-background-meta":{"desktop":{"background-color":"var(--ast-global-color-4)","background-image":"","background-repeat":"repeat","background-position":"center center","background-size":"auto","background-attachment":"scroll","background-type":"","background-media":"","overlay-type":"","overlay-color":"","overlay-opacity":"","overlay-gradient":""},"tablet":{"background-color":"","background-image":"","background-repeat":"repeat","background-position":"center center","background-size":"auto","background-attachment":"scroll","background-type":"","background-media":"","overlay-type":"","overlay-color":"","overlay-opacity":"","overlay-gradient":""},"mobile":{"background-color":"","background-image":"","background-repeat":"repeat","background-position":"center center","background-size":"auto","background-attachment":"scroll","background-type":"","background-media":"","overlay-type":"","overlay-color":"","overlay-opacity":"","overlay-gradient":""}},"ast-content-background-meta":{"desktop":{"background-color":"var(--ast-global-color-5)","background-image":"","background-repeat":"repeat","background-position":"center center","background-size":"auto","background-attachment":"scroll","background-type":"","background-media":"","overlay-type":"","overlay-color":"","overlay-opacity":"","overlay-gradient":""},"tablet":{"background-color":"var(--ast-global-color-5)","background-image":"","background-repeat":"repeat","background-position":"center center","background-size":"auto","background-attachment":"scroll","background-type":"","background-media":"","overlay-type":"","overlay-color":"","overlay-opacity":"","overlay-gradient":""},"mobile":{"background-color":"var(--ast-global-color-5)","background-image":"","background-repeat":"repeat","background-position":"center center","background-size":"auto","background-attachment":"scroll","background-type":"","background-media":"","overlay-type":"","overlay-color":"","overlay-opacity":"","overlay-gradient":""}},"footnotes":""},"categories":[73],"tags":[],"class_list":["post-29092","page","type-page","status-publish","has-post-thumbnail","hentry","category-documents"],"acf":[],"_links":{"self":[{"href":"https:\/\/www.viafirma.com\/es\/wp-json\/wp\/v2\/pages\/29092","targetHints":{"allow":["GET"]}}],"collection":[{"href":"https:\/\/www.viafirma.com\/es\/wp-json\/wp\/v2\/pages"}],"about":[{"href":"https:\/\/www.viafirma.com\/es\/wp-json\/wp\/v2\/types\/page"}],"author":[{"embeddable":true,"href":"https:\/\/www.viafirma.com\/es\/wp-json\/wp\/v2\/users\/19"}],"replies":[{"embeddable":true,"href":"https:\/\/www.viafirma.com\/es\/wp-json\/wp\/v2\/comments?post=29092"}],"version-history":[{"count":0,"href":"https:\/\/www.viafirma.com\/es\/wp-json\/wp\/v2\/pages\/29092\/revisions"}],"wp:featuredmedia":[{"embeddable":true,"href":"https:\/\/www.viafirma.com\/es\/wp-json\/"}],"wp:attachment":[{"href":"https:\/\/www.viafirma.com\/es\/wp-json\/wp\/v2\/media?parent=29092"}],"wp:term":[{"taxonomy":"category","embeddable":true,"href":"https:\/\/www.viafirma.com\/es\/wp-json\/wp\/v2\/categories?post=29092"},{"taxonomy":"post_tag","embeddable":true,"href":"https:\/\/www.viafirma.com\/es\/wp-json\/wp\/v2\/tags?post=29092"}],"curies":[{"name":"wp","href":"https:\/\/api.w.org\/{rel}","templated":true}]}}