{"id":29264,"date":"2023-10-19T07:58:05","date_gmt":"2023-10-19T05:58:05","guid":{"rendered":"https:\/\/www.viafirma.com\/?page_id=29264"},"modified":"2025-10-30T13:34:06","modified_gmt":"2025-10-30T12:34:06","slug":"gestor-de-certificados-digitales","status":"publish","type":"page","link":"https:\/\/www.viafirma.com\/es\/gestor-de-certificados-digitales\/","title":{"rendered":"Gestor de certificados digitales"},"content":{"rendered":"<div class=\"wpb-content-wrapper\"><p>[vc_row full_height=\u00bbyes\u00bb equal_height=\u00bbyes\u00bb content_placement=\u00bbmiddle\u00bb el_class=\u00bbvf_home_1&#8243; css=\u00bb.vc_custom_1708339692290{background-image: url(https:\/\/www.viafirma.com\/wp-content\/uploads\/2023\/11\/background-scaled.webp?id=30037) !important;}\u00bb][vc_column][vc_row_inner equal_height=\u00bbyes\u00bb content_placement=\u00bbmiddle\u00bb el_class=\u00bbswap-on-mobile\u00bb][vc_column_inner width=\u00bb1\/2&#8243;][vc_column_text css=\u00bb\u00bb]<\/p>\n<h1><strong>Gestor de certificados digitales<\/strong><\/h1>\n<h2>Centraliza, controla y no vuelvas a perder un certificado.<\/h2>\n<p>Ten todos los certificados de tu empresa (empleados, apoderados, sellos) localizados y seguros. Gestiona permisos y evita caducidades desde un \u00fanico panel de control.[\/vc_column_text][vc_column_text css=\u00bb\u00bb el_class=\u00bbvf_boton_naranja\u00bb]<a href=\"https:\/\/www.viafirma.com\/es\/contacto\/\">CONTACTO<\/a>[\/vc_column_text][vc_column_text]<a href=\"https:\/\/www.viafirma.com\/es\/solicita-una-demo\/\">Solicita una demo<\/a>[\/vc_column_text][\/vc_column_inner][vc_column_inner width=\u00bb1\/2&#8243;][vc_single_image image=\u00bb42115&#8243; img_size=\u00bb1000&#215;1000&#8243;][\/vc_column_inner][\/vc_row_inner][\/vc_column][\/vc_row][vc_row full_height=\u00bbyes\u00bb equal_height=\u00bbyes\u00bb content_placement=\u00bbmiddle\u00bb el_class=\u00bbvf_aplicacion_2&#8243;][vc_column][vc_single_image source=\u00bbexternal_link\u00bb external_img_size=\u00bb80&#215;80&#8243; alignment=\u00bbcenter\u00bb custom_src=\u00bbhttps:\/\/www.viafirma.com\/wp-content\/uploads\/2024\/01\/gestor-de-certificados.svg\u00bb][vc_column_text]<\/p>\n<h2 style=\"text-align: center;\">Gestor de certificados digitales<\/h2>\n<p style=\"text-align: center;\"><span style=\"font-weight: 400;\">Gestiona tus certificados digitales para autenticaci\u00f3n y firma desde un servidor centralizado con total legalidad y seguridad.<\/span><\/p>\n<p>[\/vc_column_text][\/vc_column][\/vc_row][vc_row full_height=\u00bbyes\u00bb equal_height=\u00bbyes\u00bb content_placement=\u00bbmiddle\u00bb el_class=\u00bbfeature_certificados margin64&#8243;][vc_column width=\u00bb1\/2&#8243;][vc_column_text]<strong>Nuestra seguridad es 100% eIDAS<\/strong><br \/>\nLa firma en la nube de nuestras soluciones est\u00e1 adaptada al marco normativo m\u00e1s exigente del mundo (eIDAS UE) en materias de seguridad y firma digital avanzada. Tienes control total y auditor\u00edas de los usos de la clave privada y de las firmas realizadas.[\/vc_column_text][\/vc_column][vc_column width=\u00bb1\/2&#8243;][vc_single_image image=\u00bb31776&#8243; img_size=\u00bbfull\u00bb alignment=\u00bbright\u00bb][\/vc_column][\/vc_row][vc_row full_height=\u00bbyes\u00bb equal_height=\u00bbyes\u00bb content_placement=\u00bbmiddle\u00bb el_class=\u00bbfeature_certificados swap-on-mobile\u00bb][vc_column width=\u00bb1\/2&#8243;][vc_single_image image=\u00bb31778&#8243; img_size=\u00bbfull\u00bb][\/vc_column][vc_column width=\u00bb1\/2&#8243;][vc_column_text]<strong>Tus certificados, m\u00e1s accesibles que nunca<\/strong><br \/>\n<span style=\"font-weight: 400;\">Para firmar con certificados no te hace falta instalar el certificado en cada uno de tus dispositivos.\u00a0 Te proporcionaremos las mejores herramientas para cada caso de uso.<\/span>[\/vc_column_text][\/vc_column][\/vc_row][vc_row full_height=\u00bbyes\u00bb equal_height=\u00bbyes\u00bb content_placement=\u00bbmiddle\u00bb el_class=\u00bbfeature_certificados\u00bb][vc_column width=\u00bb1\/2&#8243;][vc_column_text]<strong>Administra tus pol\u00edticas<\/strong><br \/>\n<span style=\"font-weight: 400;\">Ajusta el uso de los certificados digitales para habilitar el acceso a webs, en franjas de horas determinadas y a aplicaciones espec\u00edficas. Se puede gestionar m\u00e1s de un certificado por persona.<\/span>[\/vc_column_text][\/vc_column][vc_column width=\u00bb1\/2&#8243;][vc_single_image image=\u00bb31790&#8243; img_size=\u00bbfull\u00bb alignment=\u00bbright\u00bb][\/vc_column][\/vc_row][vc_row full_height=\u00bbyes\u00bb equal_height=\u00bbyes\u00bb content_placement=\u00bbmiddle\u00bb el_class=\u00bbfeature_certificados swap-on-mobile\u00bb][vc_column width=\u00bb1\/2&#8243;][vc_single_image image=\u00bb31782&#8243; img_size=\u00bbfull\u00bb][\/vc_column][vc_column width=\u00bb1\/2&#8243;][vc_column_text]<strong>F\u00e1cil integraci\u00f3n con tus necesidades<\/strong><br \/>\n<span style=\"font-weight: 400;\">Cualquier aplicaci\u00f3n puede incluir funciones de autenticaci\u00f3n y firma electr\u00f3nica utilizando los servicios que el sistema ofrece, abstrayendo a las aplicaciones de los problemas y complejidades t\u00e9cnicas relacionadas con el uso de certificados digitales.<\/span>[\/vc_column_text][\/vc_column][\/vc_row][vc_row el_class=\u00bbvf_aplicacion_tutoriales\u00bb][vc_column][vc_column_text css=\u00bb\u00bb]<\/p>\n<p style=\"text-align: center;\"><strong>\u00bfQuieres conocer mejor nuestros productos?<br \/>\n<\/strong>Os dejamos una selecci\u00f3n de videotutoriales y si deseas conocer m\u00e1s haz click en \u00abVER TODOS\u00bb<\/p>\n<p>[\/vc_column_text][vc_raw_html css=\u00bb\u00bb]JTVCbWlzX3ZpZGVvdHV0b3JpYWxlc19jbG91ZCU1RA==[\/vc_raw_html][\/vc_column][\/vc_row][vc_row el_class=\u00bbvf_global\u00bb][vc_column][vc_raw_html]JTVCdmZzaG9ydGNvZGVzJTIwaWQlM0QlMjJtZWpvcl9zb2x1Y2lvbl9henVsJTIyJTIwdGV4dG8lM0QlMjIlMkFib2xkJTJBQWRtaW5pc3RyYSUyMHR1cyUyMGNlcnRpZmljYWRvcyUyQSUyRmJvbGQlMkElMjBkZXNkZSUyMGxhJTIwc2VndXJpZGFkJTIwZGUlMjBsYSUyMCUyQWJvbGQlMkFudWJlJTJBJTJGYm9sZCUyQSUyMiU1RA==[\/vc_raw_html][\/vc_column][\/vc_row][vc_row el_class=\u00bbvf_aplicacion_4&#8243; css=\u00bb.vc_custom_1701427599776{margin-top: 0px !important;}\u00bb][vc_column][vc_column_text]<\/p>\n<p style=\"text-align: center;\"><strong>Sobre los certificados digitales<\/strong><\/p>\n<p style=\"text-align: center;\">Nuestro gestor permite agrupar tus certificados en una sola herramienta para controlar mejor su uso.<\/p>\n<p>[\/vc_column_text][vc_row_inner][vc_column_inner width=\u00bb1\/3&#8243;][vc_single_image source=\u00bbexternal_link\u00bb external_img_size=\u00bb50&#215;50&#8243; custom_src=\u00bbhttps:\/\/www.viafirma.com\/wp-content\/uploads\/2024\/01\/gestion-centralizada-1.svg\u00bb][vc_column_text]<b>Gesti\u00f3n centralizada en la empresa<\/b><br \/>\nA\u00f1ade, elimina y revoca todos los certificados digitales de tu organizaci\u00f3n.[\/vc_column_text][\/vc_column_inner][vc_column_inner width=\u00bb1\/3&#8243;][vc_single_image source=\u00bbexternal_link\u00bb external_img_size=\u00bb50&#215;50&#8243; custom_src=\u00bbhttps:\/\/www.viafirma.com\/wp-content\/uploads\/2024\/01\/reponsive.svg\u00bb][vc_column_text]<b>Permite el uso en cualquier dispositivo<\/b><br \/>\nPuedes usarlo desde todos los dispositivos para procesos de autenticaci\u00f3n o firma.[\/vc_column_text][\/vc_column_inner][vc_column_inner width=\u00bb1\/3&#8243;][vc_single_image source=\u00bbexternal_link\u00bb external_img_size=\u00bb50&#215;50&#8243; custom_src=\u00bbhttps:\/\/www.viafirma.com\/wp-content\/uploads\/2024\/01\/control-de-uso.svg\u00bb][vc_column_text]<b>Control del uso<\/b><br \/>\nPuedes gestionar para qu\u00e9 se usa cada certificado (qu\u00e9 puede firmar y d\u00f3nde puede autenticarse) y tener un registro temporal del uso a nivel corporativo.[\/vc_column_text][\/vc_column_inner][\/vc_row_inner][\/vc_column][\/vc_row][vc_row el_class=\u00bbvf_global\u00bb][vc_column][vc_raw_html]JTVCdmZzaG9ydGNvZGVzJTIwaWQlM0QlMjJpbmZvX2FwaSUyMiU1RA==[\/vc_raw_html][\/vc_column][\/vc_row][vc_row full_height=\u00bbyes\u00bb equal_height=\u00bbyes\u00bb content_placement=\u00bbmiddle\u00bb el_class=\u00bbvf_aplicacion_8&#8243;][vc_column width=\u00bb1\/5&#8243;][vc_single_image image=\u00bb27710&#8243; img_size=\u00bbfull\u00bb alignment=\u00bbcenter\u00bb][\/vc_column][vc_column width=\u00bb1\/5&#8243;][vc_single_image image=\u00bb27712&#8243; img_size=\u00bbfull\u00bb alignment=\u00bbcenter\u00bb][\/vc_column][vc_column width=\u00bb1\/5&#8243;][vc_single_image image=\u00bb27714&#8243; img_size=\u00bbfull\u00bb alignment=\u00bbcenter\u00bb][\/vc_column][vc_column width=\u00bb1\/5&#8243;][vc_single_image image=\u00bb27716&#8243; img_size=\u00bbfull\u00bb alignment=\u00bbcenter\u00bb][\/vc_column][vc_column width=\u00bb1\/5&#8243;][vc_single_image image=\u00bb27718&#8243; img_size=\u00bbfull\u00bb alignment=\u00bbcenter\u00bb][\/vc_column][\/vc_row][vc_row el_class=\u00bbvf_global\u00bb][vc_column][vc_raw_html]JTVCdmZzaG9ydGNvZGVzJTIwaWQlM0QlMjJpbmZvX2dhcmFudGlhJTIyJTVE[\/vc_raw_html][\/vc_column][\/vc_row][vc_row el_class=\u00bbvf_global\u00bb][vc_column][vc_raw_html]JTVCdmZzaG9ydGNvZGVzJTIwaWQlM0QlMjJleHBlcmllbmNpYSUyMiU1RA==[\/vc_raw_html][\/vc_column][\/vc_row][vc_row el_class=\u00bbvf_global\u00bb][vc_column][vc_raw_html]JTVCdmZzaG9ydGNvZGVzJTIwaWQlM0QlMjJjbGllbnRlcyUyMiU1RA==[\/vc_raw_html][\/vc_column][\/vc_row][vc_row el_class=\u00bbvf_global\u00bb][vc_column][vc_raw_html]JTVCdmZzaG9ydGNvZGVzJTIwaWQlM0QlMjJtZWpvcl9zb2x1Y2lvbiUyMiUyMHRleHRvJTNEJTIyJTJBYm9sZCUyQUdlc3Rpb25hJTIwbG9zJTIwY2VydGlmaWNhZG9zJTJBJTJGYm9sZCUyQSUyMGRlJTIwdHUlMjBlbXByZXNhJTIwY29uJTIwdG90YWwlMjBjb250cm9sJTIwc29icmUlMjBzdSUyMHVzbyUyMiU1RA==[\/vc_raw_html][\/vc_column][\/vc_row][vc_row el_class=\u00bbvf_global\u00bb][vc_column][vc_raw_html]JTVCdmZzaG9ydGNvZGVzJTIwaWQlM0QlMjJjb250YWN0byUyMiU1RA==[\/vc_raw_html][\/vc_column][\/vc_row][vc_row el_class=\u00bbvf_global\u00bb][vc_column][vc_raw_html]JTVCdmZzaG9ydGNvZGVzJTIwaWQlM0QlMjJwcmVndW50YXNfZnJlY3VlbnRlcyUyMiU1RA==[\/vc_raw_html][\/vc_column][\/vc_row]<\/p>\n<\/div>","protected":false},"excerpt":{"rendered":"[vc_row full_height=\u00bbyes\u00bb equal_height=\u00bbyes\u00bb content_placement=\u00bbmiddle\u00bb el_class=\u00bbvf_home_1&#8243; css=\u00bb.vc_custom_1708339692290{background-image: url(https:\/\/www.viafirma.com\/wp-content\/uploads\/2023\/11\/background-scaled.webp?id=30037) !important;}\u00bb][vc_column][vc_row_inner equal_height=\u00bbyes\u00bb content_placement=\u00bbmiddle\u00bb...","protected":false},"author":19,"featured_media":0,"parent":0,"menu_order":0,"comment_status":"closed","ping_status":"closed","template":"","meta":{"_acf_changed":false,"site-sidebar-layout":"no-sidebar","site-content-layout":"plain-container","ast-site-content-layout":"normal-width-container","site-content-style":"unboxed","site-sidebar-style":"unboxed","ast-global-header-display":"","ast-banner-title-visibility":"","ast-main-header-display":"","ast-hfb-above-header-display":"","ast-hfb-below-header-display":"","ast-hfb-mobile-header-display":"","site-post-title":"disabled","ast-breadcrumbs-content":"","ast-featured-img":"disabled","footer-sml-layout":"","ast-disable-related-posts":"","theme-transparent-header-meta":"default","adv-header-id-meta":"","stick-header-meta":"default","header-above-stick-meta":"","header-main-stick-meta":"","header-below-stick-meta":"","astra-migrate-meta-layouts":"set","ast-page-background-enabled":"default","ast-page-background-meta":{"desktop":{"background-color":"var(--ast-global-color-4)","background-image":"","background-repeat":"repeat","background-position":"center center","background-size":"auto","background-attachment":"scroll","background-type":"","background-media":"","overlay-type":"","overlay-color":"","overlay-opacity":"","overlay-gradient":""},"tablet":{"background-color":"","background-image":"","background-repeat":"repeat","background-position":"center center","background-size":"auto","background-attachment":"scroll","background-type":"","background-media":"","overlay-type":"","overlay-color":"","overlay-opacity":"","overlay-gradient":""},"mobile":{"background-color":"","background-image":"","background-repeat":"repeat","background-position":"center center","background-size":"auto","background-attachment":"scroll","background-type":"","background-media":"","overlay-type":"","overlay-color":"","overlay-opacity":"","overlay-gradient":""}},"ast-content-background-meta":{"desktop":{"background-color":"var(--ast-global-color-5)","background-image":"","background-repeat":"repeat","background-position":"center center","background-size":"auto","background-attachment":"scroll","background-type":"","background-media":"","overlay-type":"","overlay-color":"","overlay-opacity":"","overlay-gradient":""},"tablet":{"background-color":"var(--ast-global-color-5)","background-image":"","background-repeat":"repeat","background-position":"center center","background-size":"auto","background-attachment":"scroll","background-type":"","background-media":"","overlay-type":"","overlay-color":"","overlay-opacity":"","overlay-gradient":""},"mobile":{"background-color":"var(--ast-global-color-5)","background-image":"","background-repeat":"repeat","background-position":"center center","background-size":"auto","background-attachment":"scroll","background-type":"","background-media":"","overlay-type":"","overlay-color":"","overlay-opacity":"","overlay-gradient":""}},"footnotes":""},"categories":[],"tags":[],"class_list":["post-29264","page","type-page","status-publish","hentry"],"acf":[],"_links":{"self":[{"href":"https:\/\/www.viafirma.com\/es\/wp-json\/wp\/v2\/pages\/29264","targetHints":{"allow":["GET"]}}],"collection":[{"href":"https:\/\/www.viafirma.com\/es\/wp-json\/wp\/v2\/pages"}],"about":[{"href":"https:\/\/www.viafirma.com\/es\/wp-json\/wp\/v2\/types\/page"}],"author":[{"embeddable":true,"href":"https:\/\/www.viafirma.com\/es\/wp-json\/wp\/v2\/users\/19"}],"replies":[{"embeddable":true,"href":"https:\/\/www.viafirma.com\/es\/wp-json\/wp\/v2\/comments?post=29264"}],"version-history":[{"count":2,"href":"https:\/\/www.viafirma.com\/es\/wp-json\/wp\/v2\/pages\/29264\/revisions"}],"predecessor-version":[{"id":94998,"href":"https:\/\/www.viafirma.com\/es\/wp-json\/wp\/v2\/pages\/29264\/revisions\/94998"}],"wp:attachment":[{"href":"https:\/\/www.viafirma.com\/es\/wp-json\/wp\/v2\/media?parent=29264"}],"wp:term":[{"taxonomy":"category","embeddable":true,"href":"https:\/\/www.viafirma.com\/es\/wp-json\/wp\/v2\/categories?post=29264"},{"taxonomy":"post_tag","embeddable":true,"href":"https:\/\/www.viafirma.com\/es\/wp-json\/wp\/v2\/tags?post=29264"}],"curies":[{"name":"wp","href":"https:\/\/api.w.org\/{rel}","templated":true}]}}