{"id":29485,"date":"2023-10-19T08:06:45","date_gmt":"2023-10-19T06:06:45","guid":{"rendered":"https:\/\/www.viafirma.com\/?page_id=29485"},"modified":"2025-10-30T13:42:40","modified_gmt":"2025-10-30T12:42:40","slug":"sellos-de-tiempo","status":"publish","type":"page","link":"https:\/\/www.viafirma.com\/es\/sellos-de-tiempo\/","title":{"rendered":"Sellos de tiempo"},"content":{"rendered":"<div class=\"wpb-content-wrapper\"><p>[vc_row full_height=\u00bbyes\u00bb equal_height=\u00bbyes\u00bb content_placement=\u00bbmiddle\u00bb css=\u00bb.vc_custom_1707136652157{background-image: url(https:\/\/www.viafirma.com\/wp-content\/uploads\/2023\/11\/background-scaled.webp?id=30037) !important;}\u00bb el_class=\u00bbvf_home_1&#8243;][vc_column][vc_row_inner equal_height=\u00bbyes\u00bb content_placement=\u00bbmiddle\u00bb el_class=\u00bbswap-on-mobile\u00bb][vc_column_inner width=\u00bb1\/2&#8243;][vc_column_text css=\u00bb\u00bb]<\/p>\n<h1><strong>Sellos de tiempo<\/strong><\/h1>\n<h2>Prueba legalmente el momento exacto en que se firm\u00f3 un documento.<\/h2>\n<p>una evidencia legal inalterable a tus transacciones. Nuestro sello de tiempo cualificado (eIDAS) protege tus acuerdos de futuras disputas sobre la fecha.[\/vc_column_text][vc_column_text css=\u00bb\u00bb]<a href=\"https:\/\/www.viafirma.com\/es\/sellos-de-tiempo\/#contacto\">Solicita m\u00e1s informaci\u00f3n<\/a>[\/vc_column_text][\/vc_column_inner][vc_column_inner width=\u00bb1\/2&#8243;][vc_single_image image=\u00bb39441&#8243; img_size=\u00bb1000&#215;1000&#8243; css=\u00bb\u00bb][\/vc_column_inner][\/vc_row_inner][\/vc_column][\/vc_row][vc_row el_class=\u00bbvf_aplicacion_4&#8243;][vc_column][vc_single_image source=\u00bbexternal_link\u00bb external_img_size=\u00bb80&#215;80&#8243; alignment=\u00bbcenter\u00bb custom_src=\u00bbhttps:\/\/www.viafirma.com\/wp-content\/uploads\/2024\/01\/sellos-de-tiempo.svg\u00bb][vc_column_text]<\/p>\n<h2 style=\"text-align: center;\">Sellos de tiempo<\/h2>\n<p style=\"text-align: center;\">El sello de tiempo es un mecanismo que permite demostrar\u00a0 que una serie de datos ha existido y la integridad de los mismos. Es decir, permite demostrar que esos datos\u00a0 se crearon en un momento determinado, y que no han sido modificados.<\/p>\n<p style=\"text-align: center;\">Para asociar los datos con un instante determinado en la l\u00ednea del tiempo es necesario utilizar una Autoridad de Sellado de Tiempo Cualificado (QTSA &#8211; Qualified Time Stamp Authority) como tercera parte de confianza.<\/p>\n<p>[\/vc_column_text][\/vc_column][\/vc_row][vc_row content_placement=\u00bbmiddle\u00bb el_class=\u00bbfeature_sellos\u00bb][vc_column width=\u00bb1\/2&#8243;][vc_column_text]<strong>Genera una de las evidencias probatorias m\u00e1s s\u00f3lidas jur\u00eddicamente: el tiempo.<\/strong>[\/vc_column_text][\/vc_column][vc_column width=\u00bb1\/2&#8243;][vc_single_image image=\u00bb34142&#8243; img_size=\u00bbfull\u00bb alignment=\u00bbright\u00bb][\/vc_column][\/vc_row][vc_row content_placement=\u00bbmiddle\u00bb el_class=\u00bbfeature_sellos swap-on-mobile\u00bb][vc_column width=\u00bb1\/2&#8243;][vc_single_image image=\u00bb34160&#8243; img_size=\u00bbfull\u00bb][\/vc_column][vc_column width=\u00bb1\/2&#8243;][vc_column_text]<strong>Permite la verificaci\u00f3n autom\u00e1tica de que los datos no han sido modificados.<\/strong>[\/vc_column_text][\/vc_column][\/vc_row][vc_row content_placement=\u00bbmiddle\u00bb el_class=\u00bbfeature_sellos\u00bb][vc_column width=\u00bb1\/2&#8243;][vc_column_text]<strong>Permite el archivo de larga duraci\u00f3n.<\/strong>[\/vc_column_text][\/vc_column][vc_column width=\u00bb1\/2&#8243;][vc_single_image image=\u00bb34149&#8243; img_size=\u00bbfull\u00bb alignment=\u00bbright\u00bb][\/vc_column][\/vc_row][vc_row content_placement=\u00bbmiddle\u00bb el_class=\u00bbfeature_sellos swap-on-mobile\u00bb][vc_column width=\u00bb1\/2&#8243;][vc_single_image image=\u00bb34157&#8243; img_size=\u00bbfull\u00bb][\/vc_column][vc_column width=\u00bb1\/2&#8243;][vc_column_text]<strong>Posibilidad de resellado, que permite actualizar un sello de tiempo, y el de verificaci\u00f3n de dicho sello, que sirve para verificar su validez.<\/strong>[\/vc_column_text][\/vc_column][\/vc_row][vc_row el_class=\u00bbvf_global\u00bb][vc_column][vc_raw_html]JTVCdmZzaG9ydGNvZGVzJTIwaWQlM0QlMjJtZWpvcl9zb2x1Y2lvbl9henVsJTIyJTIwdGV4dG8lM0QlMjIlMkFib2xkJTJBR2FyYW50aXphJTJBJTJGYm9sZCUyQSUyMGxhJTIwaW50ZWdyaWRhZCUyMGRlJTIwdHVzJTIwZG9jdW1lbnRvcyUyMiU1RA==[\/vc_raw_html][\/vc_column][\/vc_row][vc_row el_class=\u00bbvf_aplicacion_4&#8243;][vc_column][vc_column_text]<\/p>\n<p style=\"text-align: center;\"><strong>Sellos de tiempo con Viafirma<\/strong><\/p>\n<p style=\"text-align: center;\"><b><\/b>Nuestro gestor permite agrupar tus certificados en una sola herramienta para controlar mejor su uso.<\/p>\n<p>[\/vc_column_text][vc_row_inner equal_height=\u00bbyes\u00bb rtl_reverse=\u00bbyes\u00bb][vc_column_inner width=\u00bb1\/3&#8243;][vc_single_image source=\u00bbexternal_link\u00bb external_img_size=\u00bb50&#215;50&#8243; custom_src=\u00bbhttps:\/\/www.viafirma.com\/wp-content\/uploads\/2024\/01\/logo_eidas_positivo.svg\u00bb][vc_column_text]<b>Somos Prestador Cualificado de creaci\u00f3n de Sellado de Tiempo por eIDAS<\/b><span style=\"font-weight: 400;\">.<\/span><\/p>\n<p><span style=\"font-weight: 400;\">Certificado de Prestadores de Servicio de Confianza<\/span><\/p>\n<p><a href=\"https:\/\/resources.viafirma.com\/download\/certificados\/PSC-2019-0008-VIAFIRMA.pdf\" target=\"_blank\" rel=\"noopener\"><span style=\"font-weight: 400;\">Registro : PSC-2019\/0008<\/span><\/a><\/p>\n<p><a href=\"https:\/\/eidas.ec.europa.eu\/efda\/tl-browser\/#\/screen\/tl\/ES\/36\" target=\"_blank\" rel=\"noopener\"><span style=\"font-weight: 400;\">Lista de confianza de Prestadores Cualificados<\/span><span style=\"font-weight: 400;\"><br \/>\n<\/span><span style=\"font-weight: 400;\">de Servicios Electr\u00f3nicos de Confianza<\/span><\/a>[\/vc_column_text][\/vc_column_inner][vc_column_inner width=\u00bb1\/3&#8243;][vc_single_image source=\u00bbexternal_link\u00bb external_img_size=\u00bb50&#215;50&#8243; custom_src=\u00bbhttps:\/\/www.viafirma.com\/wp-content\/uploads\/2024\/01\/rfc-3161.svg\u00bb][vc_column_text]<b>El servicio sigue las especificaciones de la RFC 3161<\/b><\/p>\n<p><span style=\"font-weight: 400;\">El sellado de tiempo est\u00e1 basado en los descrito por el est\u00e1ndar RFC-3161 Internet X.509 Public Key Infrastructure Time-Stamp Protocol (TSP), redactado por la Internet Engineering Task Force (IETF).<\/span>[\/vc_column_text][\/vc_column_inner][vc_column_inner width=\u00bb1\/3&#8243;][vc_single_image source=\u00bbexternal_link\u00bb external_img_size=\u00bb50&#215;50&#8243; custom_src=\u00bbhttps:\/\/www.viafirma.com\/wp-content\/uploads\/2024\/01\/sello-incluido.svg\u00bb][vc_column_text]<b>Sello de tiempo incluido en nuestros productos<\/b><\/p>\n<p>Viafirma ofrece de manera gratuita la adici\u00f3n del sello de tiempo en sus servicios en la nube para todos los procesos de firma electr\u00f3nica. Esto permite evidenciar con certeza el momento exacto de la firma, verificando la validez del certificado en ese instante.[\/vc_column_text][\/vc_column_inner][\/vc_row_inner][\/vc_column][\/vc_row][vc_row el_class=\u00bbvf_global\u00bb][vc_column][vc_raw_html]JTVCdmZzaG9ydGNvZGVzJTIwaWQlM0QlMjJpbmZvX2FwaSUyMiU1RA==[\/vc_raw_html][\/vc_column][\/vc_row][vc_row full_height=\u00bbyes\u00bb equal_height=\u00bbyes\u00bb content_placement=\u00bbmiddle\u00bb el_class=\u00bbvf_aplicacion_8&#8243;][vc_column width=\u00bb1\/5&#8243;][vc_single_image image=\u00bb27710&#8243; img_size=\u00bbfull\u00bb alignment=\u00bbcenter\u00bb][\/vc_column][vc_column width=\u00bb1\/5&#8243;][vc_single_image image=\u00bb27712&#8243; img_size=\u00bbfull\u00bb alignment=\u00bbcenter\u00bb][\/vc_column][vc_column width=\u00bb1\/5&#8243;][vc_single_image image=\u00bb27714&#8243; img_size=\u00bbfull\u00bb alignment=\u00bbcenter\u00bb][\/vc_column][vc_column width=\u00bb1\/5&#8243;][vc_single_image image=\u00bb27716&#8243; img_size=\u00bbfull\u00bb alignment=\u00bbcenter\u00bb][\/vc_column][vc_column width=\u00bb1\/5&#8243;][vc_single_image image=\u00bb27718&#8243; img_size=\u00bbfull\u00bb alignment=\u00bbcenter\u00bb][\/vc_column][\/vc_row][vc_row el_class=\u00bbvf_global\u00bb][vc_column][vc_raw_html]JTVCdmZzaG9ydGNvZGVzJTIwaWQlM0QlMjJpbmZvX2dhcmFudGlhJTIyJTVE[\/vc_raw_html][\/vc_column][\/vc_row][vc_row el_class=\u00bbvf_global\u00bb][vc_column][vc_raw_html]JTVCdmZzaG9ydGNvZGVzJTIwaWQlM0QlMjJjbGllbnRlcyUyMiU1RA==[\/vc_raw_html][\/vc_column][\/vc_row][vc_row el_class=\u00bbvf_global\u00bb][vc_column][vc_raw_html]JTVCdmZzaG9ydGNvZGVzJTIwaWQlM0QlMjJtZWpvcl9zb2x1Y2lvbiUyMiUyMHRleHRvJTNEJTIyR2VuZXJhJTIwdW5hJTIwZGUlMjBsYXMlMjAlMkFib2xkJTJBZXZpZGVuY2lhcyUyQSUyRmJvbGQlMkElMjBwcm9iYXRvcmlhcyUyMG0lQzMlQTFzJTIwcyVDMyVCM2xpZGFzJTIwanVyJUMzJUFEZGljYW1lbnRlJTNBJTIwJTJBYm9sZCUyQWVsJTIwdGllbXBvJTJBJTJGYm9sZCUyQSUyMiU1RA==[\/vc_raw_html][\/vc_column][\/vc_row][vc_row el_class=\u00bbvf_global\u00bb][vc_column][vc_raw_html]JTVCdmZzaG9ydGNvZGVzJTIwaWQlM0QlMjJleHBlcmllbmNpYSUyMiU1RA==[\/vc_raw_html][\/vc_column][\/vc_row][vc_row el_class=\u00bbvf_global_contacto\u00bb el_id=\u00bbcontacto\u00bb][vc_column el_class=\u00bbcontent_timestamp\u00bb][vc_row_inner][vc_column_inner][vc_column_text]<\/p>\n<p style=\"text-align: center;\">Contacto<\/p>\n<p>[\/vc_column_text][vc_raw_html css=\u00bb\u00bb el_class=\u00bbcontent_timestamp\u00bb]JTVCY29udGFjdC1mb3JtLTclMjBpZCUzRCUyMmE5MWY5MzElMjIlMjB0aXRsZSUzRCUyMkNvbnRhY3RvX1JHUERfU0VMTE9TJTIwREUlMjBUSUVNUE8lMjIlNUQ=[\/vc_raw_html][\/vc_column_inner][\/vc_row_inner][\/vc_column][\/vc_row][vc_row el_class=\u00bbvf_global\u00bb][vc_column][vc_raw_html]JTVCdmZzaG9ydGNvZGVzJTIwaWQlM0QlMjJwcmVndW50YXNfZnJlY3VlbnRlcyUyMiU1RA==[\/vc_raw_html][\/vc_column][\/vc_row]<\/p>\n<\/div>","protected":false},"excerpt":{"rendered":"[vc_row full_height=\u00bbyes\u00bb equal_height=\u00bbyes\u00bb content_placement=\u00bbmiddle\u00bb css=\u00bb.vc_custom_1707136652157{background-image: url(https:\/\/www.viafirma.com\/wp-content\/uploads\/2023\/11\/background-scaled.webp?id=30037) !important;}\u00bb el_class=\u00bbvf_home_1&#8243;][vc_column][vc_row_inner equal_height=\u00bbyes\u00bb content_placement=\u00bbmiddle\u00bb...","protected":false},"author":2,"featured_media":0,"parent":0,"menu_order":0,"comment_status":"closed","ping_status":"closed","template":"","meta":{"_acf_changed":false,"site-sidebar-layout":"no-sidebar","site-content-layout":"plain-container","ast-site-content-layout":"normal-width-container","site-content-style":"unboxed","site-sidebar-style":"unboxed","ast-global-header-display":"","ast-banner-title-visibility":"","ast-main-header-display":"","ast-hfb-above-header-display":"","ast-hfb-below-header-display":"","ast-hfb-mobile-header-display":"","site-post-title":"disabled","ast-breadcrumbs-content":"","ast-featured-img":"disabled","footer-sml-layout":"","ast-disable-related-posts":"","theme-transparent-header-meta":"default","adv-header-id-meta":"","stick-header-meta":"default","header-above-stick-meta":"","header-main-stick-meta":"","header-below-stick-meta":"","astra-migrate-meta-layouts":"set","ast-page-background-enabled":"default","ast-page-background-meta":{"desktop":{"background-color":"var(--ast-global-color-4)","background-image":"","background-repeat":"repeat","background-position":"center center","background-size":"auto","background-attachment":"scroll","background-type":"","background-media":"","overlay-type":"","overlay-color":"","overlay-opacity":"","overlay-gradient":""},"tablet":{"background-color":"","background-image":"","background-repeat":"repeat","background-position":"center center","background-size":"auto","background-attachment":"scroll","background-type":"","background-media":"","overlay-type":"","overlay-color":"","overlay-opacity":"","overlay-gradient":""},"mobile":{"background-color":"","background-image":"","background-repeat":"repeat","background-position":"center center","background-size":"auto","background-attachment":"scroll","background-type":"","background-media":"","overlay-type":"","overlay-color":"","overlay-opacity":"","overlay-gradient":""}},"ast-content-background-meta":{"desktop":{"background-color":"var(--ast-global-color-5)","background-image":"","background-repeat":"repeat","background-position":"center center","background-size":"auto","background-attachment":"scroll","background-type":"","background-media":"","overlay-type":"","overlay-color":"","overlay-opacity":"","overlay-gradient":""},"tablet":{"background-color":"var(--ast-global-color-5)","background-image":"","background-repeat":"repeat","background-position":"center center","background-size":"auto","background-attachment":"scroll","background-type":"","background-media":"","overlay-type":"","overlay-color":"","overlay-opacity":"","overlay-gradient":""},"mobile":{"background-color":"var(--ast-global-color-5)","background-image":"","background-repeat":"repeat","background-position":"center center","background-size":"auto","background-attachment":"scroll","background-type":"","background-media":"","overlay-type":"","overlay-color":"","overlay-opacity":"","overlay-gradient":""}},"footnotes":""},"categories":[],"tags":[],"class_list":["post-29485","page","type-page","status-publish","hentry"],"acf":[],"_links":{"self":[{"href":"https:\/\/www.viafirma.com\/es\/wp-json\/wp\/v2\/pages\/29485","targetHints":{"allow":["GET"]}}],"collection":[{"href":"https:\/\/www.viafirma.com\/es\/wp-json\/wp\/v2\/pages"}],"about":[{"href":"https:\/\/www.viafirma.com\/es\/wp-json\/wp\/v2\/types\/page"}],"author":[{"embeddable":true,"href":"https:\/\/www.viafirma.com\/es\/wp-json\/wp\/v2\/users\/2"}],"replies":[{"embeddable":true,"href":"https:\/\/www.viafirma.com\/es\/wp-json\/wp\/v2\/comments?post=29485"}],"version-history":[{"count":2,"href":"https:\/\/www.viafirma.com\/es\/wp-json\/wp\/v2\/pages\/29485\/revisions"}],"predecessor-version":[{"id":95003,"href":"https:\/\/www.viafirma.com\/es\/wp-json\/wp\/v2\/pages\/29485\/revisions\/95003"}],"wp:attachment":[{"href":"https:\/\/www.viafirma.com\/es\/wp-json\/wp\/v2\/media?parent=29485"}],"wp:term":[{"taxonomy":"category","embeddable":true,"href":"https:\/\/www.viafirma.com\/es\/wp-json\/wp\/v2\/categories?post=29485"},{"taxonomy":"post_tag","embeddable":true,"href":"https:\/\/www.viafirma.com\/es\/wp-json\/wp\/v2\/tags?post=29485"}],"curies":[{"name":"wp","href":"https:\/\/api.w.org\/{rel}","templated":true}]}}