{"id":29487,"date":"2023-10-19T08:10:15","date_gmt":"2023-10-19T06:10:15","guid":{"rendered":"https:\/\/www.viafirma.com\/?page_id=29487"},"modified":"2025-10-30T14:00:04","modified_gmt":"2025-10-30T13:00:04","slug":"validaciones-de-firma","status":"publish","type":"page","link":"https:\/\/www.viafirma.com\/es\/validaciones-de-firma\/","title":{"rendered":"Validar firma electr\u00f3nica"},"content":{"rendered":"<div class=\"wpb-content-wrapper\"><p>[vc_row full_height=\u00bbyes\u00bb equal_height=\u00bbyes\u00bb content_placement=\u00bbmiddle\u00bb el_class=\u00bbvf_home_1&#8243; css=\u00bb.vc_custom_1708339630132{background-image: url(https:\/\/www.viafirma.com\/wp-content\/uploads\/2023\/11\/background-scaled.webp?id=30037) !important;}\u00bb][vc_column][vc_row_inner equal_height=\u00bbyes\u00bb content_placement=\u00bbmiddle\u00bb el_class=\u00bbswap-on-mobile\u00bb][vc_column_inner width=\u00bb1\/2&#8243;][vc_column_text css=\u00bb\u00bb]<\/p>\n<h1><strong>Validar firma electr\u00f3nica<\/strong><\/h1>\n<h2>Verifica al instante la autenticidad de cualquier documento que recibas.<\/h2>\n<p>Comprueba en segundos si un documento ha sido alterado y si el certificado del firmante es v\u00e1lido. Garantiza la integridad legal de todos tus tr\u00e1mites.[\/vc_column_text][vc_btn title=\u00bbEMPIEZA A VALIDAR\u00bb el_class=\u00bbvf_boton_naranja\u00bb link=\u00bburl:https%3A%2F%2Fvalida.viafirma.com%2Ftrail%2F\u00bb][\/vc_column_inner][vc_column_inner width=\u00bb1\/2&#8243;][vc_single_image image=\u00bb38642&#8243; img_size=\u00bb1000&#215;1000&#8243;][\/vc_column_inner][\/vc_row_inner][\/vc_column][\/vc_row][vc_row full_height=\u00bbyes\u00bb equal_height=\u00bbyes\u00bb content_placement=\u00bbmiddle\u00bb el_class=\u00bbvf_aplicacion_2 mb64&#8243;][vc_column width=\u00bb1\/2&#8243;][vc_column_text]<\/p>\n<h2>Validaci\u00f3n de firma electr\u00f3nica<\/h2>\n<p><strong><span style=\"font-weight: 400;\">Ofrecemos una auditor\u00eda de cada proceso de firma con toda la informaci\u00f3n del momento de la validaci\u00f3n. Recopilamos datos de los certificados usados para validar la firma y las evidencias recogidas.<\/span><\/strong>[\/vc_column_text][vc_btn title=\u00bbEMPIEZA A VALIDAR\u00bb el_class=\u00bbvf_boton_naranja\u00bb link=\u00bburl:https%3A%2F%2Fvalida.viafirma.com%2Ftrail%2F\u00bb][\/vc_column][vc_column width=\u00bb1\/2&#8243;][vc_column_text]<strong>Verifica los certificados<\/strong><\/p>\n<div class=\"wp-block-column is-layout-flow wp-container-6 wp-block-column-is-layout-flow\">\n<p class=\"has-text-align-center has-text-color\" style=\"text-align: left;\"><span style=\"font-weight: 400;\">Accedes a toda la informaci\u00f3n de firma: qui\u00e9n, cu\u00e1ndo y la validez de los certificados usados.<\/span><\/p>\n<\/div>\n<p>[\/vc_column_text][vc_column_text]<strong>Comprueba la integridad<\/strong><\/p>\n<div class=\"wp-block-column is-layout-flow wp-container-8 wp-block-column-is-layout-flow\">\n<p class=\"has-text-align-center has-text-color\" style=\"text-align: left;\"><span style=\"font-weight: 400;\">Consulta si el documento ha sufrido modificaciones despu\u00e9s de ser firmado.<\/span><\/p>\n<p>&nbsp;<\/p>\n<\/div>\n<p>[\/vc_column_text][vc_column_text]<strong>Obt\u00e9n una auditor\u00eda de firma<\/strong><\/p>\n<div class=\"wp-block-column is-layout-flow wp-container-8 wp-block-column-is-layout-flow\">\n<p class=\"has-text-align-center has-text-color\" style=\"text-align: left;\"><span style=\"font-weight: 400;\">El resultado de la validaci\u00f3n est\u00e1 sellado y custodiado por Viafirma. Tambi\u00e9n puedes descargar la auditor\u00eda para poder acceder a la informaci\u00f3n fuera de l\u00ednea.<\/span><\/p>\n<p>&nbsp;<\/p>\n<\/div>\n<p>[\/vc_column_text][\/vc_column][\/vc_row][vc_row el_class=\u00bbvf_global\u00bb][vc_column][vc_raw_html]JTVCdmZzaG9ydGNvZGVzJTIwaWQlM0QlMjJtZWpvcl9zb2x1Y2lvbl9henVsJTIyJTIwdGV4dG8lM0QlMjJDb21wcnVlYmElMjBsYSUyMHZhbGlkZXolMjBkZSUyMGxhcyUyMGZpcm1hcyUyMHklMjBzdSUyMGludGVncmlkYWQlMjIlNUQ=[\/vc_raw_html][\/vc_column][\/vc_row][vc_row full_height=\u00bbyes\u00bb equal_height=\u00bbyes\u00bb content_placement=\u00bbmiddle\u00bb el_class=\u00bbvf_aplicacion_5&#8243;][vc_column width=\u00bb1\/2&#8243;][vc_column_text]<strong>Validaci\u00f3n de firma con Viafirma<\/strong><br \/>\n<span style=\"font-weight: 400;\">Los documentos firmados electr\u00f3nicamente contienen metadatos relativos a las firmas aplicadas y las evidencias recogidas. El proceso de validaci\u00f3n permite acceder a esta informaci\u00f3n, comprobar su integridad y vigencia, y mostrarla de una manera clara y \u00fatil para usuarios y terceros. Con el servicio de validaci\u00f3n de firma, puedes comprobar:<\/span>[\/vc_column_text][vc_row_inner][vc_column_inner width=\u00bb1\/2&#8243;][vc_column_text]<\/p>\n<ul>\n<li><i class=\"fa fa-check\"><\/i><span style=\"font-weight: 400;\">Estado de las firmas del documento<\/span><\/li>\n<li><i class=\"fa fa-check\"><\/i><span style=\"font-weight: 400;\">Datos de los firmantes<\/span><\/li>\n<li><i class=\"fa fa-check\"><\/i><span style=\"font-weight: 400;\">Validez o repudio del certificado<\/span><\/li>\n<li><i class=\"fa fa-check\"><\/i><span style=\"font-weight: 400;\">Obtenci\u00f3n de la clave p\u00fablica<\/span><\/li>\n<\/ul>\n<p>[\/vc_column_text][\/vc_column_inner][vc_column_inner width=\u00bb1\/2&#8243;][vc_column_text]<\/p>\n<ul>\n<li><i class=\"fa fa-check\"><\/i><span style=\"font-weight: 400;\">Hist\u00f3rico de eventos<\/span><\/li>\n<li><i class=\"fa fa-check\"><\/i><span style=\"font-weight: 400;\">Enlace permanente a la auditor\u00eda<\/span><\/li>\n<li><i class=\"fa fa-check\"><\/i><span style=\"font-weight: 400;\">Descarga PDF de auditor\u00eda<\/span><\/li>\n<\/ul>\n<p>[\/vc_column_text][\/vc_column_inner][\/vc_row_inner][\/vc_column][vc_column width=\u00bb1\/2&#8243;][vc_single_image image=\u00bb27687&#8243; img_size=\u00bbfull\u00bb alignment=\u00bbright\u00bb][\/vc_column][\/vc_row][vc_row el_class=\u00bbvf_global\u00bb][vc_column][vc_raw_html]JTVCdmZzaG9ydGNvZGVzJTIwaWQlM0QlMjJpbmZvX2FwaSUyMiU1RA==[\/vc_raw_html][\/vc_column][\/vc_row][vc_row full_height=\u00bbyes\u00bb equal_height=\u00bbyes\u00bb content_placement=\u00bbmiddle\u00bb el_class=\u00bbvf_aplicacion_8&#8243;][vc_column width=\u00bb1\/5&#8243;][vc_single_image image=\u00bb27710&#8243; img_size=\u00bbfull\u00bb alignment=\u00bbcenter\u00bb][\/vc_column][vc_column width=\u00bb1\/5&#8243;][vc_single_image image=\u00bb27712&#8243; img_size=\u00bbfull\u00bb alignment=\u00bbcenter\u00bb][\/vc_column][vc_column width=\u00bb1\/5&#8243;][vc_single_image image=\u00bb27714&#8243; img_size=\u00bbfull\u00bb alignment=\u00bbcenter\u00bb][\/vc_column][vc_column width=\u00bb1\/5&#8243;][vc_single_image image=\u00bb27716&#8243; img_size=\u00bbfull\u00bb alignment=\u00bbcenter\u00bb][\/vc_column][vc_column width=\u00bb1\/5&#8243;][vc_single_image image=\u00bb27718&#8243; img_size=\u00bbfull\u00bb alignment=\u00bbcenter\u00bb][\/vc_column][\/vc_row][vc_row el_class=\u00bbvf_global\u00bb][vc_column][vc_raw_html]JTVCdmZzaG9ydGNvZGVzJTIwaWQlM0QlMjJpbmZvX2dhcmFudGlhJTIyJTVE[\/vc_raw_html][\/vc_column][\/vc_row][vc_row el_class=\u00bbvf_global\u00bb][vc_column][vc_raw_html]JTVCdmZzaG9ydGNvZGVzJTIwaWQlM0QlMjJjbGllbnRlcyUyMiU1RA==[\/vc_raw_html][\/vc_column][\/vc_row][vc_row el_class=\u00bbvf_global\u00bb][vc_column][vc_raw_html]JTVCdmZzaG9ydGNvZGVzJTIwaWQlM0QlMjJtZWpvcl9zb2x1Y2lvbiUyMiUyMHRleHRvJTNEJTIyTGElMjBtZWpvciUyMHNvbHVjaSVDMyVCM24lMjBkZSUyMCUyQWJvbGQlMkFmaXJtYSUyMGVsZWN0ciVDMyVCM25pY2ElMkElMkZib2xkJTJBJTIwcGFyYSUyMHR1JTIwZW1wcmVzYSUyMiU1RA==[\/vc_raw_html][\/vc_column][\/vc_row][vc_row el_class=\u00bbvf_global\u00bb][vc_column][vc_raw_html]JTVCdmZzaG9ydGNvZGVzJTIwaWQlM0QlMjJleHBlcmllbmNpYSUyMiU1RA==[\/vc_raw_html][\/vc_column][\/vc_row][vc_row el_class=\u00bbvf_global\u00bb][vc_column][vc_raw_html]JTVCdmZzaG9ydGNvZGVzJTIwaWQlM0QlMjJjb250YWN0byUyMiU1RA==[\/vc_raw_html][\/vc_column][\/vc_row][vc_row el_class=\u00bbvf_global\u00bb][vc_column][vc_raw_html]JTVCdmZzaG9ydGNvZGVzJTIwaWQlM0QlMjJwcmVndW50YXNfZnJlY3VlbnRlcyUyMiU1RA==[\/vc_raw_html][\/vc_column][\/vc_row]<\/p>\n<\/div>","protected":false},"excerpt":{"rendered":"[vc_row full_height=\u00bbyes\u00bb equal_height=\u00bbyes\u00bb content_placement=\u00bbmiddle\u00bb el_class=\u00bbvf_home_1&#8243; css=\u00bb.vc_custom_1708339630132{background-image: url(https:\/\/www.viafirma.com\/wp-content\/uploads\/2023\/11\/background-scaled.webp?id=30037) !important;}\u00bb][vc_column][vc_row_inner equal_height=\u00bbyes\u00bb content_placement=\u00bbmiddle\u00bb...","protected":false},"author":2,"featured_media":0,"parent":0,"menu_order":0,"comment_status":"closed","ping_status":"closed","template":"","meta":{"_acf_changed":false,"site-sidebar-layout":"no-sidebar","site-content-layout":"plain-container","ast-site-content-layout":"normal-width-container","site-content-style":"unboxed","site-sidebar-style":"unboxed","ast-global-header-display":"","ast-banner-title-visibility":"","ast-main-header-display":"","ast-hfb-above-header-display":"","ast-hfb-below-header-display":"","ast-hfb-mobile-header-display":"","site-post-title":"disabled","ast-breadcrumbs-content":"","ast-featured-img":"disabled","footer-sml-layout":"","ast-disable-related-posts":"","theme-transparent-header-meta":"default","adv-header-id-meta":"","stick-header-meta":"default","header-above-stick-meta":"","header-main-stick-meta":"","header-below-stick-meta":"","astra-migrate-meta-layouts":"set","ast-page-background-enabled":"default","ast-page-background-meta":{"desktop":{"background-color":"var(--ast-global-color-4)","background-image":"","background-repeat":"repeat","background-position":"center center","background-size":"auto","background-attachment":"scroll","background-type":"","background-media":"","overlay-type":"","overlay-color":"","overlay-opacity":"","overlay-gradient":""},"tablet":{"background-color":"","background-image":"","background-repeat":"repeat","background-position":"center center","background-size":"auto","background-attachment":"scroll","background-type":"","background-media":"","overlay-type":"","overlay-color":"","overlay-opacity":"","overlay-gradient":""},"mobile":{"background-color":"","background-image":"","background-repeat":"repeat","background-position":"center center","background-size":"auto","background-attachment":"scroll","background-type":"","background-media":"","overlay-type":"","overlay-color":"","overlay-opacity":"","overlay-gradient":""}},"ast-content-background-meta":{"desktop":{"background-color":"var(--ast-global-color-5)","background-image":"","background-repeat":"repeat","background-position":"center center","background-size":"auto","background-attachment":"scroll","background-type":"","background-media":"","overlay-type":"","overlay-color":"","overlay-opacity":"","overlay-gradient":""},"tablet":{"background-color":"var(--ast-global-color-5)","background-image":"","background-repeat":"repeat","background-position":"center center","background-size":"auto","background-attachment":"scroll","background-type":"","background-media":"","overlay-type":"","overlay-color":"","overlay-opacity":"","overlay-gradient":""},"mobile":{"background-color":"var(--ast-global-color-5)","background-image":"","background-repeat":"repeat","background-position":"center center","background-size":"auto","background-attachment":"scroll","background-type":"","background-media":"","overlay-type":"","overlay-color":"","overlay-opacity":"","overlay-gradient":""}},"footnotes":""},"categories":[],"tags":[],"class_list":["post-29487","page","type-page","status-publish","hentry"],"acf":[],"_links":{"self":[{"href":"https:\/\/www.viafirma.com\/es\/wp-json\/wp\/v2\/pages\/29487","targetHints":{"allow":["GET"]}}],"collection":[{"href":"https:\/\/www.viafirma.com\/es\/wp-json\/wp\/v2\/pages"}],"about":[{"href":"https:\/\/www.viafirma.com\/es\/wp-json\/wp\/v2\/types\/page"}],"author":[{"embeddable":true,"href":"https:\/\/www.viafirma.com\/es\/wp-json\/wp\/v2\/users\/2"}],"replies":[{"embeddable":true,"href":"https:\/\/www.viafirma.com\/es\/wp-json\/wp\/v2\/comments?post=29487"}],"version-history":[{"count":2,"href":"https:\/\/www.viafirma.com\/es\/wp-json\/wp\/v2\/pages\/29487\/revisions"}],"predecessor-version":[{"id":95012,"href":"https:\/\/www.viafirma.com\/es\/wp-json\/wp\/v2\/pages\/29487\/revisions\/95012"}],"wp:attachment":[{"href":"https:\/\/www.viafirma.com\/es\/wp-json\/wp\/v2\/media?parent=29487"}],"wp:term":[{"taxonomy":"category","embeddable":true,"href":"https:\/\/www.viafirma.com\/es\/wp-json\/wp\/v2\/categories?post=29487"},{"taxonomy":"post_tag","embeddable":true,"href":"https:\/\/www.viafirma.com\/es\/wp-json\/wp\/v2\/tags?post=29487"}],"curies":[{"name":"wp","href":"https:\/\/api.w.org\/{rel}","templated":true}]}}