{"id":29875,"date":"2023-11-07T09:26:39","date_gmt":"2023-11-07T08:26:39","guid":{"rendered":"https:\/\/www.viafirma.com\/?page_id=29875"},"modified":"2024-01-25T13:53:40","modified_gmt":"2024-01-25T12:53:40","slug":"documentos-a-firmar","status":"publish","type":"page","link":"https:\/\/www.viafirma.com\/es\/documentos-a-firmar\/","title":{"rendered":"Documentos a firmar"},"content":{"rendered":"<div class=\"wpb-content-wrapper\"><p>[vc_row][vc_column][vc_column_text]Vamos a ver en detalle las opciones que tenemos para subir documentaci\u00f3n a firma[\/vc_column_text][\/vc_column][\/vc_row][vc_row][vc_column][vc_column_text]<\/p>\n<h3>Subir uno o varios documentos desde mi escritorio<\/h3>\n<p>La herramienta permite subir documentos desde el dispositivo desde el que estoy accediendo a la herramienta, ya sea ordenador o m\u00f3vil. Los formatos aceptados en este caso son PDF, Word y ODT.<\/p>\n<p>&nbsp;<\/p>\n<p><a href=\"https:\/\/www.viafirma.com\/wp-content\/uploads\/2023\/11\/redaccion_documentos_simple.png\"><img loading=\"lazy\" decoding=\"async\" class=\"size-large wp-image-30302 aligncenter\" src=\"https:\/\/www.viafirma.com\/wp-content\/uploads\/2023\/11\/redaccion_documentos_simple-1024x619.png\" alt=\"\" width=\"1024\" height=\"619\" srcset=\"https:\/\/www.viafirma.com\/wp-content\/uploads\/2023\/11\/redaccion_documentos_simple-1024x619.png 1024w, https:\/\/www.viafirma.com\/wp-content\/uploads\/2023\/11\/redaccion_documentos_simple-300x181.png 300w, https:\/\/www.viafirma.com\/wp-content\/uploads\/2023\/11\/redaccion_documentos_simple-768x464.png 768w, https:\/\/www.viafirma.com\/wp-content\/uploads\/2023\/11\/redaccion_documentos_simple.png 1346w\" sizes=\"auto, (max-width: 1024px) 100vw, 1024px\" \/><\/a>[\/vc_column_text][\/vc_column][\/vc_row][vc_row][vc_column][vc_column_text]<\/p>\n<h3>Subir Documentos desde Google Drive<\/h3>\n<p>Otra opci\u00f3n es iniciar sesi\u00f3n con tu cuenta de Google y adjuntar los archivos desde Google Drive<\/p>\n<p><a href=\"https:\/\/www.viafirma.com\/wp-content\/uploads\/2023\/11\/redaccion_documentos_drive.png\"><img loading=\"lazy\" decoding=\"async\" class=\"size-large wp-image-30304 aligncenter\" src=\"https:\/\/www.viafirma.com\/wp-content\/uploads\/2023\/11\/redaccion_documentos_drive-1024x619.png\" alt=\"\" width=\"1024\" height=\"619\" srcset=\"https:\/\/www.viafirma.com\/wp-content\/uploads\/2023\/11\/redaccion_documentos_drive-1024x619.png 1024w, https:\/\/www.viafirma.com\/wp-content\/uploads\/2023\/11\/redaccion_documentos_drive-300x181.png 300w, https:\/\/www.viafirma.com\/wp-content\/uploads\/2023\/11\/redaccion_documentos_drive-768x464.png 768w, https:\/\/www.viafirma.com\/wp-content\/uploads\/2023\/11\/redaccion_documentos_drive.png 1346w\" sizes=\"auto, (max-width: 1024px) 100vw, 1024px\" \/><\/a>[\/vc_column_text][\/vc_column][\/vc_row][vc_row][vc_column][vc_column_text]<\/p>\n<h3>Uso de plantillas<\/h3>\n<p>Con las plantillas podr\u00e1s tener configurados ciertos elementos de la solicitud que te ayudar\u00e1n a crear la solicitud de una manera m\u00e1s r\u00e1pida y eficaz<\/p>\n<p>Entre los elementos que se permiten definir en las plantillas cabe destacar:<\/p>\n<ul>\n<li>Formularios para la entrada de datos, ya sea a rellenar por el redactor o por el firmante de la solicitud.<\/li>\n<li>Campos de firma y evidencias electr\u00f3nicas<\/li>\n<li>Notificaciones personalizadas para todos los estados del ciclo de vida del proceso de firma.<\/li>\n<\/ul>\n<p><a href=\"https:\/\/www.viafirma.com\/wp-content\/uploads\/2023\/11\/redaccion_documentos_plantilla.png\"><img loading=\"lazy\" decoding=\"async\" class=\"aligncenter size-large wp-image-30306\" src=\"https:\/\/www.viafirma.com\/wp-content\/uploads\/2023\/11\/redaccion_documentos_plantilla-1024x619.png\" alt=\"\" width=\"1024\" height=\"619\" srcset=\"https:\/\/www.viafirma.com\/wp-content\/uploads\/2023\/11\/redaccion_documentos_plantilla-1024x619.png 1024w, https:\/\/www.viafirma.com\/wp-content\/uploads\/2023\/11\/redaccion_documentos_plantilla-300x181.png 300w, https:\/\/www.viafirma.com\/wp-content\/uploads\/2023\/11\/redaccion_documentos_plantilla-768x464.png 768w, https:\/\/www.viafirma.com\/wp-content\/uploads\/2023\/11\/redaccion_documentos_plantilla.png 1346w\" sizes=\"auto, (max-width: 1024px) 100vw, 1024px\" \/><\/a>[\/vc_column_text][\/vc_column][\/vc_row]<\/p>\n<\/div>","protected":false},"excerpt":{"rendered":"[vc_row][vc_column][vc_column_text]Vamos a ver en detalle las opciones que tenemos para...","protected":false},"author":19,"featured_media":2969,"parent":0,"menu_order":0,"comment_status":"closed","ping_status":"closed","template":"","meta":{"_acf_changed":false,"site-sidebar-layout":"default","site-content-layout":"plain-container","ast-site-content-layout":"default","site-content-style":"default","site-sidebar-style":"default","ast-global-header-display":"","ast-banner-title-visibility":"","ast-main-header-display":"","ast-hfb-above-header-display":"","ast-hfb-below-header-display":"","ast-hfb-mobile-header-display":"","site-post-title":"","ast-breadcrumbs-content":"","ast-featured-img":"","footer-sml-layout":"","ast-disable-related-posts":"","theme-transparent-header-meta":"default","adv-header-id-meta":"","stick-header-meta":"default","header-above-stick-meta":"","header-main-stick-meta":"","header-below-stick-meta":"","astra-migrate-meta-layouts":"set","ast-page-background-enabled":"default","ast-page-background-meta":{"desktop":{"background-color":"var(--ast-global-color-4)","background-image":"","background-repeat":"repeat","background-position":"center center","background-size":"auto","background-attachment":"scroll","background-type":"","background-media":"","overlay-type":"","overlay-color":"","overlay-opacity":"","overlay-gradient":""},"tablet":{"background-color":"","background-image":"","background-repeat":"repeat","background-position":"center center","background-size":"auto","background-attachment":"scroll","background-type":"","background-media":"","overlay-type":"","overlay-color":"","overlay-opacity":"","overlay-gradient":""},"mobile":{"background-color":"","background-image":"","background-repeat":"repeat","background-position":"center center","background-size":"auto","background-attachment":"scroll","background-type":"","background-media":"","overlay-type":"","overlay-color":"","overlay-opacity":"","overlay-gradient":""}},"ast-content-background-meta":{"desktop":{"background-color":"var(--ast-global-color-5)","background-image":"","background-repeat":"repeat","background-position":"center center","background-size":"auto","background-attachment":"scroll","background-type":"","background-media":"","overlay-type":"","overlay-color":"","overlay-opacity":"","overlay-gradient":""},"tablet":{"background-color":"var(--ast-global-color-5)","background-image":"","background-repeat":"repeat","background-position":"center center","background-size":"auto","background-attachment":"scroll","background-type":"","background-media":"","overlay-type":"","overlay-color":"","overlay-opacity":"","overlay-gradient":""},"mobile":{"background-color":"var(--ast-global-color-5)","background-image":"","background-repeat":"repeat","background-position":"center center","background-size":"auto","background-attachment":"scroll","background-type":"","background-media":"","overlay-type":"","overlay-color":"","overlay-opacity":"","overlay-gradient":""}},"footnotes":""},"categories":[],"tags":[],"class_list":["post-29875","page","type-page","status-publish","has-post-thumbnail","hentry"],"acf":[],"_links":{"self":[{"href":"https:\/\/www.viafirma.com\/es\/wp-json\/wp\/v2\/pages\/29875","targetHints":{"allow":["GET"]}}],"collection":[{"href":"https:\/\/www.viafirma.com\/es\/wp-json\/wp\/v2\/pages"}],"about":[{"href":"https:\/\/www.viafirma.com\/es\/wp-json\/wp\/v2\/types\/page"}],"author":[{"embeddable":true,"href":"https:\/\/www.viafirma.com\/es\/wp-json\/wp\/v2\/users\/19"}],"replies":[{"embeddable":true,"href":"https:\/\/www.viafirma.com\/es\/wp-json\/wp\/v2\/comments?post=29875"}],"version-history":[{"count":0,"href":"https:\/\/www.viafirma.com\/es\/wp-json\/wp\/v2\/pages\/29875\/revisions"}],"wp:featuredmedia":[{"embeddable":true,"href":"https:\/\/www.viafirma.com\/es\/wp-json\/"}],"wp:attachment":[{"href":"https:\/\/www.viafirma.com\/es\/wp-json\/wp\/v2\/media?parent=29875"}],"wp:term":[{"taxonomy":"category","embeddable":true,"href":"https:\/\/www.viafirma.com\/es\/wp-json\/wp\/v2\/categories?post=29875"},{"taxonomy":"post_tag","embeddable":true,"href":"https:\/\/www.viafirma.com\/es\/wp-json\/wp\/v2\/tags?post=29875"}],"curies":[{"name":"wp","href":"https:\/\/api.w.org\/{rel}","templated":true}]}}