{"id":31710,"date":"2024-01-08T11:23:35","date_gmt":"2024-01-08T10:23:35","guid":{"rendered":"https:\/\/www.viafirma.com\/?page_id=31710"},"modified":"2025-02-14T08:42:49","modified_gmt":"2025-02-14T07:42:49","slug":"politica-privacidad","status":"publish","type":"page","link":"https:\/\/www.viafirma.com\/es\/politica-privacidad\/","title":{"rendered":"Pol\u00edtica de privacidad"},"content":{"rendered":"\r\n<h1 class=\"wp-block-heading\">Pol\u00edtica de privacidad<\/h1>\r\n<h2 class=\"wp-block-heading\">1. Responsable del Tratamiento<\/h2>\r\n\r\n\r\n\r\n<p>Responsable del Tratamiento: <strong>VIAVANSI CORPORACI\u00d3N, S.L.<\/strong><\/p>\r\n\r\n\r\n\r\n<p>Direcci\u00f3n Postal: <strong>Glorieta Fernando Qui\u00f1ones, s\/n. Planta baja, m\u00f3dulo 3B, 41940 Tomares, Sevilla<\/strong><\/p>\r\n\r\n\r\n\r\n<p>Tel\u00e9fono: <strong>954 155 244<\/strong><\/p>\r\n\r\n\r\n\r\n<p>Email: legal@viafirma.com<\/p>\r\n\r\n\r\n\r\n<h2 class=\"wp-block-heading\">2. Delegado de Protecci\u00f3n de Datos<\/h2>\r\n\r\n\r\n\r\n<p>DPD: Techlegal Servicios Jur\u00eddicos y Tecnol\u00f3gicos SL (<a href=\"https:\/\/www.techlegal.es\/\" target=\"_blank\" rel=\"noopener\">https:\/\/www.techlegal.es<\/a>)<\/p>\r\n\r\n\r\n\r\n<p>Datos de Contacto: viafirma@delegadoprotecciondedatos.es \/ info@techlegal.es\u00a0<\/p>\r\n\r\n\r\n\r\n<h2 class=\"wp-block-heading\">3. Tratamientos<\/h2>\r\n<p>Esta pol\u00edtica de privacidad detalla c\u00f3mo <strong>VIAVANSI CORPORACI\u00d3N, S.L.<\/strong>, actuando bajo la marca VIAFIRMA, \u00fanicamente trata los datos de car\u00e1cter personal que a continuaci\u00f3n se indican:<\/p>\r\n\r\n\r\n\r\n<h3 class=\"wp-block-heading\">A. Datos Recogidos a trav\u00e9s de la p\u00e1gina web<\/h3>\r\n\r\n\r\n\r\n<p>Finalidad: Contestar las solicitudes de informaci\u00f3n, contacto y presupuestos remitidas a trav\u00e9s de los correos electr\u00f3nicos y formularios de contacto de la p\u00e1gina web. Si el interesado lo autoriza trataremos sus datos con la finalidad de enviarle informaci\u00f3n sobre nuestras novedades y servicios.<\/p>\r\n\r\n\r\n\r\n<p>Conservaci\u00f3n: Los datos personales del interesado se conservar\u00e1n hasta que no se solicite la supresi\u00f3n por el interesado<\/p>\r\n\r\n\r\n\r\n<p>Legitimaci\u00f3n: La base legal para el tratamiento de sus datos es su consentimiento y en su caso, es la aplicaci\u00f3n de medidas precontractuales a solicitud del interesado (Art.6.1.b del RGPD)\u00a0 para la elaboraci\u00f3n de presupuestos solicitados<\/p>\r\n\r\n\r\n\r\n<p>Destinatarios: No est\u00e1 prevista la comunicaci\u00f3n de datos personales salvo en los supuestos establecidos por una obligaci\u00f3n legal.<\/p>\r\n\r\n\r\n\r\n<p>Formas de Obtenci\u00f3n: Los datos personales que tratamos han sido obtenidos del propio interesado<\/p>\r\n\r\n\r\n\r\n<p>Las categor\u00edas de datos que se tratan son las siguientes:<\/p>\r\n\r\n\r\n\r\n<ul class=\"wp-block-list\">\r\n<li>Datos identificativos<\/li>\r\n\r\n\r\n\r\n<li>Datos de contacto<\/li>\r\n\r\n\r\n\r\n<li>No se tratan datos especialmente protegidos<\/li>\r\n<\/ul>\r\n\r\n\r\n\r\n<h3 class=\"wp-block-heading\">B. Clientes<\/h3>\r\n\r\n\r\n\r\n<p>Finalidad: Prestaci\u00f3n de servicios a nuestros clientes y env\u00edo de informaci\u00f3n sobre nuestros productos, comunicaciones de soporte y novedades.<\/p>\r\n\r\n\r\n\r\n<p>Conservaci\u00f3n: Los datos se conservar\u00e1n durante 5 a\u00f1os. (Art. 1964 del C\u00f3digo Civil)<\/p>\r\n\r\n\r\n\r\n<p>Legitimaci\u00f3n: Ejecuci\u00f3n del contrato de prestaci\u00f3n de los servicios solicitados por el interesado.<\/p>\r\n\r\n\r\n\r\n<p>Destinatarios: No est\u00e1 prevista la comunicaci\u00f3n de datos personales salvo en los supuestos establecidos por una obligaci\u00f3n legal.<\/p>\r\n\r\n\r\n\r\n<p>Formas de Obtenci\u00f3n: Los datos personales que tratamos han sido obtenidos del propio interesado.<\/p>\r\n\r\n\r\n\r\n<p>Las categor\u00edas de datos que se tratan son las siguientes:<\/p>\r\n\r\n\r\n\r\n<ul class=\"wp-block-list\">\r\n<li>Datos identificativos<\/li>\r\n\r\n\r\n\r\n<li>Datos de contacto<\/li>\r\n\r\n\r\n\r\n<li>Datos de productos o servicios contratados por el interesado<\/li>\r\n\r\n\r\n\r\n<li>No se tratan datos especialmente protegidos<\/li>\r\n<\/ul>\r\n\r\n\r\n\r\n<h3 class=\"wp-block-heading\">C. Selecci\u00f3n de Personal<\/h3>\r\n\r\n\r\n\r\n<p>Finalidad: Participar en los procesos de selecci\u00f3n de personal de nuestra empresa<\/p>\r\n\r\n\r\n\r\n<p>Conservaci\u00f3n: Los datos personales del candidato se conservar\u00e1n hasta que no se solicite la supresi\u00f3n por el interesado y en todo caso por un periodo m\u00e1ximo de dos a\u00f1os.<\/p>\r\n\r\n\r\n\r\n<p>Legitimaci\u00f3n: La base legal para el tratamiento de sus datos es la aplicaci\u00f3n de medidas precontractuales a solicitud del interesado. (Art.6.1.b del RGPD)<\/p>\r\n\r\n\r\n\r\n<p>Destinatarios: No est\u00e1 prevista la comunicaci\u00f3n de datos personales del candidato<\/p>\r\n\r\n\r\n\r\n<p>Formas de Obtenci\u00f3n: Los datos personales que tratamos son obtenidos del propio interesado a trav\u00e9s de los curriculums, formularios o entrevistas de selecci\u00f3n que realiza con nosotros.<\/p>\r\n\r\n\r\n\r\n<p>Las categor\u00edas de datos que se tratan son las siguientes:<\/p>\r\n\r\n\r\n\r\n<ul class=\"wp-block-list\">\r\n<li>Datos identificativos<\/li>\r\n\r\n\r\n\r\n<li>Caracter\u00edsticas personales<\/li>\r\n\r\n\r\n\r\n<li>Datos acad\u00e9micos<\/li>\r\n\r\n\r\n\r\n<li>Datos relativos al historial laboral<\/li>\r\n\r\n\r\n\r\n<li>No se tratan datos especialmente protegidos.<\/li>\r\n<\/ul>\r\n\r\n\r\n\r\n<h3 class=\"wp-block-heading\">D. Suscriptores a la lista de correo electr\u00f3nico<\/h3>\r\n\r\n\r\n\r\n<p>Finalidad:<\/p>\r\n\r\n\r\n\r\n<ul class=\"wp-block-list\">\r\n<li>Enviarle informaci\u00f3n de su inter\u00e9s sobre nuestras novedades, actividades y servicios<\/li>\r\n\r\n\r\n\r\n<li>Elaboraci\u00f3n de un perfil comercial para remitirle informaci\u00f3n adaptada a sus gustos e intereses sobre nuestros servicios<\/li>\r\n<\/ul>\r\n\r\n\r\n\r\n<p>Conservaci\u00f3n: Los datos personales del interesado se conservar\u00e1n hasta que no se solicite la supresi\u00f3n por el interesado.<\/p>\r\n\r\n\r\n\r\n<p>Legitimaci\u00f3n: Consentimiento del Interesado<\/p>\r\n\r\n\r\n\r\n<p>Destinatarios: No est\u00e1 prevista la comunicaci\u00f3n de datos personales salvo en los supuestos establecidos por una obligaci\u00f3n legal.<\/p>\r\n\r\n\r\n\r\n<p>Formas de Obtenci\u00f3n: Los datos personales que tratamos han sido obtenidos del propio interesado<\/p>\r\n\r\n\r\n\r\n<p>Las categor\u00edas de datos que se tratan son las siguientes:<\/p>\r\n\r\n\r\n\r\n<ul class=\"wp-block-list\">\r\n<li>Datos identificativos<\/li>\r\n\r\n\r\n\r\n<li>Datos de contacto<\/li>\r\n\r\n\r\n\r\n<li>No se tratan datos especialmente protegidos<\/li>\r\n<\/ul>\r\n\r\n\r\n\r\n<h3 class=\"wp-block-heading\">E. Proveedores<\/h3>\r\n\r\n\r\n\r\n<p>Finalidad: Gesti\u00f3n de proveedores<\/p>\r\n\r\n\r\n\r\n<p>Conservaci\u00f3n: Los datos se conservar\u00e1n durante 5 a\u00f1os. (Art. 1964 del C\u00f3digo Civil)<\/p>\r\n\r\n\r\n\r\n<p>Legitimaci\u00f3n: Ejecuci\u00f3n del contrato suscrito con el proveedor<\/p>\r\n\r\n\r\n\r\n<p>Destinatarios: No est\u00e1 prevista la comunicaci\u00f3n de datos personales salvo en los supuestos establecidos por una obligaci\u00f3n legal.<\/p>\r\n\r\n\r\n\r\n<p>Formas de Obtenci\u00f3n: Los datos personales que tratamos han sido obtenidos del propio interesado<\/p>\r\n\r\n\r\n\r\n<p>Las categor\u00edas de datos que se tratan son las siguientes:<\/p>\r\n\r\n\r\n\r\n<ul class=\"wp-block-list\">\r\n<li>Datos identificativos<\/li>\r\n\r\n\r\n\r\n<li>Datos de contacto<\/li>\r\n\r\n\r\n\r\n<li>Bienes y servicios suministrados por el proveedor<\/li>\r\n\r\n\r\n\r\n<li>No se tratan datos especialmente protegidos<\/li>\r\n<\/ul>\r\n\r\n\r\n\r\n<h3 class=\"wp-block-heading\">F. Encuestas<\/h3>\r\n\r\n\r\n\r\n<p>Finalidad: Realizaci\u00f3n de encuestas para la mejora de nuestros productos y servicios, mercadotecnia y prospecci\u00f3n comercial<\/p>\r\n\r\n\r\n\r\n<p>Conservaci\u00f3n: Los datos se conservar\u00e1n durante un periodo m\u00e1ximo de un a\u00f1o<\/p>\r\n\r\n\r\n\r\n<p>Legitimaci\u00f3n: Inter\u00e9s leg\u00edtimo<\/p>\r\n\r\n\r\n\r\n<p>Destinatarios: No est\u00e1 prevista la comunicaci\u00f3n de datos personales salvo en los supuestos establecidos por una obligaci\u00f3n legal.<\/p>\r\n\r\n\r\n\r\n<p>Formas de Obtenci\u00f3n: Los datos personales que tratamos han sido obtenidos del propio interesado<\/p>\r\n\r\n\r\n\r\n<p>Las categor\u00edas de datos que se tratan son las siguientes:<\/p>\r\n\r\n\r\n\r\n<ul class=\"wp-block-list\">\r\n<li>Datos identificativos<\/li>\r\n\r\n\r\n\r\n<li>Datos de contacto<\/li>\r\n<\/ul>\r\n\r\n\r\n\r\n<h3 class=\"wp-block-heading\">G. Webinar y Eventos<\/h3>\r\n\r\n\r\n\r\n<p>Finalidad: Realizaci\u00f3n de encuestas para la mejora de nuestros productos y servicios, mercadotecnia y prospecci\u00f3n comercial.<\/p>\r\n\r\n\r\n\r\n<p>Conservaci\u00f3n: Los datos de asistentes al evento ser\u00e1n conservados hasta la finalizaci\u00f3n del mismo. No obstante, si da su autorizaci\u00f3n para el env\u00edo de informaci\u00f3n comercial sus datos ser\u00e1n conservados hasta que solicite su supresi\u00f3n.<\/p>\r\n\r\n\r\n\r\n<p>Legitimaci\u00f3n: La base legal para el tratamiento de sus datos es la ejecuci\u00f3n de medidas contractuales o precontractuales referidas a la solicitud del interesado para su participaci\u00f3n en el evento. (Art.6.1.b del RGPD).<\/p>\r\n\r\n\r\n\r\n<p>Destinatarios: No est\u00e1 prevista la comunicaci\u00f3n de datos personales salvo en los supuestos establecidos por una obligaci\u00f3n legal.<\/p>\r\n\r\n\r\n\r\n<p>Formas de Obtenci\u00f3n: Los datos personales que tratamos han sido obtenidos del propio interesado.<\/p>\r\n\r\n\r\n\r\n<p>Las categor\u00edas de datos que se tratan son las siguientes:<\/p>\r\n\r\n\r\n\r\n<ul class=\"wp-block-list\">\r\n<li>Datos identificativos<\/li>\r\n\r\n\r\n\r\n<li>Datos de contacto<\/li>\r\n<\/ul>\r\n\r\n\r\n\r\n<h3 class=\"wp-block-heading\">H. Contactos Comerciales<\/h3>\r\n\r\n\r\n\r\n<p>Finalidad: Mercadotecnia y prospecci\u00f3n comercial.<\/p>\r\n\r\n\r\n\r\n<p>Conservaci\u00f3n: Los datos se conservar\u00e1n hasta la solicitud de supresi\u00f3n por el interesado.<\/p>\r\n\r\n\r\n\r\n<p>Legitimaci\u00f3n: Aplicaci\u00f3n de medidas precontractuales a solicitud del interesado. (Art.6.1.b del RGPD) respecto a las solicitudes de informaci\u00f3n o presupuesto, consentimiento del interesado en relaci\u00f3n con las solicitudes de env\u00edo de informaci\u00f3n comercial o suscripci\u00f3n a newsletter. (Art. 6.1.A. del RGPD) o el inter\u00e9s leg\u00edtimo del responsable del tratamiento respecto a los datos personales obtenidos de redes sociales profesionales, p\u00e1ginas web, gu\u00edas o repertorios p\u00fablicos.\u00a0<\/p>\r\n\r\n\r\n\r\n<p>Destinatarios: No est\u00e1 prevista la comunicaci\u00f3n de datos personales salvo en los supuestos establecidos por una obligaci\u00f3n legal.<\/p>\r\n\r\n\r\n\r\n<p>Formas de Obtenci\u00f3n: Los datos personales que tratamos son obtenidos del propio interesado, redes sociales profesionales, p\u00e1ginas web y gu\u00edas o repertorios p\u00fablicos.\u00a0<\/p>\r\n\r\n\r\n\r\n<p>Las categor\u00edas de datos que se tratan son las siguientes:<\/p>\r\n\r\n\r\n\r\n<ul class=\"wp-block-list\">\r\n<li>Datos identificativos<\/li>\r\n\r\n\r\n\r\n<li>Datos de contacto<\/li>\r\n\r\n\r\n\r\n<li>Datos profesionales<\/li>\r\n<\/ul>\r\n\r\n\r\n\r\n<h3 class=\"wp-block-heading\">I. Partners y Colaboradores<\/h3>\r\n\r\n\r\n\r\n<p>Finalidad: Gesti\u00f3n de partners y colaboradores\u00a0<\/p>\r\n\r\n\r\n\r\n<p>Conservaci\u00f3n: Los datos personales se conservar\u00e1n mientras sean necesarios para la finalidad para la que han sido recabados, siendo de aplicaci\u00f3n la normativa sobre contratos civiles y mercantiles.\u00a0<\/p>\r\n\r\n\r\n\r\n<p>Legitimaci\u00f3n: La base legal para el tratamiento de sus datos es la ejecuci\u00f3n de medidas contractuales o precontractuales referidas a la participaci\u00f3n del interesado en nuestro programa de partners o colaboradores (Art.6.1.b del RGPD)<\/p>\r\n\r\n\r\n\r\n<p>Destinatarios: No est\u00e1 prevista la comunicaci\u00f3n de datos personales salvo en los supuestos establecidos por una obligaci\u00f3n legal.<\/p>\r\n\r\n\r\n\r\n<p>Formas de Obtenci\u00f3n: Los datos personales que tratamos han sido obtenidos del propio interesado.<\/p>\r\n\r\n\r\n\r\n<p>Las categor\u00edas de datos que se tratan son las siguientes:<\/p>\r\n\r\n\r\n\r\n<ul class=\"wp-block-list\">\r\n<li>Datos identificativos<\/li>\r\n\r\n\r\n\r\n<li>Datos de contacto<\/li>\r\n\r\n\r\n\r\n<li>No se tratan datos especialmente protegidos<\/li>\r\n<\/ul>\r\n\r\n\r\n\r\n<h3 class=\"wp-block-heading\">J. Quejas, sugerencias y reclamaciones<\/h3>\r\n\r\n\r\n\r\n<p>Finalidad: Gesti\u00f3n de las quejas, sugerencias y reclamaciones formuladas por el interesado<\/p>\r\n\r\n\r\n\r\n<p>Conservaci\u00f3n: Los datos personales se conservar\u00e1n mientras sean necesarios para la finalidad para la que han sido recabados, siendo de aplicaci\u00f3n la normativa sobre responsabilidad contractual y extracontractual.\u00a0<\/p>\r\n\r\n\r\n\r\n<p>Legitimaci\u00f3n: La base legal para el tratamiento de sus datos es el inter\u00e9s leg\u00edtimo del interesado en relaci\u00f3n con la gesti\u00f3n y respuesta a las quejas, sugerencias y reclamaciones formuladas.\u00a0 (Art.6.1.f del RGPD)<\/p>\r\n\r\n\r\n\r\n<p>Destinatarios: No est\u00e1 prevista la comunicaci\u00f3n de datos personales salvo en los supuestos establecidos por una obligaci\u00f3n legal.<\/p>\r\n\r\n\r\n\r\n<p>Formas de Obtenci\u00f3n: Los datos personales que tratamos han sido obtenidos del propio interesado.<\/p>\r\n\r\n\r\n\r\n<p>Las categor\u00edas de datos que se tratan son las siguientes:<\/p>\r\n\r\n\r\n\r\n<ul class=\"wp-block-list\">\r\n<li>Datos identificativos<\/li>\r\n\r\n\r\n\r\n<li>Datos de contacto<\/li>\r\n\r\n\r\n\r\n<li>No se tratan datos especialmente protegidos<\/li>\r\n<\/ul>\r\n\r\n\r\n\r\n<h2 class=\"wp-block-heading\">4. Encargados de Tratamiento<\/h2>\r\n\r\n\r\n\r\n<p>Viafirma trabaja con terceros ubicados fuera de la Uni\u00f3n Europeo que realizan funciones de Encargados de Tratamiento:<\/p>\r\n\r\n\r\n\r\n<ul class=\"wp-block-list\">\r\n<li>Utilizamos los servicios de correo electr\u00f3nico en la nube de Google LLC (www.google.com), con sede en Estados Unidos y con el que se dispone del correspondiente Acuerdo de Procesamiento de Datos (DPA) basado en cl\u00e1usulas tipo adoptadas por la Comisi\u00f3n Europea<\/li>\r\n\r\n\r\n\r\n<li>Viafirma tiene contratados servicios de almacenamiento y tratamiento de datos personales bajo la modalidad cloud con la empresa Zoho Corporation (www.zoho.com) con sede en Estados Unidos y con el que se dispone del correspondiente Acuerdo de Procesamiento de Datos (DPA) basado en cl\u00e1usulas tipo adoptadas por la Comisi\u00f3n Europea<\/li>\r\n\r\n\r\n\r\n<li>En las condiciones de contrataci\u00f3n firmadas por el cliente se especificar\u00e1 el servicio de hosting, la herramienta para el env\u00edo de notificaciones, para el env\u00edo de SMS y el servicio contratado para el almacenamiento y la gesti\u00f3n del producto contratado.<\/li>\r\n<\/ul>\r\n\r\n\r\n\r\n<h2 class=\"wp-block-heading\">5. Usuarios software de firma electr\u00f3nica<\/h2>\r\n\r\n\r\n\r\n<p>Viafirma informa a los usuarios del software de todos sus productos y soluciones de firma electr\u00f3nica que el tratamiento de datos realizado como consecuencia de la ejecuci\u00f3n de dicho software se realiza por Viafirma en calidad de Encargado de Tratamiento, siendo el responsable de dicho tratamiento la persona f\u00edsica o jur\u00eddica que haya\u00a0 contratado nuestros productos o servicios y que le haya dado acceso o haya solicitado la firma del documento remitido.\u00a0 Si desea informaci\u00f3n adicional puede ejercer sus derechos en las formas y mecanismos indicados en esta pol\u00edtica de privacidad<\/p>\r\n\r\n\r\n\r\n<h2 class=\"wp-block-heading\">6. Firma biom\u00e9trica<\/h2>\r\n\r\n\r\n\r\n<p>Viafirma informa a los usuarios que empleen firma biom\u00e9trica para la r\u00fabrica de documentos, que el tratamiento de datos biom\u00e9tricos derivado de dicha firma (Ej. Velocidad de trazo o escritura, presi\u00f3n, aceleraci\u00f3n), se realiza por Viafirma en calidad de encargado de tratamiento, siendo el responsable de dicho tratamiento\u00a0 la persona f\u00edsica o jur\u00eddica que haya contratado el producto o servicio del cual se deriva la recogida de la firma.<\/p>\r\n\r\n\r\n\r\n<p>Los datos biom\u00e9tricos recogidos son tratados bajo las medidas de seguridad legalmente establecidas procedi\u00e9ndose al cifrado de los mismos. Si desea informaci\u00f3n adicional puede ejercer sus derechos en las formas y mecanismos indicados en esta pol\u00edtica de privacidad.<\/p>\r\n\r\n\r\n\r\n<h2 class=\"wp-block-heading\">7. Derechos del Interesado<\/h2>\r\n\r\n\r\n\r\n<p>\u2013 Darse de baja de nuestras listas de recepci\u00f3n de correos electr\u00f3nicos<br \/>\u2013 Tiene derecho a obtener confirmaci\u00f3n sobre si estamos tratando datos personales que le conciernan<br \/>\u2013 Las personas interesadas tienen derecho a acceder a sus datos personales, as\u00ed como a solicitar la rectificaci\u00f3n de los datos inexactos o en su caso, solicitar su supresi\u00f3n cuando entre otros motivos, los datos ya no sean necesarios para los fines que fueron recogidos.<br \/>\u2013 En determinadas circunstancias, los interesados podr\u00e1n solicitar la limitaci\u00f3n del tratamiento de sus datos, en cuyo caso \u00fanicamente los conservaremos para el ejercicio o defensa de reclamaciones.<br \/>\u2013 En determinadas circunstancias y por motivos relacionados con su situaci\u00f3n particular, los interesados podr\u00e1n oponerse al tratamiento de sus datos. En estos supuestos no se tratar\u00e1n sus datos salvo por motivos leg\u00edtimos o el ejercicio o defensa de posibles reclamaciones.<br \/>\u2013 En determinadas circunstancias, tendr\u00e1 derecho a recibir los datos personales que le incumban en un formato estructurado de uso com\u00fan y lectura mec\u00e1nica<\/p>\r\n\r\n\r\n\r\n<p>Puede ejercer sus derechos a trav\u00e9s de la direcci\u00f3n de email legal@viafirma.es o personalmente en nuestras instalaciones, as\u00ed como obtener m\u00e1s informaci\u00f3n sobre sus derechos y acceder a modelos para su ejercicio en la siguiente direcci\u00f3n web:<\/p>\r\n\r\n\r\n\r\n<figure class=\"wp-block-embed\">\r\n<div class=\"wp-block-embed__wrapper\"><a href=\"https:\/\/www.aepd.es\/\" target=\"_blank\" rel=\"noopener\">https:\/\/www.aepd.es\/<\/a><\/div>\r\n<\/figure>\r\n\r\n\r\n\r\n<p>As\u00ed mismo, le informamos de su derecho a presentar una reclamaci\u00f3n ante la Agencia Espa\u00f1ola de Protecci\u00f3n de Datos si la petici\u00f3n de ejercicio de alg\u00fan derecho no ha sido satisfecha correctamente o si por cualquier otro motivo considera que sus datos personales no est\u00e1n siendo tratados correctamente. Para ello, podr\u00e1 dirigirse a la siguiente direcci\u00f3n web <a href=\"https:\/\/sedeagpd.gob.es\/sede-electronica-web\/\" target=\"_blank\" rel=\"noopener\">https:\/\/sedeagpd.gob.es\/<\/a><\/p>\r\n\r\n\r\n\r\n<h2 class=\"wp-block-heading\">8. Seguridad<\/h2>\r\n\r\n\r\n\r\n<p>Viafirma dispone de diversas certificaciones en materia de seguridad de la informaci\u00f3n que acreditan el cumplimiento de los est\u00e1ndares de seguridad en el tratamiento de los datos personales.\u00a0<\/p>\r\n\r\n\r\n\r\n<p>Viafirma aplica para el tratamiento de sus datos las medidas de seguridad establecidas en las siguientes normas o est\u00e1ndares:<\/p>\r\n\r\n\r\n\r\n<ul class=\"wp-block-list\">\r\n<li>UNE-EN ISO\/IEC 27001:2022<\/li>\r\n\r\n\r\n\r\n<li>ESQUEMA NACIONAL DE SEGURIDAD (RD 311\/2022)<\/li>\r\n\r\n\r\n\r\n<li>EIDAS (RGTO. UE 910\/2014)<\/li>\r\n<\/ul>\r\n\r\n\r\n\r\n<h2 class=\"wp-block-heading\">9. Localizaci\u00f3n<\/h2>\r\n\r\n\r\n\r\n<p>V\u00e1lida para:<\/p>\r\n\r\n\r\n\r\n<ul class=\"wp-block-list\">\r\n<li>Viafirma Mobile iOS y Android<\/li>\r\n\r\n\r\n\r\n<li>Viafirma Documents iOS y Android<\/li>\r\n\r\n\r\n\r\n<li>Viafirma Inbox iOS y Android<\/li>\r\n<\/ul>\r\n\r\n\r\n\r\n<p><strong>Uso de la localizaci\u00f3n en las Apps m\u00f3viles de Viafirma<\/strong><\/p>\r\n\r\n\r\n\r\n<p>Recopilamos y procesamos informaci\u00f3n sobre localizaci\u00f3n cuando haces uso de nuestros servicios. No hacemos un seguimiento de la ubicaci\u00f3n de tu dispositivo mientras est\u00e1s usando Viafirma , pero, para poder aportar seguridad adicional a ciertas acciones, es necesario hacer un seguimiento de la ubicaci\u00f3n del dispositivo en el momento de la operaci\u00f3n. Si deseas detener el seguimiento de la ubicaci\u00f3n de tu dispositivo puedes hacerlo en cualquier momento ajustando la configuraci\u00f3n del mismo.<\/p>\r\n\r\n\r\n\r\n<h2 class=\"wp-block-heading\">10. Versi\u00f3n<\/h2>\r\n\r\n\r\n\r\n<p>Esta pol\u00edtica de privacidad es de fecha 11\/10\/2024 y cualquier modificaci\u00f3n de sus t\u00e9rminos ser\u00e1 publicada en esta p\u00e1gina web.<\/p>\r\n","protected":false},"excerpt":{"rendered":"Pol\u00edtica de privacidad 1. Responsable del Tratamiento Responsable del Tratamiento:...","protected":false},"author":19,"featured_media":0,"parent":0,"menu_order":0,"comment_status":"closed","ping_status":"closed","template":"","meta":{"_acf_changed":false,"site-sidebar-layout":"default","site-content-layout":"","ast-site-content-layout":"default","site-content-style":"default","site-sidebar-style":"default","ast-global-header-display":"","ast-banner-title-visibility":"","ast-main-header-display":"","ast-hfb-above-header-display":"","ast-hfb-below-header-display":"","ast-hfb-mobile-header-display":"","site-post-title":"disabled","ast-breadcrumbs-content":"","ast-featured-img":"","footer-sml-layout":"","ast-disable-related-posts":"","theme-transparent-header-meta":"default","adv-header-id-meta":"","stick-header-meta":"default","header-above-stick-meta":"","header-main-stick-meta":"","header-below-stick-meta":"","astra-migrate-meta-layouts":"set","ast-page-background-enabled":"default","ast-page-background-meta":{"desktop":{"background-color":"var(--ast-global-color-4)","background-image":"","background-repeat":"repeat","background-position":"center center","background-size":"auto","background-attachment":"scroll","background-type":"","background-media":"","overlay-type":"","overlay-color":"","overlay-opacity":"","overlay-gradient":""},"tablet":{"background-color":"","background-image":"","background-repeat":"repeat","background-position":"center center","background-size":"auto","background-attachment":"scroll","background-type":"","background-media":"","overlay-type":"","overlay-color":"","overlay-opacity":"","overlay-gradient":""},"mobile":{"background-color":"","background-image":"","background-repeat":"repeat","background-position":"center center","background-size":"auto","background-attachment":"scroll","background-type":"","background-media":"","overlay-type":"","overlay-color":"","overlay-opacity":"","overlay-gradient":""}},"ast-content-background-meta":{"desktop":{"background-color":"var(--ast-global-color-5)","background-image":"","background-repeat":"repeat","background-position":"center center","background-size":"auto","background-attachment":"scroll","background-type":"","background-media":"","overlay-type":"","overlay-color":"","overlay-opacity":"","overlay-gradient":""},"tablet":{"background-color":"var(--ast-global-color-5)","background-image":"","background-repeat":"repeat","background-position":"center center","background-size":"auto","background-attachment":"scroll","background-type":"","background-media":"","overlay-type":"","overlay-color":"","overlay-opacity":"","overlay-gradient":""},"mobile":{"background-color":"var(--ast-global-color-5)","background-image":"","background-repeat":"repeat","background-position":"center center","background-size":"auto","background-attachment":"scroll","background-type":"","background-media":"","overlay-type":"","overlay-color":"","overlay-opacity":"","overlay-gradient":""}},"footnotes":""},"categories":[],"tags":[],"class_list":["post-31710","page","type-page","status-publish","hentry"],"acf":[],"_links":{"self":[{"href":"https:\/\/www.viafirma.com\/es\/wp-json\/wp\/v2\/pages\/31710","targetHints":{"allow":["GET"]}}],"collection":[{"href":"https:\/\/www.viafirma.com\/es\/wp-json\/wp\/v2\/pages"}],"about":[{"href":"https:\/\/www.viafirma.com\/es\/wp-json\/wp\/v2\/types\/page"}],"author":[{"embeddable":true,"href":"https:\/\/www.viafirma.com\/es\/wp-json\/wp\/v2\/users\/19"}],"replies":[{"embeddable":true,"href":"https:\/\/www.viafirma.com\/es\/wp-json\/wp\/v2\/comments?post=31710"}],"version-history":[{"count":0,"href":"https:\/\/www.viafirma.com\/es\/wp-json\/wp\/v2\/pages\/31710\/revisions"}],"wp:attachment":[{"href":"https:\/\/www.viafirma.com\/es\/wp-json\/wp\/v2\/media?parent=31710"}],"wp:term":[{"taxonomy":"category","embeddable":true,"href":"https:\/\/www.viafirma.com\/es\/wp-json\/wp\/v2\/categories?post=31710"},{"taxonomy":"post_tag","embeddable":true,"href":"https:\/\/www.viafirma.com\/es\/wp-json\/wp\/v2\/tags?post=31710"}],"curies":[{"name":"wp","href":"https:\/\/api.w.org\/{rel}","templated":true}]}}