{"id":31873,"date":"2024-01-11T11:02:04","date_gmt":"2024-01-11T10:02:04","guid":{"rendered":"https:\/\/www.viafirma.com\/?page_id=31873"},"modified":"2026-04-27T07:30:57","modified_gmt":"2026-04-27T05:30:57","slug":"certificados-y-reconocimientos","status":"publish","type":"page","link":"https:\/\/www.viafirma.com\/es\/certificados-y-reconocimientos\/","title":{"rendered":"Certificados y reconocimientos"},"content":{"rendered":"<div class=\"wpb-content-wrapper\"><p>[vc_row el_class=\u00bbvf_centroayuda_1&#8243;][vc_column css_animation=\u00bbnone\u00bb][vc_column_text]<\/p>\n<h1 class=\"entry-title\">Certificados y Reconocimientos<\/h1>\n<p>[\/vc_column_text][\/vc_column][\/vc_row][vc_row el_class=\u00bbmargintop64 mb64&#8243;][vc_column][vc_empty_space el_id=\u00bbENS\u00bb][vc_single_image image=\u00bb98018&#8243; img_size=\u00bb140&#215;170&#8243; alignment=\u00bbcenter\u00bb css=\u00bb\u00bb][vc_column_text css=\u00bb\u00bb]<\/p>\n<h5 class=\"wp-block-heading has-text-align-center\" style=\"text-align: center;\">Certificado de Conformidad con<br \/>\nel Esquema Nacional de Seguridad<\/h5>\n<p class=\"has-text-align-center has-small-font-size\" style=\"text-align: center;\">Reconocimiento y evidencia de la conformidad de su sistema de gesti\u00f3n con la norma Real Decreto 311\/2022 de 3 de mayo,<br \/>\npor el que se regula el Esquema Nacional de Seguridad en el \u00e1mbito de la Administraci\u00f3n electr\u00f3nica.<\/p>\n<p class=\"has-text-align-center\" style=\"text-align: center;\"><a href=\"https:\/\/resources.viafirma.com\/download\/certificados\/Certificado-ENS-2022_0008_2026-02-02.pdf\" target=\"_blank\" rel=\"noreferrer noopener\" data-type=\"URL\" data-id=\"https:\/\/resources.viafirma.com\/download\/certificados\/Certificado-ENS-2022_0008_2026-02-02.pdf\">Registro: ENS-2022\/0008<\/a><\/p>\n<p>[\/vc_column_text][\/vc_column][\/vc_row][vc_row el_class=\u00bbmargintop64 mb64&#8243;][vc_column][vc_empty_space el_id=\u00bbeidas\u00bb][vc_single_image image=\u00bb31878&#8243; img_size=\u00bb300&#215;118&#8243; alignment=\u00bbcenter\u00bb][vc_column_text css=\u00bb\u00bb]<\/p>\n<h5 class=\"wp-block-heading has-text-align-center mb-0\" style=\"text-align: center;\">Certificado de Prestadores de<br \/>\nServicio de Confianza<\/h5>\n<p class=\"has-text-align-center mt-0\" style=\"text-align: center;\">(QTimestamp)<br \/>\n<a href=\"https:\/\/resources.viafirma.com\/download\/certificados\/PSC-2019-0008-VIAFIRMA.pdf\" target=\"_blank\" rel=\"noreferrer noopener\">Registro : PSC-2019\/0008<\/a><\/p>\n<p class=\"has-text-align-center mt-0\" style=\"text-align: center;\"><a href=\"https:\/\/resources.viafirma.com\/download\/certificados\/CertificadoPSC-2026-0001_VIAVANSI.pdf\" target=\"_blank\" rel=\"noreferrer noopener\">Registro : PSC-2026\/0001<\/a><\/p>\n<p class=\"has-text-align-center\" style=\"text-align: center;\"><a href=\"https:\/\/eidas.ec.europa.eu\/efda\/tl-browser\/#\/screen\/tl\/ES\/36\" target=\"_blank\" rel=\"noopener\">Lista de confianza de Prestadores Cualificados<br \/>\nde Servicios Electr\u00f3nicos de Confianza<\/a><\/p>\n<p>[\/vc_column_text][\/vc_column][\/vc_row][vc_row el_class=\u00bbmargintop64 mb64&#8243;][vc_column][vc_empty_space el_id=\u00bbNIS2&#8243;][vc_single_image image=\u00bb97746&#8243; img_size=\u00bb100&#215;85&#8243; alignment=\u00bbcenter\u00bb css=\u00bb\u00bb][vc_column_text css=\u00bb\u00bb]<\/p>\n<h5 class=\"wp-block-heading has-text-align-center mb-0\" style=\"text-align: center;\">Certificado de Prestadores de<br \/>\nServicio de Confianza<\/h5>\n<p class=\"has-text-align-center mt-0\" style=\"text-align: center;\"><a href=\"https:\/\/resources.viafirma.com\/download\/certificados\/CertificadoN2EIDAS-2026-0001_VIAVANSI.pdf\" target=\"_blank\" rel=\"noreferrer noopener\">Registro : N2EIDAS-2026\/0001<\/a><\/p>\n<p>[\/vc_column_text][\/vc_column][\/vc_row][vc_row el_class=\u00bbmargintop64 mb64&#8243;][vc_column][vc_empty_space el_id=\u00bb9001&#8243;][vc_single_image image=\u00bb68467&#8243; img_size=\u00bb206&#215;85&#8243; alignment=\u00bbcenter\u00bb css=\u00bb\u00bb][vc_column_text css=\u00bb\u00bb]<\/p>\n<h5 class=\"wp-block-heading has-text-align-center mb-0\" style=\"text-align: center;\">Sistemas de Gesti\u00f3n de Calidad<\/h5>\n<p class=\"has-text-align-center mt-0\" style=\"text-align: center;\"><strong>ISO 9001<br \/>\n<\/strong><a href=\"https:\/\/resources.viafirma.com\/download\/certificados\/CertificadoER-1968-2006-002_00_ES_2024-12-26.pdf\" target=\"_blank\" rel=\"noreferrer noopener\">Registro: ER-1968\/2006<\/a><\/p>\n<p>[\/vc_column_text][\/vc_column][\/vc_row][vc_row el_class=\u00bbmargintop64 mb64&#8243;][vc_column][vc_empty_space el_id=\u00bb14001&#8243;][vc_single_image image=\u00bb68470&#8243; img_size=\u00bb206&#215;85&#8243; alignment=\u00bbcenter\u00bb css=\u00bb\u00bb][vc_column_text css=\u00bb\u00bb]<\/p>\n<h5 class=\"wp-block-heading has-text-align-center mb-0\" style=\"text-align: center;\">Sistemas de Gesti\u00f3n Ambiental<\/h5>\n<p class=\"has-text-align-center mt-0\" style=\"text-align: center;\"><strong>ISO 14001<br \/>\n<\/strong><a href=\"https:\/\/resources.viafirma.com\/download\/certificados\/CertificadoGA-2006-0546_ES_2024-12-26.pdf\" target=\"_blank\" rel=\"noreferrer noopener\">Registro: GA-2006\/0546<\/a><\/p>\n<p>[\/vc_column_text][\/vc_column][\/vc_row][vc_row el_class=\u00bbmargintop64 mb64&#8243;][vc_column][vc_empty_space el_id=\u00bb27001&#8243;][vc_single_image image=\u00bb68720&#8243; img_size=\u00bb206&#215;85&#8243; alignment=\u00bbcenter\u00bb css=\u00bb\u00bb][vc_column_text css=\u00bb\u00bb]<\/p>\n<h5 class=\"wp-block-heading has-text-align-center mb-0\" style=\"text-align: center;\">Sistemas de gesti\u00f3n de la seguridad de la informaci\u00f3n<\/h5>\n<p class=\"has-text-align-center mt-0\" style=\"text-align: center;\"><strong>ISO\/IEC 27001<br \/>\n<\/strong><a href=\"https:\/\/resources.viafirma.com\/download\/certificados\/certificado-27001-viafirma.pdf\" target=\"_blank\" rel=\"noreferrer noopener\" aria-label=\" (opens in a new tab)\">Registro: ES102911-1<\/a><\/p>\n<p>[\/vc_column_text][\/vc_column][\/vc_row][vc_row el_class=\u00bbmargintop64 mb64&#8243;][vc_column][vc_empty_space el_id=\u00bbEuropean-Comission\u00bb][vc_single_image image=\u00bb31894&#8243; img_size=\u00bb150&#215;150&#8243; alignment=\u00bbcenter\u00bb][vc_column_text]<\/p>\n<h5 class=\"wp-block-heading has-text-align-center mb-0\" style=\"text-align: center;\">European Comission. Seals Of Excellence<\/h5>\n<p class=\"has-text-align-center mt-0 has-small-font-size\" style=\"text-align: center;\">Certificate delivered by the European Commission, as the institution managing Horizon 2020,<br \/>\nthe EU Framework Programme for Research and Innovation 2014-2020.<br \/>\n2015. PP698202, ICM Invoice Cloud Market.<br \/>\n2017. PP805965, IDENTITY SPC IDENTITY SAFE PLATFORM FOR CONTRACTS<\/p>\n<p>[\/vc_column_text][\/vc_column][\/vc_row][vc_row el_class=\u00bbmargintop64 mb64&#8243;][vc_column][vc_empty_space el_id=\u00bbEAD-Trust\u00bb][vc_single_image image=\u00bb31900&#8243; img_size=\u00bb150&#215;150&#8243; alignment=\u00bbcenter\u00bb][vc_column_text]<\/p>\n<h5 class=\"wp-block-heading has-text-align-center mb-0\" style=\"text-align: center;\">EAD Trust, European Agency of Digital Trust<\/h5>\n<p class=\"has-text-align-center mt-0\" style=\"text-align: center;\"><a href=\"http:\/\/www.cartulario.net\/documento\/FMA9XFCWOI12NUTKL28M\" target=\"_blank\" rel=\"noreferrer noopener nofollow\">Registro: FMDA-2018-013<\/a><\/p>\n<p>[\/vc_column_text][\/vc_column][\/vc_row][vc_row el_class=\u00bbmargintop64 mb64&#8243;][vc_column][vc_empty_space el_id=\u00bbPYME\u00bb][vc_single_image image=\u00bb100714&#8243; img_size=\u00bb150&#215;150&#8243; alignment=\u00bbcenter\u00bb css=\u00bb\u00bb][vc_column_text css=\u00bb\u00bb]<\/p>\n<h5 class=\"wp-block-heading has-text-align-center mb-0\" style=\"text-align: center;\">PYME Innovadora<\/h5>\n<p class=\"has-text-align-center mt-0 has-small-font-size\" style=\"text-align: center;\">Ministerio de Ciencia, Innovaci\u00f3n y Universidades. Gobierno de Espa\u00f1a<br \/>\n2026-2029<\/p>\n<p>[\/vc_column_text][\/vc_column][\/vc_row][vc_row el_class=\u00bbmargintop64 mb64&#8243;][vc_column][vc_empty_space el_id=\u00bbindotel\u00bb][vc_single_image image=\u00bb31904&#8243; img_size=\u00bb200&#215;58,6&#8243; alignment=\u00bbcenter\u00bb][vc_column_text css=\u00bb\u00bb]<\/p>\n<h5 class=\"wp-block-heading has-text-align-center mb-0\" style=\"text-align: center;\">INDOTEL<\/h5>\n<p class=\"has-text-align-center has-small-font-size\" style=\"text-align: center;\">Instituto Dominicano de las Telecomunicaciones<\/p>\n<p class=\"has-text-align-center\" style=\"text-align: center;\"><a href=\"https:\/\/resources.viafirma.com\/download\/certificados\/certificado_de_conformidad_avansi_srl.pdf\" target=\"_blank\" rel=\"noreferrer noopener nofollow\">Certificado de Proveedor de Servicios de Firmas Electr\u00f3nicas est\u00e1ndares ETSI EN 319 401<\/a><\/p>\n<p class=\"has-text-align-center\" style=\"text-align: center;\"><a href=\"https:\/\/resources.viafirma.com\/download\/certificados\/certificado_de_conformidad_psc_avansi.pdf\" target=\"_blank\" rel=\"noreferrer noopener nofollow\">Certificado de Prestador Cualificado de Servicios de Confianzas est\u00e1ndares<\/a><\/p>\n<p>[\/vc_column_text][\/vc_column][\/vc_row][vc_row el_class=\u00bbmargintop64 mb64&#8243;][vc_column][vc_empty_space el_id=\u00bbonac\u00bb][vc_single_image source=\u00bbexternal_link\u00bb external_img_size=\u00bb282&#215;85&#8243; alignment=\u00bbcenter\u00bb css=\u00bb\u00bb custom_src=\u00bbhttps:\/\/www.viafirma.com\/wp-content\/uploads\/2026\/03\/onac_vf_color_ecd_color_vertical-1.svg\u00bb][vc_column_text css=\u00bb\u00bb]<\/p>\n<h5 class=\"wp-block-heading has-text-align-center mb-0\" style=\"text-align: center;\">ONAC<\/h5>\n<p class=\"has-text-align-center has-small-font-size\" style=\"text-align: center;\">Organismo Nacional de Acreditaci\u00f3n en Colombia<\/p>\n<p class=\"has-text-align-center\" style=\"text-align: center;\"><a href=\"https:\/\/resources.viafirma.com\/download\/certificados\/24-ECD-001.pdf\" target=\"_blank\" rel=\"noreferrer noopener nofollow\">CEA-3.0-07 V-02<br \/>\n24-ECD-001<br \/>\nCertificado de Acreditaci\u00f3n de Entidad de Certificaci\u00f3n digital\u00a0<\/a><\/p>\n<p class=\"has-text-align-center\" style=\"text-align: center;\"><a href=\"https:\/\/onac.org.co\/directorio3\/index.php\/acreditaciones\/24-ECD-001\" target=\"_blank\" rel=\"noopener\">Directorio de Entidad de Certificaci\u00f3n de ONAC<\/a><\/p>\n<p>[\/vc_column_text][\/vc_column][\/vc_row][vc_row][vc_column][vc_empty_space height=\u00bb64px\u00bb][\/vc_column][\/vc_row][vc_row][vc_column][\/vc_column][\/vc_row]<\/p>\n<\/div>","protected":false},"excerpt":{"rendered":"[vc_row el_class=\u00bbvf_centroayuda_1&#8243;][vc_column css_animation=\u00bbnone\u00bb][vc_column_text] Certificados y Reconocimientos [\/vc_column_text][\/vc_column][\/vc_row][vc_row el_class=\u00bbmargintop64 mb64&#8243;][vc_column][vc_empty_space el_id=\u00bbENS\u00bb][vc_single_image...","protected":false},"author":19,"featured_media":0,"parent":0,"menu_order":0,"comment_status":"closed","ping_status":"closed","template":"","meta":{"_acf_changed":false,"site-sidebar-layout":"no-sidebar","site-content-layout":"plain-container","ast-site-content-layout":"normal-width-container","site-content-style":"unboxed","site-sidebar-style":"unboxed","ast-global-header-display":"","ast-banner-title-visibility":"","ast-main-header-display":"","ast-hfb-above-header-display":"","ast-hfb-below-header-display":"","ast-hfb-mobile-header-display":"","site-post-title":"disabled","ast-breadcrumbs-content":"","ast-featured-img":"disabled","footer-sml-layout":"","ast-disable-related-posts":"","theme-transparent-header-meta":"default","adv-header-id-meta":"","stick-header-meta":"default","header-above-stick-meta":"","header-main-stick-meta":"","header-below-stick-meta":"","astra-migrate-meta-layouts":"set","ast-page-background-enabled":"default","ast-page-background-meta":{"desktop":{"background-color":"var(--ast-global-color-4)","background-image":"","background-repeat":"repeat","background-position":"center center","background-size":"auto","background-attachment":"scroll","background-type":"","background-media":"","overlay-type":"","overlay-color":"","overlay-opacity":"","overlay-gradient":""},"tablet":{"background-color":"","background-image":"","background-repeat":"repeat","background-position":"center center","background-size":"auto","background-attachment":"scroll","background-type":"","background-media":"","overlay-type":"","overlay-color":"","overlay-opacity":"","overlay-gradient":""},"mobile":{"background-color":"","background-image":"","background-repeat":"repeat","background-position":"center center","background-size":"auto","background-attachment":"scroll","background-type":"","background-media":"","overlay-type":"","overlay-color":"","overlay-opacity":"","overlay-gradient":""}},"ast-content-background-meta":{"desktop":{"background-color":"var(--ast-global-color-5)","background-image":"","background-repeat":"repeat","background-position":"center center","background-size":"auto","background-attachment":"scroll","background-type":"","background-media":"","overlay-type":"","overlay-color":"","overlay-opacity":"","overlay-gradient":""},"tablet":{"background-color":"var(--ast-global-color-5)","background-image":"","background-repeat":"repeat","background-position":"center center","background-size":"auto","background-attachment":"scroll","background-type":"","background-media":"","overlay-type":"","overlay-color":"","overlay-opacity":"","overlay-gradient":""},"mobile":{"background-color":"var(--ast-global-color-5)","background-image":"","background-repeat":"repeat","background-position":"center center","background-size":"auto","background-attachment":"scroll","background-type":"","background-media":"","overlay-type":"","overlay-color":"","overlay-opacity":"","overlay-gradient":""}},"footnotes":""},"categories":[],"tags":[],"class_list":["post-31873","page","type-page","status-publish","hentry"],"acf":[],"_links":{"self":[{"href":"https:\/\/www.viafirma.com\/es\/wp-json\/wp\/v2\/pages\/31873","targetHints":{"allow":["GET"]}}],"collection":[{"href":"https:\/\/www.viafirma.com\/es\/wp-json\/wp\/v2\/pages"}],"about":[{"href":"https:\/\/www.viafirma.com\/es\/wp-json\/wp\/v2\/types\/page"}],"author":[{"embeddable":true,"href":"https:\/\/www.viafirma.com\/es\/wp-json\/wp\/v2\/users\/19"}],"replies":[{"embeddable":true,"href":"https:\/\/www.viafirma.com\/es\/wp-json\/wp\/v2\/comments?post=31873"}],"version-history":[{"count":18,"href":"https:\/\/www.viafirma.com\/es\/wp-json\/wp\/v2\/pages\/31873\/revisions"}],"predecessor-version":[{"id":100716,"href":"https:\/\/www.viafirma.com\/es\/wp-json\/wp\/v2\/pages\/31873\/revisions\/100716"}],"wp:attachment":[{"href":"https:\/\/www.viafirma.com\/es\/wp-json\/wp\/v2\/media?parent=31873"}],"wp:term":[{"taxonomy":"category","embeddable":true,"href":"https:\/\/www.viafirma.com\/es\/wp-json\/wp\/v2\/categories?post=31873"},{"taxonomy":"post_tag","embeddable":true,"href":"https:\/\/www.viafirma.com\/es\/wp-json\/wp\/v2\/tags?post=31873"}],"curies":[{"name":"wp","href":"https:\/\/api.w.org\/{rel}","templated":true}]}}