{"id":32302,"date":"2024-01-17T12:40:05","date_gmt":"2024-01-17T11:40:05","guid":{"rendered":"https:\/\/www.viafirma.com\/?page_id=32302"},"modified":"2025-11-18T10:46:19","modified_gmt":"2025-11-18T09:46:19","slug":"validez-juridica","status":"publish","type":"page","link":"https:\/\/www.viafirma.com\/es\/validez-juridica\/","title":{"rendered":"Validez Jur\u00eddica de la Firma Electr\u00f3nica"},"content":{"rendered":"<h1>Garant\u00eda de Validez Jur\u00eddica: Tu Firma Electr\u00f3nica con Viafirma<\/h1>\r\n<p><em>Viafirma <\/em><strong><em>cumple minuciosamente los requisitos del reglamento eIDAS<\/em><\/strong><em>, considerada la norma de servicios de confianza de identidad digital m\u00e1s exigente a nivel mundial y la principal a nivel europeo.\u00a0<\/em><\/p>\r\n<p>VIAFIRMA, S.L. est\u00e1 incluido en la lista de confianza de prestadores cualificados de servicios de confianza, de acuerdo con las modificaciones del Art\u00edculo 3 Punto 16 del <a href=\"https:\/\/eur-lex.europa.eu\/legal-content\/ES\/TXT\/PDF\/?uri=CELEX:32014R0910&amp;from=ES\" target=\"_blank\" rel=\"noopener\">Reglamento (UE) 910\/2014<\/a> incorporadas en el Art\u00edculo 1 del nuevo <a href=\"https:\/\/eur-lex.europa.eu\/legal-content\/ES\/TXT\/PDF\/?uri=OJ:L_202401183&amp;qid=1715165775980\" target=\"_blank\" rel=\"noopener\">Reglamento (UE) eIDAS2 2024\/1183<\/a>, punto 3, para la actividad definida como \u201ccreaci\u00f3n de sellos de tiempo electr\u00f3nicos\u201d.<\/p>\r\n<p>Los registros vigentes siempre se pueden consultar en la siguiente direcci\u00f3n:<\/p>\r\n<p><a href=\"https:\/\/www.viafirma.com\/es\/certificados-y-reconocimientos\/\" target=\"_blank\" rel=\"noopener nofollow noreferrer\">https:\/\/www.viafirma.com\/es\/certificados-y-reconocimientos\/<\/a><\/p>\r\n<p>y de forma expl\u00edcita en los respectivos repositorios oficiales:<\/p>\r\n<ul>\r\n<li><a href=\"https:\/\/eidas.ec.europa.eu\/efda\/tl-browser\/#\/screen\/tl\/ES\/36\" target=\"_blank\" rel=\"noopener nofollow noreferrer\">https:\/\/eidas.ec.europa.eu\/efda\/tl-browser\/#\/screen\/tl\/ES\/36<\/a><\/li>\r\n<li><a href=\"https:\/\/sedediatid.mineco.gob.es\/Prestadores\/Paginas\/Inicio.aspx\" target=\"_blank\" rel=\"noopener nofollow noreferrer\">https:\/\/sedediatid.mineco.gob.es\/Prestadores\/Paginas\/Inicio.aspx<\/a><\/li>\r\n<\/ul>\r\n<h2><strong style=\"font-size: 16px;\">Tipos de firma electr\u00f3nica establecidas en el reglamento eIDAS<\/strong><\/h2>\r\n<!-- \/wp:post-content -->\r\n<p><!-- wp:paragraph --><em>El Reglamento (UE) 910\/2014 establece <\/em><strong><em>tres tipos de firmas electr\u00f3nicas<\/em><\/strong><em>:<\/em><\/p>\r\n<p><strong style=\"font-size: 16px;\"><em>Firma electr\u00f3nica:<\/em><\/strong><em style=\"font-size: 16px;\"> Son datos en formato electr\u00f3nico, separados de otros datos electr\u00f3nicos o asociados l\u00f3gicamente con ellos, que utiliza el firmante para firmar.<\/em><\/p>\r\n<p><strong><em>Firma electr\u00f3nica avanzada:<\/em><\/strong><em> Se trata de una firma electr\u00f3nica que cumple con los siguientes requisitos:<\/em><\/p>\r\n<ul>\r\n<li><em style=\"font-size: 16px;\">Est\u00e1 <\/em><strong style=\"font-size: 16px;\"><em>vinculada de manera \u00fanica<\/em><\/strong><em style=\"font-size: 16px;\"> al firmante.<\/em><\/li>\r\n<li><em style=\"font-size: 16px;\">Permite la <\/em><strong style=\"font-size: 16px;\"><em>identificaci\u00f3n del firmante<\/em><\/strong><em style=\"font-size: 16px;\">.<\/em><\/li>\r\n<li><em style=\"font-size: 16px;\">Ha sido creada utilizando datos de creaci\u00f3n de la firma electr\u00f3nica que el<\/em><strong style=\"font-size: 16px;\"><em> firmante puede utilizar bajo su exclusivo control,<\/em><\/strong><em style=\"font-size: 16px;\"> con un alto nivel de confianza.<\/em><\/li>\r\n<li><em>Est\u00e1 vinculada a los datos firmados de tal manera que <\/em><strong><em>cualquier modificaci\u00f3n posterior de los mismos sea detectable<\/em><\/strong><em>.<\/em><\/li>\r\n<\/ul>\r\n<p><!-- wp:list-item --><strong><em>Firma electr\u00f3nica cualificada:<\/em><\/strong><em> Es una firma electr\u00f3nica avanzada creada mediante un dispositivo cualificado de creaci\u00f3n de firmas electr\u00f3nicas y basada en un certificado cualificado..<\/em><\/p>\r\n<h2><strong style=\"font-size: 16px;\">Efectos jur\u00eddicos de nuestras soluciones tecnol\u00f3gicas<\/strong><\/h2>\r\n<!-- \/wp:list-item --><!-- \/wp:paragraph -->\r\n<p><!-- wp:paragraph --><em>Estos cambios incluyen:<\/em><\/p>\r\n<!-- wp:list -->\r\n<ul>\r\n<li style=\"list-style-type: none;\">\r\n<ul><!-- wp:list-item -->\r\n<li><strong><em>Creaci\u00f3n del procedimiento de apercibimiento<\/em><\/strong><em>: Este nuevo procedimiento es m\u00e1s flexible y r\u00e1pido, con una duraci\u00f3n m\u00e1xima de seis meses. Este cambio tiene implicaciones directas en c\u00f3mo las empresas, incluyendo Viafirma, deben manejar los datos personales y garantizar su protecci\u00f3n.<\/em><\/li>\r\n<!-- \/wp:list-item -->\r\n\r\n<!-- wp:list-item -->\r\n<li><strong><em>Actuaciones de investigaci\u00f3n a trav\u00e9s de sistemas digitales remotos<\/em><\/strong><em>: Se ha introducido la opci\u00f3n de realizar investigaciones no solo presenciales sino tambi\u00e9n remotas.<\/em><\/li>\r\n<\/ul>\r\n<\/li>\r\n<\/ul>\r\n<!-- \/wp:list-item --><!-- \/wp:list -->\r\n<p><!-- wp:paragraph --><em>Viafirma se mantiene al d\u00eda con estos cambios y se asegura de que nuestras soluciones de firma electr\u00f3nica est\u00e9n en l\u00ednea con las \u00faltimas actualizaciones del RGPD. Al utilizar las soluciones de Viafirma, las empresas pueden estar seguras de que est\u00e1n cumpliendo con el RGPD y las modificaciones recientes de la LOPDGDD, respetando la privacidad de los datos personales de sus clientes y empleados.<\/em><\/p><!-- \/wp:paragraph --><!-- \/wp:paragraph -->\r\n<p><!-- wp:paragraph --><em>En este sentido, las soluciones de firma electr\u00f3nica de Viafirma garantizan que<\/em><strong><em> el consentimiento del usuario se obtiene de manera informada y expl\u00edcita<\/em><\/strong><em>, cumpliendo as\u00ed con uno de los requisitos fundamentales del RGPD.<\/em><\/p>\r\n<!-- wp:list {\"ordered\":true,\"start\":2} -->\r\n<ol start=\"2\">\r\n<li style=\"list-style-type: none;\">\r\n<ol start=\"2\"><!-- wp:list-item -->\r\n<li><strong><em>Modificaciones recientes en el RGPD<\/em><\/strong><\/li>\r\n<\/ol>\r\n<\/li>\r\n<\/ol>\r\n<!-- \/wp:list-item --><!-- \/wp:list -->\r\n<p><!-- wp:paragraph --><em>Recientemente, a trav\u00e9s de la<\/em> <a href=\"https:\/\/www.boe.es\/boe\/dias\/2023\/05\/09\/pdfs\/BOE-A-2023-11022.pdf\" target=\"_blank\" rel=\"noopener\"><em>Ley 11\/2023, de 8 de mayo (Ley 11\/2023)<\/em><\/a><em> se han introducido algunas modificaciones en la<\/em> <a href=\"https:\/\/www.boe.es\/buscar\/act.php?id=BOE-A-2018-16673\" target=\"_blank\" rel=\"noopener\"><em>Ley Org\u00e1nica 3\/2018, de 5 de diciembre, de Protecci\u00f3n de Datos Personales y garant\u00eda de los derechos digitales (LOPDGDD)<\/em><\/a> <strong><em>en Espa\u00f1a.<\/em><\/strong><em> El fin de dichos cambios es<\/em><strong><em> modernizar y agilizar los procedimientos <\/em><\/strong><em>ante la Agencia Espa\u00f1ola de Protecci\u00f3n de Datos (\u201cAEPD\u201d) en defensa de los derechos de los ciudadanos.\u00a0<\/em><\/p>\r\n<!-- \/wp:paragraph -->\r\n<p><!-- wp:paragraph --><em>Estos cambios incluyen:<\/em><\/p>\r\n<!-- wp:list -->\r\n<ul>\r\n<li style=\"list-style-type: none;\">\r\n<ul><!-- wp:list-item -->\r\n<li><strong><em>Creaci\u00f3n del procedimiento de apercibimiento<\/em><\/strong><em>: Este nuevo procedimiento es m\u00e1s flexible y r\u00e1pido, con una duraci\u00f3n m\u00e1xima de seis meses. Este cambio tiene implicaciones directas en c\u00f3mo las empresas, incluyendo Viafirma, deben manejar los datos personales y garantizar su protecci\u00f3n.<\/em><\/li>\r\n<!-- \/wp:list-item -->\r\n\r\n<!-- wp:list-item -->\r\n<li><strong><em>Actuaciones de investigaci\u00f3n a trav\u00e9s de sistemas digitales remotos<\/em><\/strong><em>: Se ha introducido la opci\u00f3n de realizar investigaciones no solo presenciales sino tambi\u00e9n remotas.<\/em><\/li>\r\n<\/ul>\r\n<\/li>\r\n<\/ul>\r\n<!-- \/wp:list-item --><!-- \/wp:list -->\r\n<p><!-- wp:paragraph --><em>Viafirma se mantiene al d\u00eda con estos cambios y se asegura de que nuestras soluciones de firma electr\u00f3nica est\u00e9n en l\u00ednea con las \u00faltimas actualizaciones del RGPD. Al utilizar las soluciones de Viafirma, las empresas pueden estar seguras de que est\u00e1n cumpliendo con el RGPD y las modificaciones recientes de la LOPDGDD, respetando la privacidad de los datos personales de sus clientes y empleados.<\/em><\/p><!-- \/wp:post-content --><!-- \/wp:paragraph -->\r\n<p><!-- wp:paragraph --><em>El <\/em><a href=\"https:\/\/www.boe.es\/doue\/2016\/119\/L00001-00088.pdf\" target=\"_blank\" rel=\"noopener\"><em>Reglamento General de Protecci\u00f3n de Datos (RGPD)<\/em><\/a><em> es una normativa que fue aprobada por la Uni\u00f3n Europea (UE) con el objetivo de contar con una pol\u00edtica de protecci\u00f3n de datos \u00fanica en todo el territorio<\/em><em>. Desde su entrada en vigor el 25 de mayo de 2018, las empresas e instituciones que custodian, procesan o simplemente tratan con informaci\u00f3n de car\u00e1cter personal deben cumplir con esta normativa. En este contexto, las soluciones de firma electr\u00f3nica de Viafirma<\/em><strong><em> se han dise\u00f1ado y desarrollado para cumplir plenamente con el RGPD<\/em><\/strong><em>.<\/em><\/p>\r\n<!-- wp:list {\"ordered\":true} -->\r\n<ol>\r\n<li style=\"list-style-type: none;\">\r\n<ol><!-- wp:list-item -->\r\n<li><strong><em>Consentimiento informado y protecci\u00f3n de datos<\/em><\/strong><\/li>\r\n<\/ol>\r\n<\/li>\r\n<\/ol>\r\n<!-- \/wp:list-item --><!-- \/wp:list -->\r\n<p><!-- wp:paragraph --><em>Uno de los aspectos clave del RGPD es el consentimiento informado. El RGPD establece la obligaci\u00f3n de <\/em><strong><em>adoptar medidas de seguridad ajustadas a los riesgos espec\u00edficos para la privacidad en cada empresa<\/em><\/strong><em>.<\/em><\/p>\r\n<!-- \/wp:paragraph -->\r\n<p><!-- wp:paragraph --><em>En este sentido, las soluciones de firma electr\u00f3nica de Viafirma garantizan que<\/em><strong><em> el consentimiento del usuario se obtiene de manera informada y expl\u00edcita<\/em><\/strong><em>, cumpliendo as\u00ed con uno de los requisitos fundamentales del RGPD.<\/em><\/p>\r\n<!-- wp:list {\"ordered\":true,\"start\":2} -->\r\n<ol start=\"2\">\r\n<li style=\"list-style-type: none;\">\r\n<ol start=\"2\"><!-- wp:list-item -->\r\n<li><strong><em>Modificaciones recientes en el RGPD<\/em><\/strong><\/li>\r\n<\/ol>\r\n<\/li>\r\n<\/ol>\r\n<!-- \/wp:list-item --><!-- \/wp:list -->\r\n<p><!-- wp:paragraph --><em>Recientemente, a trav\u00e9s de la<\/em> <a href=\"https:\/\/www.boe.es\/boe\/dias\/2023\/05\/09\/pdfs\/BOE-A-2023-11022.pdf\" target=\"_blank\" rel=\"noopener\"><em>Ley 11\/2023, de 8 de mayo (Ley 11\/2023)<\/em><\/a><em> se han introducido algunas modificaciones en la<\/em> <a href=\"https:\/\/www.boe.es\/buscar\/act.php?id=BOE-A-2018-16673\" target=\"_blank\" rel=\"noopener\"><em>Ley Org\u00e1nica 3\/2018, de 5 de diciembre, de Protecci\u00f3n de Datos Personales y garant\u00eda de los derechos digitales (LOPDGDD)<\/em><\/a> <strong><em>en Espa\u00f1a.<\/em><\/strong><em> El fin de dichos cambios es<\/em><strong><em> modernizar y agilizar los procedimientos <\/em><\/strong><em>ante la Agencia Espa\u00f1ola de Protecci\u00f3n de Datos (\u201cAEPD\u201d) en defensa de los derechos de los ciudadanos.\u00a0<\/em><\/p>\r\n<!-- \/wp:paragraph -->\r\n<p><!-- wp:paragraph --><em>Estos cambios incluyen:<\/em><\/p>\r\n<!-- wp:list -->\r\n<ul>\r\n<li style=\"list-style-type: none;\">\r\n<ul><!-- wp:list-item -->\r\n<li><strong><em>Creaci\u00f3n del procedimiento de apercibimiento<\/em><\/strong><em>: Este nuevo procedimiento es m\u00e1s flexible y r\u00e1pido, con una duraci\u00f3n m\u00e1xima de seis meses. Este cambio tiene implicaciones directas en c\u00f3mo las empresas, incluyendo Viafirma, deben manejar los datos personales y garantizar su protecci\u00f3n.<\/em><\/li>\r\n<!-- \/wp:list-item -->\r\n\r\n<!-- wp:list-item -->\r\n<li><strong><em>Actuaciones de investigaci\u00f3n a trav\u00e9s de sistemas digitales remotos<\/em><\/strong><em>: Se ha introducido la opci\u00f3n de realizar investigaciones no solo presenciales sino tambi\u00e9n remotas.<\/em><\/li>\r\n<\/ul>\r\n<\/li>\r\n<\/ul>\r\n<!-- \/wp:list-item --><!-- \/wp:list -->\r\n<p><!-- wp:paragraph --><em>Viafirma se mantiene al d\u00eda con estos cambios y se asegura de que nuestras soluciones de firma electr\u00f3nica est\u00e9n en l\u00ednea con las \u00faltimas actualizaciones del RGPD. Al utilizar las soluciones de Viafirma, las empresas pueden estar seguras de que est\u00e1n cumpliendo con el RGPD y las modificaciones recientes de la LOPDGDD, respetando la privacidad de los datos personales de sus clientes y empleados.<\/em><\/p><!-- \/wp:post-content --><!-- \/wp:paragraph -->\r\n<p><!-- wp:paragraph --><em>Elige firma simple, avanzada o cualificada seg\u00fan tus necesidades, dentro del marco legal m\u00e1s exigente del mundo en materia de identidad digital. Las soluciones ofrecidas por Viafirma<\/em><strong><em> tienen garant\u00eda jur\u00eddica y los efectos jur\u00eddicos <\/em><\/strong><em>de las firmas electr\u00f3nicas establecidos en el art\u00edculo 25 del reglamento eIDAS:<\/em><\/p>\r\n<!-- wp:list -->\r\n<ul>\r\n<li style=\"list-style-type: none;\">\r\n<ul><!-- wp:list-item -->\r\n<li><em>La firma electr\u00f3nica no ser\u00e1 denegada a efectos jur\u00eddicos ni admisibilidad como prueba en procedimientos judiciales \u00fanicamente por ser electr\u00f3nica o no cumplir con los requisitos de una firma electr\u00f3nica cualificada.<\/em><\/li>\r\n<!-- \/wp:list-item -->\r\n\r\n<!-- wp:list-item -->\r\n<li><em>Una <\/em><strong><em>firma electr\u00f3nica cualificada tendr\u00e1 un efecto jur\u00eddico equivalente al de una firma manuscrita<\/em><\/strong><em>.<\/em><\/li>\r\n<!-- \/wp:list-item -->\r\n\r\n<!-- wp:list-item -->\r\n<li><em>Una firma electr\u00f3nica cualificada basada en un certificado cualificado emitido en un Estado miembro<\/em><strong><em> ser\u00e1 reconocida como tal en todos los dem\u00e1s Estados miembros.<\/em><\/strong><\/li>\r\n<\/ul>\r\n<\/li>\r\n<\/ul>\r\n<h2><strong style=\"font-size: 16px;\">Garant\u00eda jur\u00eddica a nivel internacional<\/strong><\/h2>\r\n<!-- \/wp:list-item --><!-- \/wp:list -->\r\n<p><!-- wp:paragraph --><em>Las soluciones de firma electr\u00f3nica de Viafirma<\/em><strong><em> se ajustan a los requisitos legales<\/em><\/strong><em> de la Uni\u00f3n Europea, EEUU, Canad\u00e1 y Latinoam\u00e9rica.<\/em><\/p>\r\n<!-- \/wp:paragraph -->\r\n<p><!-- wp:paragraph --><em>\u00bfTienes dudas y quieres comprobar si Viafirma se adecua a la normativa vigente de tu pa\u00eds? Conoce en detalle el <\/em><strong><em>marco legal de cada uno de los pa\u00edses<\/em><\/strong><em> en los que Viafirma est\u00e1 presente. <a href=\"https:\/\/www.viafirma.com\/es\/marco-legal-de-las-soluciones-de-firma-digital-electronica-de-viafirma\/\">Ver detalle<\/a><\/em><\/p>\r\n<h2><!-- \/wp:paragraph --><\/h2>\r\n<p><!-- wp:paragraph --><strong>Protecci\u00f3n de datos<\/strong><\/p>\r\n<!-- \/wp:paragraph -->\r\n<p><!-- wp:paragraph --><em>Todas las soluciones de Viafirma son extremadamente responsables con los datos personales y cumplen el nuevo RGPD en todos sus aspectos.\u00a0<\/em><\/p>\r\n<!-- \/wp:paragraph -->\r\n<p><!-- wp:paragraph --><em>El <\/em><a href=\"https:\/\/www.boe.es\/doue\/2016\/119\/L00001-00088.pdf\" target=\"_blank\" rel=\"noopener\"><em>Reglamento General de Protecci\u00f3n de Datos (RGPD)<\/em><\/a><em> es una normativa que fue aprobada por la Uni\u00f3n Europea (UE) con el objetivo de contar con una pol\u00edtica de protecci\u00f3n de datos \u00fanica en todo el territorio<\/em><em>. Desde su entrada en vigor el 25 de mayo de 2018, las empresas e instituciones que custodian, procesan o simplemente tratan con informaci\u00f3n de car\u00e1cter personal deben cumplir con esta normativa. En este contexto, las soluciones de firma electr\u00f3nica de Viafirma<\/em><strong><em> se han dise\u00f1ado y desarrollado para cumplir plenamente con el RGPD<\/em><\/strong><em>.<\/em><\/p>\r\n<!-- wp:list {\"ordered\":true} -->\r\n<ol>\r\n<li style=\"list-style-type: none;\">\r\n<ol><!-- wp:list-item -->\r\n<li><strong><em>Consentimiento informado y protecci\u00f3n de datos<\/em><\/strong><\/li>\r\n<\/ol>\r\n<\/li>\r\n<\/ol>\r\n<!-- \/wp:list-item --><!-- \/wp:list -->\r\n<p><!-- wp:paragraph --><em>Uno de los aspectos clave del RGPD es el consentimiento informado. El RGPD establece la obligaci\u00f3n de <\/em><strong><em>adoptar medidas de seguridad ajustadas a los riesgos espec\u00edficos para la privacidad en cada empresa<\/em><\/strong><em>.<\/em><\/p>\r\n<!-- \/wp:paragraph -->\r\n<p><!-- wp:paragraph --><em>En este sentido, las soluciones de firma electr\u00f3nica de Viafirma garantizan que<\/em><strong><em> el consentimiento del usuario se obtiene de manera informada y expl\u00edcita<\/em><\/strong><em>, cumpliendo as\u00ed con uno de los requisitos fundamentales del RGPD.<\/em><\/p>\r\n<!-- wp:list {\"ordered\":true,\"start\":2} -->\r\n<ol start=\"2\">\r\n<li style=\"list-style-type: none;\">\r\n<ol start=\"2\"><!-- wp:list-item -->\r\n<li><strong><em>Modificaciones recientes en el RGPD<\/em><\/strong><\/li>\r\n<\/ol>\r\n<\/li>\r\n<\/ol>\r\n<!-- \/wp:list-item --><!-- \/wp:list -->\r\n<p><!-- wp:paragraph --><em>Recientemente, a trav\u00e9s de la<\/em> <a href=\"https:\/\/www.boe.es\/boe\/dias\/2023\/05\/09\/pdfs\/BOE-A-2023-11022.pdf\" target=\"_blank\" rel=\"noopener\"><em>Ley 11\/2023, de 8 de mayo (Ley 11\/2023)<\/em><\/a><em> se han introducido algunas modificaciones en la<\/em> <a href=\"https:\/\/www.boe.es\/buscar\/act.php?id=BOE-A-2018-16673\" target=\"_blank\" rel=\"noopener\"><em>Ley Org\u00e1nica 3\/2018, de 5 de diciembre, de Protecci\u00f3n de Datos Personales y garant\u00eda de los derechos digitales (LOPDGDD)<\/em><\/a> <strong><em>en Espa\u00f1a.<\/em><\/strong><em> El fin de dichos cambios es<\/em><strong><em> modernizar y agilizar los procedimientos <\/em><\/strong><em>ante la Agencia Espa\u00f1ola de Protecci\u00f3n de Datos (\u201cAEPD\u201d) en defensa de los derechos de los ciudadanos.\u00a0<\/em><\/p>\r\n<!-- \/wp:paragraph -->\r\n<p><!-- wp:paragraph --><em>Estos cambios incluyen:<\/em><\/p>\r\n<!-- wp:list -->\r\n<ul>\r\n<li style=\"list-style-type: none;\">\r\n<ul><!-- wp:list-item -->\r\n<li><strong><em>Creaci\u00f3n del procedimiento de apercibimiento<\/em><\/strong><em>: Este nuevo procedimiento es m\u00e1s flexible y r\u00e1pido, con una duraci\u00f3n m\u00e1xima de seis meses. Este cambio tiene implicaciones directas en c\u00f3mo las empresas, incluyendo Viafirma, deben manejar los datos personales y garantizar su protecci\u00f3n.<\/em><\/li>\r\n<!-- \/wp:list-item -->\r\n\r\n<!-- wp:list-item -->\r\n<li><strong><em>Actuaciones de investigaci\u00f3n a trav\u00e9s de sistemas digitales remotos<\/em><\/strong><em>: Se ha introducido la opci\u00f3n de realizar investigaciones no solo presenciales sino tambi\u00e9n remotas.<\/em><\/li>\r\n<\/ul>\r\n<\/li>\r\n<\/ul>\r\n<!-- \/wp:list-item --><!-- \/wp:list -->\r\n<p><!-- wp:paragraph --><em>Viafirma se mantiene al d\u00eda con estos cambios y se asegura de que nuestras soluciones de firma electr\u00f3nica est\u00e9n en l\u00ednea con las \u00faltimas actualizaciones del RGPD. Al utilizar las soluciones de Viafirma, las empresas pueden estar seguras de que est\u00e1n cumpliendo con el RGPD y las modificaciones recientes de la LOPDGDD, respetando la privacidad de los datos personales de sus clientes y empleados.<\/em><\/p><!-- \/wp:post-content -->","protected":false},"excerpt":{"rendered":"Garant\u00eda de Validez Jur\u00eddica: Tu Firma Electr\u00f3nica con Viafirma Viafirma...","protected":false},"author":19,"featured_media":0,"parent":0,"menu_order":0,"comment_status":"closed","ping_status":"closed","template":"","meta":{"_acf_changed":false,"site-sidebar-layout":"no-sidebar","site-content-layout":"plain-container","ast-site-content-layout":"default","site-content-style":"default","site-sidebar-style":"default","ast-global-header-display":"","ast-banner-title-visibility":"","ast-main-header-display":"","ast-hfb-above-header-display":"","ast-hfb-below-header-display":"","ast-hfb-mobile-header-display":"","site-post-title":"disabled","ast-breadcrumbs-content":"","ast-featured-img":"disabled","footer-sml-layout":"","ast-disable-related-posts":"","theme-transparent-header-meta":"default","adv-header-id-meta":"","stick-header-meta":"default","header-above-stick-meta":"","header-main-stick-meta":"","header-below-stick-meta":"","astra-migrate-meta-layouts":"set","ast-page-background-enabled":"default","ast-page-background-meta":{"desktop":{"background-color":"var(--ast-global-color-4)","background-image":"","background-repeat":"repeat","background-position":"center center","background-size":"auto","background-attachment":"scroll","background-type":"","background-media":"","overlay-type":"","overlay-color":"","overlay-opacity":"","overlay-gradient":""},"tablet":{"background-color":"","background-image":"","background-repeat":"repeat","background-position":"center center","background-size":"auto","background-attachment":"scroll","background-type":"","background-media":"","overlay-type":"","overlay-color":"","overlay-opacity":"","overlay-gradient":""},"mobile":{"background-color":"","background-image":"","background-repeat":"repeat","background-position":"center center","background-size":"auto","background-attachment":"scroll","background-type":"","background-media":"","overlay-type":"","overlay-color":"","overlay-opacity":"","overlay-gradient":""}},"ast-content-background-meta":{"desktop":{"background-color":"var(--ast-global-color-5)","background-image":"","background-repeat":"repeat","background-position":"center center","background-size":"auto","background-attachment":"scroll","background-type":"","background-media":"","overlay-type":"","overlay-color":"","overlay-opacity":"","overlay-gradient":""},"tablet":{"background-color":"var(--ast-global-color-5)","background-image":"","background-repeat":"repeat","background-position":"center center","background-size":"auto","background-attachment":"scroll","background-type":"","background-media":"","overlay-type":"","overlay-color":"","overlay-opacity":"","overlay-gradient":""},"mobile":{"background-color":"var(--ast-global-color-5)","background-image":"","background-repeat":"repeat","background-position":"center center","background-size":"auto","background-attachment":"scroll","background-type":"","background-media":"","overlay-type":"","overlay-color":"","overlay-opacity":"","overlay-gradient":""}},"footnotes":""},"categories":[],"tags":[],"class_list":["post-32302","page","type-page","status-publish","hentry"],"acf":[],"_links":{"self":[{"href":"https:\/\/www.viafirma.com\/es\/wp-json\/wp\/v2\/pages\/32302","targetHints":{"allow":["GET"]}}],"collection":[{"href":"https:\/\/www.viafirma.com\/es\/wp-json\/wp\/v2\/pages"}],"about":[{"href":"https:\/\/www.viafirma.com\/es\/wp-json\/wp\/v2\/types\/page"}],"author":[{"embeddable":true,"href":"https:\/\/www.viafirma.com\/es\/wp-json\/wp\/v2\/users\/19"}],"replies":[{"embeddable":true,"href":"https:\/\/www.viafirma.com\/es\/wp-json\/wp\/v2\/comments?post=32302"}],"version-history":[{"count":5,"href":"https:\/\/www.viafirma.com\/es\/wp-json\/wp\/v2\/pages\/32302\/revisions"}],"predecessor-version":[{"id":95664,"href":"https:\/\/www.viafirma.com\/es\/wp-json\/wp\/v2\/pages\/32302\/revisions\/95664"}],"wp:attachment":[{"href":"https:\/\/www.viafirma.com\/es\/wp-json\/wp\/v2\/media?parent=32302"}],"wp:term":[{"taxonomy":"category","embeddable":true,"href":"https:\/\/www.viafirma.com\/es\/wp-json\/wp\/v2\/categories?post=32302"},{"taxonomy":"post_tag","embeddable":true,"href":"https:\/\/www.viafirma.com\/es\/wp-json\/wp\/v2\/tags?post=32302"}],"curies":[{"name":"wp","href":"https:\/\/api.w.org\/{rel}","templated":true}]}}