{"id":33141,"date":"2024-01-29T08:26:03","date_gmt":"2024-01-29T07:26:03","guid":{"rendered":"https:\/\/www.viafirma.com\/?page_id=33141"},"modified":"2025-06-24T08:52:25","modified_gmt":"2025-06-24T06:52:25","slug":"autoridad-de-certificacion","status":"publish","type":"page","link":"https:\/\/www.viafirma.com\/es\/autoridad-de-certificacion\/","title":{"rendered":"Autoridad de certificaci\u00f3n"},"content":{"rendered":"<div class=\"wpb-content-wrapper\"><p>[vc_row][vc_column css=\u00bb.vc_custom_1750156039890{margin-top: 32px !important;}\u00bb][vc_column_text css=\u00bb\u00bb]<\/p>\n<h1 lang=\"es-ES\">Viafirma como Entidad de Certificaci\u00f3n oficial<\/h1>\n<p>[\/vc_column_text][vc_column_text css=\u00bb\u00bb]<span style=\"font-weight: 400;\">Viafirma es una Entidad de Certificaci\u00f3n oficial en varios pa\u00edses, con presencia internacional y un s\u00f3lido compromiso con la seguridad y la autenticaci\u00f3n digital. Estamos respaldados legal y t\u00e9cnicamente para emitir, renovar y revocar certificados digitales, fundamentales para garantizar la correcta autenticaci\u00f3n, integridad y validez jur\u00eddica de las firmas electr\u00f3nicas.<\/span>[\/vc_column_text][\/vc_column][\/vc_row][vc_row el_class=\u00bbvf_home_3&#8243;][vc_column css_animation=\u00bbfadeInLeft\u00bb width=\u00bb1\/2&#8243; el_class=\u00bbbr16&#8243;][vc_single_image image=\u00bb33161&#8243; img_size=\u00bb600&#215;400&#8243; css=\u00bb.vc_custom_1750745101087{margin-top: 16px !important;}\u00bb el_class=\u00bbbr16&#8243;][\/vc_column][vc_column css_animation=\u00bbfadeInRight\u00bb width=\u00bb1\/2&#8243;][vc_column_text css=\u00bb.vc_custom_1750675986223{padding-top: 8px !important;padding-right: 8px !important;padding-bottom: 8px !important;padding-left: 8px !important;}\u00bb]<\/p>\n<h2 style=\"text-align: left;\"><span style=\"font-weight: 400;\">\u00bfPara qu\u00e9 puedo usar un certificado digital?<\/span><\/h2>\n<p>[\/vc_column_text][vc_row_inner][vc_column_inner][vc_column_text css=\u00bb\u00bb]<\/p>\n<ul>\n<li><i class=\"fa fa-check\"><\/i>Para firmar tus documentos personales<\/li>\n<li><i class=\"fa fa-check\"><\/i><span style=\"font-weight: 400;\">Para identificarte ante la administraci\u00f3n <\/span><\/li>\n<li><i class=\"fa fa-check\"><\/i><span style=\"font-weight: 400;\">Para firmar documentos en nombre de tu empresa<\/span><\/li>\n<li><i class=\"fa fa-check\"><\/i><span style=\"font-weight: 400;\">Para realizar tr\u00e1mites ante organismos p\u00fablicos<\/span><\/li>\n<li><i class=\"fa fa-check\"><\/i><span style=\"font-weight: 400;\">Para automatizar procesos de facturaci\u00f3n electr\u00f3nica ante la DGII<\/span><\/li>\n<\/ul>\n<p>[\/vc_column_text][\/vc_column_inner][\/vc_row_inner][\/vc_column][\/vc_row][vc_row][vc_column][vc_row_inner][vc_column_inner][vc_column_text css=\u00bb\u00bb]<b>Reconocimiento en m\u00faltiples pa\u00edses<\/b><br \/>\n<span style=\"font-weight: 400;\">Viafirma ha sido reconocida como Entidad de Certificaci\u00f3n en diferentes territorios:<\/span>[\/vc_column_text][\/vc_column_inner][\/vc_row_inner][vc_row_inner][vc_column_inner width=\u00bb1\/2&#8243;][vc_column_text css=\u00bb\u00bb]<\/p>\n<h2 style=\"text-align: left;\"><b>Rep\u00fablica Dominicana<\/b><\/h2>\n<p>[\/vc_column_text][vc_column_text css=\u00bb\u00bb]<span style=\"font-weight: 400;\">A trav\u00e9s de nuestra filial local, Avansi, nos convertimos en la primera entidad de certificaci\u00f3n autorizada por el <\/span><b>Instituto Dominicano de las Telecomunicaciones <\/b><span style=\"font-weight: 400;\">(Indotel) (<\/span><a href=\"https:\/\/www.viafirma.do\/download\/doc\/resolucion-166-06.pdf\" target=\"_blank\" rel=\"noopener\"><span style=\"font-weight: 400;\">Resoluci\u00f3n N\u00ba 166-06<\/span><\/a><span style=\"font-weight: 400;\">) en 2006. Desde entonces, hemos emitido certificados digitales con plena validez legal para ciudadanos, empresas y entidades gubernamentales.<\/span>[\/vc_column_text][vc_btn title=\u00bbREP\u00daBLICA DOMINICANA\u00bb css=\u00bb\u00bb link=\u00bburl:https%3A%2F%2Fwww.viafirma.do%2F|title:Firma%20electr%C3%B3nica\u00bb el_class=\u00bbvf_boton_azul\u00bb][\/vc_column_inner][vc_column_inner width=\u00bb1\/2&#8243;][vc_column_text css=\u00bb\u00bb]<\/p>\n<h2 style=\"text-align: left;\"><b>Colombia<\/b><\/h2>\n<p>[\/vc_column_text][vc_column_text css=\u00bb\u00bb]<span style=\"font-weight: 400;\">En marzo de 2025 fuimos acreditados oficialmente como Entidad de Certificaci\u00f3n por el <\/span><b>Organismo Nacional de Acreditaci\u00f3n de Colombia<\/b><span style=\"font-weight: 400;\"> (ONAC). <\/span><a href=\"https:\/\/onac.org.co\/certificados\/24-ECD-001.pdf\" target=\"_blank\" rel=\"noopener\"><span style=\"font-weight: 400;\">Esta certificaci\u00f3n<\/span><\/a><span style=\"font-weight: 400;\"> refuerza nuestro compromiso con la regi\u00f3n, permiti\u00e9ndonos emitir certificados de firma digital a personas jur\u00eddicas y ofrecer servicios de registro y estampado cronol\u00f3gico (Sello de Tiempo) en la generaci\u00f3n, transmisi\u00f3n y recepci\u00f3n de mensajes de datos.<\/span>[\/vc_column_text][vc_btn title=\u00bbCOLOMBIA\u00bb css=\u00bb\u00bb link=\u00bburl:https%3A%2F%2Fwww.viafirma.com.co%2F|title:Firma%20electr%C3%B3nica\u00bb el_class=\u00bbvf_boton_azul\u00bb][\/vc_column_inner][\/vc_row_inner][\/vc_column][\/vc_row]<\/p>\n<\/div>","protected":false},"excerpt":{"rendered":"[vc_row][vc_column css=\u00bb.vc_custom_1750156039890{margin-top: 32px !important;}\u00bb][vc_column_text css=\u00bb\u00bb] Viafirma como Entidad de Certificaci\u00f3n...","protected":false},"author":19,"featured_media":0,"parent":0,"menu_order":0,"comment_status":"closed","ping_status":"closed","template":"","meta":{"_acf_changed":false,"site-sidebar-layout":"no-sidebar","site-content-layout":"plain-container","ast-site-content-layout":"default","site-content-style":"default","site-sidebar-style":"default","ast-global-header-display":"","ast-banner-title-visibility":"","ast-main-header-display":"","ast-hfb-above-header-display":"","ast-hfb-below-header-display":"","ast-hfb-mobile-header-display":"","site-post-title":"disabled","ast-breadcrumbs-content":"","ast-featured-img":"disabled","footer-sml-layout":"","ast-disable-related-posts":"","theme-transparent-header-meta":"default","adv-header-id-meta":"","stick-header-meta":"default","header-above-stick-meta":"","header-main-stick-meta":"","header-below-stick-meta":"","astra-migrate-meta-layouts":"set","ast-page-background-enabled":"default","ast-page-background-meta":{"desktop":{"background-color":"var(--ast-global-color-4)","background-image":"","background-repeat":"repeat","background-position":"center center","background-size":"auto","background-attachment":"scroll","background-type":"","background-media":"","overlay-type":"","overlay-color":"","overlay-opacity":"","overlay-gradient":""},"tablet":{"background-color":"","background-image":"","background-repeat":"repeat","background-position":"center center","background-size":"auto","background-attachment":"scroll","background-type":"","background-media":"","overlay-type":"","overlay-color":"","overlay-opacity":"","overlay-gradient":""},"mobile":{"background-color":"","background-image":"","background-repeat":"repeat","background-position":"center center","background-size":"auto","background-attachment":"scroll","background-type":"","background-media":"","overlay-type":"","overlay-color":"","overlay-opacity":"","overlay-gradient":""}},"ast-content-background-meta":{"desktop":{"background-color":"var(--ast-global-color-5)","background-image":"","background-repeat":"repeat","background-position":"center center","background-size":"auto","background-attachment":"scroll","background-type":"","background-media":"","overlay-type":"","overlay-color":"","overlay-opacity":"","overlay-gradient":""},"tablet":{"background-color":"var(--ast-global-color-5)","background-image":"","background-repeat":"repeat","background-position":"center center","background-size":"auto","background-attachment":"scroll","background-type":"","background-media":"","overlay-type":"","overlay-color":"","overlay-opacity":"","overlay-gradient":""},"mobile":{"background-color":"var(--ast-global-color-5)","background-image":"","background-repeat":"repeat","background-position":"center center","background-size":"auto","background-attachment":"scroll","background-type":"","background-media":"","overlay-type":"","overlay-color":"","overlay-opacity":"","overlay-gradient":""}},"footnotes":""},"categories":[],"tags":[],"class_list":["post-33141","page","type-page","status-publish","hentry"],"acf":[],"_links":{"self":[{"href":"https:\/\/www.viafirma.com\/es\/wp-json\/wp\/v2\/pages\/33141","targetHints":{"allow":["GET"]}}],"collection":[{"href":"https:\/\/www.viafirma.com\/es\/wp-json\/wp\/v2\/pages"}],"about":[{"href":"https:\/\/www.viafirma.com\/es\/wp-json\/wp\/v2\/types\/page"}],"author":[{"embeddable":true,"href":"https:\/\/www.viafirma.com\/es\/wp-json\/wp\/v2\/users\/19"}],"replies":[{"embeddable":true,"href":"https:\/\/www.viafirma.com\/es\/wp-json\/wp\/v2\/comments?post=33141"}],"version-history":[{"count":0,"href":"https:\/\/www.viafirma.com\/es\/wp-json\/wp\/v2\/pages\/33141\/revisions"}],"wp:attachment":[{"href":"https:\/\/www.viafirma.com\/es\/wp-json\/wp\/v2\/media?parent=33141"}],"wp:term":[{"taxonomy":"category","embeddable":true,"href":"https:\/\/www.viafirma.com\/es\/wp-json\/wp\/v2\/categories?post=33141"},{"taxonomy":"post_tag","embeddable":true,"href":"https:\/\/www.viafirma.com\/es\/wp-json\/wp\/v2\/tags?post=33141"}],"curies":[{"name":"wp","href":"https:\/\/api.w.org\/{rel}","templated":true}]}}