{"id":33588,"date":"2024-02-05T11:47:59","date_gmt":"2024-02-05T10:47:59","guid":{"rendered":"https:\/\/www.viafirma.com\/?page_id=33588"},"modified":"2025-05-09T09:13:32","modified_gmt":"2025-05-09T07:13:32","slug":"fortress-videotutoriales","status":"publish","type":"page","link":"https:\/\/www.viafirma.com\/es\/fortress-videotutoriales\/","title":{"rendered":"Videotutoriales fortress"},"content":{"rendered":"<div class=\"wpb-content-wrapper\"><p>[vc_row][vc_column][vc_column_text]<\/p>\n<h1><strong>Fortress, una gu\u00eda en Videotutoriales<\/strong><\/h1>\n<p>[\/vc_column_text][\/vc_column][\/vc_row][vc_row el_class=\u00bbmb64&#8243; el_id=\u00bbnovedades\u00bb][vc_column][vc_column_text css=\u00bb\u00bb]En esta secci\u00f3n encontrar\u00e1s una serie de videotutoriales que te ayudar\u00e1n a comprender el uso de Viafirma Fortress:<\/p>\n<ul>\n<li><a href=\"https:\/\/www.viafirma.com\/es\/fortress-videotutoriales\/#creacion\">Creaci\u00f3n y activaci\u00f3n de usuarios<\/a><\/li>\n<li><a href=\"https:\/\/www.viafirma.com\/es\/fortress-videotutoriales\/#politica\">Pol\u00edticas de uso<\/a><\/li>\n<li><a href=\"https:\/\/www.viafirma.com\/es\/fortress-videotutoriales\/#ceder\">Ceder el uso del certificado<\/a><\/li>\n<li><a href=\"https:\/\/www.viafirma.com\/es\/fortress-videotutoriales\/#actividad\">Actividad<\/a><\/li>\n<\/ul>\n<p>[\/vc_column_text][\/vc_column][\/vc_row][vc_row el_class=\u00bbmb64 swaponmobile\u00bb el_id=\u00bbcreacion\u00bb][vc_column el_class=\u00bbswap-on-mobile\u00bb][vc_row_inner el_class=\u00bbswap-on-mobile\u00bb][vc_column_inner width=\u00bb1\/2&#8243;][vc_video link=\u00bbhttps:\/\/youtu.be\/ACChcmCyPY4&#8243; css=\u00bb\u00bb el_class=\u00bbbr16&#8243;][\/vc_column_inner][vc_column_inner width=\u00bb1\/2&#8243;][vc_column_text css=\u00bb.vc_custom_1746702408744{margin-top: 16px !important;}\u00bb]<\/p>\n<h4><strong>Creaci\u00f3n y activaci\u00f3n de usuarios<\/strong><\/h4>\n<p>[\/vc_column_text][vc_column_text css=\u00bb\u00bb]En este v\u00eddeo explicamos las diferentes posibilidades para crear usuarios en Viafirma Fortress:<\/p>\n<ul>\n<li>Creaci\u00f3n de una cuenta por parte del usuario mediante invitaci\u00f3n<\/li>\n<li>Creaci\u00f3n de una cuenta por un administrador<\/li>\n<li>Creaci\u00f3n masiva de usuarios<\/li>\n<\/ul>\n<p>[\/vc_column_text][\/vc_column_inner][\/vc_row_inner][\/vc_column][\/vc_row][vc_row el_class=\u00bbmb64&#8243; el_id=\u00bbpolitica\u00bb][vc_column][vc_row_inner el_class=\u00bbswap-on-mobile\u00bb][vc_column_inner width=\u00bb1\/2&#8243;][vc_video link=\u00bbhttps:\/\/youtu.be\/TOZPnuQi53o?si=FvkCO6jqLBu4j2iY\u00bb css=\u00bb\u00bb el_class=\u00bbbr16&#8243;][\/vc_column_inner][vc_column_inner width=\u00bb1\/2&#8243;][vc_column_text css=\u00bb.vc_custom_1746702446621{margin-top: 16px !important;}\u00bb]<\/p>\n<h4>Pol\u00edticas de uso<\/h4>\n<p>[\/vc_column_text][vc_column_text css=\u00bb\u00bb]En este tutorial os mostramos c\u00f3mo crear una pol\u00edtica de uso registrando los sitios web y configurando las aplicaciones de acceso para el certificado.[\/vc_column_text][\/vc_column_inner][\/vc_row_inner][\/vc_column][\/vc_row][vc_row el_class=\u00bbmb64&#8243; el_id=\u00bbceder\u00bb][vc_column][vc_row_inner el_class=\u00bbswap-on-mobile\u00bb][vc_column_inner width=\u00bb1\/2&#8243;][vc_video link=\u00bbhttps:\/\/youtu.be\/_YTKWJ1NiYE?si=vQ6eKBiFyt4jQzRE\u00bb css=\u00bb\u00bb el_class=\u00bbbr16&#8243;][\/vc_column_inner][vc_column_inner width=\u00bb1\/2&#8243;][vc_column_text css=\u00bb.vc_custom_1746702725302{margin-top: 16px !important;}\u00bb]<\/p>\n<h4 id=\"ceder-uso-certificado\" class=\"wp-block-heading\"><strong>Ceder el uso del certificado<\/strong><\/h4>\n<p>[\/vc_column_text][vc_column_text css=\u00bb\u00bb]En este videotutorial explicaremos c\u00f3mo monitorizar el uso de Viafirma Fortress desde el listado de actividad, donde se muestran las operaciones realizadas desde el sistema.[\/vc_column_text][\/vc_column_inner][\/vc_row_inner][\/vc_column][\/vc_row][vc_row el_class=\u00bbmb64&#8243; el_id=\u00bbactividad\u00bb][vc_column][vc_row_inner el_class=\u00bbswap-on-mobile\u00bb][vc_column_inner width=\u00bb1\/2&#8243;][vc_video link=\u00bbhttps:\/\/youtu.be\/Y58Yanr1lEI\u00bb css=\u00bb\u00bb el_class=\u00bbbr16&#8243;][\/vc_column_inner][vc_column_inner width=\u00bb1\/2&#8243;][vc_column_text css=\u00bb.vc_custom_1746702713654{margin-top: 16px !important;}\u00bb]<\/p>\n<h4>Actividad<\/h4>\n<p>[\/vc_column_text][vc_column_text css=\u00bb\u00bb]En esta gu\u00eda vemos c\u00f3mo ceder el uso de tu certificado desde Viafirma Fortress una vez has creado los usuarios y has configurado las pol\u00edticas de uso.[\/vc_column_text][\/vc_column_inner][\/vc_row_inner][\/vc_column][\/vc_row]<\/p>\n<\/div>","protected":false},"excerpt":{"rendered":"[vc_row][vc_column][vc_column_text] Fortress, una gu\u00eda en Videotutoriales [\/vc_column_text][\/vc_column][\/vc_row][vc_row el_class=\u00bbmb64&#8243; el_id=\u00bbnovedades\u00bb][vc_column][vc_column_text css=\u00bb\u00bb]En...","protected":false},"author":19,"featured_media":0,"parent":0,"menu_order":0,"comment_status":"closed","ping_status":"closed","template":"","meta":{"_acf_changed":false,"site-sidebar-layout":"no-sidebar","site-content-layout":"plain-container","ast-site-content-layout":"normal-width-container","site-content-style":"unboxed","site-sidebar-style":"unboxed","ast-global-header-display":"","ast-banner-title-visibility":"","ast-main-header-display":"","ast-hfb-above-header-display":"","ast-hfb-below-header-display":"","ast-hfb-mobile-header-display":"","site-post-title":"disabled","ast-breadcrumbs-content":"","ast-featured-img":"disabled","footer-sml-layout":"","ast-disable-related-posts":"","theme-transparent-header-meta":"default","adv-header-id-meta":"","stick-header-meta":"default","header-above-stick-meta":"","header-main-stick-meta":"","header-below-stick-meta":"","astra-migrate-meta-layouts":"set","ast-page-background-enabled":"default","ast-page-background-meta":{"desktop":{"background-color":"var(--ast-global-color-4)","background-image":"","background-repeat":"repeat","background-position":"center center","background-size":"auto","background-attachment":"scroll","background-type":"","background-media":"","overlay-type":"","overlay-color":"","overlay-opacity":"","overlay-gradient":""},"tablet":{"background-color":"","background-image":"","background-repeat":"repeat","background-position":"center center","background-size":"auto","background-attachment":"scroll","background-type":"","background-media":"","overlay-type":"","overlay-color":"","overlay-opacity":"","overlay-gradient":""},"mobile":{"background-color":"","background-image":"","background-repeat":"repeat","background-position":"center center","background-size":"auto","background-attachment":"scroll","background-type":"","background-media":"","overlay-type":"","overlay-color":"","overlay-opacity":"","overlay-gradient":""}},"ast-content-background-meta":{"desktop":{"background-color":"var(--ast-global-color-5)","background-image":"","background-repeat":"repeat","background-position":"center center","background-size":"auto","background-attachment":"scroll","background-type":"","background-media":"","overlay-type":"","overlay-color":"","overlay-opacity":"","overlay-gradient":""},"tablet":{"background-color":"var(--ast-global-color-5)","background-image":"","background-repeat":"repeat","background-position":"center center","background-size":"auto","background-attachment":"scroll","background-type":"","background-media":"","overlay-type":"","overlay-color":"","overlay-opacity":"","overlay-gradient":""},"mobile":{"background-color":"var(--ast-global-color-5)","background-image":"","background-repeat":"repeat","background-position":"center center","background-size":"auto","background-attachment":"scroll","background-type":"","background-media":"","overlay-type":"","overlay-color":"","overlay-opacity":"","overlay-gradient":""}},"footnotes":""},"categories":[],"tags":[],"class_list":["post-33588","page","type-page","status-publish","hentry"],"acf":[],"_links":{"self":[{"href":"https:\/\/www.viafirma.com\/es\/wp-json\/wp\/v2\/pages\/33588","targetHints":{"allow":["GET"]}}],"collection":[{"href":"https:\/\/www.viafirma.com\/es\/wp-json\/wp\/v2\/pages"}],"about":[{"href":"https:\/\/www.viafirma.com\/es\/wp-json\/wp\/v2\/types\/page"}],"author":[{"embeddable":true,"href":"https:\/\/www.viafirma.com\/es\/wp-json\/wp\/v2\/users\/19"}],"replies":[{"embeddable":true,"href":"https:\/\/www.viafirma.com\/es\/wp-json\/wp\/v2\/comments?post=33588"}],"version-history":[{"count":0,"href":"https:\/\/www.viafirma.com\/es\/wp-json\/wp\/v2\/pages\/33588\/revisions"}],"wp:attachment":[{"href":"https:\/\/www.viafirma.com\/es\/wp-json\/wp\/v2\/media?parent=33588"}],"wp:term":[{"taxonomy":"category","embeddable":true,"href":"https:\/\/www.viafirma.com\/es\/wp-json\/wp\/v2\/categories?post=33588"},{"taxonomy":"post_tag","embeddable":true,"href":"https:\/\/www.viafirma.com\/es\/wp-json\/wp\/v2\/tags?post=33588"}],"curies":[{"name":"wp","href":"https:\/\/api.w.org\/{rel}","templated":true}]}}