{"id":34175,"date":"2024-02-12T11:55:06","date_gmt":"2024-02-12T10:55:06","guid":{"rendered":"https:\/\/www.viafirma.com\/?page_id=34175"},"modified":"2025-08-18T12:36:35","modified_gmt":"2025-08-18T10:36:35","slug":"documents","status":"publish","type":"page","link":"https:\/\/www.viafirma.com\/es\/documents\/","title":{"rendered":"Viafirma Documents: Soluci\u00f3n de firma digital de documentos"},"content":{"rendered":"<div class=\"wpb-content-wrapper\"><p>[vc_row full_height=\u00bbyes\u00bb equal_height=\u00bbyes\u00bb content_placement=\u00bbmiddle\u00bb css=\u00bb.vc_custom_1706004618389{background-image: url(https:\/\/www.viafirma.com\/wp-content\/uploads\/2023\/11\/background-scaled.webp?id=30037) !important;}\u00bb el_class=\u00bbvf_home_1&#8243;][vc_column][vc_row_inner equal_height=\u00bbyes\u00bb content_placement=\u00bbmiddle\u00bb el_class=\u00bbswap-on-mobile\u00bb][vc_column_inner width=\u00bb1\/2&#8243;][vc_column_text css_animation=\u00bbleft-to-right\u00bb]<\/p>\n<h1 class=\"white\">Firma digital de documentos<\/h1>\n<p>[\/vc_column_text][vc_btn title=\u00bbCONTACTAR\u00bb el_class=\u00bbvf_boton_naranja\u00bb link=\u00bburl:https%3A%2F%2Fwww.viafirma.com%2Fes%2Fcontacto%2F|title:CONTACTAR\u00bb][vc_column_text]<a href=\"https:\/\/www.viafirma.com\/es\/solicita-una-demo\/\">Solicita una demo<\/a>[\/vc_column_text][\/vc_column_inner][vc_column_inner width=\u00bb1\/2&#8243;][vc_single_image image=\u00bb42174&#8243; img_size=\u00bb1000&#215;1000&#8243; css=\u00bb\u00bb][\/vc_column_inner][\/vc_row_inner][\/vc_column][\/vc_row][vc_row full_height=\u00bbyes\u00bb equal_height=\u00bbyes\u00bb content_placement=\u00bbmiddle\u00bb el_class=\u00bbvf_aplicacion_2 mb64&#8243;][vc_column width=\u00bb1\/2&#8243;][vc_column_text css_animation=\u00bbleft-to-right\u00bb]<\/p>\n<h2>Firma Digital<\/h2>\n<p>Firma aqu\u00ed o all\u00ed. Ahora o despu\u00e9s. Con nuestra potente soluci\u00f3n de firma digital adaptable a tus necesidades.[\/vc_column_text][vc_btn title=\u00bbPROBAR GRATIS\u00bb css_animation=\u00bbappear\u00bb el_class=\u00bbvf_boton_naranja\u00bb link=\u00bburl:https%3A%2F%2Fwww.viafirma.com%2Fes%2Fejemplos-de-firma-electronica%2F|target:_blank\u00bb][vc_column_text]<a href=\"#\">Ver v\u00eddeo <i class=\"fa fa-play\"><\/i><\/a>[\/vc_column_text][\/vc_column][vc_column css_animation=\u00bbtop-to-bottom\u00bb width=\u00bb1\/2&#8243;][vc_column_text]<strong>Prepara tus documentos<\/strong><\/p>\n<div class=\"wp-block-column is-layout-flow wp-container-6 wp-block-column-is-layout-flow\">\n<p class=\"has-text-align-center has-text-color\" style=\"text-align: left;\">Sube tus documentos en formato PDF, docx, odt y a\u00f1ade los campos<\/p>\n<\/div>\n<p>[\/vc_column_text][vc_column_text]<strong>Env\u00eda la solicitud<\/strong><\/p>\n<div class=\"wp-block-column is-layout-flow wp-container-8 wp-block-column-is-layout-flow\">\n<p class=\"has-text-align-center has-text-color\" style=\"text-align: left;\">A\u00f1ade los destinatarios y env\u00eda una solicitud por email o SMS.<\/p>\n<\/div>\n<p>[\/vc_column_text][vc_column_text]<strong>Firma de la solicitud<\/strong><\/p>\n<div class=\"wp-block-column is-layout-flow wp-container-8 wp-block-column-is-layout-flow\">\n<p class=\"has-text-align-center has-text-color\" style=\"text-align: left;\">El usuario recibe y firma la solicitud. Puedes seguir en todo momento el proceso de firma.<\/p>\n<\/div>\n<p>[\/vc_column_text][\/vc_column][\/vc_row][vc_row el_class=\u00bbvf_global\u00bb][vc_column][vc_raw_html]JTVCdmZzaG9ydGNvZGVzJTIwaWQlM0QlMjJtZWpvcl9zb2x1Y2lvbl9henVsJTIyJTIwdGV4dG8lM0QlMjJMYSUyMG1lam9yJTIwc29sdWNpJUMzJUIzbiUyMGRlJTIwJTJBYm9sZCUyQWZpcm1hJTIwZWxlY3RyJUMzJUIzbmljYSUyQSUyRmJvbGQlMkElMjBwYXJhJTIwdHUlMjBlbXByZXNhJTIyJTVE[\/vc_raw_html][\/vc_column][\/vc_row][vc_row el_class=\u00bbvf_global\u00bb][vc_column][vc_raw_html]JTVCdmZzaG9ydGNvZGVzJTIwaWQlM0QlMjJpbmZvX2FwaSUyMiU1RA==[\/vc_raw_html][\/vc_column][\/vc_row][vc_row full_height=\u00bbyes\u00bb equal_height=\u00bbyes\u00bb content_placement=\u00bbmiddle\u00bb el_class=\u00bbvf_aplicacion_8&#8243;][vc_column width=\u00bb1\/5&#8243;][vc_single_image image=\u00bb27710&#8243; img_size=\u00bbfull\u00bb alignment=\u00bbcenter\u00bb][\/vc_column][vc_column width=\u00bb1\/5&#8243;][vc_single_image image=\u00bb27712&#8243; img_size=\u00bbfull\u00bb alignment=\u00bbcenter\u00bb][\/vc_column][vc_column width=\u00bb1\/5&#8243;][vc_single_image image=\u00bb27714&#8243; img_size=\u00bbfull\u00bb alignment=\u00bbcenter\u00bb][\/vc_column][vc_column width=\u00bb1\/5&#8243;][vc_single_image image=\u00bb27716&#8243; img_size=\u00bbfull\u00bb alignment=\u00bbcenter\u00bb][\/vc_column][vc_column width=\u00bb1\/5&#8243;][vc_single_image image=\u00bb27718&#8243; img_size=\u00bbfull\u00bb alignment=\u00bbcenter\u00bb][\/vc_column][\/vc_row][vc_row el_class=\u00bbvf_aplicacion_4&#8243;][vc_column][vc_column_text]<\/p>\n<p style=\"text-align: center;\"><strong>P\u00e1sate a la firma electr\u00f3nica de documentos<br \/>\n<\/strong>La soluci\u00f3n de firma electr\u00f3nica m\u00e1s completa del mercado<\/p>\n<p>[\/vc_column_text][vc_row_inner el_class=\u00bbmb64&#8243;][vc_column_inner width=\u00bb1\/3&#8243;][vc_single_image source=\u00bbexternal_link\u00bb external_img_size=\u00bb50&#215;50&#8243; custom_src=\u00bbhttps:\/\/www.viafirma.com\/wp-content\/uploads\/2024\/02\/tick-1.svg\u00bb][vc_column_text]<strong>Firma desde cualquier lugar<\/strong><br \/>\nEnv\u00eda por email o SMS los documentos para firmar. El firmante podr\u00e1 firmar desde cualquier parte del mundo.<br \/>\n[\/vc_column_text][\/vc_column_inner][vc_column_inner width=\u00bb1\/3&#8243;][vc_single_image source=\u00bbexternal_link\u00bb external_img_size=\u00bb50&#215;50&#8243; custom_src=\u00bbhttps:\/\/www.viafirma.com\/wp-content\/uploads\/2024\/02\/tick-1.svg\u00bb][vc_column_text]<strong>Firma presencial<\/strong><br \/>\nFirma los documentos presencialmente a trav\u00e9s de una tablet (iPad, Wacom&#8230;) o smartphone\u200b[\/vc_column_text][\/vc_column_inner][vc_column_inner width=\u00bb1\/3&#8243;][vc_single_image source=\u00bbexternal_link\u00bb external_img_size=\u00bb50&#215;50&#8243; custom_src=\u00bbhttps:\/\/www.viafirma.com\/wp-content\/uploads\/2024\/02\/tick-1.svg\u00bb][vc_column_text]<strong>Firma con certificado digital<\/strong><br \/>\nFirma o env\u00eda solicitudes de firma a tus clientes para firmar con certificado digital\u200b[\/vc_column_text][\/vc_column_inner][\/vc_row_inner][vc_row_inner el_class=\u00bbmb64&#8243;][vc_column_inner width=\u00bb1\/3&#8243;][vc_single_image source=\u00bbexternal_link\u00bb external_img_size=\u00bb50&#215;50&#8243; custom_src=\u00bbhttps:\/\/www.viafirma.com\/wp-content\/uploads\/2024\/02\/tick-1.svg\u00bb][vc_column_text]<strong>Edici\u00f3n de plantillas<\/strong><br \/>\nCrea plantillas para agilizar el env\u00edo de firmas recurrentes: Contratos mensuales, n\u00f3minas&#8230;[\/vc_column_text][\/vc_column_inner][vc_column_inner width=\u00bb1\/3&#8243;][vc_single_image source=\u00bbexternal_link\u00bb external_img_size=\u00bb50&#215;50&#8243; custom_src=\u00bbhttps:\/\/www.viafirma.com\/wp-content\/uploads\/2024\/02\/tick-1.svg\u00bb][vc_column_text]<strong>Formularios personalizados<\/strong><br \/>\nRecoge los datos del firmante desde un formulario y a\u00f1ade la informaci\u00f3n al documento.\u200b[\/vc_column_text][\/vc_column_inner][vc_column_inner width=\u00bb1\/3&#8243;][vc_single_image source=\u00bbexternal_link\u00bb external_img_size=\u00bb50&#215;50&#8243; custom_src=\u00bbhttps:\/\/www.viafirma.com\/wp-content\/uploads\/2024\/02\/tick-1.svg\u00bb][vc_column_text]<strong>Audit trail<\/strong><br \/>\nTodo el proceso de firma auditado con todos los eventos recogidos de forma digital.[\/vc_column_text][\/vc_column_inner][\/vc_row_inner][vc_row_inner el_class=\u00bbmb64&#8243;][vc_column_inner width=\u00bb1\/3&#8243;][vc_single_image source=\u00bbexternal_link\u00bb external_img_size=\u00bb50&#215;50&#8243; custom_src=\u00bbhttps:\/\/www.viafirma.com\/wp-content\/uploads\/2024\/02\/tick-1.svg\u00bb][vc_column_text]<strong>Flujo de firmantes y documentos avanzado<\/strong><br \/>\nA\u00f1ade todos los participantes en la firma de un documento y decide el orden de firma de cada uno.[\/vc_column_text][\/vc_column_inner][vc_column_inner width=\u00bb1\/3&#8243;][vc_single_image source=\u00bbexternal_link\u00bb external_img_size=\u00bb50&#215;50&#8243; custom_src=\u00bbhttps:\/\/www.viafirma.com\/wp-content\/uploads\/2024\/02\/tick-1.svg\u00bb][vc_column_text]<strong>API para integraciones<\/strong><br \/>\nIntegra la soluci\u00f3n de firma m\u00e1s completa del mercado en tus aplicaciones favoritas.[\/vc_column_text][\/vc_column_inner][vc_column_inner width=\u00bb1\/3&#8243;][vc_single_image source=\u00bbexternal_link\u00bb external_img_size=\u00bb50&#215;50&#8243; custom_src=\u00bbhttps:\/\/www.viafirma.com\/wp-content\/uploads\/2024\/02\/tick-1.svg\u00bb][vc_column_text]<strong>SDK<\/strong><br \/>\nF\u00e1cil integraci\u00f3n de firma digital en tus aplicaciones Android e iOS[\/vc_column_text][\/vc_column_inner][\/vc_row_inner][\/vc_column][\/vc_row][vc_row el_class=\u00bbvf_global\u00bb][vc_column][vc_raw_html]JTVCdmZzaG9ydGNvZGVzJTIwaWQlM0QlMjJpbmZvX2dhcmFudGlhJTIyJTVE[\/vc_raw_html][\/vc_column][\/vc_row][vc_row el_class=\u00bbvf_global\u00bb][vc_column][vc_raw_html]JTVCdmZzaG9ydGNvZGVzJTIwaWQlM0QlMjJjbGllbnRlcyUyMiU1RA==[\/vc_raw_html][\/vc_column][\/vc_row][vc_row el_class=\u00bbvf_global\u00bb][vc_column][vc_raw_html]JTVCdmZzaG9ydGNvZGVzJTIwaWQlM0QlMjJtZWpvcl9zb2x1Y2lvbiUyMiUyMHRleHRvJTNEJTIyRmlybWElMjBkaWdpdGFsJTJDJTIwJTJBYm9sZCUyQWYlQzMlQTFjaWwlMkMlMjByJUMzJUExcGlkYSUyMHklMjBsZWdhbCUyQSUyRmJvbGQlMkElMjBjb24lMjBWaWFmaXJtYSUyMiU1RA==[\/vc_raw_html][\/vc_column][\/vc_row][vc_row el_class=\u00bbvf_global\u00bb][vc_column][vc_raw_html]JTVCdmZzaG9ydGNvZGVzJTIwaWQlM0QlMjJleHBlcmllbmNpYSUyMiU1RA==[\/vc_raw_html][\/vc_column][\/vc_row][vc_row el_class=\u00bbvf_global\u00bb][vc_column][vc_raw_html]JTVCdmZzaG9ydGNvZGVzJTIwaWQlM0QlMjJjb250YWN0byUyMiU1RA==[\/vc_raw_html][\/vc_column][\/vc_row][vc_row el_class=\u00bbvf_global\u00bb][vc_column][vc_raw_html]JTVCdmZzaG9ydGNvZGVzJTIwaWQlM0QlMjJwcmVndW50YXNfZnJlY3VlbnRlcyUyMiU1RA==[\/vc_raw_html][\/vc_column][\/vc_row]<\/p>\n<\/div>","protected":false},"excerpt":{"rendered":"[vc_row full_height=\u00bbyes\u00bb equal_height=\u00bbyes\u00bb content_placement=\u00bbmiddle\u00bb css=\u00bb.vc_custom_1706004618389{background-image: url(https:\/\/www.viafirma.com\/wp-content\/uploads\/2023\/11\/background-scaled.webp?id=30037) !important;}\u00bb el_class=\u00bbvf_home_1&#8243;][vc_column][vc_row_inner equal_height=\u00bbyes\u00bb content_placement=\u00bbmiddle\u00bb...","protected":false},"author":19,"featured_media":0,"parent":0,"menu_order":0,"comment_status":"closed","ping_status":"closed","template":"","meta":{"_acf_changed":false,"site-sidebar-layout":"no-sidebar","site-content-layout":"plain-container","ast-site-content-layout":"normal-width-container","site-content-style":"unboxed","site-sidebar-style":"unboxed","ast-global-header-display":"","ast-banner-title-visibility":"","ast-main-header-display":"","ast-hfb-above-header-display":"","ast-hfb-below-header-display":"","ast-hfb-mobile-header-display":"","site-post-title":"disabled","ast-breadcrumbs-content":"","ast-featured-img":"disabled","footer-sml-layout":"","ast-disable-related-posts":"","theme-transparent-header-meta":"default","adv-header-id-meta":"","stick-header-meta":"default","header-above-stick-meta":"","header-main-stick-meta":"","header-below-stick-meta":"","astra-migrate-meta-layouts":"set","ast-page-background-enabled":"default","ast-page-background-meta":{"desktop":{"background-color":"var(--ast-global-color-4)","background-image":"","background-repeat":"repeat","background-position":"center center","background-size":"auto","background-attachment":"scroll","background-type":"","background-media":"","overlay-type":"","overlay-color":"","overlay-opacity":"","overlay-gradient":""},"tablet":{"background-color":"","background-image":"","background-repeat":"repeat","background-position":"center center","background-size":"auto","background-attachment":"scroll","background-type":"","background-media":"","overlay-type":"","overlay-color":"","overlay-opacity":"","overlay-gradient":""},"mobile":{"background-color":"","background-image":"","background-repeat":"repeat","background-position":"center center","background-size":"auto","background-attachment":"scroll","background-type":"","background-media":"","overlay-type":"","overlay-color":"","overlay-opacity":"","overlay-gradient":""}},"ast-content-background-meta":{"desktop":{"background-color":"var(--ast-global-color-5)","background-image":"","background-repeat":"repeat","background-position":"center center","background-size":"auto","background-attachment":"scroll","background-type":"","background-media":"","overlay-type":"","overlay-color":"","overlay-opacity":"","overlay-gradient":""},"tablet":{"background-color":"var(--ast-global-color-5)","background-image":"","background-repeat":"repeat","background-position":"center center","background-size":"auto","background-attachment":"scroll","background-type":"","background-media":"","overlay-type":"","overlay-color":"","overlay-opacity":"","overlay-gradient":""},"mobile":{"background-color":"var(--ast-global-color-5)","background-image":"","background-repeat":"repeat","background-position":"center center","background-size":"auto","background-attachment":"scroll","background-type":"","background-media":"","overlay-type":"","overlay-color":"","overlay-opacity":"","overlay-gradient":""}},"footnotes":""},"categories":[],"tags":[],"class_list":["post-34175","page","type-page","status-publish","hentry"],"acf":[],"_links":{"self":[{"href":"https:\/\/www.viafirma.com\/es\/wp-json\/wp\/v2\/pages\/34175","targetHints":{"allow":["GET"]}}],"collection":[{"href":"https:\/\/www.viafirma.com\/es\/wp-json\/wp\/v2\/pages"}],"about":[{"href":"https:\/\/www.viafirma.com\/es\/wp-json\/wp\/v2\/types\/page"}],"author":[{"embeddable":true,"href":"https:\/\/www.viafirma.com\/es\/wp-json\/wp\/v2\/users\/19"}],"replies":[{"embeddable":true,"href":"https:\/\/www.viafirma.com\/es\/wp-json\/wp\/v2\/comments?post=34175"}],"version-history":[{"count":0,"href":"https:\/\/www.viafirma.com\/es\/wp-json\/wp\/v2\/pages\/34175\/revisions"}],"wp:attachment":[{"href":"https:\/\/www.viafirma.com\/es\/wp-json\/wp\/v2\/media?parent=34175"}],"wp:term":[{"taxonomy":"category","embeddable":true,"href":"https:\/\/www.viafirma.com\/es\/wp-json\/wp\/v2\/categories?post=34175"},{"taxonomy":"post_tag","embeddable":true,"href":"https:\/\/www.viafirma.com\/es\/wp-json\/wp\/v2\/tags?post=34175"}],"curies":[{"name":"wp","href":"https:\/\/api.w.org\/{rel}","templated":true}]}}