{"id":34586,"date":"2024-02-15T12:31:16","date_gmt":"2024-02-15T11:31:16","guid":{"rendered":"https:\/\/www.viafirma.com\/?page_id=34586"},"modified":"2026-03-30T13:50:15","modified_gmt":"2026-03-30T11:50:15","slug":"caso-de-exito","status":"publish","type":"page","link":"https:\/\/www.viafirma.com\/es\/caso-de-exito\/","title":{"rendered":"Descubre nuestros Casos de \u00c9xito"},"content":{"rendered":"<div class=\"wpb-content-wrapper\"><p>[vc_row full_height=\u00bbyes\u00bb equal_height=\u00bbyes\u00bb content_placement=\u00bbmiddle\u00bb el_class=\u00bbvf_aplicacion_2&#8243;][vc_column][vc_column_text css_animation=\u00bbbounceInUp\u00bb css=\u00bb\u00bb]<\/p>\n<h1 style=\"text-align: center;\">Casos de \u00e9xito con Viafirma<\/h1>\n<h2 style=\"text-align: center;\">C\u00f3mo ayudamos a empresas de todo el mundo a crecer<\/h2>\n<p style=\"text-align: center;\">Desde peque\u00f1as empresas locales hasta corporaciones globales, nuestros casos de \u00e9xito abarcan una amplia gama de industrias, sectores y geograf\u00edas.Nuestros socios conf\u00edan en Viafirma para obtener soluciones efectivas y resultados medibles en su gesti\u00f3n diaria.<\/p>\n<p>[\/vc_column_text][\/vc_column][\/vc_row][vc_row el_class=\u00bbvf_aplicacion_4&#8243;][vc_column][vc_column_text css_animation=\u00bbbounceInUp\u00bb css=\u00bb\u00bb]<\/p>\n<h2 style=\"text-align: center;\">\u00bfQu\u00e9 logran nuestros socios con Viafirma?<\/h2>\n<p>[\/vc_column_text][vc_row_inner][vc_column_inner width=\u00bb1\/3&#8243;][vc_single_image source=\u00bbexternal_link\u00bb external_img_size=\u00bb50&#215;50&#8243; custom_src=\u00bbhttps:\/\/www.viafirma.com\/wp-content\/uploads\/2024\/01\/identifica-al-fimante.svg\u00bb][vc_column_text css=\u00bb\u00bb]<b>Transformaci\u00f3n digital<\/b><br \/>\nImpulsa la transici\u00f3n al <b data-path-to-node=\"7,1,2,0\" data-index-in-node=\"25\">entorno paperless<\/b>. Ayudamos a nuestros socios a optimizar sus flujos de trabajo con total seguridad y eficiencia.[\/vc_column_text][\/vc_column_inner][vc_column_inner width=\u00bb1\/3&#8243;][vc_single_image source=\u00bbexternal_link\u00bb external_img_size=\u00bb50&#215;50&#8243; custom_src=\u00bbhttps:\/\/www.viafirma.com\/wp-content\/uploads\/2024\/01\/asegura-la-integridad.svg\u00bb][vc_column_text css=\u00bb\u00bb]<b>Crecimiento y expansi\u00f3n<\/b><br \/>\n<b data-path-to-node=\"7,2,2,0\" data-index-in-node=\"0\">Escala tu operativa<\/b> sin fronteras. Facilitamos la entrada en nuevos mercados gracias a soluciones legales globales y procesos \u00e1giles.[\/vc_column_text][\/vc_column_inner][vc_column_inner width=\u00bb1\/3&#8243;][vc_single_image source=\u00bbexternal_link\u00bb external_img_size=\u00bb50&#215;50&#8243; custom_src=\u00bbhttps:\/\/www.viafirma.com\/wp-content\/uploads\/2024\/01\/facilita-los-procesos.svg\u00bb][vc_column_text css=\u00bb\u00bb]<b>Innovaci\u00f3n y diferenciaci\u00f3n<\/b><br \/>\n<b data-path-to-node=\"7,3,2,0\" data-index-in-node=\"0\">Difer\u00e9nciate con tecnolog\u00eda punta.<\/b> Implementa experiencias de firma \u00fanicas que refuercen la confianza y modernidad de tu marca.[\/vc_column_text][\/vc_column_inner][\/vc_row_inner][\/vc_column][\/vc_row][vc_row el_class=\u00bbvf_aplicacion_2&#8243;][vc_column][vc_tta_accordion style=\u00bbmodern\u00bb color=\u00bbwhite\u00bb active_section=\u00bb\u00bb][vc_tta_section title=\u00bbFinanzas\u00bb tab_id=\u00bbfinanzas\u00bb][vc_column_text css=\u00bb\u00bb]<a href=\"https:\/\/www.viafirma.com\/es\/inversiones-reservas-suite-viafirma\/\"><span style=\"font-weight: 400;\"><strong>Banreservas<\/strong><\/span><\/a><span style=\"font-weight: 400;\"> | Alto volumen de apertura de cuentas de corretaje | Firma avanzada de documentos en dispositivos m\u00f3viles<\/span>[\/vc_column_text][vc_column_text css=\u00bb\u00bb]<a href=\"https:\/\/www.viafirma.com\/es\/casos-de-exito-en-el-sector-financiero\/\"><span style=\"font-weight: 400;\"><strong>Mercofact<\/strong><\/span><\/a><span style=\"font-weight: 400;\"> | Gesti\u00f3n de tr\u00e1mites online | Integraci\u00f3n de firma electr\u00f3nica en sistemas de compraventa<\/span>[\/vc_column_text][vc_column_text css=\u00bb\u00bb]<strong><a href=\"https:\/\/www.viafirma.do\/casos-sector-financiero-bolsa\/\" target=\"_blank\" rel=\"noopener\">Banco<\/a> <\/strong><a href=\"https:\/\/www.viafirma.com\/es\/casos-de-exito-en-el-sector-financiero\/\"><span style=\"font-weight: 400;\"><strong>Prom\u00e9rica<\/strong><\/span><\/a><span style=\"font-weight: 400;\"> | Plataformas de banca en l\u00ednea | Fortalecimiento de seguridad por doble factor<\/span>[\/vc_column_text][vc_column_text css=\u00bb\u00bb]<a href=\"https:\/\/www.viafirma.com\/es\/alpha-sociedad-valores-viafirma-inbox-fortress\/\"><span style=\"font-weight: 400;\"><strong>Alpha Sociedad de Valores<\/strong><\/span><\/a><span style=\"font-weight: 400;\"> | Agilizar gesti\u00f3n de contratos | Tramitaci\u00f3n Paperless<\/span>[\/vc_column_text][vc_column_text css=\u00bb\u00bb]<a href=\"https:\/\/www.viafirma.com\/es\/puesto-bolsa-cci-confia-viafirma\/\"><span style=\"font-weight: 400;\"><strong>Puesto de Bolsa CCI<\/strong><\/span><\/a><span style=\"font-weight: 400;\"> | Servicios de firma electr\u00f3nica | Digitalizaci\u00f3n y mejoras de sus procesos<\/span>[\/vc_column_text][vc_column_text css=\u00bb\u00bb]<a href=\"https:\/\/www.viafirma.com\/es\/otro-banco-de-costa-rica-implanta-viafirma-platform-como-solucion-de-firma-digital\/\"><span style=\"font-weight: 400;\"><strong>Mucap (Mutual Cartago de Ahorro y Pr\u00e9stamo)<\/strong><\/span><\/a><span style=\"font-weight: 400;\"> | Optimizaci\u00f3n de procesos internos bancarios | Firma digital con Viafirma Platform<\/span>[\/vc_column_text][vc_column_text css=\u00bb\u00bb]<strong><a href=\"https:\/\/www.viafirma.com\/es\/sigue-creciendo-la-lista-de-empresas-que-confian-en-viafirma-en-todos-los-sectores\/\">Agencia Negociadora (Grupo Reacciona)<\/a><\/strong><span style=\"font-weight: 400;\"> | Digitalizaci\u00f3n de procesos financieros | Firma digital<\/span>[\/vc_column_text][vc_column_text css=\u00bb\u00bb]<strong><a href=\"https:\/\/www.viafirma.com\/es\/crediviva\/\">Crediviva<\/a><\/strong><span style=\"font-weight: 400;\"> | Aautomatizar la aprobaci\u00f3n de cr\u00e9ditos de forma escalable | Integraci\u00f3n de firma digital v\u00eda API en el ciclo de generaci\u00f3n de cr\u00e9dito<\/span>[\/vc_column_text][\/vc_tta_section][vc_tta_section title=\u00bbSeguros\u00bb tab_id=\u00bbseguros\u00bb][vc_column_text css=\u00bb\u00bb]<a href=\"https:\/\/www.viafirma.com\/es\/grupo-sura\/\"><span style=\"font-weight: 400;\"><strong>Grupo Sura<\/strong><\/span><\/a><span style=\"font-weight: 400;\"> | <\/span><span style=\"font-weight: 400;\">Alto volumen de documentaci\u00f3n en papel | Firma electr\u00f3nica con huella dactilar integrada para p\u00f3lizas, afiliaciones y contratos laborales<\/span><\/p>\n<p>[\/vc_column_text][vc_column_text css=\u00bb\u00bb]<a href=\"https:\/\/www.viafirma.com\/es\/toyota-seguros\/\"><strong>Toyota Seguros<\/strong><\/a><strong><span style=\"font-weight: 400;\"> | <\/span><\/strong><span style=\"font-weight: 400;\">Gesti\u00f3n de p\u00f3lizas por correo postal, proceso lento y costoso | Firma digital en tiempo real con acuse de recibo y custodia del documento<\/span><\/p>\n<p>[\/vc_column_text][\/vc_tta_section][vc_tta_section title=\u00bbTecnolog\u00eda y Telecomunicaciones\u00bb tab_id=\u00bbtecnolog\u00eda-y-telecomunicaciones\u00bb][vc_column_text css=\u00bb\u00bb]<strong><a href=\"https:\/\/www.viafirma.com\/es\/viafirma-mq-emprendimientos-acuerdo-comercial\/\">MQ Emprendimientos<\/a><\/strong><span style=\"font-weight: 400;\"> | Redes comerciales en LATAM | Integraci\u00f3n de la suite de productos<\/span>[\/vc_column_text][vc_column_text css=\u00bb\u00bb]<strong><a href=\"https:\/\/www.viafirma.com\/es\/argontech-cliente\/\">Argontech<\/a><\/strong><span style=\"font-weight: 400;\"> | Gesti\u00f3n tradicional de documentos con fallos y desorganizaci\u00f3n | Integraci\u00f3n nativa de firma electr\u00f3nica<\/span>[\/vc_column_text][\/vc_tta_section][vc_tta_section title=\u00bbAdministraci\u00f3n y gesti\u00f3n\u00bb tab_id=\u00bbadministraci\u00f3n-y-gesti\u00f3n\u00bb][vc_column_text css=\u00bb\u00bb]<a href=\"https:\/\/www.viafirma.com\/es\/consorci-administracio-oberta-de-catalunya-viafirma\/\"><span style=\"font-weight: 400;\"><strong>Consonrci Administraci\u00f3 Oberta de Catalunya<\/strong><\/span><\/a><span style=\"font-weight: 400;\"> | Firma electr\u00f3nica | Digitalizaci\u00f3n de administraci\u00f3n p\u00fablica<\/span>[\/vc_column_text][vc_column_text css=\u00bb\u00bb]<a href=\"https:\/\/www.viafirma.com\/es\/izenpe-y-viafirma-crean-izenbox\/\"><span style=\"font-weight: 400;\"><strong>Izenpe<\/strong><\/span><\/a><span style=\"font-weight: 400;\"> | Firma de Documentos | Documentaci\u00f3n de entidades p\u00fablicas y privadas<\/span>[\/vc_column_text][vc_column_text css=\u00bb\u00bb]<strong><a href=\"https:\/\/www.viafirma.do\/el-indotel-y-las-entidades-de-certificacion-en-republica-dominicana\/\" target=\"_blank\" rel=\"noopener\">Indotel<\/a><\/strong><span style=\"font-weight: 400;\"> | Modernizaci\u00f3n de Telecomunicaciones | Primera entidad de certificaci\u00f3n<\/span>[\/vc_column_text][vc_column_text css=\u00bb\u00bb]<strong><a href=\"https:\/\/www.viafirma.com\/es\/poder-judical-dominicano\/\">Poder Judicial Dominicano<\/a><\/strong><span style=\"font-weight: 400;\"> | Digitalizaci\u00f3n de procesos | Digitalizaci\u00f3n del proceso de firma<\/span>[\/vc_column_text][vc_column_text css=\u00bb\u00bb]<a href=\"https:\/\/www.viafirma.com\/es\/direccion-general-aduanas-suite-viafirma\/\"><span style=\"font-weight: 400;\"><strong>Direcci\u00f3n General de Aduanas (RD)<\/strong><\/span><\/a><span style=\"font-weight: 400;\"> | Gesti\u00f3n de procesos aduaneros | Suite Viafirma<\/span>[\/vc_column_text][vc_column_text css=\u00bb\u00bb]<strong><a href=\"https:\/\/www.viafirma.com\/es\/sigue-creciendo-la-lista-de-empresas-que-confian-en-viafirma-en-todos-los-sectores\/\">Direcci\u00f3n General de Impuestos Internos (RD)<\/a><\/strong><span style=\"font-weight: 400;\"> | Incorporaci\u00f3n de firma a factura electr\u00f3nica | Firma digital en facturaci\u00f3n<\/span>[\/vc_column_text][vc_column_text css=\u00bb\u00bb]<a href=\"https:\/\/www.viafirma.com\/es\/zurita-alonso-abogados\/\"><span style=\"font-weight: 400;\"><strong>Zurita Alonso Abogados<\/strong><\/span><\/a><span style=\"font-weight: 400;\"> | Firma presencial obligatoria de clientes para cada documento del despacho | Firma electr\u00f3nica con trazabilidad e informes de auditor\u00eda v\u00e1lidos ante tribunales<\/span>[\/vc_column_text][\/vc_tta_section][vc_tta_section title=\u00bbEducaci\u00f3n\u00bb tab_id=\u00bbeducaci\u00f3n\u00bb][vc_column_text css=\u00bb\u00bb]<a href=\"https:\/\/www.viafirma.com\/es\/caso-de-exito-de-firma-digital-en-erp\/\"><span style=\"font-weight: 400;\"><strong>Gesforma<\/strong><\/span><\/a><span style=\"font-weight: 400;\"> | Automatizar la formaci\u00f3n | Documentaci\u00f3n firmada en la nube<\/span>[\/vc_column_text][vc_column_text css=\u00bb\u00bb]<strong><a href=\"https:\/\/www.viafirma.com\/es\/conservatorio-de-orihuela\/\">Conservatorio de Orihuela<\/a><\/strong><span style=\"font-weight: 400;\"> | Firmas de documentos con recordatorios | Firma m\u00faltiple de documentos<\/span>[\/vc_column_text][vc_column_text css=\u00bb\u00bb]<strong><a href=\"https:\/\/www.viafirma.com\/es\/instituto-lacetania-manresa\/\">Instituto Lacet\u00e0nia<\/a><\/strong><span style=\"font-weight: 400;\"> | M\u00e1s de 500 acuerdos de pr\u00e1cticas anuales firmados a mano con m\u00faltiples copias | Firma digital de convenios con flujos multi-firmante y eliminaci\u00f3n total del papel<\/span>[\/vc_column_text][vc_column_text css=\u00bb\u00bb]<a href=\"https:\/\/www.viafirma.com\/es\/firma-electronica-en-el-sector-educativo-el-caso-de-exito-de-la-escuela-de-idiomas-carlos-v-eicv\/\"><span style=\"font-weight: 400;\"><strong>Academia de Idiomas Carlos V (EICV)<\/strong><\/span><\/a><span style=\"font-weight: 400;\"> | Digitalizaci\u00f3n de procesos administrativos en sector educativo | Firma electr\u00f3nica<\/span>[\/vc_column_text][\/vc_tta_section][vc_tta_section title=\u00bbIndustria\u00bb tab_id=\u00bbindustria\u00bb][vc_column_text css=\u00bb\u00bb]<strong><a href=\"https:\/\/www.viafirma.com\/es\/viafirma-y-athento-firman-un-acuerdo-de-colaboracion-para-mejorar-la-productividad-y-eficiencia-de-las-empresas\/\">Athento<\/a><\/strong><span style=\"font-weight: 400;\"> | Gesti\u00f3n Documental | Integraci\u00f3n de firma de documentos<\/span>[\/vc_column_text][vc_column_text css=\u00bb\u00bb]<strong><a href=\"https:\/\/www.viafirma.com\/es\/viafirma-provee-a-loccitane-espana-s-l-con-servicios-de-firma-digital\/\">L\u2019Occitane Espa\u00f1a<\/a><\/strong><span style=\"font-weight: 400;\"> | Firma de contratos laborales | Firma con certificado local<\/span>[\/vc_column_text][vc_column_text css=\u00bb\u00bb]<a href=\"https:\/\/www.viafirma.com\/es\/viafirma-y-venzia-firman-un-acuerdo-partnership-integrando-la-firma-digital-en-la-suite-aqua\/\"><span style=\"font-weight: 400;\"><strong>Venzia<\/strong><\/span><\/a><span style=\"font-weight: 400;\"> | Gesti\u00f3n Documental | Firma digital de documentos<\/span>[\/vc_column_text][vc_column_text css=\u00bb\u00bb]<strong><a href=\"https:\/\/www.viafirma.com\/es\/netcontent-firma-documentos-viafirma\/\">Netcontent<\/a><\/strong><span style=\"font-weight: 400;\"> | Creaci\u00f3n de flujos de trabajo | Integraci\u00f3n de firma de documentos por OTP<\/span>[\/vc_column_text][vc_column_text css=\u00bb\u00bb]<a href=\"https:\/\/www.viafirma.com\/es\/comision-nacional-de-energia\/\"><span style=\"font-weight: 400;\"><strong>Comisi\u00f3n Nacional de Energ\u00eda<\/strong><\/span><\/a><span style=\"font-weight: 400;\"> | Firma de documentos internos | Firma centralizada <\/span>[\/vc_column_text][vc_column_text css=\u00bb\u00bb]<a href=\"https:\/\/www.viafirma.com\/es\/tecnologia-inmobiliaria\/\"><span style=\"font-weight: 400;\"><strong>Tecnolog\u00eda Inmobiliaria<\/strong><\/span><\/a><span style=\"font-weight: 400;\"> | Contratos de arrendamiento dependientes de procesos manuales y presenciales | Firma electr\u00f3nica de contratos en modalidad prepago<\/span>[\/vc_column_text][\/vc_tta_section][vc_tta_section title=\u00bbSalud y Farma\u00bb tab_id=\u00bbsalud-y-farma\u00bb][vc_column_text css=\u00bb\u00bb]<a href=\"https:\/\/www.viafirma.com\/es\/sigue-creciendo-la-lista-de-empresas-que-confian-en-viafirma-en-todos-los-sectores\/\"><span style=\"font-weight: 400;\"><strong>Hospital Torrej\u00f3n<\/strong><\/span><\/a><span style=\"font-weight: 400;\"> | Firma de documentos | Firma de consentimiento informado<\/span>[\/vc_column_text][vc_column_text css=\u00bb\u00bb]<a href=\"https:\/\/www.viafirma.com\/es\/sigue-creciendo-la-lista-de-empresas-que-confian-en-viafirma-en-todos-los-sectores\/\"><span style=\"font-weight: 400;\"><strong>Grupo Ribera Salud<\/strong><\/span><\/a><span style=\"font-weight: 400;\"> | Firma de documentos | Firma de consentimiento informado<\/span>[\/vc_column_text][vc_column_text css=\u00bb\u00bb]<a href=\"https:\/\/www.viafirma.com\/es\/sigue-creciendo-la-lista-de-empresas-que-confian-en-viafirma-en-todos-los-sectores\/\"><span style=\"font-weight: 400;\"><strong>Colegio oficial de Farmac\u00e9uticos de Teruel<\/strong><\/span><\/a><span style=\"font-weight: 400;\"> | Firma de documentos | Firma de consentimiento informado<\/span>[\/vc_column_text][vc_column_text css=\u00bb\u00bb]<a href=\"https:\/\/www.viafirma.com\/es\/sigue-creciendo-la-lista-de-empresas-que-confian-en-viafirma-en-todos-los-sectores\/\"><span style=\"font-weight: 400;\"><strong>SERGAS<\/strong><\/span><\/a><span style=\"font-weight: 400;\"> | Firma de documentos | Firma de consentimiento informado<\/span>[\/vc_column_text][vc_column_text css=\u00bb\u00bb]<a href=\"https:\/\/www.viafirma.com\/es\/viafirma-inbox-fundaciones\/\"><span style=\"font-weight: 400;\"><strong>Fundaci\u00f3n Puerta de Hierro<\/strong><\/span><\/a><span style=\"font-weight: 400;\"> | Gesti\u00f3n de contratos confidenciales con m\u00faltiples firmantes | Firma electr\u00f3nica con flujos de trabajo<\/span>[\/vc_column_text][vc_column_text css=\u00bb\u00bb]<a href=\"https:\/\/www.viafirma.com\/es\/viafirma-inbox-fundaciones\/\"><span style=\"font-weight: 400;\"><strong>FIIBAP<\/strong><\/span><\/a><span style=\"font-weight: 400;\"> | Alto volumen de documentaci\u00f3n en investigaci\u00f3n biom\u00e9dica | Firma digital en la nube<\/span>[\/vc_column_text][vc_column_text css=\u00bb\u00bb]<strong><a href=\"https:\/\/www.viafirma.com\/es\/viafirma-inbox-fundaciones\/\">IDIVAL<\/a><\/strong><span style=\"font-weight: 400;\"> | Gesti\u00f3n de documentaci\u00f3n interna en entorno biosanitario | Firma electr\u00f3nica en la nube<\/span>[\/vc_column_text][\/vc_tta_section][vc_tta_section title=\u00bbMedios de comunicaci\u00f3n y Artes esc\u00e9nicas\u00bb tab_id=\u00bbcomunicacion-arte\u00bb][vc_column_text css=\u00bb\u00bb]<strong><a href=\"https:\/\/www.viafirma.com\/es\/sigue-creciendo-la-lista-de-empresas-que-confian-en-viafirma-en-todos-los-sectores\/\">RTVE<\/a><\/strong><span style=\"font-weight: 400;\"> | Digitalizaci\u00f3n de procesos de firma | Firma electr\u00f3nica<\/span>[\/vc_column_text][vc_column_text css=\u00bb\u00bb]<a href=\"https:\/\/www.viafirma.com\/es\/teatro-paraiso\/\"><span style=\"font-weight: 400;\"><strong>Teatro Para\u00edso<\/strong><\/span><\/a><span style=\"font-weight: 400;\"> | Contratos y n\u00f3minas de actores dispersos geogr\u00e1ficamente gestionados en papel | Firma electr\u00f3nica en remoto para equipos art\u00edsticos descentralizados<\/span>[\/vc_column_text][\/vc_tta_section][vc_tta_section title=\u00bbComercio y Retail\u00bb tab_id=\u00bbcomercio-retail\u00bb][vc_column_text css=\u00bb\u00bb]<strong><a href=\"https:\/\/www.viafirma.com\/es\/la-direccion-general-de-aduanas-de-la-republica-dominicana-ya-utiliza-viafirma-suite\/\">DGA<\/a> <\/strong><a href=\"https:\/\/www.viafirma.com\/es\/direccion-general-aduanas-suite-viafirma\/\"><span style=\"font-weight: 400;\"><strong>Enlace 2<\/strong><\/span><\/a><span style=\"font-weight: 400;\"> | Gesti\u00f3n de procesos aduaneros | Firma de documentos con certificados centralizados<\/span>[\/vc_column_text][vc_column_text css=\u00bb\u00bb]<strong><a href=\"https:\/\/www.viafirma.com\/es\/sigue-creciendo-la-lista-de-empresas-que-confian-en-viafirma-en-todos-los-sectores\/\">Autoridad Portuaria de Baleares (APB)<\/a><\/strong><span style=\"font-weight: 400;\"> | Gesti\u00f3n de procesos aduaneros | Firma de documentos<\/span>[\/vc_column_text][vc_column_text css=\u00bb\u00bb]<strong><a href=\"https:\/\/www.viafirma.com\/es\/heineken-apuesta-por-viafirma-documents\/\">Heineken<\/a><\/strong><span style=\"font-weight: 400;\"> | Contratos con clientes | Actividad comercial y de distribuci\u00f3n desde m\u00f3vil<\/span>[\/vc_column_text][vc_column_text css=\u00bb\u00bb]<a href=\"https:\/\/www.viafirma.com\/es\/supermercados-mas-viafirma-documents-agilizar-contratacion\/\"><span style=\"font-weight: 400;\"><strong>Supermercados MAS<\/strong><\/span><\/a><span style=\"font-weight: 400;\"> | Agilizar procesos de contrataci\u00f3n | Procesos de firma de contratos laborales<\/span>[\/vc_column_text][\/vc_tta_section][vc_tta_section title=\u00bbEnerg\u00eda y Medio ambiente\u00bb tab_id=\u00bbenerg\u00eda\u00bb][vc_column_text css=\u00bb\u00bb]<strong><a href=\"https:\/\/www.viafirma.com\/es\/vimart-gt\/\">Vimart G&amp;T<\/a><\/strong><span style=\"font-weight: 400;\"> | Procesos de firma manuscrita sin garant\u00edas legales | Firma electr\u00f3nica a distancia para solicitudes de ayuda energ\u00e9tica<\/span>[\/vc_column_text][\/vc_tta_section][vc_tta_section title=\u00bbAutomoci\u00f3n\u00bb tab_id=\u00bbautomocion\u00bb][vc_column_text css=\u00bb\u00bb]<strong><a href=\"https:\/\/www.viafirma.com\/es\/dribo\/\">Dribo<\/a><\/strong><span style=\"font-weight: 400;\"> | Proceso con necesidades t\u00e9cnicas y formales | Automatizaci\u00f3n del proceso de firma<\/span>[\/vc_column_text][\/vc_tta_section][\/vc_tta_accordion][\/vc_column][\/vc_row][vc_row el_class=\u00bbvf_home_11 margintop64&#8243;][vc_column][vc_raw_html]JTVCcnQtdGVzdGltb25pYWwlMjBpZCUzRCUyMjI3NTg3JTIyJTIwdGl0bGUlM0QlMjJDYXNvcyUyMGRlJTIwJUMzJUE5eGl0byUyMiU1RA==[\/vc_raw_html][\/vc_column][\/vc_row][vc_row][vc_column][vc_row_inner][vc_column_inner width=\u00bb1\/4&#8243;][\/vc_column_inner][vc_column_inner width=\u00bb1\/2&#8243;][vc_column_text css_animation=\u00bbbounceInUp\u00bb css=\u00bb\u00bb]<\/p>\n<h3 style=\"text-align: center;\">Lleva tu negocio al siguiente nivel<\/h3>\n<p style=\"text-align: center;\">Si est\u00e1s listo para impulsar tu negocio hacia nuevos horizontes y alcanzar tus objetivos, \u00a1nos encantar\u00eda formar parte de tu camino!.<\/p>\n<p style=\"text-align: center;\"><strong>Rellena el formulario y descubre c\u00f3mo podemos ayudarte.<\/strong><\/p>\n<p>[\/vc_column_text][\/vc_column_inner][vc_column_inner width=\u00bb1\/4&#8243;][\/vc_column_inner][\/vc_row_inner][\/vc_column][\/vc_row][vc_row el_class=\u00bbvf_global\u00bb][vc_column][vc_raw_html]JTVCdmZzaG9ydGNvZGVzJTIwaWQlM0QlMjJjb250YWN0byUyMiU1RA==[\/vc_raw_html][\/vc_column][\/vc_row][vc_row el_class=\u00bbvf_centroayuda_4&#8243;][vc_column][vc_column_text]Art\u00edculos relacionados[\/vc_column_text][vc_basic_grid post_type=\u00bbpost\u00bb max_items=\u00bb3&#8243; item=\u00bb27936&#8243; grid_id=\u00bbvc_gid:1774866912683-71882ffc-323a-3&#8243; taxonomies=\u00bb88&#8243; el_class=\u00bbvf_blog_posts\u00bb][\/vc_column][\/vc_row]<\/p>\n<\/div>","protected":false},"excerpt":{"rendered":"[vc_row full_height=\u00bbyes\u00bb equal_height=\u00bbyes\u00bb content_placement=\u00bbmiddle\u00bb el_class=\u00bbvf_aplicacion_2&#8243;][vc_column][vc_column_text css_animation=\u00bbbounceInUp\u00bb css=\u00bb\u00bb] Casos de \u00e9xito...","protected":false},"author":2,"featured_media":0,"parent":0,"menu_order":0,"comment_status":"closed","ping_status":"closed","template":"","meta":{"_acf_changed":false,"site-sidebar-layout":"no-sidebar","site-content-layout":"plain-container","ast-site-content-layout":"normal-width-container","site-content-style":"unboxed","site-sidebar-style":"unboxed","ast-global-header-display":"","ast-banner-title-visibility":"","ast-main-header-display":"","ast-hfb-above-header-display":"","ast-hfb-below-header-display":"","ast-hfb-mobile-header-display":"","site-post-title":"disabled","ast-breadcrumbs-content":"","ast-featured-img":"disabled","footer-sml-layout":"","ast-disable-related-posts":"","theme-transparent-header-meta":"default","adv-header-id-meta":"","stick-header-meta":"default","header-above-stick-meta":"","header-main-stick-meta":"","header-below-stick-meta":"","astra-migrate-meta-layouts":"set","ast-page-background-enabled":"default","ast-page-background-meta":{"desktop":{"background-color":"var(--ast-global-color-4)","background-image":"","background-repeat":"repeat","background-position":"center center","background-size":"auto","background-attachment":"scroll","background-type":"","background-media":"","overlay-type":"","overlay-color":"","overlay-opacity":"","overlay-gradient":""},"tablet":{"background-color":"","background-image":"","background-repeat":"repeat","background-position":"center center","background-size":"auto","background-attachment":"scroll","background-type":"","background-media":"","overlay-type":"","overlay-color":"","overlay-opacity":"","overlay-gradient":""},"mobile":{"background-color":"","background-image":"","background-repeat":"repeat","background-position":"center center","background-size":"auto","background-attachment":"scroll","background-type":"","background-media":"","overlay-type":"","overlay-color":"","overlay-opacity":"","overlay-gradient":""}},"ast-content-background-meta":{"desktop":{"background-color":"var(--ast-global-color-5)","background-image":"","background-repeat":"repeat","background-position":"center center","background-size":"auto","background-attachment":"scroll","background-type":"","background-media":"","overlay-type":"","overlay-color":"","overlay-opacity":"","overlay-gradient":""},"tablet":{"background-color":"var(--ast-global-color-5)","background-image":"","background-repeat":"repeat","background-position":"center center","background-size":"auto","background-attachment":"scroll","background-type":"","background-media":"","overlay-type":"","overlay-color":"","overlay-opacity":"","overlay-gradient":""},"mobile":{"background-color":"var(--ast-global-color-5)","background-image":"","background-repeat":"repeat","background-position":"center center","background-size":"auto","background-attachment":"scroll","background-type":"","background-media":"","overlay-type":"","overlay-color":"","overlay-opacity":"","overlay-gradient":""}},"footnotes":""},"categories":[],"tags":[],"class_list":["post-34586","page","type-page","status-publish","hentry"],"acf":[],"_links":{"self":[{"href":"https:\/\/www.viafirma.com\/es\/wp-json\/wp\/v2\/pages\/34586","targetHints":{"allow":["GET"]}}],"collection":[{"href":"https:\/\/www.viafirma.com\/es\/wp-json\/wp\/v2\/pages"}],"about":[{"href":"https:\/\/www.viafirma.com\/es\/wp-json\/wp\/v2\/types\/page"}],"author":[{"embeddable":true,"href":"https:\/\/www.viafirma.com\/es\/wp-json\/wp\/v2\/users\/2"}],"replies":[{"embeddable":true,"href":"https:\/\/www.viafirma.com\/es\/wp-json\/wp\/v2\/comments?post=34586"}],"version-history":[{"count":9,"href":"https:\/\/www.viafirma.com\/es\/wp-json\/wp\/v2\/pages\/34586\/revisions"}],"predecessor-version":[{"id":100186,"href":"https:\/\/www.viafirma.com\/es\/wp-json\/wp\/v2\/pages\/34586\/revisions\/100186"}],"wp:attachment":[{"href":"https:\/\/www.viafirma.com\/es\/wp-json\/wp\/v2\/media?parent=34586"}],"wp:term":[{"taxonomy":"category","embeddable":true,"href":"https:\/\/www.viafirma.com\/es\/wp-json\/wp\/v2\/categories?post=34586"},{"taxonomy":"post_tag","embeddable":true,"href":"https:\/\/www.viafirma.com\/es\/wp-json\/wp\/v2\/tags?post=34586"}],"curies":[{"name":"wp","href":"https:\/\/api.w.org\/{rel}","templated":true}]}}