{"id":34754,"date":"2024-02-16T12:02:55","date_gmt":"2024-02-16T11:02:55","guid":{"rendered":"https:\/\/www.viafirma.com\/?page_id=34754"},"modified":"2024-05-08T11:55:03","modified_gmt":"2024-05-08T09:55:03","slug":"firmaprofesional","status":"publish","type":"page","link":"https:\/\/www.viafirma.com\/es\/firmaprofesional\/","title":{"rendered":"Firmaprofesional Proveedor Tecnol\u00f3gico Global"},"content":{"rendered":"<div class=\"wpb-content-wrapper\"><p>[vc_row el_class=\u00bbvf_centroayuda_1&#8243;][vc_column css_animation=\u00bbnone\u00bb][vc_column_text]<\/p>\n<h1 class=\"entry-title\">Firmaprofesional Proveedor Tecnol\u00f3gico Global<\/h1>\n<p>[\/vc_column_text][\/vc_column][\/vc_row][vc_row el_class=\u00bbmargintop64 mb64&#8243;][vc_column][vc_empty_space el_id=\u00bbENS\u00bb][vc_single_image image=\u00bb27777&#8243; img_size=\u00bb150&#215;150&#8243; alignment=\u00bbcenter\u00bb][vc_row_inner][vc_column_inner width=\u00bb1\/4&#8243;][\/vc_column_inner][vc_column_inner width=\u00bb1\/2&#8243;][vc_column_text]<\/p>\n<p class=\"has-text-align-center\" style=\"text-align: center;\">Firmaprofesional es un operador global de servicios de certificaci\u00f3n y proveedor tecnol\u00f3gico de seguridad y confianza, ofreciendo al mercado su especializaci\u00f3n y experiencia en los siguientes \u00e1mbitos:<\/p>\n<p style=\"text-align: center;\">Tecnolog\u00eda, Seguridad, Normativa legal<\/p>\n<p style=\"text-align: center;\">Firmaprofesional, l\u00edder en el sector privado de certificados, es un operador global de firma que emite Certificados Digitales y genera sobre ellos una serie de servicios de valor a\u00f1adido para el mercado. Empresa pionera en Espa\u00f1a como Autoridad de Certificaci\u00f3n, emite certificados digitales especializados tanto para los profesionales, sus colegios y colectivos, como para las empresas y sus empleados.<\/p>\n<p>[\/vc_column_text][\/vc_column_inner][vc_column_inner width=\u00bb1\/4&#8243;][\/vc_column_inner][\/vc_row_inner][\/vc_column][\/vc_row][vc_row][vc_column][vc_empty_space height=\u00bb64px\u00bb][\/vc_column][\/vc_row][vc_row][vc_column][\/vc_column][\/vc_row]<\/p>\n<\/div>","protected":false},"excerpt":{"rendered":"[vc_row el_class=\u00bbvf_centroayuda_1&#8243;][vc_column css_animation=\u00bbnone\u00bb][vc_column_text] Firmaprofesional Proveedor Tecnol\u00f3gico Global [\/vc_column_text][\/vc_column][\/vc_row][vc_row el_class=\u00bbmargintop64 mb64&#8243;][vc_column][vc_empty_space...","protected":false},"author":2,"featured_media":0,"parent":0,"menu_order":0,"comment_status":"closed","ping_status":"closed","template":"","meta":{"_acf_changed":false,"site-sidebar-layout":"no-sidebar","site-content-layout":"plain-container","ast-site-content-layout":"normal-width-container","site-content-style":"unboxed","site-sidebar-style":"unboxed","ast-global-header-display":"","ast-banner-title-visibility":"","ast-main-header-display":"","ast-hfb-above-header-display":"","ast-hfb-below-header-display":"","ast-hfb-mobile-header-display":"","site-post-title":"disabled","ast-breadcrumbs-content":"","ast-featured-img":"disabled","footer-sml-layout":"","ast-disable-related-posts":"","theme-transparent-header-meta":"default","adv-header-id-meta":"","stick-header-meta":"default","header-above-stick-meta":"","header-main-stick-meta":"","header-below-stick-meta":"","astra-migrate-meta-layouts":"set","ast-page-background-enabled":"default","ast-page-background-meta":{"desktop":{"background-color":"var(--ast-global-color-4)","background-image":"","background-repeat":"repeat","background-position":"center center","background-size":"auto","background-attachment":"scroll","background-type":"","background-media":"","overlay-type":"","overlay-color":"","overlay-opacity":"","overlay-gradient":""},"tablet":{"background-color":"","background-image":"","background-repeat":"repeat","background-position":"center center","background-size":"auto","background-attachment":"scroll","background-type":"","background-media":"","overlay-type":"","overlay-color":"","overlay-opacity":"","overlay-gradient":""},"mobile":{"background-color":"","background-image":"","background-repeat":"repeat","background-position":"center center","background-size":"auto","background-attachment":"scroll","background-type":"","background-media":"","overlay-type":"","overlay-color":"","overlay-opacity":"","overlay-gradient":""}},"ast-content-background-meta":{"desktop":{"background-color":"var(--ast-global-color-5)","background-image":"","background-repeat":"repeat","background-position":"center center","background-size":"auto","background-attachment":"scroll","background-type":"","background-media":"","overlay-type":"","overlay-color":"","overlay-opacity":"","overlay-gradient":""},"tablet":{"background-color":"var(--ast-global-color-5)","background-image":"","background-repeat":"repeat","background-position":"center center","background-size":"auto","background-attachment":"scroll","background-type":"","background-media":"","overlay-type":"","overlay-color":"","overlay-opacity":"","overlay-gradient":""},"mobile":{"background-color":"var(--ast-global-color-5)","background-image":"","background-repeat":"repeat","background-position":"center center","background-size":"auto","background-attachment":"scroll","background-type":"","background-media":"","overlay-type":"","overlay-color":"","overlay-opacity":"","overlay-gradient":""}},"footnotes":""},"categories":[],"tags":[],"class_list":["post-34754","page","type-page","status-publish","hentry"],"acf":[],"_links":{"self":[{"href":"https:\/\/www.viafirma.com\/es\/wp-json\/wp\/v2\/pages\/34754","targetHints":{"allow":["GET"]}}],"collection":[{"href":"https:\/\/www.viafirma.com\/es\/wp-json\/wp\/v2\/pages"}],"about":[{"href":"https:\/\/www.viafirma.com\/es\/wp-json\/wp\/v2\/types\/page"}],"author":[{"embeddable":true,"href":"https:\/\/www.viafirma.com\/es\/wp-json\/wp\/v2\/users\/2"}],"replies":[{"embeddable":true,"href":"https:\/\/www.viafirma.com\/es\/wp-json\/wp\/v2\/comments?post=34754"}],"version-history":[{"count":0,"href":"https:\/\/www.viafirma.com\/es\/wp-json\/wp\/v2\/pages\/34754\/revisions"}],"wp:attachment":[{"href":"https:\/\/www.viafirma.com\/es\/wp-json\/wp\/v2\/media?parent=34754"}],"wp:term":[{"taxonomy":"category","embeddable":true,"href":"https:\/\/www.viafirma.com\/es\/wp-json\/wp\/v2\/categories?post=34754"},{"taxonomy":"post_tag","embeddable":true,"href":"https:\/\/www.viafirma.com\/es\/wp-json\/wp\/v2\/tags?post=34754"}],"curies":[{"name":"wp","href":"https:\/\/api.w.org\/{rel}","templated":true}]}}