{"id":34866,"date":"2024-02-16T14:09:10","date_gmt":"2024-02-16T13:09:10","guid":{"rendered":"https:\/\/www.viafirma.com\/?page_id=34866"},"modified":"2024-10-10T07:00:08","modified_gmt":"2024-10-10T05:00:08","slug":"atos-spain","status":"publish","type":"page","link":"https:\/\/www.viafirma.com\/es\/atos-spain\/","title":{"rendered":"Atos transformaci\u00f3n digital de empresas"},"content":{"rendered":"<div class=\"wpb-content-wrapper\"><p>[vc_row el_class=\u00bbvf_centroayuda_1&#8243;][vc_column css_animation=\u00bbnone\u00bb][vc_column_text]<\/p>\n<h1 class=\"entry-title\">Atos transformaci\u00f3n digital de empresas<\/h1>\n<p>[\/vc_column_text][\/vc_column][\/vc_row][vc_row el_class=\u00bbmargintop64 mb64&#8243;][vc_column][vc_empty_space el_id=\u00bbENS\u00bb][vc_single_image image=\u00bb27759&#8243; img_size=\u00bb150&#215;150&#8243; alignment=\u00bbcenter\u00bb][vc_row_inner][vc_column_inner width=\u00bb1\/4&#8243;][\/vc_column_inner][vc_column_inner width=\u00bb1\/2&#8243;][vc_column_text]<\/p>\n<p style=\"text-align: center;\">Atos es un l\u00edder mundial en la transformaci\u00f3n digital con m\u00e1s de 110.000 empleados en 73 pa\u00edses y unos ingresos anuales de m\u00e1s de 11.000 millones de euros. N\u00famero uno europeo en Cloud, Ciberseguridad y Computaci\u00f3n de Alto Rendimiento, el Grupo proporciona soluciones integrales de Nube H\u00edbrida Orquestada, Grandes Datos, Aplicaciones Empresariales y Lugar de Trabajo Digital.<\/p>\n<p style=\"text-align: center;\">El grupo es el Socio Mundial de Tecnolog\u00eda de la Informaci\u00f3n para los Juegos Ol\u00edmpicos y Paral\u00edmpicos y opera bajo las marcas Atos, Atos Syntel y Unify.<\/p>\n<p style=\"text-align: center;\">El prop\u00f3sito de Atos es ayudar a dise\u00f1ar el futuro del espacio de la tecnolog\u00eda de la informaci\u00f3n.<\/p>\n<div class=\"partner-certificates\" style=\"text-align: center;\"><\/div>\n<p style=\"text-align: center;\"><a href=\"https:\/\/atos.net\/en\/\" target=\"_blank\" rel=\"noopener\">Visitar web \u2197<\/a><\/p>\n<p>[\/vc_column_text][\/vc_column_inner][vc_column_inner width=\u00bb1\/4&#8243;][\/vc_column_inner][\/vc_row_inner][\/vc_column][\/vc_row][vc_row][vc_column][vc_empty_space height=\u00bb64px\u00bb][\/vc_column][\/vc_row][vc_row][vc_column][\/vc_column][\/vc_row]<\/p>\n<\/div>","protected":false},"excerpt":{"rendered":"[vc_row el_class=\u00bbvf_centroayuda_1&#8243;][vc_column css_animation=\u00bbnone\u00bb][vc_column_text] Atos transformaci\u00f3n digital de empresas [\/vc_column_text][\/vc_column][\/vc_row][vc_row el_class=\u00bbmargintop64...","protected":false},"author":2,"featured_media":0,"parent":0,"menu_order":0,"comment_status":"closed","ping_status":"closed","template":"","meta":{"_acf_changed":false,"site-sidebar-layout":"no-sidebar","site-content-layout":"plain-container","ast-site-content-layout":"normal-width-container","site-content-style":"unboxed","site-sidebar-style":"unboxed","ast-global-header-display":"","ast-banner-title-visibility":"","ast-main-header-display":"","ast-hfb-above-header-display":"","ast-hfb-below-header-display":"","ast-hfb-mobile-header-display":"","site-post-title":"disabled","ast-breadcrumbs-content":"","ast-featured-img":"disabled","footer-sml-layout":"","ast-disable-related-posts":"","theme-transparent-header-meta":"default","adv-header-id-meta":"","stick-header-meta":"default","header-above-stick-meta":"","header-main-stick-meta":"","header-below-stick-meta":"","astra-migrate-meta-layouts":"set","ast-page-background-enabled":"default","ast-page-background-meta":{"desktop":{"background-color":"var(--ast-global-color-4)","background-image":"","background-repeat":"repeat","background-position":"center center","background-size":"auto","background-attachment":"scroll","background-type":"","background-media":"","overlay-type":"","overlay-color":"","overlay-opacity":"","overlay-gradient":""},"tablet":{"background-color":"","background-image":"","background-repeat":"repeat","background-position":"center center","background-size":"auto","background-attachment":"scroll","background-type":"","background-media":"","overlay-type":"","overlay-color":"","overlay-opacity":"","overlay-gradient":""},"mobile":{"background-color":"","background-image":"","background-repeat":"repeat","background-position":"center center","background-size":"auto","background-attachment":"scroll","background-type":"","background-media":"","overlay-type":"","overlay-color":"","overlay-opacity":"","overlay-gradient":""}},"ast-content-background-meta":{"desktop":{"background-color":"var(--ast-global-color-5)","background-image":"","background-repeat":"repeat","background-position":"center center","background-size":"auto","background-attachment":"scroll","background-type":"","background-media":"","overlay-type":"","overlay-color":"","overlay-opacity":"","overlay-gradient":""},"tablet":{"background-color":"var(--ast-global-color-5)","background-image":"","background-repeat":"repeat","background-position":"center center","background-size":"auto","background-attachment":"scroll","background-type":"","background-media":"","overlay-type":"","overlay-color":"","overlay-opacity":"","overlay-gradient":""},"mobile":{"background-color":"var(--ast-global-color-5)","background-image":"","background-repeat":"repeat","background-position":"center center","background-size":"auto","background-attachment":"scroll","background-type":"","background-media":"","overlay-type":"","overlay-color":"","overlay-opacity":"","overlay-gradient":""}},"footnotes":""},"categories":[],"tags":[],"class_list":["post-34866","page","type-page","status-publish","hentry"],"acf":[],"_links":{"self":[{"href":"https:\/\/www.viafirma.com\/es\/wp-json\/wp\/v2\/pages\/34866","targetHints":{"allow":["GET"]}}],"collection":[{"href":"https:\/\/www.viafirma.com\/es\/wp-json\/wp\/v2\/pages"}],"about":[{"href":"https:\/\/www.viafirma.com\/es\/wp-json\/wp\/v2\/types\/page"}],"author":[{"embeddable":true,"href":"https:\/\/www.viafirma.com\/es\/wp-json\/wp\/v2\/users\/2"}],"replies":[{"embeddable":true,"href":"https:\/\/www.viafirma.com\/es\/wp-json\/wp\/v2\/comments?post=34866"}],"version-history":[{"count":0,"href":"https:\/\/www.viafirma.com\/es\/wp-json\/wp\/v2\/pages\/34866\/revisions"}],"wp:attachment":[{"href":"https:\/\/www.viafirma.com\/es\/wp-json\/wp\/v2\/media?parent=34866"}],"wp:term":[{"taxonomy":"category","embeddable":true,"href":"https:\/\/www.viafirma.com\/es\/wp-json\/wp\/v2\/categories?post=34866"},{"taxonomy":"post_tag","embeddable":true,"href":"https:\/\/www.viafirma.com\/es\/wp-json\/wp\/v2\/tags?post=34866"}],"curies":[{"name":"wp","href":"https:\/\/api.w.org\/{rel}","templated":true}]}}