{"id":35159,"date":"2024-02-19T10:54:26","date_gmt":"2024-02-19T09:54:26","guid":{"rendered":"https:\/\/www.viafirma.com\/?page_id=35159"},"modified":"2024-05-06T13:44:12","modified_gmt":"2024-05-06T11:44:12","slug":"thomas-signe","status":"publish","type":"page","link":"https:\/\/www.viafirma.com\/es\/thomas-signe\/","title":{"rendered":"Thomas Signe Soluciones Tecnol\u00f3gicas en LATAM"},"content":{"rendered":"<div class=\"wpb-content-wrapper\"><p>[vc_row el_class=\u00bbvf_centroayuda_1&#8243;][vc_column css_animation=\u00bbnone\u00bb][vc_column_text]<\/p>\n<h1 class=\"entry-title\">Thomas Signe Soluciones Tecnol\u00f3gicas en LATAM<\/h1>\n<p>[\/vc_column_text][\/vc_column][\/vc_row][vc_row el_class=\u00bbmargintop64 mb64&#8243;][vc_column][vc_empty_space el_id=\u00bbENS\u00bb][vc_single_image image=\u00bb35162&#8243; img_size=\u00bb150&#215;150&#8243; alignment=\u00bbcenter\u00bb][vc_row_inner][vc_column_inner width=\u00bb1\/4&#8243;][\/vc_column_inner][vc_column_inner width=\u00bb1\/2&#8243;][vc_column_text]<\/p>\n<p style=\"text-align: center;\">Thomas Signe est\u00e1 especializada en la comercializaci\u00f3n, implementaci\u00f3n y puesta en marcha de soluciones tecnol\u00f3gicas globales en el \u00e1mbito de firma electr\u00f3nica, gesti\u00f3n documental y big data, as\u00ed como de tecnolog\u00edas biom\u00e9tricas de seguridad para multitud de sectores y \u00e1mbitos de actividad.<\/p>\n<p style=\"text-align: center;\">La compa\u00f1\u00eda nace de la alianza de Thomas Greg &amp; Sons y Signe, dos referentes en la impresi\u00f3n de documentos de seguridad y las nuevas tecnolog\u00edas. Thomas Signe comercializa sus soluciones en Latinoam\u00e9rica y otras \u00e1reas geogr\u00e1ficas, con presencia y gesti\u00f3n comercial local, adaptando sus soluciones a cada uno de sus clientes.<\/p>\n<p style=\"text-align: center;\">La compa\u00f1\u00eda, experta en seguridad documental, est\u00e1 acreditada como Entidad de Certificaci\u00f3n Electr\u00f3nica Cualificada en su \u00e1mbito de actuaci\u00f3n. Su principal soluci\u00f3n es el eT\u00edtulo (con y sin registro en Blockchain), la copia electr\u00f3nica aut\u00e9ntica del T\u00edtulo oficial Universitario con la misma validez legal que el t\u00edtulo en papel. En este sentido, la entidad cuenta con:<\/p>\n<ul>\n<li style=\"text-align: center;\">20 Universidades en Espa\u00f1a que ya lo ofrecen y varias en Colombia y Per\u00fa en proceso de acreditaci\u00f3n.<\/li>\n<\/ul>\n<ul>\n<li style=\"text-align: center;\">Portal etitulo.com para acceso de estudiantes. Adem\u00e1s, la compa\u00f1\u00eda centra sus servicios en:<\/li>\n<\/ul>\n<ul>\n<li style=\"text-align: center;\">Desarrollo tecnol\u00f3gico a medida<\/li>\n<li style=\"text-align: center;\">Aplicaciones en tecnolog\u00eda Blockchain<\/li>\n<li style=\"text-align: center;\">Soporte al desarrollo e implementaci\u00f3n de soluciones iTech<\/li>\n<li style=\"text-align: center;\">Consultor\u00eda y an\u00e1lisis para la mejora de procesos<\/li>\n<li style=\"text-align: center;\">Servicios de certificaci\u00f3n electr\u00f3nica<\/li>\n<li style=\"text-align: center;\">Servicios relacionados con el uso de certificados: sellado de tiempo (TSA), validaci\u00f3n OCSP, plataforma de firma electr\u00f3nica, publicaci\u00f3n certificada de documentos y custodia de documentos electr\u00f3nicos \u00b7 Servicios de consultor\u00eda y formaci\u00f3n<\/li>\n<\/ul>\n<div class=\"partner-certificates\"><\/div>\n<p style=\"text-align: center;\"><a href=\"https:\/\/thomas-signe.com\/\" target=\"_blank\" rel=\"noopener\">Visitar web \u2197<\/a><\/p>\n<p>[\/vc_column_text][\/vc_column_inner][vc_column_inner width=\u00bb1\/4&#8243;][\/vc_column_inner][\/vc_row_inner][\/vc_column][\/vc_row][vc_row][vc_column][vc_empty_space height=\u00bb64px\u00bb][\/vc_column][\/vc_row][vc_row][vc_column][\/vc_column][\/vc_row]<\/p>\n<\/div>","protected":false},"excerpt":{"rendered":"[vc_row el_class=\u00bbvf_centroayuda_1&#8243;][vc_column css_animation=\u00bbnone\u00bb][vc_column_text] Thomas Signe Soluciones Tecnol\u00f3gicas en LATAM [\/vc_column_text][\/vc_column][\/vc_row][vc_row...","protected":false},"author":20,"featured_media":0,"parent":0,"menu_order":0,"comment_status":"closed","ping_status":"closed","template":"","meta":{"_acf_changed":false,"site-sidebar-layout":"no-sidebar","site-content-layout":"plain-container","ast-site-content-layout":"normal-width-container","site-content-style":"unboxed","site-sidebar-style":"unboxed","ast-global-header-display":"","ast-banner-title-visibility":"","ast-main-header-display":"","ast-hfb-above-header-display":"","ast-hfb-below-header-display":"","ast-hfb-mobile-header-display":"","site-post-title":"disabled","ast-breadcrumbs-content":"","ast-featured-img":"disabled","footer-sml-layout":"","ast-disable-related-posts":"","theme-transparent-header-meta":"default","adv-header-id-meta":"","stick-header-meta":"default","header-above-stick-meta":"","header-main-stick-meta":"","header-below-stick-meta":"","astra-migrate-meta-layouts":"set","ast-page-background-enabled":"default","ast-page-background-meta":{"desktop":{"background-color":"var(--ast-global-color-4)","background-image":"","background-repeat":"repeat","background-position":"center center","background-size":"auto","background-attachment":"scroll","background-type":"","background-media":"","overlay-type":"","overlay-color":"","overlay-opacity":"","overlay-gradient":""},"tablet":{"background-color":"","background-image":"","background-repeat":"repeat","background-position":"center center","background-size":"auto","background-attachment":"scroll","background-type":"","background-media":"","overlay-type":"","overlay-color":"","overlay-opacity":"","overlay-gradient":""},"mobile":{"background-color":"","background-image":"","background-repeat":"repeat","background-position":"center center","background-size":"auto","background-attachment":"scroll","background-type":"","background-media":"","overlay-type":"","overlay-color":"","overlay-opacity":"","overlay-gradient":""}},"ast-content-background-meta":{"desktop":{"background-color":"var(--ast-global-color-5)","background-image":"","background-repeat":"repeat","background-position":"center center","background-size":"auto","background-attachment":"scroll","background-type":"","background-media":"","overlay-type":"","overlay-color":"","overlay-opacity":"","overlay-gradient":""},"tablet":{"background-color":"var(--ast-global-color-5)","background-image":"","background-repeat":"repeat","background-position":"center center","background-size":"auto","background-attachment":"scroll","background-type":"","background-media":"","overlay-type":"","overlay-color":"","overlay-opacity":"","overlay-gradient":""},"mobile":{"background-color":"var(--ast-global-color-5)","background-image":"","background-repeat":"repeat","background-position":"center center","background-size":"auto","background-attachment":"scroll","background-type":"","background-media":"","overlay-type":"","overlay-color":"","overlay-opacity":"","overlay-gradient":""}},"footnotes":""},"categories":[],"tags":[],"class_list":["post-35159","page","type-page","status-publish","hentry"],"acf":[],"_links":{"self":[{"href":"https:\/\/www.viafirma.com\/es\/wp-json\/wp\/v2\/pages\/35159","targetHints":{"allow":["GET"]}}],"collection":[{"href":"https:\/\/www.viafirma.com\/es\/wp-json\/wp\/v2\/pages"}],"about":[{"href":"https:\/\/www.viafirma.com\/es\/wp-json\/wp\/v2\/types\/page"}],"author":[{"embeddable":true,"href":"https:\/\/www.viafirma.com\/es\/wp-json\/wp\/v2\/users\/20"}],"replies":[{"embeddable":true,"href":"https:\/\/www.viafirma.com\/es\/wp-json\/wp\/v2\/comments?post=35159"}],"version-history":[{"count":0,"href":"https:\/\/www.viafirma.com\/es\/wp-json\/wp\/v2\/pages\/35159\/revisions"}],"wp:attachment":[{"href":"https:\/\/www.viafirma.com\/es\/wp-json\/wp\/v2\/media?parent=35159"}],"wp:term":[{"taxonomy":"category","embeddable":true,"href":"https:\/\/www.viafirma.com\/es\/wp-json\/wp\/v2\/categories?post=35159"},{"taxonomy":"post_tag","embeddable":true,"href":"https:\/\/www.viafirma.com\/es\/wp-json\/wp\/v2\/tags?post=35159"}],"curies":[{"name":"wp","href":"https:\/\/api.w.org\/{rel}","templated":true}]}}