{"id":35335,"date":"2024-02-19T11:56:06","date_gmt":"2024-02-19T10:56:06","guid":{"rendered":"https:\/\/www.viafirma.com\/?page_id=35335"},"modified":"2024-10-31T09:49:57","modified_gmt":"2024-10-31T08:49:57","slug":"lpa","status":"publish","type":"page","link":"https:\/\/www.viafirma.com\/es\/lpa\/","title":{"rendered":"Grupo LPA Soluciones Tecnol\u00f3gicas en LATAM"},"content":{"rendered":"<div class=\"wpb-content-wrapper\"><p>[vc_row el_class=\u00bbvf_centroayuda_1&#8243;][vc_column css_animation=\u00bbnone\u00bb][vc_column_text]<\/p>\n<h1 class=\"entry-title\">Grupo LPA Soluciones Tecnol\u00f3gicas en LATAM<\/h1>\n<p>[\/vc_column_text][\/vc_column][\/vc_row][vc_row el_class=\u00bbmargintop64 mb64&#8243;][vc_column][vc_empty_space el_id=\u00bbENS\u00bb][vc_single_image image=\u00bb35338&#8243; img_size=\u00bb150&#215;150&#8243; alignment=\u00bbcenter\u00bb][vc_row_inner][vc_column_inner width=\u00bb1\/4&#8243;][\/vc_column_inner][vc_column_inner width=\u00bb1\/2&#8243;][vc_column_text css=\u00bb\u00bb]<\/p>\n<h2 style=\"text-align: center;\"><strong>LPA Per\u00fa<\/strong><\/h2>\n<p style=\"text-align: center;\">LPA Per\u00fa fue fundada en 2008 con el objetivo de brindar soluciones de ECM a grandes empresas del mercado peruano, desde entonces ha desarrollado exitosos proyectos en Banca, Energ\u00eda &amp; Petr\u00f3leo y Entidades de Gobierno.<\/p>\n<div class=\"partner-certificates\" style=\"text-align: center;\"><\/div>\n<p style=\"text-align: center;\"><a href=\"https:\/\/www.grupolpa.com\/lpaperu\" target=\"_blank\" rel=\"noopener\">Visitar web \u2197<\/a><\/p>\n<h2 style=\"text-align: center;\"><strong>LPA &amp; Asociados SRL (Argentina)<\/strong><\/h2>\n<p style=\"text-align: center;\">LPA Argentina (<em>LPA Corporate Solutions<\/em>) empresa madre del Grupo LPA fue fundada en el a\u00f1o 1991, la misma tiene 26 a\u00f1os de trayectoria en el mercado argentino y regional brindando soluciones en tecnolog\u00edas enfocadas a la gesti\u00f3n empresarial de los activos digitales. LPA Argentina est\u00e1 especializada en brindar servicios de Consultor\u00eda para las plataformas tecnol\u00f3gicas SAP HCM y SuccessFactors.<\/p>\n<div class=\"partner-certificates\"><\/div>\n<div class=\"partner-certificates\" style=\"text-align: center;\"><\/div>\n<p style=\"text-align: center;\"><a href=\"https:\/\/www.grupolpa.com\/lpaargentina\" target=\"_blank\" rel=\"noopener\">Visitar web \u2197<\/a><\/p>\n<p>&nbsp;<\/p>\n<h2 style=\"text-align: center;\"><strong>LPA de Colombia SAS<\/strong><\/h2>\n<p style=\"text-align: center;\">LPA de Colombia S.A.S. naci\u00f3 a mediados del 2008 respondiendo a la demanda de un partner \u00e1vido de conocimientos profundos en la plataforma de FileNet P8. Desde entonces existe un destacado grupo de profesionales con la capacidad de llevar e implementar exitosamente complejos proyectos ECM.<\/p>\n<div class=\"partner-certificates\"><\/div>\n<div class=\"partner-certificates\" style=\"text-align: center;\"><\/div>\n<p style=\"text-align: center;\"><a href=\"https:\/\/www.grupolpa.com\/lpacolombia\" target=\"_blank\" rel=\"noopener\">Visitar web \u2197<\/a><\/p>\n<p>[\/vc_column_text][\/vc_column_inner][vc_column_inner width=\u00bb1\/4&#8243;][\/vc_column_inner][\/vc_row_inner][\/vc_column][\/vc_row][vc_row][vc_column][vc_empty_space height=\u00bb64px\u00bb][\/vc_column][\/vc_row][vc_row][vc_column][\/vc_column][\/vc_row]<\/p>\n<\/div>","protected":false},"excerpt":{"rendered":"[vc_row el_class=\u00bbvf_centroayuda_1&#8243;][vc_column css_animation=\u00bbnone\u00bb][vc_column_text] Grupo LPA Soluciones Tecnol\u00f3gicas en LATAM [\/vc_column_text][\/vc_column][\/vc_row][vc_row...","protected":false},"author":20,"featured_media":0,"parent":0,"menu_order":0,"comment_status":"closed","ping_status":"closed","template":"","meta":{"_acf_changed":false,"site-sidebar-layout":"no-sidebar","site-content-layout":"plain-container","ast-site-content-layout":"normal-width-container","site-content-style":"unboxed","site-sidebar-style":"unboxed","ast-global-header-display":"","ast-banner-title-visibility":"","ast-main-header-display":"","ast-hfb-above-header-display":"","ast-hfb-below-header-display":"","ast-hfb-mobile-header-display":"","site-post-title":"disabled","ast-breadcrumbs-content":"","ast-featured-img":"disabled","footer-sml-layout":"","ast-disable-related-posts":"","theme-transparent-header-meta":"default","adv-header-id-meta":"","stick-header-meta":"default","header-above-stick-meta":"","header-main-stick-meta":"","header-below-stick-meta":"","astra-migrate-meta-layouts":"set","ast-page-background-enabled":"default","ast-page-background-meta":{"desktop":{"background-color":"var(--ast-global-color-4)","background-image":"","background-repeat":"repeat","background-position":"center center","background-size":"auto","background-attachment":"scroll","background-type":"","background-media":"","overlay-type":"","overlay-color":"","overlay-opacity":"","overlay-gradient":""},"tablet":{"background-color":"","background-image":"","background-repeat":"repeat","background-position":"center center","background-size":"auto","background-attachment":"scroll","background-type":"","background-media":"","overlay-type":"","overlay-color":"","overlay-opacity":"","overlay-gradient":""},"mobile":{"background-color":"","background-image":"","background-repeat":"repeat","background-position":"center center","background-size":"auto","background-attachment":"scroll","background-type":"","background-media":"","overlay-type":"","overlay-color":"","overlay-opacity":"","overlay-gradient":""}},"ast-content-background-meta":{"desktop":{"background-color":"var(--ast-global-color-5)","background-image":"","background-repeat":"repeat","background-position":"center center","background-size":"auto","background-attachment":"scroll","background-type":"","background-media":"","overlay-type":"","overlay-color":"","overlay-opacity":"","overlay-gradient":""},"tablet":{"background-color":"var(--ast-global-color-5)","background-image":"","background-repeat":"repeat","background-position":"center center","background-size":"auto","background-attachment":"scroll","background-type":"","background-media":"","overlay-type":"","overlay-color":"","overlay-opacity":"","overlay-gradient":""},"mobile":{"background-color":"var(--ast-global-color-5)","background-image":"","background-repeat":"repeat","background-position":"center center","background-size":"auto","background-attachment":"scroll","background-type":"","background-media":"","overlay-type":"","overlay-color":"","overlay-opacity":"","overlay-gradient":""}},"footnotes":""},"categories":[],"tags":[],"class_list":["post-35335","page","type-page","status-publish","hentry"],"acf":[],"_links":{"self":[{"href":"https:\/\/www.viafirma.com\/es\/wp-json\/wp\/v2\/pages\/35335","targetHints":{"allow":["GET"]}}],"collection":[{"href":"https:\/\/www.viafirma.com\/es\/wp-json\/wp\/v2\/pages"}],"about":[{"href":"https:\/\/www.viafirma.com\/es\/wp-json\/wp\/v2\/types\/page"}],"author":[{"embeddable":true,"href":"https:\/\/www.viafirma.com\/es\/wp-json\/wp\/v2\/users\/20"}],"replies":[{"embeddable":true,"href":"https:\/\/www.viafirma.com\/es\/wp-json\/wp\/v2\/comments?post=35335"}],"version-history":[{"count":0,"href":"https:\/\/www.viafirma.com\/es\/wp-json\/wp\/v2\/pages\/35335\/revisions"}],"wp:attachment":[{"href":"https:\/\/www.viafirma.com\/es\/wp-json\/wp\/v2\/media?parent=35335"}],"wp:term":[{"taxonomy":"category","embeddable":true,"href":"https:\/\/www.viafirma.com\/es\/wp-json\/wp\/v2\/categories?post=35335"},{"taxonomy":"post_tag","embeddable":true,"href":"https:\/\/www.viafirma.com\/es\/wp-json\/wp\/v2\/tags?post=35335"}],"curies":[{"name":"wp","href":"https:\/\/api.w.org\/{rel}","templated":true}]}}