{"id":36377,"date":"2024-02-29T13:56:46","date_gmt":"2024-02-29T12:56:46","guid":{"rendered":"https:\/\/www.viafirma.com\/?page_id=36377"},"modified":"2026-02-04T12:52:34","modified_gmt":"2026-02-04T12:52:34","slug":"sandbox-fortress-descargas","status":"publish","type":"page","link":"https:\/\/www.viafirma.com\/es\/sandbox-fortress-descargas\/","title":{"rendered":"Descargas Fortress para Sandbox"},"content":{"rendered":"<div class=\"wpb-content-wrapper\"><p>[vc_row][vc_column][vc_column_text]<\/p>\n<h1 class=\"has-text-align-center\" style=\"line-height: 1.3; text-align: left;\">Descargas de Fortress para entorno de pruebas (sandbox)<\/h1>\n<p>[\/vc_column_text][vc_separator][vc_single_image image=\u00bb35724&#8243;][vc_column_text]<\/p>\n<h2 class=\"wp-block-heading\">Viafirma Fortress Desktop para sandbox en Windows<\/h2>\n<p>Descarga la aplicaci\u00f3n para Windows y gestiona tus certificados digitales de forma c\u00f3moda y r\u00e1pida.[\/vc_column_text][vc_raw_html]JTNDc2VjdGlvbiUyMGNsYXNzJTNEJTIycGxhdGZvcm0lMjBjb250YWluZXIlMjBtdC0yJTIwbWItMiUyMiUzRSUwQSUzQ2RpdiUyMGNsYXNzJTNEJTIycm93JTIwZmxleCUyMiUyMHN0eWxlJTNEJTIyanVzdGlmeS1jb250ZW50JTNBJTIwc3BhY2UtYXJvdW5kJTNCJTIyJTNFJTBBJTIwJTIwJTIwJTIwJTNDZGl2JTIwY2xhc3MlM0QlMjJjb2x1bW4lMjIlM0UlMEElMjAlMjAlMjAlMjAlMjAlMjAlM0NkaXYlMjBjbGFzcyUzRCUyMmNhcmQlMjIlM0UlMEElMDklMDklMDklM0NkaXYlM0UlMEElMDklMDklMDklMDklM0MlMjEtLSUyMEFxdSVDMyVBRCUyMHB1ZWRlcyUyMGFncmVnYXIlMjBtJUMzJUExcyUyMGZpbGFzJTIwY29uJTIwaW5mb3JtYWNpJUMzJUIzbiUyMHNvYnJlJTIwZWwlMjBzb2Z0d2FyZSUyMC0tJTNFJTBBJTA5JTA5JTA5JTA5JTNDdWwlMjBjbGFzcyUzRCUyMmRvd25sb2FkJTIwd2luZG93cyUyMHRleHQtY2VudGVyJTIyJTIwc3R5bGUlM0QlMjJsaXN0LXN0eWxlJTNBJTIwbm9uZSUzQiUyMG1hcmdpbiUzQTAlMjIlM0UlMEElMjAlMjAlMjAlMjAlMjAlMjAlMjAlMjAlMjAlMjAlM0NsaSUyMGlkJTNEJTIybGlfd2luZG93c182NCUyMiUyMGNsYXNzJTNEJTIyY29tbW9uLWRvd25sb2FkJTIyJTNFJTBBJTIwJTIwJTIwJTIwJTIwJTIwJTIwJTIwJTIwJTIwJTIwJTIwJTNDcCUzRSUwQSUwOSUwOSUwOSUzQ2ElMjBocmVmJTNEJTIyaHR0cHMlM0ElMkYlMkZyZXNvdXJjZXMudmlhZmlybWEuY29tJTJGZG93bmxvYWQlMkZmb3J0cmVzcyUyRmRlc2t0b3AlMkZ2aWFmaXJtYS1pbnQlMkZ2aWFmaXJtYS1mb3J0cmVzcy1kZXNrdG9wLXZpYWZpcm1hLWludF93aW42NC5tc2klMjIlM0UlMEElMDklMDklMDklM0NidXR0b24lMjBpZCUzRCUyMmJ0biUyMiUyMHN0eWxlJTNEJTIyZm9udC1zaXplJTNBMTJweCUzQiUyMGJhY2tncm91bmQtY29sb3IlM0ElMjAlMjMwMDUxOTUlMjIlM0VEZXNjYXJnYXIlMjB2MiUyMHBhcmElMjBXaW5kb3dzJTNDJTJGYnV0dG9uJTNFJTNDJTJGYSUzRSUwQSUwQSUyMCUyMCUyMCUyMCUyMCUyMCUyMCUyMCUyMCUyMCUyMCUyMCUzQyUyRnAlM0UlMEElMjAlMjAlMjAlMjAlMjAlMjAlMjAlMjAlMjAlMjAlM0MlMkZsaSUzRSUwQSUyMCUyMCUyMCUyMCUyMCUyMCUyMCUyMCUzQyUyRnVsJTNFJTBBJTA5JTA5JTA5JTNDJTJGZGl2JTNFJTBBJTIwJTIwJTIwJTIwJTIwJTIwJTNDJTJGZGl2JTNFJTBBJTIwJTIwJTIwJTIwJTNDJTJGZGl2JTNFJTBBJTBBJTNDJTJGc2VjdGlvbiUzRQ==[\/vc_raw_html][vc_separator][vc_single_image image=\u00bb27751&#8243; el_class=\u00bbmargintop64&#8243;][vc_column_text]<\/p>\n<h2 class=\"wp-block-heading\">Viafirma Fortress Desktop para macOS<\/h2>\n<p>Descarga la aplicaci\u00f3n macOS y gestiona tus certificados centralizados de forma c\u00f3moda y r\u00e1pida:[\/vc_column_text][vc_raw_html]JTNDc2VjdGlvbiUyMGNsYXNzJTNEJTIycGxhdGZvcm0lMjBjb250YWluZXIlMjBtdC0yJTIwbWItMiUyMiUzRSUwQSUzQ2RpdiUyMGNsYXNzJTNEJTIycm93JTIwZmxleCUyMiUyMHN0eWxlJTNEJTIyanVzdGlmeS1jb250ZW50JTNBJTIwc3BhY2UtYXJvdW5kJTNCJTIyJTNFJTBBJTIwJTIwJTIwJTIwJTNDZGl2JTIwY2xhc3MlM0QlMjJjb2x1bW4lMjIlM0UlMEElMjAlMjAlMjAlMjAlMjAlMjAlM0NkaXYlMjBjbGFzcyUzRCUyMmNhcmQlMjIlM0UlMEElMDklMDklMDklM0NkaXYlM0UlMEElMDklMDklMDklMDklM0MlMjEtLSUyMEFxdSVDMyVBRCUyMHB1ZWRlcyUyMGFncmVnYXIlMjBtJUMzJUExcyUyMGZpbGFzJTIwY29uJTIwaW5mb3JtYWNpJUMzJUIzbiUyMHNvYnJlJTIwZWwlMjBzb2Z0d2FyZSUyMC0tJTNFJTBBJTA5JTA5JTA5JTA5JTNDdWwlMjBjbGFzcyUzRCUyMmRvd25sb2FkJTIwd2luZG93cyUyMHRleHQtY2VudGVyJTIyJTIwc3R5bGUlM0QlMjJsaXN0LXN0eWxlJTNBJTIwbm9uZSUzQiUyMG1hcmdpbiUzQTAlMjIlM0UlMEElMjAlMjAlMjAlMjAlMjAlMjAlMjAlMjAlMjAlMjAlM0NsaSUyMGlkJTNEJTIybGlfd2luZG93c182NCUyMiUyMGNsYXNzJTNEJTIyY29tbW9uLWRvd25sb2FkJTIyJTNFJTBBJTIwJTIwJTIwJTIwJTIwJTIwJTIwJTIwJTIwJTIwJTIwJTIwJTNDcCUzRSUwQSUwOSUwOSUwOSUzQ2ElMjBocmVmJTNEJTIyaHR0cHMlM0ElMkYlMkZyZXNvdXJjZXMudmlhZmlybWEuY29tJTJGZG93bmxvYWQlMkZmb3J0cmVzcyUyRmRlc2t0b3AlMkZ2aWFmaXJtYS1pbnQlMkZ2aWFmaXJtYS1mb3J0cmVzcy1kZXNrdG9wLXZpYWZpcm1hLWludC5wa2clMjIlM0UlMEElMDklMDklMDklM0NidXR0b24lMjBpZCUzRCUyMmJ0biUyMiUyMHN0eWxlJTNEJTIyZm9udC1zaXplJTNBMTJweCUzQiUyMGJhY2tncm91bmQtY29sb3IlM0ElMjAlMjMwMDUxOTUlMjIlM0VEZXNjYXJnYXIlMjB2ZXJzaSVDMyVCM24lMjBwYXJhJTIwbWFjT1MlMjAlMjhCZXRhJTI5JTNDJTJGYnV0dG9uJTNFJTNDJTJGYSUzRSUwQSUwQSUyMCUyMCUyMCUyMCUyMCUyMCUyMCUyMCUyMCUyMCUyMCUyMCUzQyUyRnAlM0UlMEElMjAlMjAlMjAlMjAlMjAlMjAlMjAlMjAlMjAlMjAlM0MlMkZsaSUzRSUwQSUyMCUyMCUyMCUyMCUyMCUyMCUyMCUyMCUzQyUyRnVsJTNFJTBBJTA5JTA5JTA5JTNDJTJGZGl2JTNFJTBBJTIwJTIwJTIwJTIwJTIwJTIwJTNDJTJGZGl2JTNFJTBBJTIwJTIwJTIwJTIwJTNDJTJGZGl2JTNFJTBBJTBBJTNDJTJGc2VjdGlvbiUzRQ==[\/vc_raw_html][vc_column_text el_class=\u00bbmb64&#8243;]<\/p>\n<p class=\"wp-block-heading\">Para el correcto funcionamiento de la extensi\u00f3n de Viafirma Fortress en sistemas operativos macOS y navegador Firefox se necesitan descargar dos archivos adicionales, puedes ver los detalles\u00a0<a href=\"https:\/\/www.viafirma.com\/es\/documentacion\/descarga-de-viafirma-fortress-desktop-para-mac-os\/\" target=\"_blank\" rel=\"noreferrer noopener\">aqu\u00ed<\/a>.<\/p>\n<p>[\/vc_column_text][vc_separator][vc_column_text el_class=\u00bbmargintop64 mb64&#8243;]<\/p>\n<h2 class=\"wp-block-heading\">Extensiones para navegadores<\/h2>\n<h3 class=\"wp-block-heading\">Extensi\u00f3n de Google Chrome<\/h3>\n<p>Esta extensi\u00f3n es necesaria para poder usar Viafirma Fortress Desktop desde Google Chrome.<\/p>\n<p><a href=\"https:\/\/chrome.google.com\/webstore\/detail\/viafirma-fortress-desktop\/jpihmhljfgnekdklckinhocfjkfignia?hl=es\" target=\"_blank\" rel=\"noreferrer noopener nofollow\">Descargar extensi\u00f3n para Google Chrome<\/a><\/p>\n<h3 class=\"wp-block-heading\">Firefox<\/h3>\n<p>Esta extensi\u00f3n es necesaria para poder usar Viafirma Fortress Desktop desde Firefox.<\/p>\n<p><a href=\"https:\/\/resources.viafirma.com\/download\/fortress\/desktop\/viafirma_fortress_desktop-fx.xpi\" target=\"_blank\" rel=\"noreferrer noopener nofollow\">Descargar extensi\u00f3n para Firefox<\/a>[\/vc_column_text][vc_separator][vc_column_text el_class=\u00bbmargintop64 mb64&#8243;]<\/p>\n<h2 class=\"wp-block-heading\">App Google Authenticator<\/h2>\n<p>Con esta App podr\u00e1s usar el factor de autenticaci\u00f3n OTP (One Time Password).<\/p>\n<p><a href=\"https:\/\/play.google.com\/store\/apps\/details?id=com.google.android.apps.authenticator2&amp;hl=es\" target=\"_blank\" rel=\"noreferrer noopener nofollow\">Descarga APP Android<\/a><a href=\"https:\/\/apps.apple.com\/es\/app\/google-authenticator\/id388497605\" target=\"_blank\" rel=\"noreferrer noopener nofollow\"><br \/>\nDescarga APP iOS<\/a>[\/vc_column_text][vc_separator][vc_column_text el_class=\u00bbmargintop64 mb64&#8243;]<\/p>\n<h2 class=\"wp-block-heading\">App Viafirma Token<\/h2>\n<p>Con esta App podr\u00e1s usar el factor de autenticaci\u00f3n OTP (One Time Password).<\/p>\n<p><a href=\"https:\/\/play.google.com\/store\/apps\/details?id=com.viafirma.otp&amp;hl=es\" target=\"_blank\" rel=\"noreferrer noopener nofollow\">Descarga Android<\/a><a href=\"https:\/\/apps.apple.com\/es\/app\/viafirma-otp\/id1260470795\" target=\"_blank\" rel=\"noreferrer noopener nofollow\"><br \/>\nDescarga iOS<\/a>[\/vc_column_text][vc_separator][vc_column_text el_class=\u00bbmargintop64 mb64&#8243;]<\/p>\n<h2 class=\"wp-block-heading\">Fortress App<\/h2>\n<p>En los siguientes enlaces podr\u00e1s descargar las versiones para iOS y Android de Viafirma Fortress.<\/p>\n<p><a href=\"https:\/\/play.google.com\/store\/apps\/details?id=com.viafirma.fortress\" target=\"_blank\" rel=\"noreferrer noopener nofollow\">Descarga APP Android<br \/>\n<\/a><a href=\"https:\/\/apps.apple.com\/hn\/app\/viafirma-fortress\/id1556427379\" target=\"_blank\" rel=\"nofollow noopener\">Descarga APP iOS<\/a>[\/vc_column_text][vc_separator][\/vc_column][\/vc_row]<\/p>\n<\/div>","protected":false},"excerpt":{"rendered":"[vc_row][vc_column][vc_column_text] Descargas de Fortress para entorno de pruebas (sandbox) [\/vc_column_text][vc_separator][vc_single_image...","protected":false},"author":3,"featured_media":0,"parent":0,"menu_order":0,"comment_status":"closed","ping_status":"closed","template":"template-descargas-fortress-sandbox.php","meta":{"_acf_changed":false,"site-sidebar-layout":"default","site-content-layout":"plain-container","ast-site-content-layout":"default","site-content-style":"default","site-sidebar-style":"default","ast-global-header-display":"","ast-banner-title-visibility":"","ast-main-header-display":"","ast-hfb-above-header-display":"","ast-hfb-below-header-display":"","ast-hfb-mobile-header-display":"","site-post-title":"","ast-breadcrumbs-content":"","ast-featured-img":"","footer-sml-layout":"","ast-disable-related-posts":"","theme-transparent-header-meta":"default","adv-header-id-meta":"","stick-header-meta":"default","header-above-stick-meta":"","header-main-stick-meta":"","header-below-stick-meta":"","astra-migrate-meta-layouts":"set","ast-page-background-enabled":"default","ast-page-background-meta":{"desktop":{"background-color":"var(--ast-global-color-4)","background-image":"","background-repeat":"repeat","background-position":"center center","background-size":"auto","background-attachment":"scroll","background-type":"","background-media":"","overlay-type":"","overlay-color":"","overlay-opacity":"","overlay-gradient":""},"tablet":{"background-color":"","background-image":"","background-repeat":"repeat","background-position":"center center","background-size":"auto","background-attachment":"scroll","background-type":"","background-media":"","overlay-type":"","overlay-color":"","overlay-opacity":"","overlay-gradient":""},"mobile":{"background-color":"","background-image":"","background-repeat":"repeat","background-position":"center center","background-size":"auto","background-attachment":"scroll","background-type":"","background-media":"","overlay-type":"","overlay-color":"","overlay-opacity":"","overlay-gradient":""}},"ast-content-background-meta":{"desktop":{"background-color":"var(--ast-global-color-5)","background-image":"","background-repeat":"repeat","background-position":"center center","background-size":"auto","background-attachment":"scroll","background-type":"","background-media":"","overlay-type":"","overlay-color":"","overlay-opacity":"","overlay-gradient":""},"tablet":{"background-color":"var(--ast-global-color-5)","background-image":"","background-repeat":"repeat","background-position":"center center","background-size":"auto","background-attachment":"scroll","background-type":"","background-media":"","overlay-type":"","overlay-color":"","overlay-opacity":"","overlay-gradient":""},"mobile":{"background-color":"var(--ast-global-color-5)","background-image":"","background-repeat":"repeat","background-position":"center center","background-size":"auto","background-attachment":"scroll","background-type":"","background-media":"","overlay-type":"","overlay-color":"","overlay-opacity":"","overlay-gradient":""}},"footnotes":""},"categories":[],"tags":[],"class_list":["post-36377","page","type-page","status-publish","hentry"],"acf":[],"_links":{"self":[{"href":"https:\/\/www.viafirma.com\/es\/wp-json\/wp\/v2\/pages\/36377","targetHints":{"allow":["GET"]}}],"collection":[{"href":"https:\/\/www.viafirma.com\/es\/wp-json\/wp\/v2\/pages"}],"about":[{"href":"https:\/\/www.viafirma.com\/es\/wp-json\/wp\/v2\/types\/page"}],"author":[{"embeddable":true,"href":"https:\/\/www.viafirma.com\/es\/wp-json\/wp\/v2\/users\/3"}],"replies":[{"embeddable":true,"href":"https:\/\/www.viafirma.com\/es\/wp-json\/wp\/v2\/comments?post=36377"}],"version-history":[{"count":1,"href":"https:\/\/www.viafirma.com\/es\/wp-json\/wp\/v2\/pages\/36377\/revisions"}],"predecessor-version":[{"id":97985,"href":"https:\/\/www.viafirma.com\/es\/wp-json\/wp\/v2\/pages\/36377\/revisions\/97985"}],"wp:attachment":[{"href":"https:\/\/www.viafirma.com\/es\/wp-json\/wp\/v2\/media?parent=36377"}],"wp:term":[{"taxonomy":"category","embeddable":true,"href":"https:\/\/www.viafirma.com\/es\/wp-json\/wp\/v2\/categories?post=36377"},{"taxonomy":"post_tag","embeddable":true,"href":"https:\/\/www.viafirma.com\/es\/wp-json\/wp\/v2\/tags?post=36377"}],"curies":[{"name":"wp","href":"https:\/\/api.w.org\/{rel}","templated":true}]}}