{"id":45075,"date":"2024-04-23T13:12:07","date_gmt":"2024-04-23T11:12:07","guid":{"rendered":"https:\/\/www.viafirma.com\/?page_id=45075"},"modified":"2025-11-17T11:34:20","modified_gmt":"2025-11-17T10:34:20","slug":"kit-digital","status":"publish","type":"page","link":"https:\/\/www.viafirma.com\/es\/kit-digital\/","title":{"rendered":"Firma Digital con la Ayuda del Kit Digital"},"content":{"rendered":"<div class=\"wpb-content-wrapper\"><p>[vc_row full_height=\u00bbyes\u00bb equal_height=\u00bbyes\u00bb content_placement=\u00bbmiddle\u00bb el_class=\u00bbvf_home_1&#8243;][vc_column][vc_row_inner equal_height=\u00bbyes\u00bb content_placement=\u00bbmiddle\u00bb el_class=\u00bbswap-on-mobile\u00bb][vc_column_inner width=\u00bb1\/2&#8243;][vc_column_text css_animation=\u00bbleft-to-right\u00bb css=\u00bb\u00bb]<\/p>\n<h1 class=\"white mb-0\"><strong>Kit digital<\/strong><br \/>\nDigital\u00edzate con Viafirma<\/h1>\n<p>[\/vc_column_text][vc_btn title=\u00bbCONTACTA CON NOSOTROS\u00bb el_class=\u00bbvf_boton_naranja\u00bb link=\u00bburl:https%3A%2F%2Fwww.viafirma.com%2Fes%2Fcontacto%2F|title:Ejemplos%20de%20firma%20electr%C3%B3nica\u00bb][\/vc_column_inner][vc_column_inner width=\u00bb1\/2&#8243;][vc_single_image image=\u00bb57629&#8243; img_size=\u00bb1000&#215;1000&#8243; css=\u00bb\u00bb][\/vc_column_inner][\/vc_row_inner][\/vc_column][\/vc_row][vc_row el_class=\u00bbvf_aplicacion_4&#8243;][vc_column][vc_column_text css=\u00bb\u00bb]<\/p>\n<h2 style=\"text-align: center;\"><strong>Bono Kit Digital<\/strong><\/h2>\n<p style=\"text-align: center;\">Solicita tu\u00a0Bono Kit Digital\u00a0y agiliza las gestiones y procesos habituales de tu empresa con nuestras soluciones de firma electr\u00f3nica de documentos y gesti\u00f3n de certificados digitales<\/p>\n<p>[\/vc_column_text][vc_single_image image=\u00bb45079&#8243; img_size=\u00bbfull\u00bb][vc_column_text css=\u00bb\u00bb]<\/p>\n<p style=\"text-align: center;\">Ayudas del Programa Kit Digital, financiado por la Uni\u00f3n Europea-Fondos Next Generation EU dentro del Plan de Recuperaci\u00f3n, Transformaci\u00f3n y Resiliencia, para peque\u00f1as y medianas empresas, microempresas y aut\u00f3nomos.<\/p>\n<p>[\/vc_column_text][\/vc_column][\/vc_row][vc_row el_class=\u00bbvf_global\u00bb][vc_column][vc_raw_html]JTVCdmZzaG9ydGNvZGVzJTIwaWQlM0QlMjJtZWpvcl9zb2x1Y2lvbl9henVsJTIyJTIwdGV4dG8lM0QlMjJMYSUyMG1lam9yJTIwc29sdWNpJUMzJUIzbiUyMGRlJTIwJTJBYm9sZCUyQWZpcm1hJTIwZWxlY3RyJUMzJUIzbmljYSUyQSUyRmJvbGQlMkElMjBwYXJhJTIwdHUlMjBlbXByZXNhJTIyJTVE[\/vc_raw_html][\/vc_column][\/vc_row][vc_row full_height=\u00bbyes\u00bb equal_height=\u00bbyes\u00bb content_placement=\u00bbmiddle\u00bb el_class=\u00bbvf_aplicacion_5&#8243;][vc_column width=\u00bb1\/2&#8243;][vc_column_text css=\u00bb\u00bb]<\/p>\n<h2 class=\"mb-0 txt-center\" style=\"text-align: left;\"><strong>Soluciones de digitalizaci\u00f3n en Gesti\u00f3n de procesos<\/strong><\/h2>\n<h5 style=\"text-align: left;\">QUEREMOS SER TU AGENTE DIGITALIZADOR DEL PROGRAMA KIT DIGITAL<\/h5>\n<h6>Viafirma Documents<\/h6>\n<p>Un software de firma electr\u00f3nica que te permite gestionar, validar y enviar a firmar documentos (en formato PDF, DOCX, ODT) desde cualquier lugar y dispositivo.[\/vc_column_text][vc_row_inner][vc_column_inner width=\u00bb1\/2&#8243;][vc_column_text]<\/p>\n<ul>\n<li><i class=\"fa fa-check\"><\/i>Econ\u00f3mico<\/li>\n<li><i class=\"fa fa-check\"><\/i>Fiable<\/li>\n<li><i class=\"fa fa-check\"><\/i>Seguro<\/li>\n<li><i class=\"fa fa-check\"><\/i>Intuitivo<\/li>\n<li><i class=\"fa fa-check\"><\/i>Prueba gratuita<\/li>\n<\/ul>\n<p>[\/vc_column_text][\/vc_column_inner][\/vc_row_inner][\/vc_column][vc_column width=\u00bb1\/2&#8243;][vc_single_image image=\u00bb37228&#8243; img_size=\u00bb500&#8243; alignment=\u00bbright\u00bb][\/vc_column][\/vc_row][vc_row][vc_column][vc_raw_html css=\u00bb\u00bb]JTNDZGl2JTIwY2xhc3MlM0QlMjJwcmljaW5nLXRhYmxlJTIyJTNFJTBBJTIwJTIwJTNDZGl2JTIwY2xhc3MlM0QlMjJwbGFuLWNhcmQlMjIlM0UlMEElMjAlMjAlMjAlMjAlM0NoMyUzRUJhc2ljJTNDJTJGaDMlM0UlMEElMjAlMjAlMjAlMjAlM0N1bCUzRSUwQSUyMCUyMCUyMCUyMCUyMCUyMCUzQ2xpJTNFJTNDc3Ryb25nJTNFNTAwJTNDJTJGc3Ryb25nJTNFJTIwc29saWNpdHVkZXMlMjBkZSUyMGZpcm1hJTNDJTJGbGklM0UlMEElMjAlMjAlMjAlMjAlMjAlMjAlM0NsaSUzRVByZWNpbyUzQSUyMCUzQ3N0cm9uZyUzRTQ5NSUyQzAwJTIwJUUyJTgyJUFDJTNDJTJGc3Ryb25nJTNFJTNDJTJGbGklM0UlMEElMjAlMjAlMjAlMjAlMjAlMjAlM0NsaSUzRVNlbGxvJTIwZGUlMjB0aWVtcG8lMjBpbmNsdWlkbyUzQyUyRmxpJTNFJTBBJTIwJTIwJTIwJTIwJTIwJTIwJTNDbGklM0UyR0IlMjBhbG1hY2VuYW1pZW50byUzQyUyRmxpJTNFJTBBJTIwJTIwJTIwJTIwJTIwJTIwJTNDbGklM0U0NWglMjBwYXJhbWV0cml6YWNpJUMzJUIzbiUyMGluaWNpYWwlM0MlMkZsaSUzRSUwQSUyMCUyMCUyMCUyMCUyMCUyMCUzQ2xpJTNFU2VnbWVudG8lMjBJSUklM0NiciUzRSUzQ3NtYWxsJTNFJTI4MS0yJTIwZW1wbGVhZG9zJTI5JTNDJTJGc21hbGwlM0UlM0MlMkZsaSUzRSUwQSUyMCUyMCUyMCUyMCUzQyUyRnVsJTNFJTBBJTIwJTIwJTIwJTIwJTNDYSUyMGhyZWYlM0QlMjIlMjNjb250YWN0byUyMiUyMGNsYXNzJTNEJTIyY3RhJTIyJTNFJUMyJUExTG8lMjBxdWllcm8lMjElM0MlMkZhJTNFJTBBJTIwJTIwJTNDJTJGZGl2JTNFJTBBJTBBJTIwJTIwJTNDZGl2JTIwY2xhc3MlM0QlMjJwbGFuLWNhcmQlMjIlM0UlMEElMjAlMjAlMjAlMjAlM0NoMyUzRUJhc2ljJTIwUGx1cyUzQyUyRmgzJTNFJTBBJTIwJTIwJTIwJTIwJTNDdWwlM0UlMEElMjAlMjAlMjAlMjAlMjAlMjAlM0NsaSUzRSUzQ3N0cm9uZyUzRTIuMDAwJTNDJTJGc3Ryb25nJTNFJTIwc29saWNpdHVkZXMlMjBkZSUyMGZpcm1hJTNDJTJGbGklM0UlMEElMjAlMjAlMjAlMjAlMjAlMjAlM0NsaSUzRVByZWNpbyUzQSUyMCUzQ3N0cm9uZyUzRTEuNTQwJTJDMDAlMjAlRTIlODIlQUMlM0MlMkZzdHJvbmclM0UlM0MlMkZsaSUzRSUwQSUyMCUyMCUyMCUyMCUyMCUyMCUzQ2xpJTNFU2VsbG8lMjBkZSUyMHRpZW1wbyUyMGluY2x1aWRvJTNDJTJGbGklM0UlMEElMjAlMjAlMjAlMjAlMjAlMjAlM0NsaSUzRTJHQiUyMGFsbWFjZW5hbWllbnRvJTNDJTJGbGklM0UlMEElMjAlMjAlMjAlMjAlMjAlMjAlM0NsaSUzRTQ1aCUyMHBhcmFtZXRyaXphY2klQzMlQjNuJTIwaW5pY2lhbCUzQyUyRmxpJTNFJTBBJTIwJTIwJTIwJTIwJTIwJTIwJTNDbGklM0VTZWdtZW50byUyMElJSSUyMHklMjBJSSUzQ2JyJTNFJTNDc21hbGwlM0UlMjgxLTklMjBlbXBsZWFkb3MlMjklM0MlMkZzbWFsbCUzRSUzQyUyRmxpJTNFJTBBJTIwJTIwJTIwJTIwJTNDJTJGdWwlM0UlMEElMjAlMjAlMjAlMjAlM0NhJTIwaHJlZiUzRCUyMiUyM2NvbnRhY3RvJTIyJTIwY2xhc3MlM0QlMjJjdGElMjIlM0UlQzIlQTFMbyUyMHF1aWVybyUyMSUzQyUyRmElM0UlMEElMjAlMjAlM0MlMkZkaXYlM0UlMEElMEElMjAlMjAlM0NkaXYlMjBjbGFzcyUzRCUyMnBsYW4tY2FyZCUyMiUzRSUwQSUyMCUyMCUyMCUyMCUzQ2gzJTNFQWR2YW5jZWQlM0MlMkZoMyUzRSUwQSUyMCUyMCUyMCUyMCUzQ3VsJTNFJTBBJTIwJTIwJTIwJTIwJTIwJTIwJTNDbGklM0UlM0NzdHJvbmclM0UyLjUwMCUzQyUyRnN0cm9uZyUzRSUyMHNvbGljaXR1ZGVzJTIwZGUlMjBmaXJtYSUzQyUyRmxpJTNFJTBBJTIwJTIwJTIwJTIwJTIwJTIwJTNDbGklM0VQcmVjaW8lM0ElMjAlM0NzdHJvbmclM0UxLjkyNSUyQzAwJTIwJUUyJTgyJUFDJTNDJTJGc3Ryb25nJTNFJTNDJTJGbGklM0UlMEElMjAlMjAlMjAlMjAlMjAlMjAlM0NsaSUzRVNlbGxvJTIwZGUlMjB0aWVtcG8lMjBpbmNsdWlkbyUzQyUyRmxpJTNFJTBBJTIwJTIwJTIwJTIwJTIwJTIwJTNDbGklM0UyR0IlMjBhbG1hY2VuYW1pZW50byUzQyUyRmxpJTNFJTBBJTIwJTIwJTIwJTIwJTIwJTIwJTNDbGklM0U0NWglMjBwYXJhbWV0cml6YWNpJUMzJUIzbiUyMGluaWNpYWwlM0MlMkZsaSUzRSUwQSUyMCUyMCUyMCUyMCUyMCUyMCUzQ2xpJTNFU2VnbWVudG8lMjBJSSUzQ2JyJTNFJTNDc21hbGwlM0UlMjgzLTklMjBlbXBsZWFkb3MlMjklM0MlMkZzbWFsbCUzRSUzQyUyRmxpJTNFJTBBJTIwJTIwJTIwJTIwJTNDJTJGdWwlM0UlMEElMjAlMjAlMjAlMjAlM0NhJTIwaHJlZiUzRCUyMiUyM2NvbnRhY3RvJTIyJTIwY2xhc3MlM0QlMjJjdGElMjIlM0UlQzIlQTFMbyUyMHF1aWVybyUyMSUzQyUyRmElM0UlMEElMjAlMjAlM0MlMkZkaXYlM0UlMEElMEElMjAlMjAlM0NkaXYlMjBjbGFzcyUzRCUyMnBsYW4tY2FyZCUyMiUzRSUwQSUyMCUyMCUyMCUyMCUzQ2gzJTNFUHJlbWl1bSUzQyUyRmgzJTNFJTBBJTIwJTIwJTIwJTIwJTNDdWwlM0UlMEElMjAlMjAlMjAlMjAlMjAlMjAlM0NsaSUzRSUzQ3N0cm9uZyUzRTYuMDAwJTNDJTJGc3Ryb25nJTNFJTIwc29saWNpdHVkZXMlMjBkZSUyMGZpcm1hJTNDJTJGbGklM0UlMEElMjAlMjAlMjAlMjAlMjAlMjAlM0NsaSUzRVByZWNpbyUzQSUyMCUzQ3N0cm9uZyUzRTMuMzAwJTJDMDAlMjAlRTIlODIlQUMlM0MlMkZzdHJvbmclM0UlM0MlMkZsaSUzRSUwQSUyMCUyMCUyMCUyMCUyMCUyMCUzQ2xpJTNFU2VsbG8lMjBkZSUyMHRpZW1wbyUyMGluY2x1aWRvJTNDJTJGbGklM0UlMEElMjAlMjAlMjAlMjAlMjAlMjAlM0NsaSUzRTJHQiUyMGFsbWFjZW5hbWllbnRvJTNDJTJGbGklM0UlMEElMjAlMjAlMjAlMjAlMjAlMjAlM0NsaSUzRTYwaCUyMHBhcmFtZXRyaXphY2klQzMlQjNuJTIwaW5pY2lhbCUzQyUyRmxpJTNFJTBBJTIwJTIwJTIwJTIwJTIwJTIwJTNDbGklM0VTZWdtZW50byUyMEklM0NiciUzRSUzQ3NtYWxsJTNFJTI4MTAtNDklMjBlbXBsZWFkb3MlMjklM0MlMkZzbWFsbCUzRSUzQyUyRmxpJTNFJTBBJTIwJTIwJTIwJTIwJTNDJTJGdWwlM0UlMEElMjAlMjAlMjAlMjAlM0NhJTIwaHJlZiUzRCUyMiUyM2NvbnRhY3RvJTIyJTIwY2xhc3MlM0QlMjJjdGElMjIlM0UlQzIlQTFMbyUyMHF1aWVybyUyMSUzQyUyRmElM0UlMEElMjAlMjAlM0MlMkZkaXYlM0UlMEElM0MlMkZkaXYlM0UlMEE=[\/vc_raw_html][\/vc_column][\/vc_row][vc_row el_class=\u00bbvf_aplicacion_4&#8243;][vc_column][vc_column_text]<\/p>\n<p style=\"text-align: center;\"><strong>Tipos de firma digital<br \/>\n<\/strong>Seg\u00fan el <a href=\"https:\/\/www.boe.es\/doue\/2014\/257\/L00073-00114.pdf\" target=\"_blank\" rel=\"noopener\">Reglamento (UE) N\u00ba 910\/2014\u00a0<\/a>la firma digital de un documento puede seguir 3 modalidades.<\/p>\n<p>[\/vc_column_text][vc_row_inner][vc_column_inner width=\u00bb1\/3&#8243;][vc_single_image image=\u00bb27679&#8243; img_size=\u00bbfull\u00bb][vc_column_text]<strong>Simple<\/strong><br \/>\nCr\u00e9ala en un s\u00f3lo click para marcar tu archivo. A este documento Viafirma asocia los datos de hora y localizaci\u00f3n.<\/p>\n<ul>\n<li><i class=\"fa fa-check\"><\/i>M\u00e1xima Usabilidad<\/li>\n<\/ul>\n<p>[\/vc_column_text][\/vc_column_inner][vc_column_inner width=\u00bb1\/3&#8243;][vc_single_image image=\u00bb27681&#8243; img_size=\u00bbfull\u00bb][vc_column_text]<strong>Avanzada<\/strong><br \/>\nCuando la firma cuenta con datos biom\u00e9tricos, un c\u00f3digo OTP o un certificado electr\u00f3nico, el documento llevar\u00e1 firma avanzada.<\/p>\n<ul>\n<li><i class=\"fa fa-check\"><\/i>Usabilidad<\/li>\n<li><i class=\"fa fa-check\"><\/i>M\u00e1s segura<\/li>\n<li><i class=\"fa fa-check\"><\/i>Garant\u00edas legales en caso de juicio<\/li>\n<\/ul>\n<p>[\/vc_column_text][\/vc_column_inner][vc_column_inner width=\u00bb1\/3&#8243;][vc_single_image image=\u00bb27683&#8243; img_size=\u00bbfull\u00bb][vc_column_text]<strong>Cualificada <\/strong>La firma se crea con un certificado y dispositivo cualificados. Tiene un efecto jur\u00eddico equivalente a la firma manuscrita.<i class=\"fa fa-check\"><\/i><\/p>\n<ul>\n<li><i class=\"fa fa-check\"><\/i>M\u00e1s segura<\/li>\n<li><i class=\"fa fa-check\"><\/i>M\u00e1s garant\u00edas legales<\/li>\n<li><i class=\"fa fa-check\"><\/i>Equivalente a manuscrita<\/li>\n<\/ul>\n<p>[\/vc_column_text][\/vc_column_inner][\/vc_row_inner][\/vc_column][\/vc_row][vc_row el_class=\u00bbvf_global\u00bb][vc_column][vc_raw_html]JTVCdmZzaG9ydGNvZGVzJTIwaWQlM0QlMjJleHBlcmllbmNpYSUyMiU1RA==[\/vc_raw_html][\/vc_column][\/vc_row][vc_row el_class=\u00bbvf_global\u00bb][vc_column][vc_raw_html]JTVCdmZzaG9ydGNvZGVzJTIwaWQlM0QlMjJjbGllbnRlcyUyMiU1RA==[\/vc_raw_html][\/vc_column][\/vc_row][vc_row el_class=\u00bbvf_global\u00bb][vc_column][vc_raw_html]JTVCdmZzaG9ydGNvZGVzJTIwaWQlM0QlMjJpbmZvX2dhcmFudGlhJTIyJTVE[\/vc_raw_html][\/vc_column][\/vc_row][vc_row el_class=\u00bbvf_global\u00bb el_id=\u00bbcontacto\u00bb][vc_column][vc_raw_html]JTVCdmZzaG9ydGNvZGVzJTIwaWQlM0QlMjJjb250YWN0byUyMiU1RA==[\/vc_raw_html][\/vc_column][\/vc_row][vc_row el_class=\u00bbvf_global\u00bb][vc_column][vc_raw_html]JTVCdmZzaG9ydGNvZGVzJTIwaWQlM0QlMjJtZWpvcl9zb2x1Y2lvbiUyMiUyMHRleHRvJTNEJTIyTGElMjBtZWpvciUyMHNvbHVjaSVDMyVCM24lMjBkZSUyMCUyQWJvbGQlMkFmaXJtYSUyMGVsZWN0ciVDMyVCM25pY2ElMkElMkZib2xkJTJBJTIwcGFyYSUyMHR1JTIwZW1wcmVzYSUyMiU1RA==[\/vc_raw_html][\/vc_column][\/vc_row]<\/p>\n<\/div>","protected":false},"excerpt":{"rendered":"[vc_row full_height=\u00bbyes\u00bb equal_height=\u00bbyes\u00bb content_placement=\u00bbmiddle\u00bb el_class=\u00bbvf_home_1&#8243;][vc_column][vc_row_inner equal_height=\u00bbyes\u00bb content_placement=\u00bbmiddle\u00bb el_class=\u00bbswap-on-mobile\u00bb][vc_column_inner width=\u00bb1\/2&#8243;][vc_column_text css_animation=\u00bbleft-to-right\u00bb...","protected":false},"author":2,"featured_media":0,"parent":0,"menu_order":0,"comment_status":"closed","ping_status":"closed","template":"","meta":{"_acf_changed":false,"site-sidebar-layout":"no-sidebar","site-content-layout":"plain-container","ast-site-content-layout":"normal-width-container","site-content-style":"unboxed","site-sidebar-style":"unboxed","ast-global-header-display":"","ast-banner-title-visibility":"","ast-main-header-display":"","ast-hfb-above-header-display":"","ast-hfb-below-header-display":"","ast-hfb-mobile-header-display":"","site-post-title":"disabled","ast-breadcrumbs-content":"","ast-featured-img":"disabled","footer-sml-layout":"","ast-disable-related-posts":"","theme-transparent-header-meta":"default","adv-header-id-meta":"","stick-header-meta":"default","header-above-stick-meta":"","header-main-stick-meta":"","header-below-stick-meta":"","astra-migrate-meta-layouts":"set","ast-page-background-enabled":"default","ast-page-background-meta":{"desktop":{"background-color":"var(--ast-global-color-4)","background-image":"","background-repeat":"repeat","background-position":"center center","background-size":"auto","background-attachment":"scroll","background-type":"","background-media":"","overlay-type":"","overlay-color":"","overlay-opacity":"","overlay-gradient":""},"tablet":{"background-color":"","background-image":"","background-repeat":"repeat","background-position":"center center","background-size":"auto","background-attachment":"scroll","background-type":"","background-media":"","overlay-type":"","overlay-color":"","overlay-opacity":"","overlay-gradient":""},"mobile":{"background-color":"","background-image":"","background-repeat":"repeat","background-position":"center center","background-size":"auto","background-attachment":"scroll","background-type":"","background-media":"","overlay-type":"","overlay-color":"","overlay-opacity":"","overlay-gradient":""}},"ast-content-background-meta":{"desktop":{"background-color":"var(--ast-global-color-5)","background-image":"","background-repeat":"repeat","background-position":"center center","background-size":"auto","background-attachment":"scroll","background-type":"","background-media":"","overlay-type":"","overlay-color":"","overlay-opacity":"","overlay-gradient":""},"tablet":{"background-color":"var(--ast-global-color-5)","background-image":"","background-repeat":"repeat","background-position":"center center","background-size":"auto","background-attachment":"scroll","background-type":"","background-media":"","overlay-type":"","overlay-color":"","overlay-opacity":"","overlay-gradient":""},"mobile":{"background-color":"var(--ast-global-color-5)","background-image":"","background-repeat":"repeat","background-position":"center center","background-size":"auto","background-attachment":"scroll","background-type":"","background-media":"","overlay-type":"","overlay-color":"","overlay-opacity":"","overlay-gradient":""}},"footnotes":""},"categories":[],"tags":[],"class_list":["post-45075","page","type-page","status-publish","hentry"],"acf":[],"_links":{"self":[{"href":"https:\/\/www.viafirma.com\/es\/wp-json\/wp\/v2\/pages\/45075","targetHints":{"allow":["GET"]}}],"collection":[{"href":"https:\/\/www.viafirma.com\/es\/wp-json\/wp\/v2\/pages"}],"about":[{"href":"https:\/\/www.viafirma.com\/es\/wp-json\/wp\/v2\/types\/page"}],"author":[{"embeddable":true,"href":"https:\/\/www.viafirma.com\/es\/wp-json\/wp\/v2\/users\/2"}],"replies":[{"embeddable":true,"href":"https:\/\/www.viafirma.com\/es\/wp-json\/wp\/v2\/comments?post=45075"}],"version-history":[{"count":3,"href":"https:\/\/www.viafirma.com\/es\/wp-json\/wp\/v2\/pages\/45075\/revisions"}],"predecessor-version":[{"id":95618,"href":"https:\/\/www.viafirma.com\/es\/wp-json\/wp\/v2\/pages\/45075\/revisions\/95618"}],"wp:attachment":[{"href":"https:\/\/www.viafirma.com\/es\/wp-json\/wp\/v2\/media?parent=45075"}],"wp:term":[{"taxonomy":"category","embeddable":true,"href":"https:\/\/www.viafirma.com\/es\/wp-json\/wp\/v2\/categories?post=45075"},{"taxonomy":"post_tag","embeddable":true,"href":"https:\/\/www.viafirma.com\/es\/wp-json\/wp\/v2\/tags?post=45075"}],"curies":[{"name":"wp","href":"https:\/\/api.w.org\/{rel}","templated":true}]}}