{"id":68772,"date":"2025-02-07T09:56:26","date_gmt":"2025-02-07T08:56:26","guid":{"rendered":"https:\/\/www.viafirma.com\/?page_id=68772"},"modified":"2025-11-17T10:17:29","modified_gmt":"2025-11-17T09:17:29","slug":"notificacion-email-sms","status":"publish","type":"page","link":"https:\/\/www.viafirma.com\/es\/notificacion-email-sms\/","title":{"rendered":"Notificaci\u00f3n Email Sms"},"content":{"rendered":"<div class=\"wpb-content-wrapper\"><p>[vc_row css=\u00bb.vc_custom_1738830968657{background-image: url(https:\/\/www.viafirma.com\/wp-content\/uploads\/2025\/02\/img_notificacion.png?id=68773) !important;background-position: center !important;background-repeat: no-repeat !important;background-size: cover !important;}\u00bb el_class=\u00bbvf_recursosrsc_1&#8243;][vc_column][vc_column_text css=\u00bb\u00bb][\/vc_column_text][\/vc_column][\/vc_row][vc_row full_height=\u00bbyes\u00bb equal_height=\u00bbyes\u00bb content_placement=\u00bbmiddle\u00bb el_class=\u00bbvf_notificacion vf_recursosrsc_2&#8243;][vc_column width=\u00bb1\/6&#8243;][\/vc_column][vc_column width=\u00bb2\/3&#8243;][vc_column_text css=\u00bb\u00bb]<\/p>\n<h1><strong>\u00bfPor qu\u00e9 has recibido este mensaje?<\/strong><\/h1>\n<p><span style=\"font-weight: 400;\">Si has recibido un <strong>correo electr\u00f3nico, un Whatsapp o un SMS<\/strong> de nuestra parte, es porque una empresa o entidad con la que tienes relaci\u00f3n est\u00e1 utilizando Viafirma para <strong>enviarte solicitudes de firma<\/strong> de manera segura y legal.<\/span><\/p>\n<p><span style=\"font-weight: 400;\">Viafirma act\u00faa como <strong>plataforma intermediaria<\/strong> para garantizar que la firma de documentos entre empresas y sus clientes cumplan con los m\u00e1s altos est\u00e1ndares de <strong>seguridad y validez legal<\/strong>. Esto significa que, aunque el mensaje provenga de nuestra plataforma, el contenido es <strong>responsabilidad de la entidad que lo ha enviado<\/strong>.<\/span>[\/vc_column_text][\/vc_column][vc_column width=\u00bb1\/6&#8243;][\/vc_column][\/vc_row][vc_row full_height=\u00bbyes\u00bb equal_height=\u00bbyes\u00bb content_placement=\u00bbmiddle\u00bb el_class=\u00bbvf_home_8 vf_recursosrsc_4&#8243;][vc_column width=\u00bb1\/2&#8243;][vc_single_image image=\u00bb37540&#8243; img_size=\u00bbfull\u00bb css=\u00bb\u00bb][\/vc_column][vc_column width=\u00bb1\/2&#8243;][vc_column_text css=\u00bb\u00bb]<\/p>\n<h2><strong>\u00bfQu\u00e9 debes hacer?<\/strong><\/h2>\n<p><span style=\"font-weight: 400;\"><strong>Accede al contenido:<\/strong> Sigue las instrucciones proporcionadas en el mensaje para revisar y firmar el documento.<\/span><\/p>\n<p><span style=\"font-weight: 400;\"><strong>Verifica la autenticidad:<\/strong> Nuestra tecnolog\u00eda garantiza que la comunicaci\u00f3n es segura y proviene de una fuente confiable.<\/span><\/p>\n<p><span style=\"font-weight: 400;\"><strong>Resuelve tus dudas:<\/strong> Si tienes preguntas sobre el contenido del mensaje, contacta directamente con la entidad que lo ha enviado.<\/span>[\/vc_column_text][\/vc_column][\/vc_row][vc_row full_height=\u00bbyes\u00bb equal_height=\u00bbyes\u00bb content_placement=\u00bbmiddle\u00bb el_class=\u00bbvf_home_9 vf_recursosrsc_5 swap-on-mobile\u00bb][vc_column width=\u00bb1\/2&#8243;][vc_column_text css=\u00bb\u00bb]<\/p>\n<h2><strong>Tu seguridad es nuestra prioridad<\/strong><\/h2>\n<p><span style=\"font-weight: 400;\">En Viafirma, utilizamos <strong>tecnolog\u00eda avanzada de cifrado<\/strong> y cumplimos con las normativas vigentes, como el <strong>Reglamento eIDAS<\/strong>, para asegurar que las solicitudes de firma sean <strong>aut\u00e9nticas, \u00edntegras y legalmente v\u00e1lidas<\/strong>.<\/span>[\/vc_column_text][\/vc_column][vc_column width=\u00bb1\/2&#8243;][vc_single_image image=\u00bb37537&#8243; img_size=\u00bbfull\u00bb css=\u00bb\u00bb][\/vc_column][\/vc_row][vc_row el_class=\u00bbvf_global\u00bb][vc_column][vc_raw_html el_class=\u00bb.margintop64&#8243;]JTVCdmZfbWVqb3Jfc29sdWNpb24lMjB0ZXh0byUzRCUyMkxhJTIwbWVqb3IlMjBzb2x1Y2klQzMlQjNuJTIwZGUlMjAlM0NhJTIwaHJlZiUzRCUyN2h0dHBzJTNBJTJGJTJGd3d3LnZpYWZpcm1hLmNvbSUyRmVzJTJGZmlybWEtZWxlY3Ryb25pY2ElMkYlMjclM0UlMkFib2xkJTJBZmlybWElMjBlbGVjdHIlQzMlQjNuaWNhJTJBJTJGYm9sZCUyQSUzQyUyRmElM0UlMjB5JTIwJTNDYSUyMGhyZWYlM0QlMjdodHRwcyUzQSUyRiUyRnd3dy52aWFmaXJtYS5jb20lMkZlcyUyRmZpcm1hLWRpZ2l0YWwlMkYlMjclM0UlMkFib2xkJTJBZmlybWElMjBkaWdpdGFsJTJBJTJGYm9sZCUyQSUzQyUyRmElM0UlMjBwYXJhJTIwdHUlMjBlbXByZXNhJTIyJTVEJTBB[\/vc_raw_html][\/vc_column][\/vc_row]<\/p>\n<\/div>","protected":false},"excerpt":{"rendered":"[vc_row css=\u00bb.vc_custom_1738830968657{background-image: url(https:\/\/www.viafirma.com\/wp-content\/uploads\/2025\/02\/img_notificacion.png?id=68773) !important;background-position: center !important;background-repeat: no-repeat !important;background-size: cover !important;}\u00bb...","protected":false},"author":2,"featured_media":0,"parent":0,"menu_order":0,"comment_status":"closed","ping_status":"closed","template":"","meta":{"_acf_changed":false,"site-sidebar-layout":"no-sidebar","site-content-layout":"plain-container","ast-site-content-layout":"normal-width-container","site-content-style":"unboxed","site-sidebar-style":"unboxed","ast-global-header-display":"","ast-banner-title-visibility":"","ast-main-header-display":"","ast-hfb-above-header-display":"","ast-hfb-below-header-display":"","ast-hfb-mobile-header-display":"","site-post-title":"disabled","ast-breadcrumbs-content":"","ast-featured-img":"disabled","footer-sml-layout":"","ast-disable-related-posts":"","theme-transparent-header-meta":"default","adv-header-id-meta":"","stick-header-meta":"default","header-above-stick-meta":"","header-main-stick-meta":"","header-below-stick-meta":"","astra-migrate-meta-layouts":"set","ast-page-background-enabled":"default","ast-page-background-meta":{"desktop":{"background-color":"var(--ast-global-color-4)","background-image":"","background-repeat":"repeat","background-position":"center center","background-size":"auto","background-attachment":"scroll","background-type":"","background-media":"","overlay-type":"","overlay-color":"","overlay-opacity":"","overlay-gradient":""},"tablet":{"background-color":"","background-image":"","background-repeat":"repeat","background-position":"center center","background-size":"auto","background-attachment":"scroll","background-type":"","background-media":"","overlay-type":"","overlay-color":"","overlay-opacity":"","overlay-gradient":""},"mobile":{"background-color":"","background-image":"","background-repeat":"repeat","background-position":"center center","background-size":"auto","background-attachment":"scroll","background-type":"","background-media":"","overlay-type":"","overlay-color":"","overlay-opacity":"","overlay-gradient":""}},"ast-content-background-meta":{"desktop":{"background-color":"var(--ast-global-color-5)","background-image":"","background-repeat":"repeat","background-position":"center center","background-size":"auto","background-attachment":"scroll","background-type":"","background-media":"","overlay-type":"","overlay-color":"","overlay-opacity":"","overlay-gradient":""},"tablet":{"background-color":"var(--ast-global-color-5)","background-image":"","background-repeat":"repeat","background-position":"center center","background-size":"auto","background-attachment":"scroll","background-type":"","background-media":"","overlay-type":"","overlay-color":"","overlay-opacity":"","overlay-gradient":""},"mobile":{"background-color":"var(--ast-global-color-5)","background-image":"","background-repeat":"repeat","background-position":"center center","background-size":"auto","background-attachment":"scroll","background-type":"","background-media":"","overlay-type":"","overlay-color":"","overlay-opacity":"","overlay-gradient":""}},"footnotes":""},"categories":[],"tags":[],"class_list":["post-68772","page","type-page","status-publish","hentry"],"acf":[],"_links":{"self":[{"href":"https:\/\/www.viafirma.com\/es\/wp-json\/wp\/v2\/pages\/68772","targetHints":{"allow":["GET"]}}],"collection":[{"href":"https:\/\/www.viafirma.com\/es\/wp-json\/wp\/v2\/pages"}],"about":[{"href":"https:\/\/www.viafirma.com\/es\/wp-json\/wp\/v2\/types\/page"}],"author":[{"embeddable":true,"href":"https:\/\/www.viafirma.com\/es\/wp-json\/wp\/v2\/users\/2"}],"replies":[{"embeddable":true,"href":"https:\/\/www.viafirma.com\/es\/wp-json\/wp\/v2\/comments?post=68772"}],"version-history":[{"count":2,"href":"https:\/\/www.viafirma.com\/es\/wp-json\/wp\/v2\/pages\/68772\/revisions"}],"predecessor-version":[{"id":95588,"href":"https:\/\/www.viafirma.com\/es\/wp-json\/wp\/v2\/pages\/68772\/revisions\/95588"}],"wp:attachment":[{"href":"https:\/\/www.viafirma.com\/es\/wp-json\/wp\/v2\/media?parent=68772"}],"wp:term":[{"taxonomy":"category","embeddable":true,"href":"https:\/\/www.viafirma.com\/es\/wp-json\/wp\/v2\/categories?post=68772"},{"taxonomy":"post_tag","embeddable":true,"href":"https:\/\/www.viafirma.com\/es\/wp-json\/wp\/v2\/tags?post=68772"}],"curies":[{"name":"wp","href":"https:\/\/api.w.org\/{rel}","templated":true}]}}